{"id":68299055,"date":"2024-03-09T23:51:48","date_gmt":"2024-03-09T22:51:48","guid":{"rendered":"https:\/\/kraftwerk-shop.cc\/?post_type=product&#038;p=68299055"},"modified":"2026-04-01T13:34:22","modified_gmt":"2026-04-01T11:34:22","slug":"klocki-hamulcowe-dba-db8805xp-camaro","status":"publish","type":"product","link":"https:\/\/kraftwerk-shop.cc\/pl\/produkt\/dba-bremsbelaege-db8805xp-camaro\/","title":{"rendered":"Klocki hamulcowe DBA Xtreme Performance Camaro 6.2"},"content":{"rendered":"<h1>Klocki hamulcowe DBA Xtreme Performance DB8805XP dla Chevrolet Camaro 6.2 od 2010 do 2015 (tylna o\u015b)<\/h1>\n<p>&nbsp;<\/p>\n<p>Klocki hamulcowe Xtreme Performance firmy DBA zosta\u0142y opracowane dla kierowc\u00f3w, kt\u00f3rzy oczekuj\u0105 wysokiej przyczepno\u015bci pocz\u0105tkowej i odporno\u015bci na tarcie w niskich i wysokich temperaturach.<br \/>\nSeria XP zosta\u0142a zaprojektowana do ci\u0119\u017ckich zastosowa\u0144, w kt\u00f3rych wymagany jest wy\u017cszy poziom tarcia w celu bezpiecznego hamowania w ekstremalnych warunkach.<\/p>\n<p>DBA zaleca po\u0142\u0105czenie z tarczami szczelinowymi T3 z serii 4000 i 5000 w celu uzyskania optymalnej skuteczno\u015bci hamowania.<br \/>\nSpecyfikacje:<\/p>\n<ul>\n<li>P\u00f3\u0142metaliczny materia\u0142 cierny wzmocniony w\u0142\u00f3knem w\u0119glowym<\/li>\n<li>Wsp\u00f3\u0142czynnik tarcia wynosi \u015brednio 0,45 od niskich do wysokich temperatur.<\/li>\n<li>\u00a0Wyj\u0105tkowa wydajno\u015b\u0107 w wysokich temperaturach<\/li>\n<li>Optymalna sp\u00f3jno\u015b\u0107 hamowania do 550<span style=\"font-family: cambria math,serif;\">\u2103<\/span> (1022<span style=\"font-family: cambria math,serif;\">\u2109<\/span>)<\/li>\n<\/ul>\n<p>&nbsp;<\/p>\n<p><strong>Liczby por\u00f3wnawcze GM:<\/strong> 25940439, <span class=\"list-value sku-display\">89047744<\/span><\/p>\n<p>&nbsp;<\/p>\n<p><strong>Odpowiedni dla:<br \/>\n<\/strong><\/p>\n<table width=\"0\">\n<tbody>\n<tr>\n<td width=\"66\">Chevrolet<\/td>\n<td width=\"97\">Camaro<\/td>\n<td width=\"137\">6.2 L99 (405 KM)<\/td>\n<\/tr>\n<tr>\n<td width=\"66\">Chevrolet<\/td>\n<td width=\"97\">Camaro<\/td>\n<td width=\"137\">6.2 LS3 (432 KM)<\/td>\n<\/tr>\n<\/tbody>\n<\/table>\n<p>&nbsp;<\/p>\n<p><strong>Autoryzacja:<\/strong> Tak<\/p>\n<p>Cena dotyczy 1 zestawu dla kompletnej osi tylnej.<\/p>\n<p>&nbsp;<\/p>\n<p>&nbsp;<\/p>","protected":false},"excerpt":{"rendered":"<p>2010\u20132015<\/p>","protected":false},"featured_media":68299058,"comment_status":"open","ping_status":"closed","template":"","meta":{"_acf_changed":false},"product_brand":[18922],"product_cat":[2680],"product_tag":[6873,101,6874,832,838,590,795,839,840,191,189,789,2325,692,1070,798,799,192,193,794,2139,673,2137],"class_list":{"0":"post-68299055","1":"product","2":"type-product","3":"status-publish","4":"has-post-thumbnail","6":"product_brand-dba","7":"product_cat-camaro-62-2010-2015-bremsen-hinten","8":"product_tag-6873","9":"product_tag-6-2","10":"product_tag-6874","11":"product_tag-brembo","12":"product_tag-bremsbelag","13":"product_tag-bremsbelaege","14":"product_tag-bremse","15":"product_tag-bremsklotz","16":"product_tag-bremskloetze","17":"product_tag-camaro","18":"product_tag-chevrolet","19":"product_tag-dba","20":"product_tag-eg","21":"product_tag-ersatzteil","22":"product_tag-hawk","23":"product_tag-hinten","24":"product_tag-hinterachse","25":"product_tag-l99","26":"product_tag-ls3","27":"product_tag-premium","28":"product_tag-tuev","29":"product_tag-zubehoer","30":"product_tag-zulassung","32":"first","33":"instock","34":"taxable","35":"shipping-taxable","36":"purchasable","37":"product-type-simple"},"bundled_by":[],"bundle_stock_status":"instock","bundle_stock_quantity":10,"bundle_virtual":false,"bundle_layout":"","bundle_add_to_cart_form_location":"","bundle_editable_in_cart":false,"bundle_sold_individually_context":"","bundle_item_grouping":"","bundle_min_size":"","bundle_max_size":"","bundle_price":[],"bundled_items":[],"bundle_sell_ids":[],"exclude_global_add_ons":[],"addons":[],"acf":[],"_links":{"self":[{"href":"https:\/\/kraftwerk-shop.cc\/pl\/wp-json\/wp\/v2\/product\/68299055","targetHints":{"allow":["GET"]}}],"collection":[{"href":"https:\/\/kraftwerk-shop.cc\/pl\/wp-json\/wp\/v2\/product"}],"about":[{"href":"https:\/\/kraftwerk-shop.cc\/pl\/wp-json\/wp\/v2\/types\/product"}],"replies":[{"embeddable":true,"href":"https:\/\/kraftwerk-shop.cc\/pl\/wp-json\/wp\/v2\/comments?post=68299055"}],"version-history":[{"count":0,"href":"https:\/\/kraftwerk-shop.cc\/pl\/wp-json\/wp\/v2\/product\/68299055\/revisions"}],"wp:featuredmedia":[{"embeddable":true,"href":"https:\/\/kraftwerk-shop.cc\/pl\/wp-json\/wp\/v2\/media\/68299058"}],"wp:attachment":[{"href":"https:\/\/kraftwerk-shop.cc\/pl\/wp-json\/wp\/v2\/media?parent=68299055"}],"wp:term":[{"taxonomy":"product_brand","embeddable":true,"href":"https:\/\/kraftwerk-shop.cc\/pl\/wp-json\/wp\/v2\/product_brand?post=68299055"},{"taxonomy":"product_cat","embeddable":true,"href":"https:\/\/kraftwerk-shop.cc\/pl\/wp-json\/wp\/v2\/product_cat?post=68299055"},{"taxonomy":"product_tag","embeddable":true,"href":"https:\/\/kraftwerk-shop.cc\/pl\/wp-json\/wp\/v2\/product_tag?post=68299055"}],"curies":[{"name":"wp","href":"https:\/\/api.w.org\/{rel}","templated":true}]}}