{"id":68299273,"date":"2024-03-16T14:29:29","date_gmt":"2024-03-16T13:29:29","guid":{"rendered":"https:\/\/kraftwerk-shop.cc\/?post_type=product&#038;p=68299273"},"modified":"2026-04-05T12:18:30","modified_gmt":"2026-04-05T10:18:30","slug":"korek-chlodnicy-mopar-5278767ab","status":"publish","type":"product","link":"https:\/\/kraftwerk-shop.cc\/pl\/produkt\/mopar-kuehlerdeckel-5278767ab\/","title":{"rendered":"Korek ch\u0142odnicy Mopar (5278767AB)"},"content":{"rendered":"<h1>Oryginalny korek ch\u0142odnicy Mopar <span lang=\"DE\"><span class=\"list-value sku-display\">5278767AB (21 PSI)<br \/>\n<\/span><\/span><\/h1>\n<p>&nbsp;<\/p>\n<p><span lang=\"DE\"><strong>Numer cz\u0119\u015bci Mopar:<\/strong> <span class=\"list-value sku-display\">5278767AB<\/span><br \/>\n<strong>Zast\u0105piony:<\/strong> \u00a0<span class=\"list-value\">5183710AA, 5278767AA<\/span><br \/>\n<\/span><\/p>\n<p>&nbsp;<\/p>\n<p><strong>Odpowiedni dla:<\/strong><\/p>\n<table width=\"1230\">\n<tbody>\n<tr>\n<td width=\"83\"><strong>Rok<\/strong><\/td>\n<td width=\"83\"><strong>Marka<\/strong><\/td>\n<td width=\"129\"><strong>Model<\/strong><\/td>\n<td width=\"713\"><strong>Wersja<\/strong><\/td>\n<td width=\"222\"><strong>Silnik<\/strong><\/td>\n<\/tr>\n<tr>\n<td width=\"83\">2023<\/td>\n<td width=\"83\">Chrysler<\/td>\n<td width=\"129\">300<\/td>\n<td width=\"713\">C<\/td>\n<td width=\"222\">6.4L<\/td>\n<\/tr>\n<tr>\n<td width=\"83\">2023<\/td>\n<td width=\"83\">Dodge<\/td>\n<td width=\"129\">Challenger<\/td>\n<td width=\"713\">R\/T, R\/T Scat Pack, R\/T Scat Pack Widebody, SRT Hellcat Jailbreak, SRT Hellcat Redeye Jailbreak, SRT Hellcat Redeye Widebody Jailbreak, SRT Hellcat Widebody Jailbreak, SRT Super Stock<\/td>\n<td width=\"222\">6.2L, 6.4L<\/td>\n<\/tr>\n<tr>\n<td width=\"83\">2023<\/td>\n<td width=\"83\">Dodge<\/td>\n<td width=\"129\">Charger<\/td>\n<td width=\"713\">SRT Hellcat Redeye Widebody, SRT Hellcat Widebody, SRT Hellcat Widebody Jailbreak, Scat Pack, Scat Pack Widebody<\/td>\n<td width=\"222\">6.2L, 6.4L<\/td>\n<\/tr>\n<tr>\n<td width=\"83\">2022<\/td>\n<td width=\"83\">Dodge<\/td>\n<td width=\"129\">Challenger<\/td>\n<td width=\"713\">R\/T Scat Pack, R\/T Scat Pack Widebody, SRT Hellcat, SRT Hellcat Redeye, SRT Hellcat Redeye Widebody, SRT Hellcat Widebody, SRT Jailbreak, SRT Super Stock<\/td>\n<td width=\"222\">6.2L, 6.4L<\/td>\n<\/tr>\n<tr>\n<td width=\"83\">2022<\/td>\n<td width=\"83\">Dodge<\/td>\n<td width=\"129\">Charger<\/td>\n<td width=\"713\">GT, SRT Hellcat Redeye Widebody, SRT Hellcat Widebody, SRT Jailbreak, SXT, Scat Pack, Scat Pack Widebody<\/td>\n<td width=\"222\">3.6L V6 - Flex, 3.6L, 6.2L, 6.4L<\/td>\n<\/tr>\n<tr>\n<td width=\"83\">2021<\/td>\n<td width=\"83\">Dodge<\/td>\n<td width=\"129\">Challenger<\/td>\n<td width=\"713\">R\/T Scat Pack, R\/T Scat Pack Widebody, SRT Hellcat, SRT Hellcat Redeye, SRT Hellcat Redeye Widebody, SRT Hellcat Widebody, SRT Super Stock<\/td>\n<td width=\"222\">6.2L, 6.4L<\/td>\n<\/tr>\n<tr>\n<td width=\"83\">2021<\/td>\n<td width=\"83\">Dodge<\/td>\n<td width=\"129\">Charger<\/td>\n<td width=\"713\">GT, SRT Hellcat Redeye Widebody, SRT Hellcat Widebody, SXT, Scat Pack<\/td>\n<td width=\"222\">3.6L V6 - Flex, 3.6L, 6.2L, 6.4L<\/td>\n<\/tr>\n<tr>\n<td width=\"83\">2020<\/td>\n<td width=\"83\">Dodge<\/td>\n<td width=\"129\">Challenger<\/td>\n<td width=\"713\">R\/T Scat Pack, R\/T Scat Pack Widebody, SRT Hellcat, SRT Hellcat Redeye, SRT Hellcat Redeye Widebody, SRT Hellcat Widebody<\/td>\n<td width=\"222\">6.2L, 6.4L<\/td>\n<\/tr>\n<tr>\n<td width=\"83\">2020<\/td>\n<td width=\"83\">Dodge<\/td>\n<td width=\"129\">Charger<\/td>\n<td width=\"713\">GT, Pursuit, SRT Hellcat Widebody, SXT, Scat Pack<\/td>\n<td width=\"222\">3.6L V6 - Flex, 3.6L, 6.2L, 6.4L<\/td>\n<\/tr>\n<tr>\n<td width=\"83\">2019<\/td>\n<td width=\"83\">Dodge<\/td>\n<td width=\"129\">Challenger<\/td>\n<td width=\"713\">R\/T Scat Pack, R\/T Scat Pack Widebody, SRT Hellcat, SRT Hellcat Redeye, SRT Hellcat Redeye Widebody, SRT Hellcat Widebody<\/td>\n<td width=\"222\">6.2L, 6.4L<\/td>\n<\/tr>\n<tr>\n<td width=\"83\">2019<\/td>\n<td width=\"83\">Dodge<\/td>\n<td width=\"129\">Charger<\/td>\n<td width=\"713\">GT, Pursuit, SRT Hellcat, SXT<\/td>\n<td width=\"222\">3.6L V6 - Flex, 3.6L, 6.2L<\/td>\n<\/tr>\n<tr>\n<td width=\"83\">2018<\/td>\n<td width=\"83\">Dodge<\/td>\n<td width=\"129\">Challenger<\/td>\n<td width=\"713\">R\/T Scat Pack, SRT 392, SRT Demon, SRT Hellcat, SRT Hellcat Widebody, T\/A 392<\/td>\n<td width=\"222\">6.2L, 6.4L<\/td>\n<\/tr>\n<tr>\n<td width=\"83\">2018<\/td>\n<td width=\"83\">Dodge<\/td>\n<td width=\"129\">Charger<\/td>\n<td width=\"713\">Daytona 392, GT, GT Plus, Pursuit, R\/T Scat Pack, SRT 392, SRT Hellcat, SXT, SXT Plus, SXT Plus Leather<\/td>\n<td width=\"222\">3.6L V6 - Flex, 3.6L, 6.2L, 6.4L<\/td>\n<\/tr>\n<tr>\n<td width=\"83\">2017<\/td>\n<td width=\"83\">Dodge<\/td>\n<td width=\"129\">Challenger<\/td>\n<td width=\"713\">R\/T Scat Pack, SRT 392, SRT Hellcat, T\/A 392<\/td>\n<td width=\"222\">6.2L, 6.4L<\/td>\n<\/tr>\n<tr>\n<td width=\"83\">2017<\/td>\n<td width=\"83\">Dodge<\/td>\n<td width=\"129\">Charger<\/td>\n<td width=\"713\">Daytona 392, Pursuit, R\/T Scat Pack, SE, SRT 392, SRT Hellcat, SXT<\/td>\n<td width=\"222\">3.6L V6 - Flex, 6.2L, 6.4L<\/td>\n<\/tr>\n<tr>\n<td width=\"83\">2017<\/td>\n<td width=\"83\">Dodge<\/td>\n<td width=\"129\">Viper<\/td>\n<td width=\"713\">ACR, GTS, SRT<\/td>\n<td width=\"222\">8.4L V10 - Gaz<\/td>\n<\/tr>\n<tr>\n<td width=\"83\">2016<\/td>\n<td width=\"83\">Dodge<\/td>\n<td width=\"129\">Challenger<\/td>\n<td width=\"713\">392 Hemi Scat Pack Shaker, R\/T Scat Pack, SRT 392, SRT Hellcat<\/td>\n<td width=\"222\">6.2L, 6.4L<\/td>\n<\/tr>\n<tr>\n<td width=\"83\">2016<\/td>\n<td width=\"83\">Dodge<\/td>\n<td width=\"129\">Charger<\/td>\n<td width=\"713\">Pursuit, R\/T Scat Pack, SE, SRT 392, SRT Hellcat, SXT<\/td>\n<td width=\"222\">3.6L V6 - Flex, 6.2L, 6.4L<\/td>\n<\/tr>\n<tr>\n<td width=\"83\">2016<\/td>\n<td width=\"83\">Dodge<\/td>\n<td width=\"129\">Viper<\/td>\n<td width=\"713\">ACR, GTC, GTS, SRT<\/td>\n<td width=\"222\">8.4L V10 - Gaz<\/td>\n<\/tr>\n<tr>\n<td width=\"83\">2015<\/td>\n<td width=\"83\">Dodge<\/td>\n<td width=\"129\">Challenger<\/td>\n<td width=\"713\">SRT 392, SRT Hellcat<\/td>\n<td width=\"222\">6.2L, 6.4L<\/td>\n<\/tr>\n<tr>\n<td width=\"83\">2015<\/td>\n<td width=\"83\">Dodge<\/td>\n<td width=\"129\">Charger<\/td>\n<td width=\"713\">Pursuit, R\/T Scat Pack, SE, SRT 392, SRT Hellcat, SXT<\/td>\n<td width=\"222\">3.6L V6 - Flex, 6.2L, 6.4L<\/td>\n<\/tr>\n<tr>\n<td width=\"83\">2015<\/td>\n<td width=\"83\">Dodge<\/td>\n<td width=\"129\">Viper<\/td>\n<td width=\"713\">GT, GTS<\/td>\n<td width=\"222\">8.4L V10 - Gaz<\/td>\n<\/tr>\n<tr>\n<td width=\"83\">2015<\/td>\n<td width=\"83\">Jeep<\/td>\n<td width=\"129\">Grand Cherokee<\/td>\n<td width=\"713\">Limited, Overland, Summit<\/td>\n<td width=\"222\">3.0L V6 - Diesel<\/td>\n<\/tr>\n<tr>\n<td width=\"83\">2014<\/td>\n<td width=\"83\">Chrysler<\/td>\n<td width=\"129\">300<\/td>\n<td width=\"713\">SRT8<\/td>\n<td width=\"222\">6.4L<\/td>\n<\/tr>\n<tr>\n<td width=\"83\">2014<\/td>\n<td width=\"83\">Dodge<\/td>\n<td width=\"129\">Charger<\/td>\n<td width=\"713\">SRT8<\/td>\n<td width=\"222\">6.4L<\/td>\n<\/tr>\n<tr>\n<td width=\"83\">2014<\/td>\n<td width=\"83\">Jeep<\/td>\n<td width=\"129\">Grand Cherokee<\/td>\n<td width=\"713\">Limited, Overland, Summit<\/td>\n<td width=\"222\">3.0L V6 - Diesel<\/td>\n<\/tr>\n<tr>\n<td width=\"83\">2014<\/td>\n<td width=\"83\">SRT<\/td>\n<td width=\"129\">Viper<\/td>\n<td width=\"713\">Base, GTS<\/td>\n<td width=\"222\">8.4L V10 - Gaz<\/td>\n<\/tr>\n<tr>\n<td width=\"83\">2013<\/td>\n<td width=\"83\">Chrysler<\/td>\n<td width=\"129\">300<\/td>\n<td width=\"713\">SRT8, SRT8 Core<\/td>\n<td width=\"222\">6.4L<\/td>\n<\/tr>\n<tr>\n<td width=\"83\">2013<\/td>\n<td width=\"83\">Dodge<\/td>\n<td width=\"129\">Challenger<\/td>\n<td width=\"713\">SRT8<\/td>\n<td width=\"222\">6.4L<\/td>\n<\/tr>\n<tr>\n<td width=\"83\">2013<\/td>\n<td width=\"83\">Dodge<\/td>\n<td width=\"129\">Charger<\/td>\n<td width=\"713\">SRT8<\/td>\n<td width=\"222\">6.4L<\/td>\n<\/tr>\n<tr>\n<td width=\"83\">2013<\/td>\n<td width=\"83\">SRT<\/td>\n<td width=\"129\">Viper<\/td>\n<td width=\"713\">Base, GTS<\/td>\n<td width=\"222\">8.4L V10 - Gaz<\/td>\n<\/tr>\n<tr>\n<td width=\"83\">2012<\/td>\n<td width=\"83\">Chrysler<\/td>\n<td width=\"129\">300<\/td>\n<td width=\"713\">SRT8<\/td>\n<td width=\"222\">6.4L<\/td>\n<\/tr>\n<tr>\n<td width=\"83\">2012<\/td>\n<td width=\"83\">Dodge<\/td>\n<td width=\"129\">Challenger<\/td>\n<td width=\"713\">SRT8<\/td>\n<td width=\"222\">6.4L<\/td>\n<\/tr>\n<tr>\n<td width=\"83\">2010<\/td>\n<td width=\"83\">Dodge<\/td>\n<td width=\"129\">Viper<\/td>\n<td width=\"713\">SRT-10, SRT-10 ACR<\/td>\n<td width=\"222\">8.4L V10 - Gaz<\/td>\n<\/tr>\n<tr>\n<td width=\"83\">2009<\/td>\n<td width=\"83\">Chrysler<\/td>\n<td width=\"129\">Aspen<\/td>\n<td width=\"713\">Limited, Limited Hybrid<\/td>\n<td width=\"222\">4.7L V8 - Flex, 5.7L V8 - Electric\/Gas, 5.7L<\/td>\n<\/tr>\n<tr>\n<td width=\"83\">2009<\/td>\n<td width=\"83\">Dodge<\/td>\n<td width=\"129\">Durango<\/td>\n<td width=\"713\">Limited, Limited Hybrid, SE, SLT<\/td>\n<td width=\"222\">3.7L, 4.7L V8 - Flex, 5.7L V8 - Electric\/Gas, 5.7L<\/td>\n<\/tr>\n<tr>\n<td width=\"83\">2009<\/td>\n<td width=\"83\">Dodge<\/td>\n<td width=\"129\">Viper<\/td>\n<td width=\"713\">SRT-10, SRT-10 ACR<\/td>\n<td width=\"222\">8.4L V10 - Gaz<\/td>\n<\/tr>\n<tr>\n<td width=\"83\">2008<\/td>\n<td width=\"83\">Chrysler<\/td>\n<td width=\"129\">Aspen<\/td>\n<td width=\"713\">Limited<\/td>\n<td width=\"222\">4.7L V8 - Flex, 4.7L, 5.7L<\/td>\n<\/tr>\n<tr>\n<td width=\"83\">2008<\/td>\n<td width=\"83\">Dodge<\/td>\n<td width=\"129\">Durango<\/td>\n<td width=\"713\">Adventurer, Limited, SLT, SXT<\/td>\n<td width=\"222\">3.7L, 4.7L V8 - Flex, 4.7L, 5.7L<\/td>\n<\/tr>\n<tr>\n<td width=\"83\">2008<\/td>\n<td width=\"83\">Dodge<\/td>\n<td width=\"129\">Viper<\/td>\n<td width=\"713\">SRT-10<\/td>\n<td width=\"222\">8.4L V10 - Gaz<\/td>\n<\/tr>\n<tr>\n<td width=\"83\">2007<\/td>\n<td width=\"83\">Chrysler<\/td>\n<td width=\"129\">Aspen<\/td>\n<td width=\"713\">Limited<\/td>\n<td width=\"222\">4.7L V8 - Flex, 4.7L, 5.7L<\/td>\n<\/tr>\n<tr>\n<td width=\"83\">2007<\/td>\n<td width=\"83\">Dodge<\/td>\n<td width=\"129\">Durango<\/td>\n<td width=\"713\">Adventurer, Limited, SLT, SXT<\/td>\n<td width=\"222\">3.7L, 4.7L V8 - Flex, 4.7L, 5.7L<\/td>\n<\/tr>\n<tr>\n<td width=\"83\">2006<\/td>\n<td width=\"83\">Dodge<\/td>\n<td width=\"129\">Durango<\/td>\n<td width=\"713\">Limited, SLT, SXT<\/td>\n<td width=\"222\">3.7L, 4.7L V8 - Flex, 4.7L, 5.7L<\/td>\n<\/tr>\n<tr>\n<td width=\"83\">2005<\/td>\n<td width=\"83\">Dodge<\/td>\n<td width=\"129\">Durango<\/td>\n<td width=\"713\">Limited, SLT, SXT<\/td>\n<td width=\"222\">3.7L, 4.7L, 5.7L<\/td>\n<\/tr>\n<tr>\n<td width=\"83\">2004<\/td>\n<td width=\"83\">Dodge<\/td>\n<td width=\"129\">Dakota<\/td>\n<td width=\"713\">Base, SLT, Sport<\/td>\n<td width=\"222\">3.7L, 4.7L<\/td>\n<\/tr>\n<tr>\n<td width=\"83\">2004<\/td>\n<td width=\"83\">Dodge<\/td>\n<td width=\"129\">Durango<\/td>\n<td width=\"713\">Limited, SLT, ST<\/td>\n<td width=\"222\">3.7L, 4.7L, 5.7L<\/td>\n<\/tr>\n<tr>\n<td width=\"83\">2003<\/td>\n<td width=\"83\">Dodge<\/td>\n<td width=\"129\">Dakota<\/td>\n<td width=\"713\">Base, R\/T, SLT, Sport<\/td>\n<td width=\"222\">3.9L, 4.7L, 5.9L<\/td>\n<\/tr>\n<tr>\n<td width=\"83\">2003<\/td>\n<td width=\"83\">Dodge<\/td>\n<td width=\"129\">Durango<\/td>\n<td width=\"713\">R\/T, SLT, SLT Plus, Sport<\/td>\n<td width=\"222\">4.7L, 5.9L<\/td>\n<\/tr>\n<tr>\n<td width=\"83\">2002<\/td>\n<td width=\"83\">Dodge<\/td>\n<td width=\"129\">Dakota<\/td>\n<td width=\"713\">Base, SLT, Sport<\/td>\n<td width=\"222\">2.5L L4 - gaz, 3.9L, 4.7L, 5.9L<\/td>\n<\/tr>\n<tr>\n<td width=\"83\">2002<\/td>\n<td width=\"83\">Dodge<\/td>\n<td width=\"129\">Durango<\/td>\n<td width=\"713\">R\/T, SLT, SLT Plus, Sport<\/td>\n<td width=\"222\">4.7L, 5.9L<\/td>\n<\/tr>\n<tr>\n<td width=\"83\">2001<\/td>\n<td width=\"83\">Dodge<\/td>\n<td width=\"129\">Dakota<\/td>\n<td width=\"713\">Sport<\/td>\n<td width=\"222\">2.5L L4 - gaz, 3.9L, 4.7L, 5.9L<\/td>\n<\/tr>\n<tr>\n<td width=\"83\">2001<\/td>\n<td width=\"83\">Dodge<\/td>\n<td width=\"129\">Durango<\/td>\n<td width=\"713\">Base<\/td>\n<td width=\"222\">4.7L, 5.9L<\/td>\n<\/tr>\n<\/tbody>\n<\/table>","protected":false},"excerpt":{"rendered":"<p>Oryginalna cz\u0119\u015b\u0107 Mopar<\/p>","protected":false},"featured_media":68299276,"comment_status":"open","ping_status":"closed","template":"","meta":{"_acf_changed":false},"product_brand":[16270],"product_cat":[2546,2550,2547,2593,2535,2534,8067],"product_tag":[18475,18476,18474,169,52,6887,6888,6886,101,93,54,53,49,3853,3600,31,8813,9424,16271,16273,16275,16272,16274,7221,559],"class_list":{"0":"post-68299273","1":"product","2":"type-product","3":"status-publish","4":"has-post-thumbnail","6":"product_brand-mopar","7":"product_cat-300c-64-kuehlung","8":"product_cat-challenger-hellcat-kuehlung","9":"product_cat-challenger-64-kuehlung","10":"product_cat-charger-36-kuehlung","11":"product_cat-charger-hellcat-kuehlung","12":"product_cat-charger-64-kuehlung","13":"product_cat-viper-84-kuehlung","14":"product_tag-05183710aa","15":"product_tag-05278767aa","16":"product_tag-05278767ab","17":"product_tag-3-6","18":"product_tag-300c","19":"product_tag-5183710aa","20":"product_tag-5278767aa","21":"product_tag-5278767ab","22":"product_tag-6-2","23":"product_tag-6-4","24":"product_tag-challenger","25":"product_tag-charger","26":"product_tag-dodge","27":"product_tag-dodge-challenger","28":"product_tag-kuehlerdeckel","29":"product_tag-mopar","30":"product_tag-mopar-autoteile","31":"product_tag-mopar-ersatzteile","32":"product_tag-mopar-ersatzteile-kaufen","33":"product_tag-mopar-performance-teile","34":"product_tag-mopar-teile-katalog","35":"product_tag-mopar-teile-online","36":"product_tag-mopar-tuningteile","37":"product_tag-mopar10","38":"product_tag-viper","40":"first","41":"instock","42":"taxable","43":"shipping-taxable","44":"purchasable","45":"product-type-simple"},"bundled_by":[],"bundle_stock_status":"instock","bundle_stock_quantity":5,"bundle_virtual":false,"bundle_layout":"","bundle_add_to_cart_form_location":"","bundle_editable_in_cart":false,"bundle_sold_individually_context":"","bundle_item_grouping":"","bundle_min_size":"","bundle_max_size":"","bundle_price":[],"bundled_items":[],"bundle_sell_ids":[],"exclude_global_add_ons":[],"addons":[],"acf":[],"_links":{"self":[{"href":"https:\/\/kraftwerk-shop.cc\/pl\/wp-json\/wp\/v2\/product\/68299273","targetHints":{"allow":["GET"]}}],"collection":[{"href":"https:\/\/kraftwerk-shop.cc\/pl\/wp-json\/wp\/v2\/product"}],"about":[{"href":"https:\/\/kraftwerk-shop.cc\/pl\/wp-json\/wp\/v2\/types\/product"}],"replies":[{"embeddable":true,"href":"https:\/\/kraftwerk-shop.cc\/pl\/wp-json\/wp\/v2\/comments?post=68299273"}],"version-history":[{"count":0,"href":"https:\/\/kraftwerk-shop.cc\/pl\/wp-json\/wp\/v2\/product\/68299273\/revisions"}],"wp:featuredmedia":[{"embeddable":true,"href":"https:\/\/kraftwerk-shop.cc\/pl\/wp-json\/wp\/v2\/media\/68299276"}],"wp:attachment":[{"href":"https:\/\/kraftwerk-shop.cc\/pl\/wp-json\/wp\/v2\/media?parent=68299273"}],"wp:term":[{"taxonomy":"product_brand","embeddable":true,"href":"https:\/\/kraftwerk-shop.cc\/pl\/wp-json\/wp\/v2\/product_brand?post=68299273"},{"taxonomy":"product_cat","embeddable":true,"href":"https:\/\/kraftwerk-shop.cc\/pl\/wp-json\/wp\/v2\/product_cat?post=68299273"},{"taxonomy":"product_tag","embeddable":true,"href":"https:\/\/kraftwerk-shop.cc\/pl\/wp-json\/wp\/v2\/product_tag?post=68299273"}],"curies":[{"name":"wp","href":"https:\/\/api.w.org\/{rel}","templated":true}]}}