{"id":68299332,"date":"2024-03-17T01:08:26","date_gmt":"2024-03-17T00:08:26","guid":{"rendered":"https:\/\/kraftwerk-shop.cc\/?post_type=product&#038;p=68299332"},"modified":"2026-04-14T01:34:50","modified_gmt":"2026-04-13T23:34:50","slug":"klocki-hamulcowe-powerstop-pst-1405-corvette-c7","status":"publish","type":"product","link":"https:\/\/kraftwerk-shop.cc\/pl\/produkt\/powerstop-pst-1405-bremsbelaege-corvette-c7\/","title":{"rendered":"Klocki hamulcowe PowerStop Track Day Corvette C7"},"content":{"rendered":"<h1>PowerStop Track Day Bremsbel\u00e4ge f\u00fcr Chevrolet Corvette C7 (Vorderachse)<\/h1>\n<p>&nbsp;<\/p>\n<p>Track Day-Bremsbel\u00e4ge haben bereits im kalten Zustand einen hohen Reibungskoeffizienten und sie haben einen noch h\u00f6heren Reibungskoeffizienten im hei\u00dfen Zustand &#8211; wenn es wirklich darauf ankommt.<\/p>\n<p>PowerStop hat es sich zur Aufgabe gemacht, jedem Fahrer eine einfache und erschwingliche M\u00f6glichkeit zu bieten, seine Bremsen zu verbessern &#8211; unabh\u00e4ngig davon, wo und wie er sein Fahrzeug einsetzt.<br \/>\nWenn Sie mit Ihrer Corvette C7 auf einer Rennstrecke f\u00fcr einen &#8220;Track Day&#8221; oder ein High Performance Driving Event fahren, wissen Sie sicherlich, wie wichtig hochwertige Bremsbel\u00e4ge sind. PowerStop Track Day-Bremsbel\u00e4ge sind perfekt f\u00fcr den Einstieg in den Track Day-Sport.<br \/>\nDas Forschungs- und Entwicklungsteam von PowerStop hat unz\u00e4hlige Stunden damit verbracht, die richtige Bremsbelagmischung f\u00fcr jede einzelne Fahrzeugplattform zu finden, damit Sie nicht unz\u00e4hlige Tage auf der Rennstrecke damit verbringen m\u00fcssen, es selbst herauszufinden.<br \/>\nDiese plattformspezifischen Bremsbel\u00e4ge haben einen exzellenten Reibungskoeffizienten und sind resistent gegen Fading bei den Belastungen eines jeden Track Days.<\/p>\n<p>&nbsp;<\/p>\n<p>&nbsp;<\/p>\n<p><strong>GM Vergleichsnummern:<\/strong> <span id=\"vew_partnumber[3855]\" class=\"listing-final-partnumber as-link-if-js\" title=\"K\u00e4uferleitfaden\">1711040<\/span>, <span class=\"text1\">25940447<\/span><\/p>\n<p>&nbsp;<\/p>\n<p><strong>Passend f\u00fcr:<\/strong><\/p>\n<table width=\"403\">\n<tbody>\n<tr>\n<td width=\"67\">Chevrolet<\/td>\n<td width=\"116\">Corvette C7<\/td>\n<td width=\"123\">Z06<\/td>\n<td width=\"97\">2014 &#8211; 2019<\/td>\n<\/tr>\n<tr>\n<td width=\"67\">Chevrolet<\/td>\n<td width=\"116\">Corvette C7<\/td>\n<td width=\"123\">Grand Sport<\/td>\n<td width=\"97\">2017 &#8211; 2019<\/td>\n<\/tr>\n<\/tbody>\n<\/table>\n<p><strong>\u00a0<\/strong><\/p>\n<p>Der Preis bezieht sich auf 1 Satz f\u00fcr die komplette Vorderachse.<\/p>\n<p>&nbsp;<\/p>\n<p>&nbsp;<\/p>\n<p>&nbsp;<\/p>\n","protected":false},"excerpt":{"rendered":"<p>PowerStop Track Day Bremsbel\u00e4ge f\u00fcr Chevrolet Corvette C7 (Vorderachse) &nbsp; Track Day-Bremsbel\u00e4ge haben bereits im kalten Zustand einen hohen Reibungskoeffizienten<\/p>","protected":false},"featured_media":68299336,"comment_status":"open","ping_status":"closed","template":"","meta":{"_acf_changed":false},"product_brand":[],"product_cat":[3128],"product_tag":[6875,6876,838,590,795,839,840,3087,189,281,6893,692,4379,36,953,954,2445,4558,2439,4562,842,841,283,673],"class_list":{"0":"post-68299332","1":"product","2":"type-product","3":"status-publish","4":"has-post-thumbnail","6":"product_cat-corvette-c7-bremsen-vorne","7":"product_tag-6875","8":"product_tag-6876","9":"product_tag-bremsbelag","10":"product_tag-bremsbelaege","11":"product_tag-bremse","12":"product_tag-bremsklotz","13":"product_tag-bremskloetze","14":"product_tag-c7","15":"product_tag-chevrolet","16":"product_tag-corvette","17":"product_tag-day","18":"product_tag-ersatzteil","19":"product_tag-grand-sport","20":"product_tag-kraftwerk","21":"product_tag-power-stop","22":"product_tag-powerstop","23":"product_tag-powerstop-pads","24":"product_tag-pst-1405","25":"product_tag-track","26":"product_tag-trackday","27":"product_tag-vorderachse","28":"product_tag-vorne","29":"product_tag-z06","30":"product_tag-zubehoer","32":"first","33":"instock","34":"taxable","35":"shipping-taxable","36":"purchasable","37":"product-type-simple"},"bundled_by":[],"bundle_stock_status":"instock","bundle_stock_quantity":1,"bundle_virtual":false,"bundle_layout":"","bundle_add_to_cart_form_location":"","bundle_editable_in_cart":false,"bundle_sold_individually_context":"","bundle_item_grouping":"","bundle_min_size":"","bundle_max_size":"","bundle_price":[],"bundled_items":[],"bundle_sell_ids":[],"exclude_global_add_ons":[],"addons":[],"acf":[],"_links":{"self":[{"href":"https:\/\/kraftwerk-shop.cc\/pl\/wp-json\/wp\/v2\/product\/68299332","targetHints":{"allow":["GET"]}}],"collection":[{"href":"https:\/\/kraftwerk-shop.cc\/pl\/wp-json\/wp\/v2\/product"}],"about":[{"href":"https:\/\/kraftwerk-shop.cc\/pl\/wp-json\/wp\/v2\/types\/product"}],"replies":[{"embeddable":true,"href":"https:\/\/kraftwerk-shop.cc\/pl\/wp-json\/wp\/v2\/comments?post=68299332"}],"version-history":[{"count":0,"href":"https:\/\/kraftwerk-shop.cc\/pl\/wp-json\/wp\/v2\/product\/68299332\/revisions"}],"wp:featuredmedia":[{"embeddable":true,"href":"https:\/\/kraftwerk-shop.cc\/pl\/wp-json\/wp\/v2\/media\/68299336"}],"wp:attachment":[{"href":"https:\/\/kraftwerk-shop.cc\/pl\/wp-json\/wp\/v2\/media?parent=68299332"}],"wp:term":[{"taxonomy":"product_brand","embeddable":true,"href":"https:\/\/kraftwerk-shop.cc\/pl\/wp-json\/wp\/v2\/product_brand?post=68299332"},{"taxonomy":"product_cat","embeddable":true,"href":"https:\/\/kraftwerk-shop.cc\/pl\/wp-json\/wp\/v2\/product_cat?post=68299332"},{"taxonomy":"product_tag","embeddable":true,"href":"https:\/\/kraftwerk-shop.cc\/pl\/wp-json\/wp\/v2\/product_tag?post=68299332"}],"curies":[{"name":"wp","href":"https:\/\/api.w.org\/{rel}","templated":true}]}}