{"id":68299450,"date":"2024-03-23T22:12:17","date_gmt":"2024-03-23T21:12:17","guid":{"rendered":"https:\/\/kraftwerk-shop.cc\/?post_type=product&#038;p=68299450"},"modified":"2026-02-15T01:08:46","modified_gmt":"2026-02-15T00:08:46","slug":"klocki-hamulcowe-hawk-hb913n-659-jeep-trackhawk","status":"publish","type":"product","link":"https:\/\/kraftwerk-shop.cc\/pl\/produkt\/hawk-hb913n-659-bremsbelaege-jeep-trackhawk\/","title":{"rendered":"Klocki hamulcowe Hawk Performance HP+ Jeep Trackhawk"},"content":{"rendered":"<h1>Klocki hamulcowe Hawk Performance HP+ HB913N.659 do Jeep Grand Cherokee 6.2 Trackhawk (o\u015b przednia)<\/h1>\n<p>&nbsp;<\/p>\n<p><strong>Hawk Performance HP Plus<br \/>\n<\/strong><\/p>\n<p>Mieszanka klock\u00f3w hamulcowych Hawk Performance HP Plus jest idealna dla kierowc\u00f3w autocrossowych i torowych poszukuj\u0105cych wysokowydajnej mieszanki wy\u015bcigowej, kt\u00f3ra wytrzyma wysokie temperatury na torze i pozwoli bezpiecznie wr\u00f3ci\u0107 do domu bez konieczno\u015bci wymiany klock\u00f3w. HP Plus wykorzystuje unikalny Ferro-Carbon, zaawansowany technologicznie materia\u0142 cierny zaprojektowany i wyprodukowany do jazdy sportowej w autocrossie, Solo II i na torze. Formu\u0142a Ferro-Carbon zapewnia ni\u017csze zu\u017cycie i wy\u017csze warto\u015bci momentu obrotowego ni\u017c inne konkurencyjne materia\u0142y.<\/p>\n<p>&nbsp;<\/p>\n<p><strong>Zalecenie<\/strong><\/p>\n<p>HP Plus jest popularny w\u015br\u00f3d kierowc\u00f3w Jeep Trackhawk, kt\u00f3rzy szukaj\u0105 doskona\u0142ych osi\u0105g\u00f3w na ulicy lub chc\u0105 zabra\u0107 sw\u00f3j samoch\u00f3d na autocross lub tor bez martwienia si\u0119 o wymian\u0119 klock\u00f3w. Klocki HP Plus oferuj\u0105 znaczny wzrost momentu hamowania i zakresu temperatur w por\u00f3wnaniu do klock\u00f3w OEM. S\u0105 one og\u00f3lnie zalecane dla pocz\u0105tkuj\u0105cych, kt\u00f3rzy maj\u0105 niewielkie lub \u017cadne do\u015bwiadczenie na torze i szukaj\u0105 ulepszenia w stosunku do klock\u00f3w seryjnych.<\/p>\n<p>&nbsp;<\/p>\n<p><strong>Funkcje Hawk HP Plus:<\/strong><\/p>\n<ul>\n<li>Mocny, zr\u00f3wnowa\u017cony pocz\u0105tkowy gryz, gor\u0105cy lub zimny<\/li>\n<li>Zakres temperatur od niskich do \u015brednich<\/li>\n<li>Wysoka odporno\u015b\u0107 na blakni\u0119cie<\/li>\n<li>P\u0142ynny, przewidywalny moment obrotowy<\/li>\n<li>Idealny do autocrossu<\/li>\n<li>40 - 430 \u00b0C Zakres temperatur pracy<\/li>\n<li>150 - 320\u00b0C Optymalny zakres temperatur<\/li>\n<\/ul>\n<p>&nbsp;<\/p>\n<p>Numer OE (tylko do cel\u00f3w por\u00f3wnawczych): 68399095AA, 68399095AB, 68399095AC<br \/>\nAutoryzacja: nie<\/p>\n<p>&nbsp;<\/p>\n<p><strong>Odpowiedni dla:<\/strong><\/p>\n<table width=\"426\">\n<tbody>\n<tr>\n<td width=\"94\">Jeep<\/td>\n<td width=\"110\">Grand Cherokee<\/td>\n<td width=\"138\">6.2 Trackhawk<\/td>\n<td width=\"84\">2018\u20132021<\/td>\n<\/tr>\n<\/tbody>\n<\/table>\n<p>&nbsp;<\/p>\n<p>Cena dotyczy 1 zestawu dla kompletnej osi przedniej.<\/p>\n<p>&nbsp;<\/p>\n<p>&nbsp;<\/p>","protected":false},"excerpt":{"rendered":"<p>Hawk Performance HP+ HB913N.659 Bremsbel\u00e4ge f\u00fcr Jeep Grand Cherokee 6.2 Trackhawk (Vorderachse) &nbsp; Hawk Performance HP Plus Die Hawk Performance<\/p>","protected":false},"featured_media":68299459,"comment_status":"open","ping_status":"closed","template":"","meta":{"_acf_changed":false},"product_brand":[17621],"product_cat":[17961],"product_tag":[2751,2752,2753,838,590,10806,795,839,840,773,692,56,1070,7614,6900,6901,6902,50,4425,4427,4426,1166,1167,36,102,842,841,673],"class_list":{"0":"post-68299450","1":"product","2":"type-product","3":"status-publish","4":"has-post-thumbnail","6":"product_brand-hawk-performance","7":"product_cat-trackhawk-bremsbelaege-vorne","8":"product_tag-68399095aa","9":"product_tag-68399095ab","10":"product_tag-68399095ac","11":"product_tag-bremsbelag","12":"product_tag-bremsbelaege","13":"product_tag-bremsbelaege-fuer-jeep-trackhawk","14":"product_tag-bremse","15":"product_tag-bremsklotz","16":"product_tag-bremskloetze","17":"product_tag-carbon","18":"product_tag-ersatzteil","19":"product_tag-grand-cherokee","20":"product_tag-hawk","21":"product_tag-hawk10","22":"product_tag-hb913n-659","23":"product_tag-hp-plus","24":"product_tag-hp","25":"product_tag-jeep","26":"product_tag-jeep-grand-cherokee","27":"product_tag-jeep-grand-cherokee-trackhawk","28":"product_tag-jeep-trackhawk","29":"product_tag-keramik","30":"product_tag-keramisch","31":"product_tag-kraftwerk","32":"product_tag-trackhawk","33":"product_tag-vorderachse","34":"product_tag-vorne","35":"product_tag-zubehoer","37":"first","38":"instock","39":"taxable","40":"shipping-taxable","41":"purchasable","42":"product-type-simple"},"bundled_by":[],"bundle_stock_status":"instock","bundle_stock_quantity":1,"bundle_virtual":false,"bundle_layout":"","bundle_add_to_cart_form_location":"","bundle_editable_in_cart":false,"bundle_sold_individually_context":"","bundle_item_grouping":"","bundle_min_size":"","bundle_max_size":"","bundle_price":[],"bundled_items":[],"bundle_sell_ids":[],"exclude_global_add_ons":[],"addons":[],"acf":[],"_links":{"self":[{"href":"https:\/\/kraftwerk-shop.cc\/pl\/wp-json\/wp\/v2\/product\/68299450","targetHints":{"allow":["GET"]}}],"collection":[{"href":"https:\/\/kraftwerk-shop.cc\/pl\/wp-json\/wp\/v2\/product"}],"about":[{"href":"https:\/\/kraftwerk-shop.cc\/pl\/wp-json\/wp\/v2\/types\/product"}],"replies":[{"embeddable":true,"href":"https:\/\/kraftwerk-shop.cc\/pl\/wp-json\/wp\/v2\/comments?post=68299450"}],"version-history":[{"count":0,"href":"https:\/\/kraftwerk-shop.cc\/pl\/wp-json\/wp\/v2\/product\/68299450\/revisions"}],"wp:featuredmedia":[{"embeddable":true,"href":"https:\/\/kraftwerk-shop.cc\/pl\/wp-json\/wp\/v2\/media\/68299459"}],"wp:attachment":[{"href":"https:\/\/kraftwerk-shop.cc\/pl\/wp-json\/wp\/v2\/media?parent=68299450"}],"wp:term":[{"taxonomy":"product_brand","embeddable":true,"href":"https:\/\/kraftwerk-shop.cc\/pl\/wp-json\/wp\/v2\/product_brand?post=68299450"},{"taxonomy":"product_cat","embeddable":true,"href":"https:\/\/kraftwerk-shop.cc\/pl\/wp-json\/wp\/v2\/product_cat?post=68299450"},{"taxonomy":"product_tag","embeddable":true,"href":"https:\/\/kraftwerk-shop.cc\/pl\/wp-json\/wp\/v2\/product_tag?post=68299450"}],"curies":[{"name":"wp","href":"https:\/\/api.w.org\/{rel}","templated":true}]}}