{"id":68299520,"date":"2024-03-25T13:22:58","date_gmt":"2024-03-25T12:22:58","guid":{"rendered":"https:\/\/kraftwerk-shop.cc\/?post_type=product&#038;p=68299520"},"modified":"2026-02-15T01:08:51","modified_gmt":"2026-02-15T00:08:51","slug":"mbrp-s5235blk-ford-bronco-ecoboost","status":"publish","type":"product","link":"https:\/\/kraftwerk-shop.cc\/pl\/produkt\/mbrp-s5235blk-ford-bronco-ecoboost\/","title":{"rendered":"MBRP Cat-Back Street Profile Ford Bronco 2.3 &amp; 2.7 EcoBoost"},"content":{"rendered":"<h1>Uk\u0142ad wydechowy MBRP Cat-Back 3\u2033 o profilu ulicznym dla Ford Bronco 2.3 i 2.7 EcoBoost<\/h1>\n<p>&nbsp;<\/p>\n<p>Sportowy uk\u0142ad wydechowy MBRP uwalnia pe\u0142ny potencja\u0142 mocy i momentu obrotowego pojazdu i zapewnia, \u017ce RAM jest szybszy, p\u0142ynniejszy i g\u0142o\u015bniejszy na drodze.<\/p>\n<p>Ka\u017cdy uk\u0142ad wydechowy MBRP jest dostrojony i zaprojektowany tak, aby zapewni\u0107 najwy\u017csz\u0105 wydajno\u015b\u0107 pojazdu. Wykonany z wytrzyma\u0142ej stali aluminiowanej. Ka\u017cda sekcja rury jest r\u00f3wnomiernie wygi\u0119ta, aby zwi\u0119kszy\u0107 przep\u0142yw spalin. Tylny t\u0142umik zosta\u0142 zaprojektowany tak, aby zapewni\u0107 optymalny d\u017awi\u0119k i zminimalizowa\u0107 ci\u015bnienie wsteczne.<\/p>\n<p>Instalacja uk\u0142adu wydechowego MBRP jest prosta i nie wymaga spawania ani wiercenia w poje\u017adzie. Ka\u017cdy uk\u0142ad wykorzystuje istniej\u0105ce punkty monta\u017cowe.<\/p>\n<p>Wywo\u0142aj poruszenie bez zwi\u0119kszania poziomu ha\u0142asu. Nadaj swojemu pojazdowi wyj\u0105tkow\u0105 nut\u0119 d\u017awi\u0119kow\u0105 dzi\u0119ki wydechowi MBRP Tour Profile. Ciesz si\u0119 lepszymi osi\u0105gami bez nadmiernej g\u0142o\u015bno\u015bci.<\/p>\n<p>&nbsp;<\/p>\n<p>&nbsp;<\/p>\n<p>Uk\u0142ad wydechowy MBRP S5235BLK Street Profile Cat-Back wykonany ze stali aluminiowanej jest odpowiedni dla nast\u0119puj\u0105cych modeli:<\/p>\n<table width=\"449\">\n<tbody>\n<tr>\n<td width=\"115\"><strong>Marka<\/strong><\/td>\n<td width=\"145\"><strong>Model<\/strong><\/td>\n<td width=\"106\"><strong>Silnik<\/strong><\/td>\n<td width=\"83\"><strong>Rok<\/strong><\/td>\n<\/tr>\n<tr>\n<td>Ford<\/td>\n<td>Bronco<\/td>\n<td>2.3 EcoBoost<\/td>\n<td>2021\u20132026<\/td>\n<\/tr>\n<tr>\n<td>Ford<\/td>\n<td>Bronco<\/td>\n<td>2.7 EcoBoost<\/td>\n<td>2021\u20132026<\/td>\n<\/tr>\n<\/tbody>\n<\/table>\n<p>&nbsp;<\/p>\n<p><strong>Stal aluminiowana powlekana na czarno:<br \/>\n<\/strong>Styl jest najwa\u017cniejszy w tym projekcie. Jest to ten sam materia\u0142, co inne systemy MBRP wykonane ze stali aluminiowanej, ale rury wydechowe s\u0105 wyko\u0144czone specjaln\u0105 czarn\u0105 wysokotemperaturow\u0105 pow\u0142ok\u0105 proszkow\u0105, kt\u00f3ra nadaje ka\u017cdemu pojazdowi niepowtarzalny wygl\u0105d.<\/p>\n<p>&nbsp;<\/p>\n<p>&nbsp;<\/p>\n<p><iframe loading=\"lazy\" title=\"MBRP S5235 Sportowy uk\u0142ad wydechowy Ford Bronco 2.3 \/ 2.7 EcoBoost 2021-2024\" src=\"https:\/\/www.youtube.com\/embed\/xoKIUlLM-hY\" width=\"882\" height=\"496\" frameborder=\"0\" allowfullscreen=\"allowfullscreen\"><\/iframe><\/p>","protected":false},"excerpt":{"rendered":"<p>Stal aluminiowana<\/p>\n<p>2021\u20132026<\/p>","protected":false},"featured_media":68299522,"comment_status":"open","ping_status":"closed","template":"","meta":{"_acf_changed":false},"product_brand":[17169],"product_cat":[3024,6894,6895],"product_tag":[4020,87,2066,2373,4526,6297,4024,4023,1046,1035,1036,546,1037,4674,1047,2210,3873,662,1039,1042,2786,917,2934,532,529,20273,2211,2931,6924,1044,3872,6905,6906,1045,1041,547,1034,1038,6881,233,2137],"class_list":{"0":"post-68299520","1":"product","2":"type-product","3":"status-publish","4":"has-post-thumbnail","6":"product_brand-mbrp","7":"product_cat-nicht-nach-eu","8":"product_cat-bronco-23-ecoboost-abgasanlage","9":"product_cat-bronco-27-ecoboost-abgasanlage","10":"product_tag-2-3","11":"product_tag-2-7","12":"product_tag-2066","13":"product_tag-2373","14":"product_tag-4526","15":"product_tag-6297","16":"product_tag-3zoll","17":"product_tag-4023","18":"product_tag-abe","19":"product_tag-abgasanlage","20":"product_tag-abgassystem","21":"product_tag-auspuff","22":"product_tag-auspuffsystem","23":"product_tag-bronco","24":"product_tag-cat-back","25":"product_tag-catback","26":"product_tag-ecoboost","27":"product_tag-edelstahl","28":"product_tag-endschalldaempfer","29":"product_tag-endtopf","30":"product_tag-exhaust","31":"product_tag-ford","32":"product_tag-harder","33":"product_tag-kat","34":"product_tag-katalysator","35":"product_tag-keintuev","36":"product_tag-klang","37":"product_tag-mbrp","38":"product_tag-mbrp10","39":"product_tag-mittelschalldaempfer","40":"product_tag-mustang","41":"product_tag-s5235","42":"product_tag-s5235blk","43":"product_tag-sound","44":"product_tag-sport","45":"product_tag-sportauspuff","46":"product_tag-sportauspuffanlage","47":"product_tag-sportendschalldaempfer","48":"product_tag-tour","49":"product_tag-tuning","50":"product_tag-zulassung","51":"product_shipping_class-paket-l","53":"first","54":"onbackorder","55":"taxable","56":"shipping-taxable","57":"purchasable","58":"product-type-simple"},"bundled_by":[],"bundle_stock_status":"onbackorder","bundle_stock_quantity":0,"bundle_virtual":false,"bundle_layout":"","bundle_add_to_cart_form_location":"","bundle_editable_in_cart":false,"bundle_sold_individually_context":"","bundle_item_grouping":"","bundle_min_size":"","bundle_max_size":"","bundle_price":[],"bundled_items":[],"bundle_sell_ids":[],"exclude_global_add_ons":[],"addons":[],"acf":[],"_links":{"self":[{"href":"https:\/\/kraftwerk-shop.cc\/pl\/wp-json\/wp\/v2\/product\/68299520","targetHints":{"allow":["GET"]}}],"collection":[{"href":"https:\/\/kraftwerk-shop.cc\/pl\/wp-json\/wp\/v2\/product"}],"about":[{"href":"https:\/\/kraftwerk-shop.cc\/pl\/wp-json\/wp\/v2\/types\/product"}],"replies":[{"embeddable":true,"href":"https:\/\/kraftwerk-shop.cc\/pl\/wp-json\/wp\/v2\/comments?post=68299520"}],"version-history":[{"count":0,"href":"https:\/\/kraftwerk-shop.cc\/pl\/wp-json\/wp\/v2\/product\/68299520\/revisions"}],"wp:featuredmedia":[{"embeddable":true,"href":"https:\/\/kraftwerk-shop.cc\/pl\/wp-json\/wp\/v2\/media\/68299522"}],"wp:attachment":[{"href":"https:\/\/kraftwerk-shop.cc\/pl\/wp-json\/wp\/v2\/media?parent=68299520"}],"wp:term":[{"taxonomy":"product_brand","embeddable":true,"href":"https:\/\/kraftwerk-shop.cc\/pl\/wp-json\/wp\/v2\/product_brand?post=68299520"},{"taxonomy":"product_cat","embeddable":true,"href":"https:\/\/kraftwerk-shop.cc\/pl\/wp-json\/wp\/v2\/product_cat?post=68299520"},{"taxonomy":"product_tag","embeddable":true,"href":"https:\/\/kraftwerk-shop.cc\/pl\/wp-json\/wp\/v2\/product_tag?post=68299520"}],"curies":[{"name":"wp","href":"https:\/\/api.w.org\/{rel}","templated":true}]}}