{"id":68299612,"date":"2024-03-30T00:20:37","date_gmt":"2024-03-29T23:20:37","guid":{"rendered":"https:\/\/kraftwerk-shop.cc\/?post_type=product&#038;p=68299612"},"modified":"2026-03-06T12:38:20","modified_gmt":"2026-03-06T11:38:20","slug":"bbk-85mm-przepustnica-ram-1500","status":"publish","type":"product","link":"https:\/\/kraftwerk-shop.cc\/pl\/produkt\/bbk-85mm-drosselklappe-ram-1500\/","title":{"rendered":"Przepustnica BBK 85 mm RAM 1500 5.7"},"content":{"rendered":"<h1>Przepustnica BBK 85 mm dla RAM 1500 5.7<\/h1>\n<p>&nbsp;<\/p>\n<p>\u015arednica przepustnicy wynosi 85 mm na ca\u0142ej d\u0142ugo\u015bci. Jest to najwi\u0119ksza \u015brednica, jak\u0105 mo\u017cna zamontowa\u0107 w standardowym kolektorze dolotowym RAM 1500 bez dodatkowych prac.<br \/>\nW por\u00f3wnaniu do oryginalnej przepustnicy RAM 1500, oferuje ona lepszy przep\u0142yw powietrza i lepsz\u0105 reakcj\u0119.<br \/>\nKorpusy przepustnicy BBK Hemi s\u0105 obrabiane CNC z wysokiej jako\u015bci odlewu aluminiowego 356, aby zapewni\u0107 doskona\u0142\u0105 jako\u015b\u0107 OEM i dok\u0142adno\u015b\u0107 dopasowania. Posiadaj\u0105 r\u00f3wnie\u017c przek\u0142adni\u0119 przepustnicy o jako\u015bci OEM, podw\u00f3jnie uszczelnione \u0142o\u017cyska i dr\u0105\u017cki przepustnicy wyposa\u017cone w O-ringi.<br \/>\nDzi\u0119ki temu nadaj\u0105 si\u0119 zar\u00f3wno do standardowych pojazd\u00f3w, jak i pojazd\u00f3w o zwi\u0119kszonych osi\u0105gach, w tym do konwersji do\u0142adowania.<\/p>\n<p>&nbsp;<\/p>\n<p>&nbsp;<\/p>\n<p><strong>Odpowiedni dla:<\/strong><\/p>\n<table width=\"376\">\n<tbody>\n<tr>\n<td width=\"83\"><strong>Marka<\/strong><\/td>\n<td width=\"127\"><strong>Model<\/strong><\/td>\n<td width=\"83\"><strong>Silnik<\/strong><\/td>\n<td width=\"83\"><strong>Rok<\/strong><\/td>\n<\/tr>\n<tr>\n<td>RAM<\/td>\n<td>1500<\/td>\n<td>5.7<\/td>\n<td>2013\u20132024<\/td>\n<\/tr>\n<\/tbody>\n<\/table>\n<p>&nbsp;<\/p>\n<p>&nbsp;<\/p>\n<p>&nbsp;<\/p>","protected":false},"excerpt":{"rendered":"<p>BBK 85 mm Drosselklappe f\u00fcr RAM 1500 5.7 &nbsp; Der Durchmesser der Drosselklappe betr\u00e4gt durchgehend 85 mm. Es handelt sich<\/p>","protected":false},"featured_media":68275126,"comment_status":"open","ping_status":"closed","template":"","meta":{"_acf_changed":false},"product_brand":[17174],"product_cat":[1512,5009],"product_tag":[2790,2791,91,183,1388,3365,49,4965,158,477,476,159,160,126,36,184,186,86],"class_list":{"0":"post-68299612","1":"product","2":"type-product","3":"status-publish","4":"has-post-thumbnail","6":"product_brand-bbk","7":"product_cat-1500-57-2009-2018-classic-ansaugung","8":"product_cat-1500-57-dt-ansaugung","9":"product_tag-2790","10":"product_tag-2791","11":"product_tag-5-7","12":"product_tag-183","13":"product_tag-bbk","14":"product_tag-bbkdk","15":"product_tag-dodge","16":"product_tag-dodge-ram","17":"product_tag-drosselklappe","18":"product_tag-ds","19":"product_tag-dt","20":"product_tag-gross","21":"product_tag-groesser","22":"product_tag-hemi","23":"product_tag-kraftwerk","24":"product_tag-mm","25":"product_tag-performance","26":"product_tag-ram","27":"product_shipping_class-deutschlandohne","29":"first","30":"instock","31":"taxable","32":"shipping-taxable","33":"purchasable","34":"product-type-simple"},"bundled_by":[],"bundle_stock_status":"instock","bundle_stock_quantity":1,"bundle_virtual":false,"bundle_layout":"","bundle_add_to_cart_form_location":"","bundle_editable_in_cart":false,"bundle_sold_individually_context":"","bundle_item_grouping":"","bundle_min_size":"","bundle_max_size":"","bundle_price":[],"bundled_items":[],"bundle_sell_ids":[],"exclude_global_add_ons":[],"addons":[],"acf":[],"_links":{"self":[{"href":"https:\/\/kraftwerk-shop.cc\/pl\/wp-json\/wp\/v2\/product\/68299612","targetHints":{"allow":["GET"]}}],"collection":[{"href":"https:\/\/kraftwerk-shop.cc\/pl\/wp-json\/wp\/v2\/product"}],"about":[{"href":"https:\/\/kraftwerk-shop.cc\/pl\/wp-json\/wp\/v2\/types\/product"}],"replies":[{"embeddable":true,"href":"https:\/\/kraftwerk-shop.cc\/pl\/wp-json\/wp\/v2\/comments?post=68299612"}],"version-history":[{"count":0,"href":"https:\/\/kraftwerk-shop.cc\/pl\/wp-json\/wp\/v2\/product\/68299612\/revisions"}],"wp:featuredmedia":[{"embeddable":true,"href":"https:\/\/kraftwerk-shop.cc\/pl\/wp-json\/wp\/v2\/media\/68275126"}],"wp:attachment":[{"href":"https:\/\/kraftwerk-shop.cc\/pl\/wp-json\/wp\/v2\/media?parent=68299612"}],"wp:term":[{"taxonomy":"product_brand","embeddable":true,"href":"https:\/\/kraftwerk-shop.cc\/pl\/wp-json\/wp\/v2\/product_brand?post=68299612"},{"taxonomy":"product_cat","embeddable":true,"href":"https:\/\/kraftwerk-shop.cc\/pl\/wp-json\/wp\/v2\/product_cat?post=68299612"},{"taxonomy":"product_tag","embeddable":true,"href":"https:\/\/kraftwerk-shop.cc\/pl\/wp-json\/wp\/v2\/product_tag?post=68299612"}],"curies":[{"name":"wp","href":"https:\/\/api.w.org\/{rel}","templated":true}]}}