{"id":68299628,"date":"2024-03-30T00:20:42","date_gmt":"2024-03-29T23:20:42","guid":{"rendered":"https:\/\/kraftwerk-shop.cc\/?post_type=product&#038;p=68299628"},"modified":"2026-03-06T12:38:24","modified_gmt":"2026-03-06T11:38:24","slug":"bbk-85mm-przepustnica-dodge-durango","status":"publish","type":"product","link":"https:\/\/kraftwerk-shop.cc\/pl\/produkt\/bbk-85mm-drosselklappe-dodge-durango\/","title":{"rendered":"Przepustnica BBK 85 mm Dodge Durango 5.7 i 6.4"},"content":{"rendered":"<h1>Korpus przepustnicy BBK 85 mm do Dodge Durango 5.7 i 6.4<\/h1>\n<p>&nbsp;<\/p>\n<p>Korpus przepustnicy BBK 85 mm zosta\u0142 opracowany specjalnie dla Dodge Durango, aby zmaksymalizowa\u0107 przep\u0142yw powietrza i poprawi\u0107 reakcj\u0119 przepustnicy. Dzi\u0119ki ci\u0105g\u0142ej \u015brednicy 85 mm jest to najwi\u0119kszy korpus przepustnicy, kt\u00f3ry mo\u017cna zamontowa\u0107 w standardowym kolektorze dolotowym bez dodatkowych modyfikacji.<\/p>\n<p>Przepustnica jest frezowana CNC z wysokiej jako\u015bci odlewu aluminiowego 356, aby zapewni\u0107 doskona\u0142\u0105 jako\u015b\u0107 OEM i dok\u0142adno\u015b\u0107 dopasowania. Przek\u0142adnia przepustnicy odpowiada jako\u015bci OEM i ma podw\u00f3jnie uszczelnione \u0142o\u017cyska oraz O-ringowane dr\u0105\u017cki przepustnicy.<\/p>\n<p>Przepustnica BBK 85 mm nadaje si\u0119 zar\u00f3wno do standardowych pojazd\u00f3w, jak i pojazd\u00f3w o zwi\u0119kszonych osi\u0105gach, w tym do konwersji do\u0142adowania. Monta\u017c tej przepustnicy zapewnia zwi\u0119kszony przep\u0142yw powietrza i lepsze osi\u0105gi silnika. Do\u015bwiadcz zoptymalizowanej wydajno\u015bci dzi\u0119ki korpusowi przepustnicy BBK 85 mm do swojego Dodge Durango.<\/p>\n<p>&nbsp;<\/p>\n<p>&nbsp;<\/p>\n<p><strong>Odpowiedni dla:<\/strong><\/p>\n<table width=\"376\">\n<tbody>\n<tr>\n<td width=\"83\"><strong>Marka<\/strong><\/td>\n<td width=\"127\"><strong>Model<\/strong><\/td>\n<td width=\"83\"><strong>Silnik<\/strong><\/td>\n<td width=\"83\"><strong>Rok<\/strong><\/td>\n<\/tr>\n<tr>\n<td>Dodge<\/td>\n<td>Durango<\/td>\n<td>5.7<\/td>\n<td>2013\u20132025<\/td>\n<\/tr>\n<tr>\n<td>Dodge<\/td>\n<td>Durango<\/td>\n<td>6.4<\/td>\n<td>2018\u20132024<\/td>\n<\/tr>\n<\/tbody>\n<\/table>\n<p>&nbsp;<\/p>\n<p>Upewnij si\u0119, \u017ce wybra\u0142e\u015b w\u0142a\u015bciwy rok produkcji, poniewa\u017c istniej\u0105 dwa r\u00f3\u017cne warianty.<br \/>\nPierwszy wariant by\u0142 instalowany do 2012 roku, a drugi od 2013 roku.<\/p>\n<p>Je\u015bli nie masz pewno\u015bci, por\u00f3wnaj przepustnic\u0119 w swoim poje\u017adzie z tym obrazkiem, aby sprawdzi\u0107, czy pasuje wariant do 2012 roku, czy od 2013 roku:<\/p>\n<p><img decoding=\"async\" class=\"aligncenter wp-image-68256549\" src=\"https:\/\/kraftwerk-shop.cc\/wp-content\/uploads\/2021\/09\/Drosselklappe-Zuordnung-1-300x286.jpg\" alt=\"Przypisanie przepustnicy Chrysler, Dodge, Jeep\" width=\"450\" height=\"429\" \/><\/p>","protected":false},"excerpt":{"rendered":"<p>BBK 85 mm Drosselklappe f\u00fcr Dodge Durango 5.7 und 6.4 &nbsp; Die BBK 85 mm Drosselklappe ist speziell f\u00fcr den<\/p>","protected":false},"featured_media":68275126,"comment_status":"open","ping_status":"closed","template":"","meta":{"_acf_changed":false},"product_brand":[17174],"product_cat":[2521,2520],"product_tag":[2790,2791,91,92,93,183,1388,3365,49,4432,158,95,159,160,126,36,184,186,96],"class_list":{"0":"post-68299628","1":"product","2":"type-product","3":"status-publish","4":"has-post-thumbnail","6":"product_brand-bbk","7":"product_cat-durango-57-ansaugung","8":"product_cat-durango-64-ansaugung","9":"product_tag-2790","10":"product_tag-2791","11":"product_tag-5-7","12":"product_tag-6-1","13":"product_tag-6-4","14":"product_tag-183","15":"product_tag-bbk","16":"product_tag-bbkdk","17":"product_tag-dodge","18":"product_tag-dodge-durango","19":"product_tag-drosselklappe","20":"product_tag-durango","21":"product_tag-gross","22":"product_tag-groesser","23":"product_tag-hemi","24":"product_tag-kraftwerk","25":"product_tag-mm","26":"product_tag-performance","27":"product_tag-srt","29":"first","30":"instock","31":"taxable","32":"shipping-taxable","33":"purchasable","34":"product-type-variable"},"bundled_by":[],"bundle_stock_status":"instock","bundle_stock_quantity":2,"bundle_virtual":false,"bundle_layout":"","bundle_add_to_cart_form_location":"","bundle_editable_in_cart":false,"bundle_sold_individually_context":"","bundle_item_grouping":"","bundle_min_size":"","bundle_max_size":"","bundle_price":[],"bundled_items":[],"bundle_sell_ids":[],"exclude_global_add_ons":[],"addons":[],"acf":[],"_links":{"self":[{"href":"https:\/\/kraftwerk-shop.cc\/pl\/wp-json\/wp\/v2\/product\/68299628","targetHints":{"allow":["GET"]}}],"collection":[{"href":"https:\/\/kraftwerk-shop.cc\/pl\/wp-json\/wp\/v2\/product"}],"about":[{"href":"https:\/\/kraftwerk-shop.cc\/pl\/wp-json\/wp\/v2\/types\/product"}],"replies":[{"embeddable":true,"href":"https:\/\/kraftwerk-shop.cc\/pl\/wp-json\/wp\/v2\/comments?post=68299628"}],"version-history":[{"count":0,"href":"https:\/\/kraftwerk-shop.cc\/pl\/wp-json\/wp\/v2\/product\/68299628\/revisions"}],"wp:featuredmedia":[{"embeddable":true,"href":"https:\/\/kraftwerk-shop.cc\/pl\/wp-json\/wp\/v2\/media\/68275126"}],"wp:attachment":[{"href":"https:\/\/kraftwerk-shop.cc\/pl\/wp-json\/wp\/v2\/media?parent=68299628"}],"wp:term":[{"taxonomy":"product_brand","embeddable":true,"href":"https:\/\/kraftwerk-shop.cc\/pl\/wp-json\/wp\/v2\/product_brand?post=68299628"},{"taxonomy":"product_cat","embeddable":true,"href":"https:\/\/kraftwerk-shop.cc\/pl\/wp-json\/wp\/v2\/product_cat?post=68299628"},{"taxonomy":"product_tag","embeddable":true,"href":"https:\/\/kraftwerk-shop.cc\/pl\/wp-json\/wp\/v2\/product_tag?post=68299628"}],"curies":[{"name":"wp","href":"https:\/\/api.w.org\/{rel}","templated":true}]}}