{"id":68299636,"date":"2024-03-30T00:20:44","date_gmt":"2024-03-29T23:20:44","guid":{"rendered":"https:\/\/kraftwerk-shop.cc\/?post_type=product&#038;p=68299636"},"modified":"2026-03-06T12:38:24","modified_gmt":"2026-03-06T11:38:24","slug":"bbk-85mm-przepustnica-dodge-challenger","status":"publish","type":"product","link":"https:\/\/kraftwerk-shop.cc\/pl\/produkt\/bbk-85mm-drosselklappe-dodge-challenger\/","title":{"rendered":"Przepustnica BBK 85 mm Dodge Challenger 5.7, 6.1 i 6.4"},"content":{"rendered":"<h1>Korpus przepustnicy BBK 85 mm do Dodge Challenger 5.7, 6.1 i 6.4<\/h1>\n<p>&nbsp;<\/p>\n<p>Korpus przepustnicy BBK 85 mm dla Dodge Challenger oferuje optymalne rozwi\u0105zanie dla zwi\u0119kszenia osi\u0105g\u00f3w. Dzi\u0119ki \u015brednicy 85 mm jest to najwi\u0119kszy korpus przepustnicy, kt\u00f3ry mo\u017cna zamontowa\u0107 na standardowym kolektorze dolotowym bez dodatkowych modyfikacji. Umo\u017cliwia to lepszy przep\u0142yw powietrza i zoptymalizowan\u0105 reakcj\u0119 przepustnicy w por\u00f3wnaniu z oryginalnym korpusem przepustnicy.<\/p>\n<p>Wykonana z wysokiej jako\u015bci odlewu aluminiowego 356 i precyzyjnie frezowana CNC przepustnica BBK gwarantuje doskona\u0142\u0105 jako\u015b\u0107 OEM i dok\u0142adne dopasowanie. Posiada r\u00f3wnie\u017c przek\u0142adni\u0119 przepustnicy o jako\u015bci OEM, podw\u00f3jnie uszczelnione \u0142o\u017cyska i dr\u0105\u017cki przepustnicy wyposa\u017cone w O-ringi.<\/p>\n<p>Korpus przepustnicy BBK 85 mm nadaje si\u0119 zar\u00f3wno do standardowych, jak i ulepszonych pojazd\u00f3w, w tym do konwersji z do\u0142adowaniem. Dzi\u0119ki wyj\u0105tkowej wydajno\u015bci i jako\u015bci jest to idealny wyb\u00f3r dla Dodge Challenger.<\/p>\n<p>&nbsp;<\/p>\n<p>&nbsp;<\/p>\n<p><strong>Odpowiedni dla:<\/strong><\/p>\n<table width=\"376\">\n<tbody>\n<tr>\n<td width=\"83\"><strong>Marka<\/strong><\/td>\n<td width=\"127\"><strong>Model<\/strong><\/td>\n<td width=\"83\"><strong>Silnik<\/strong><\/td>\n<td width=\"83\"><strong>Rok<\/strong><\/td>\n<\/tr>\n<tr>\n<td>Dodge<\/td>\n<td>Challenger<\/td>\n<td>5.7<\/td>\n<td>2008\u20132023<\/td>\n<\/tr>\n<tr>\n<td>Dodge<\/td>\n<td>Challenger<\/td>\n<td>6.1<\/td>\n<td>2008\u20132010<\/td>\n<\/tr>\n<tr>\n<td>Dodge<\/td>\n<td>Challenger<\/td>\n<td>6.4<\/td>\n<td>2011\u20132023<\/td>\n<\/tr>\n<\/tbody>\n<\/table>\n<p>&nbsp;<\/p>\n<p>Upewnij si\u0119, \u017ce wybra\u0142e\u015b w\u0142a\u015bciwy rok produkcji, poniewa\u017c istniej\u0105 dwa r\u00f3\u017cne warianty.<br \/>\nPierwszy wariant by\u0142 instalowany do 2012 roku, a drugi od 2013 roku.<\/p>\n<p>Je\u015bli nie masz pewno\u015bci, por\u00f3wnaj przepustnic\u0119 w swoim poje\u017adzie z tym obrazkiem, aby sprawdzi\u0107, czy pasuje wariant do 2012 roku, czy od 2013 roku:<\/p>\n<p><img decoding=\"async\" class=\"aligncenter wp-image-68256549\" src=\"https:\/\/kraftwerk-shop.cc\/wp-content\/uploads\/2021\/09\/Drosselklappe-Zuordnung-1-300x286.jpg\" alt=\"Przypisanie przepustnicy Chrysler, Dodge, Jeep\" width=\"450\" height=\"429\" \/><\/p>","protected":false},"excerpt":{"rendered":"<p>BBK 85 mm Drosselklappe f\u00fcr Dodge Challenger 5.7, 6.1 und 6.4 &nbsp; Die BBK 85 mm Drosselklappe f\u00fcr den Dodge<\/p>","protected":false},"featured_media":68275126,"comment_status":"open","ping_status":"closed","template":"","meta":{"_acf_changed":false},"product_brand":[17174],"product_cat":[2501,2514,2512],"product_tag":[2790,2791,91,92,93,183,1388,3365,54,49,3853,158,159,160,126,36,184,186,96],"class_list":{"0":"post-68299636","1":"product","2":"type-product","3":"status-publish","4":"has-post-thumbnail","6":"product_brand-bbk","7":"product_cat-challenger-57-ansaugung","8":"product_cat-challenger-61-ansaugung","9":"product_cat-challenger-64-ansaugung","10":"product_tag-2790","11":"product_tag-2791","12":"product_tag-5-7","13":"product_tag-6-1","14":"product_tag-6-4","15":"product_tag-183","16":"product_tag-bbk","17":"product_tag-bbkdk","18":"product_tag-challenger","19":"product_tag-dodge","20":"product_tag-dodge-challenger","21":"product_tag-drosselklappe","22":"product_tag-gross","23":"product_tag-groesser","24":"product_tag-hemi","25":"product_tag-kraftwerk","26":"product_tag-mm","27":"product_tag-performance","28":"product_tag-srt","30":"first","31":"instock","32":"taxable","33":"shipping-taxable","34":"purchasable","35":"product-type-variable"},"bundled_by":[],"bundle_stock_status":"instock","bundle_stock_quantity":2,"bundle_virtual":false,"bundle_layout":"","bundle_add_to_cart_form_location":"","bundle_editable_in_cart":false,"bundle_sold_individually_context":"","bundle_item_grouping":"","bundle_min_size":"","bundle_max_size":"","bundle_price":[],"bundled_items":[],"bundle_sell_ids":[],"exclude_global_add_ons":[],"addons":[],"acf":[],"_links":{"self":[{"href":"https:\/\/kraftwerk-shop.cc\/pl\/wp-json\/wp\/v2\/product\/68299636","targetHints":{"allow":["GET"]}}],"collection":[{"href":"https:\/\/kraftwerk-shop.cc\/pl\/wp-json\/wp\/v2\/product"}],"about":[{"href":"https:\/\/kraftwerk-shop.cc\/pl\/wp-json\/wp\/v2\/types\/product"}],"replies":[{"embeddable":true,"href":"https:\/\/kraftwerk-shop.cc\/pl\/wp-json\/wp\/v2\/comments?post=68299636"}],"version-history":[{"count":0,"href":"https:\/\/kraftwerk-shop.cc\/pl\/wp-json\/wp\/v2\/product\/68299636\/revisions"}],"wp:featuredmedia":[{"embeddable":true,"href":"https:\/\/kraftwerk-shop.cc\/pl\/wp-json\/wp\/v2\/media\/68275126"}],"wp:attachment":[{"href":"https:\/\/kraftwerk-shop.cc\/pl\/wp-json\/wp\/v2\/media?parent=68299636"}],"wp:term":[{"taxonomy":"product_brand","embeddable":true,"href":"https:\/\/kraftwerk-shop.cc\/pl\/wp-json\/wp\/v2\/product_brand?post=68299636"},{"taxonomy":"product_cat","embeddable":true,"href":"https:\/\/kraftwerk-shop.cc\/pl\/wp-json\/wp\/v2\/product_cat?post=68299636"},{"taxonomy":"product_tag","embeddable":true,"href":"https:\/\/kraftwerk-shop.cc\/pl\/wp-json\/wp\/v2\/product_tag?post=68299636"}],"curies":[{"name":"wp","href":"https:\/\/api.w.org\/{rel}","templated":true}]}}