{"id":68299637,"date":"2024-03-30T00:20:45","date_gmt":"2024-03-29T23:20:45","guid":{"rendered":"https:\/\/kraftwerk-shop.cc\/?post_type=product&#038;p=68299637"},"modified":"2026-03-06T12:38:25","modified_gmt":"2026-03-06T11:38:25","slug":"bbk-cuerpo-del-acelerador-85mm-chrysler-300c","status":"publish","type":"product","link":"https:\/\/kraftwerk-shop.cc\/pl\/produkt\/bbk-85mm-drosselklappe-chrysler-300c\/","title":{"rendered":"Przepustnica BBK 85 mm Chrysler 300C 5.7, 6.1 i 6.4"},"content":{"rendered":"<h1>Korpus przepustnicy BBK 85 mm do Chrysler 300C 5.7, 6.1 i 6.4<\/h1>\n<p>&nbsp;<\/p>\n<p>\u015arednica oznaczonego korpusu przepustnicy wynosi sta\u0142e 85 mm. Warto\u015b\u0107 ta reprezentuje najwi\u0119ksz\u0105 mo\u017cliw\u0105 \u015brednic\u0119, kt\u00f3r\u0105 mo\u017cna zamontowa\u0107 w standardowym kolektorze dolotowym Chryslera 300C bez dodatkowych modyfikacji.<br \/>\nZastosowanie tej przepustnicy umo\u017cliwia wi\u0119kszy przep\u0142yw powietrza i poprawia reakcj\u0119 w por\u00f3wnaniu z oryginaln\u0105 przepustnic\u0105.<br \/>\nKorpusy przepustnic BBK Hemi s\u0105 produkowane z wysokiej jako\u015bci odlewu aluminiowego 356, kt\u00f3ry jest frezowany CNC, aby zagwarantowa\u0107 doskona\u0142\u0105 jako\u015b\u0107 OEM i dok\u0142adno\u015b\u0107 dopasowania.<br \/>\nPonadto, przepustnice maj\u0105 przek\u0142adni\u0119 przepustnicy o jako\u015bci OEM, podw\u00f3jnie uszczelnione \u0142o\u017cyska i dr\u0105\u017cki przepustnicy wyposa\u017cone w O-ringi. Dzi\u0119ki temu nadaj\u0105 si\u0119 zar\u00f3wno do standardowych pojazd\u00f3w, jak i pojazd\u00f3w o zwi\u0119kszonych osi\u0105gach, w tym do konwersji do\u0142adowania.<\/p>\n<p>&nbsp;<\/p>\n<p>&nbsp;<\/p>\n<p><strong>Odpowiedni dla:<\/strong><\/p>\n<table width=\"376\">\n<tbody>\n<tr>\n<td width=\"83\"><strong>Marka<\/strong><\/td>\n<td width=\"127\"><strong>Model<\/strong><\/td>\n<td width=\"83\"><strong>Silnik<\/strong><\/td>\n<td width=\"83\"><strong>Rok<\/strong><\/td>\n<\/tr>\n<tr>\n<td>Chrysler<\/td>\n<td>300C<\/td>\n<td>5.7<\/td>\n<td>2005\u20132023<\/td>\n<\/tr>\n<tr>\n<td>Chrysler<\/td>\n<td>300C<\/td>\n<td>6.1<\/td>\n<td>2005\u20132010<\/td>\n<\/tr>\n<tr>\n<td>Chrysler<\/td>\n<td>300C<\/td>\n<td>6.4<\/td>\n<td>2012\u20132014<\/td>\n<\/tr>\n<\/tbody>\n<\/table>\n<p>&nbsp;<\/p>\n<p>Upewnij si\u0119, \u017ce wybra\u0142e\u015b w\u0142a\u015bciwy rok produkcji, poniewa\u017c istniej\u0105 dwa r\u00f3\u017cne warianty.<br \/>\nPierwszy wariant by\u0142 instalowany do 2012 roku, a drugi od 2013 roku.<\/p>\n<p>Je\u015bli nie masz pewno\u015bci, por\u00f3wnaj przepustnic\u0119 w swoim poje\u017adzie z tym obrazkiem, aby sprawdzi\u0107, czy pasuje wariant do 2012 roku, czy od 2013 roku:<\/p>\n<p><img decoding=\"async\" class=\"aligncenter wp-image-68256549\" src=\"https:\/\/kraftwerk-shop.cc\/wp-content\/uploads\/2021\/09\/Drosselklappe-Zuordnung-1-300x286.jpg\" alt=\"Przypisanie przepustnicy Chrysler, Dodge, Jeep\" width=\"450\" height=\"429\" \/><\/p>","protected":false},"excerpt":{"rendered":"<p>Przepustnica BBK 85 mm dla Chrysler 300C 5.7, 6.1 i 6.4 \u015arednica oznaczonej przepustnicy wynosi sta\u0142e 85 mm.<\/p>","protected":false},"featured_media":68275126,"comment_status":"open","ping_status":"closed","template":"","meta":{"_acf_changed":false},"product_brand":[17174],"product_cat":[2506,4973,2507,2517],"product_tag":[2790,2791,52,91,92,93,183,1388,3365,48,536,158,159,160,126,36,184,186,96],"class_list":{"0":"post-68299637","1":"product","2":"type-product","3":"status-publish","4":"has-post-thumbnail","6":"product_brand-bbk","7":"product_cat-300c-57-2005-2010-ansaugung","8":"product_cat-300c-57-2011-2023-ansaugung","9":"product_cat-300c-61-ansaugung","10":"product_cat-300c-64-ansaugung","11":"product_tag-2790","12":"product_tag-2791","13":"product_tag-300c","14":"product_tag-5-7","15":"product_tag-6-1","16":"product_tag-6-4","17":"product_tag-183","18":"product_tag-bbk","19":"product_tag-bbkdk","20":"product_tag-chrysler","21":"product_tag-chrysler-300c","22":"product_tag-drosselklappe","23":"product_tag-gross","24":"product_tag-groesser","25":"product_tag-hemi","26":"product_tag-kraftwerk","27":"product_tag-mm","28":"product_tag-performance","29":"product_tag-srt","31":"first","32":"instock","33":"taxable","34":"shipping-taxable","35":"purchasable","36":"product-type-variable"},"bundled_by":[],"bundle_stock_status":"instock","bundle_stock_quantity":2,"bundle_virtual":false,"bundle_layout":"","bundle_add_to_cart_form_location":"","bundle_editable_in_cart":false,"bundle_sold_individually_context":"","bundle_item_grouping":"","bundle_min_size":"","bundle_max_size":"","bundle_price":[],"bundled_items":[],"bundle_sell_ids":[],"exclude_global_add_ons":[],"addons":[],"acf":[],"_links":{"self":[{"href":"https:\/\/kraftwerk-shop.cc\/pl\/wp-json\/wp\/v2\/product\/68299637","targetHints":{"allow":["GET"]}}],"collection":[{"href":"https:\/\/kraftwerk-shop.cc\/pl\/wp-json\/wp\/v2\/product"}],"about":[{"href":"https:\/\/kraftwerk-shop.cc\/pl\/wp-json\/wp\/v2\/types\/product"}],"replies":[{"embeddable":true,"href":"https:\/\/kraftwerk-shop.cc\/pl\/wp-json\/wp\/v2\/comments?post=68299637"}],"version-history":[{"count":0,"href":"https:\/\/kraftwerk-shop.cc\/pl\/wp-json\/wp\/v2\/product\/68299637\/revisions"}],"wp:featuredmedia":[{"embeddable":true,"href":"https:\/\/kraftwerk-shop.cc\/pl\/wp-json\/wp\/v2\/media\/68275126"}],"wp:attachment":[{"href":"https:\/\/kraftwerk-shop.cc\/pl\/wp-json\/wp\/v2\/media?parent=68299637"}],"wp:term":[{"taxonomy":"product_brand","embeddable":true,"href":"https:\/\/kraftwerk-shop.cc\/pl\/wp-json\/wp\/v2\/product_brand?post=68299637"},{"taxonomy":"product_cat","embeddable":true,"href":"https:\/\/kraftwerk-shop.cc\/pl\/wp-json\/wp\/v2\/product_cat?post=68299637"},{"taxonomy":"product_tag","embeddable":true,"href":"https:\/\/kraftwerk-shop.cc\/pl\/wp-json\/wp\/v2\/product_tag?post=68299637"}],"curies":[{"name":"wp","href":"https:\/\/api.w.org\/{rel}","templated":true}]}}