{"id":68299685,"date":"2024-03-30T21:26:28","date_gmt":"2024-03-30T20:26:28","guid":{"rendered":"https:\/\/kraftwerk-shop.cc\/?post_type=product&#038;p=68299685"},"modified":"2026-03-13T14:21:28","modified_gmt":"2026-03-13T13:21:28","slug":"tarcze-hamulcowe-ebc-dodge-charger-srt-hellcat","status":"publish","type":"product","link":"https:\/\/kraftwerk-shop.cc\/pl\/produkt\/ebc-bremsscheiben-dodge-charger-srt-hellcat\/","title":{"rendered":"Tarcze hamulcowe EBC Swept-Groove Charger SRT i Hellcat"},"content":{"rendered":"<h1>Tarcze hamulcowe EBC Swept-Groove High-Carbon do Charger SRT i Hellcat od 2015 do 2020 (390 mm)<\/h1>\n<p>&nbsp;<\/p>\n<ul>\n<li>W pe\u0142ni p\u0142ywaj\u0105ca, dwucz\u0119\u015bciowa konstrukcja chroni\u0105ca przed uszkodzeniami termicznymi w ekstremalnych warunkach<\/li>\n<li>Jednocz\u0119\u015bciowe zapi\u0119cia ze stali nierdzewnej ze spr\u0119\u017cyn\u0105 zapobiegaj\u0105c\u0105 grzechotaniu<\/li>\n<li>Czarna piasta wykonana z hartowanego i odpornego na odkszta\u0142cenia specjalnego aluminium<\/li>\n<li>Zakrzywione szczeliny pier\u015bcienia ciernego dla skutecznego usuwania py\u0142u hamulcowego i gaz\u00f3w hamulcowych<\/li>\n<li>Wymienne pier\u015bcienie cierne wykonane ze specjalnego stopu wysokow\u0119glowego G3500<\/li>\n<\/ul>\n<p>&nbsp;<\/p>\n<p><strong>Liczby por\u00f3wnawcze Mopar:<\/strong> 68184587AE (stare numery cz\u0119\u015bci 68184587AA, 68184587AB, 68184587AC, 68184587AD)<\/p>\n<p>Miejsce instalacji: prz\u00f3d<\/p>\n<p>R90: W przygotowaniu<\/p>\n<p>&nbsp;<\/p>\n<p><strong>Odpowiedni dla:<\/strong><\/p>\n<table width=\"745\">\n<tbody>\n<tr>\n<td width=\"83\"><strong>Marka<\/strong><\/td>\n<td width=\"83\"><strong>Model<\/strong><\/td>\n<td width=\"143\"><strong>Silnik<\/strong><\/td>\n<td width=\"436\"><strong>Wariant<\/strong><\/td>\n<\/tr>\n<tr>\n<td width=\"83\">Dodge<\/td>\n<td width=\"83\">Charger<\/td>\n<td width=\"143\">6.4 SRT<\/td>\n<td width=\"436\">2015-2020 z tarczami hamulcowymi 390 mm<\/td>\n<\/tr>\n<tr>\n<td width=\"83\">Dodge<\/td>\n<td width=\"83\">Charger<\/td>\n<td width=\"143\">6.2 Hellcat<\/td>\n<td width=\"436\">2015 - 2020<\/td>\n<\/tr>\n<\/tbody>\n<\/table>\n<p><strong>\u00a0<\/strong><\/p>\n<p>&nbsp;<\/p>\n<p><strong>Zakres dostawy: <\/strong><\/p>\n<p>- 2 tarcze hamulcowe EBC Swept-Groove (SG2F017) na przedni\u0105 o\u015b<\/p>\n<p>&nbsp;<\/p>\n<div id=\"Inhalt_Element\">\n<div id=\"Inhalt_Element\">\n<p align=\"center\">\n<\/div>\n<div id=\"Inhalt_Element\">\n<p>.<\/p>\n<\/div>\n<div id=\"Inhalt_Element\">\n<h2 align=\"center\">Przegl\u0105d poszczeg\u00f3lnych element\u00f3w 2-cz\u0119\u015bciowej tarczy Swept-Groove Disc<\/h2>\n<h3 align=\"center\">Pier\u015bcienie cierne wykonane z odlewanego stopu G3500<\/h3>\n<p align=\"center\"><img decoding=\"async\" id=\"image_left2\" class=\"alignnone\" src=\"https:\/\/ebc-brakes.de\/pics\/disc-1.jpg\" alt=\"Elementy z\u0142\u0105czne SD-Drive\u2122 ze stali nierdzewnej\" width=\"686\" height=\"805\" \/><\/p>\n<\/div>\n<div id=\"Inhalt_Element\">\n<p>Stop tarczy hamulcowej zapewnia lepsz\u0105 przewodno\u015b\u0107 ciepln\u0105 i jest bardziej odporny na obci\u0105\u017cenia temperaturowe. Jest to wa\u017cne dla maksymalnej wydajno\u015bci i \u017cywotno\u015bci tarcz hamulcowych w Dodge Charger SRT \/ Hellcat, zar\u00f3wno na drodze, jak i na torze wy\u015bcigowym.<\/p>\n<p>2-cz\u0119\u015bciowe tarcze hamulcowe EBC Brakes Racing wytrzyma\u0142y setki godzin najci\u0119\u017cszych test\u00f3w na torze wy\u015bcigowym. Tarcze te s\u0105 jednak nie tylko idealnym produktem na tor wy\u015bcigowy. Cechy takie jak anodyzowane piasty, osprz\u0119t ze stali nierdzewnej w po\u0142\u0105czeniu z anodyzowanymi garnkami piast, osprz\u0119tem monta\u017cowym ze stali nierdzewnej i zaciskami spr\u0119\u017cynowymi ze stali nierdzewnej zapewniaj\u0105, \u017ce tarcze hamulcowe EBC Racing s\u0105 r\u00f3wnie\u017c idealnym wyborem dla tych, kt\u00f3rzy prowadz\u0105 sw\u00f3j pojazd zar\u00f3wno na torze, jak i na drogach publicznych.<\/p>\n<p>&nbsp;<\/p>\n<p>&nbsp;<\/p>\n<\/div>\n<div id=\"Inhalt_Element\">\n<h3 align=\"center\">48 zakrzywionych kana\u0142\u00f3w powietrznych<\/h3>\n<p align=\"center\"><img decoding=\"async\" id=\"image_left2\" src=\"https:\/\/ebc-brakes.de\/pics\/swept1.jpg\" \/><\/p>\n<p align=\"left\">Wszystkie pier\u015bcienie cierne maj\u0105 48 zakrzywionych kana\u0142\u00f3w powietrznych i s\u0105 wyr\u00f3wnane w prawo i w lewo, aby zapewni\u0107, \u017ce kana\u0142y powietrzne w tarczy hamulcowej zawsze zapewniaj\u0105 maksymalny mo\u017cliwy efekt ch\u0142odzenia. W wielu nowoczesnych pojazdach kana\u0142y powietrzne obracaj\u0105 si\u0119 w niew\u0142a\u015bciwym kierunku, co skutkuje wy\u017csz\u0105 temperatur\u0105 tarczy hamulcowej i niezr\u00f3wnowa\u017con\u0105 temperatur\u0105 mi\u0119dzy praw\u0105 i lew\u0105 tarcz\u0105 hamulcow\u0105.<\/p>\n<p>W takich przypadkach wielu producent\u00f3w OEM niestety po\u015bwi\u0119ca wa\u017cn\u0105 wydajno\u015b\u0107 na rzecz oszcz\u0119dno\u015bci na kosztach narz\u0119dzi i form, i zamiast produkowa\u0107 praw\u0105 i lew\u0105 tarcz\u0119, produkuje tylko jeden typ tarczy dla obu stron. Tak jest r\u00f3wnie\u017c w przypadku Dodge Charger SRT i Hellcat - oryginalne tarcze hamulcowe Mopar maj\u0105 ten sam numer cz\u0119\u015bci po lewej i prawej stronie.<\/p>\n<p>&nbsp;<\/p>\n<p align=\"center\">\n<\/div>\n<div id=\"Inhalt_Element\">\n<h3 align=\"center\">Ko\u0142paki piast wykonane z aluminium zgodnie ze standardem lotniczym<\/h3>\n<p align=\"center\"><img decoding=\"async\" id=\"image_left2\" src=\"https:\/\/ebc-brakes.de\/pics\/hub_final_3.jpg\" \/><\/p>\n<div id=\"Inhalt_Element\">\n<p>Piasty 2-cz\u0119\u015bciowych tarcz hamulcowych EBC Brakes Racing s\u0105 produkowane z absolutn\u0105 precyzj\u0105 z aluminiowych p\u00f3\u0142fabrykat\u00f3w, kt\u00f3re spe\u0142niaj\u0105 specyfikacje normy lotniczej, aby zapewni\u0107 jak najwi\u0119ksz\u0105 wytrzyma\u0142o\u015b\u0107 przy mo\u017cliwie najni\u017cszej wadze. Po wyprodukowaniu wszystkie piasty s\u0105 anodowane na czarno, co zapewnia wysokiej jako\u015bci wygl\u0105d i odporno\u015b\u0107 na korozj\u0119.<\/p>\n<\/div>\n<div id=\"Inhalt_Element\">\n<h3 align=\"center\"><\/h3>\n<h3 align=\"center\">Elementy z\u0142\u0105czne SD-Drive\u2122 ze stali nierdzewnej<\/h3>\n<p align=\"center\"><img decoding=\"async\" id=\"image_left2\" src=\"https:\/\/ebc-brakes.de\/pics\/bobbin.jpg\" \/><\/p>\n<div id=\"Inhalt_Element\">\n<p>Jednym z najmniejszych, ale najbardziej innowacyjnych komponent\u00f3w wykorzystywanych w produkcji naszych 2-cz\u0119\u015bciowych w pe\u0142ni p\u0142ywaj\u0105cych tarcz hamulcowych jest element \u0142\u0105cz\u0105cy SD-Drive\u2122 ze stali nierdzewnej. Ze wzgl\u0119du na koszty, wi\u0119kszo\u015b\u0107 naszych konkurent\u00f3w stosuje elementy z\u0142\u0105czne wykonane ze stali, a nast\u0119pnie ocynkowane. Ka\u017cdy element \u0142\u0105cz\u0105cy SD-Drive\u2122 jest produkowany z jednego kawa\u0142ka stali nierdzewnej, co oznacza, \u017ce nie wyst\u0105pi\u0105 \u017cadne problemy z korozj\u0105.<\/p>\n<p>Elementy z\u0142\u0105czne ze stali nierdzewnej s\u0105 nie tylko zalet\u0105 wizualn\u0105, ale tak\u017ce zapewniaj\u0105, \u017ce pier\u015bcie\u0144 cierny nie zatrze si\u0119, a zatem praktycznie nie wymaga konserwacji, jest w pe\u0142ni p\u0142ywaj\u0105cy przez ca\u0142y okres u\u017cytkowania i mo\u017ce rozszerza\u0107 si\u0119 promieniowo pod obci\u0105\u017ceniem termicznym.<\/p>\n<p>Cz\u0119sto spotykamy si\u0119 ze stwierdzeniem, \u017ce p\u0142ywaj\u0105ce tarcze hamulcowe powinny by\u0107 u\u017cywane tylko na torze wy\u015bcigowym, a nie na drogach publicznych. Jednak nasze innowacyjne elementy \u0142\u0105cz\u0105ce SD-Drive\u2122 ze stali nierdzewnej umo\u017cliwiaj\u0105 korzystanie z naszych 2-cz\u0119\u015bciowych tarcz hamulcowych na drogach bez zwi\u0119kszonej konserwacji, nawet w krajach o niekorzystnych warunkach pogodowych i tam, gdzie brudne drogi s\u0105 norm\u0105.<\/p>\n<p>Ponadto w ka\u017cdym elemencie \u0142\u0105cz\u0105cym zastosowano zacisk spr\u0119\u017cynowy ze stali nierdzewnej, kt\u00f3ry zapobiega \"grzechotaniu\" tarcz. Gwarantuje to, \u017ce tarcze hamulcowe EBC Brakes Racing pracuj\u0105 absolutnie cicho i mog\u0105 by\u0107 u\u017cywane na drogach publicznych bez \"grzechotania i stukania\", kt\u00f3re mo\u017ce wyst\u0105pi\u0107 w przypadku tarcz 2-cz\u0119\u015bciowych.<\/p>\n<p>Elementy z\u0142\u0105czne SD-Drive\u2122 dzia\u0142aj\u0105 zgodnie z zasad\u0105 p\u0142ywaj\u0105c\u0105, co oznacza, \u017ce wszelkie rozszerzanie i kurczenie si\u0119 pier\u015bcieni ciernych, kt\u00f3re wyst\u0119puje podczas pracy, wyst\u0119puje tylko w samym pier\u015bcieniu ciernym i nie jest przenoszone do garnka piasty. Umo\u017cliwia to dalsze korzystanie z element\u00f3w \u0142\u0105cz\u0105cych wraz z aluminiow\u0105 piast\u0105 w przypadku konieczno\u015bci wymiany pier\u015bcienia ciernego.<\/p>\n<\/div>\n<\/div>\n<\/div>\n<\/div>\n<div id=\"Inhalt_Element\">\n<div id=\"Inhalt_Element\">\n<div id=\"Inhalt_Element\">\n<p>&nbsp;<\/p>\n<\/div>\n<\/div>\n<\/div>","protected":false},"excerpt":{"rendered":"<p><span style=\"font-size: 16px;\">Tarcze hamulcowe 390 mm, 2-cz\u0119\u015bciowe, 2015-2020<br \/>\n(1 para)<br \/>\n<\/span><\/p>\n<p>&nbsp;<\/p>","protected":false},"featured_media":68299699,"comment_status":"open","ping_status":"closed","template":"","meta":{"_acf_changed":false},"product_brand":[16875],"product_cat":[17761,17765],"product_tag":[2324,936,938,937,939,940,795,796,53,49,3854,964,2442,16877,16876,16878,692,942,941,100,36,31,794,1130,797,96,842,841,673],"class_list":{"0":"post-68299685","1":"product","2":"type-product","3":"status-publish","4":"has-post-thumbnail","6":"product_brand-ebc-brakes","7":"product_cat-charger-hellcat-bremsscheiben-vorne","8":"product_cat-charger-64-bremsscheiben-vorne","9":"product_tag-68184587aa","10":"product_tag-68184587ab","11":"product_tag-68184587ac","12":"product_tag-68184587ad","13":"product_tag-68184587ae","14":"product_tag-aftermarket","15":"product_tag-bremse","16":"product_tag-bremsscheibe","17":"product_tag-charger","18":"product_tag-dodge","19":"product_tag-dodge-charger","20":"product_tag-ebc","21":"product_tag-ebc-brakes","22":"product_tag-ebc-bremsbelaege","23":"product_tag-ebc-bremsen","24":"product_tag-ebc-bremsscheiben","25":"product_tag-ersatzteil","26":"product_tag-gelocht","27":"product_tag-geschlitzt","28":"product_tag-hellcat","29":"product_tag-kraftwerk","30":"product_tag-mopar","31":"product_tag-premium","32":"product_tag-sg2f017","33":"product_tag-sportbremsscheibe","34":"product_tag-srt","35":"product_tag-vorderachse","36":"product_tag-vorne","37":"product_tag-zubehoer","39":"first","40":"instock","41":"taxable","42":"shipping-taxable","43":"purchasable","44":"product-type-simple"},"bundled_by":[],"bundle_stock_status":"instock","bundle_stock_quantity":1,"bundle_virtual":false,"bundle_layout":"","bundle_add_to_cart_form_location":"","bundle_editable_in_cart":false,"bundle_sold_individually_context":"","bundle_item_grouping":"","bundle_min_size":"","bundle_max_size":"","bundle_price":[],"bundled_items":[],"bundle_sell_ids":[],"exclude_global_add_ons":[],"addons":[],"acf":[],"_links":{"self":[{"href":"https:\/\/kraftwerk-shop.cc\/pl\/wp-json\/wp\/v2\/product\/68299685","targetHints":{"allow":["GET"]}}],"collection":[{"href":"https:\/\/kraftwerk-shop.cc\/pl\/wp-json\/wp\/v2\/product"}],"about":[{"href":"https:\/\/kraftwerk-shop.cc\/pl\/wp-json\/wp\/v2\/types\/product"}],"replies":[{"embeddable":true,"href":"https:\/\/kraftwerk-shop.cc\/pl\/wp-json\/wp\/v2\/comments?post=68299685"}],"version-history":[{"count":0,"href":"https:\/\/kraftwerk-shop.cc\/pl\/wp-json\/wp\/v2\/product\/68299685\/revisions"}],"wp:featuredmedia":[{"embeddable":true,"href":"https:\/\/kraftwerk-shop.cc\/pl\/wp-json\/wp\/v2\/media\/68299699"}],"wp:attachment":[{"href":"https:\/\/kraftwerk-shop.cc\/pl\/wp-json\/wp\/v2\/media?parent=68299685"}],"wp:term":[{"taxonomy":"product_brand","embeddable":true,"href":"https:\/\/kraftwerk-shop.cc\/pl\/wp-json\/wp\/v2\/product_brand?post=68299685"},{"taxonomy":"product_cat","embeddable":true,"href":"https:\/\/kraftwerk-shop.cc\/pl\/wp-json\/wp\/v2\/product_cat?post=68299685"},{"taxonomy":"product_tag","embeddable":true,"href":"https:\/\/kraftwerk-shop.cc\/pl\/wp-json\/wp\/v2\/product_tag?post=68299685"}],"curies":[{"name":"wp","href":"https:\/\/api.w.org\/{rel}","templated":true}]}}