{"id":68299704,"date":"2024-03-30T23:11:32","date_gmt":"2024-03-30T22:11:32","guid":{"rendered":"https:\/\/kraftwerk-shop.cc\/?post_type=product&#038;p=68299704"},"modified":"2026-04-07T18:31:56","modified_gmt":"2026-04-07T16:31:56","slug":"tarcze-hamulcowe-paragon-300c-srt","status":"publish","type":"product","link":"https:\/\/kraftwerk-shop.cc\/pl\/produkt\/paragon-bremsscheiben-300c-srt\/","title":{"rendered":"Tarcze hamulcowe Paragon Performance 300C SRT"},"content":{"rendered":"<h1>Tarcze hamulcowe Paragon Performance do Chrysler 300C SRT od 2015 do 2020 (390 mm), wersja z rowkiem na przedni\u0105 o\u015b<\/h1>\n<p>&nbsp;<\/p>\n<p>&nbsp;<\/p>\n<p>Tarcze hamulcowe Paragon Performance oferuj\u0105 skuteczne rozwi\u0105zanie problemu przedwczesnego p\u0119kania standardowych tarcz hamulcowych w Chryslerze 300C 6.4. Takie p\u0119kni\u0119cia nie s\u0105 rzadko\u015bci\u0105, zw\u0142aszcza podczas jazdy na torze wy\u015bcigowym lub pod du\u017cym obci\u0105\u017ceniem, ze wzgl\u0119du na du\u017c\u0105 mas\u0119 pojazdu i brak skutecznego ch\u0142odzenia hamulc\u00f3w. Dzi\u0119ki zastosowaniu tarcz hamulcowych Paragon Performance mo\u017cna nie tylko wyeliminowa\u0107 ten problem, ale tak\u017ce poprawi\u0107 wyczucie peda\u0142u hamulca i kontrol\u0119 nad hamulcami. Tarcze hamulcowe Paragon Performance s\u0105 zatem wysoce zalecan\u0105 opcj\u0105 modernizacji dla Twojego Chryslera 300C.<\/p>\n<p>Dzi\u0119ki 2-cz\u0119\u015bciowym tarczom hamulcowym dla 300C SRT, Paragon Performance oferuje wyj\u0105tkow\u0105 skuteczno\u015b\u0107 hamowania i ch\u0142odzenia, kt\u00f3ra jest specjalnie zoptymalizowana do u\u017cytku na torze wy\u015bcigowym. Kierunkowe \u017cebra wentylacyjne tworz\u0105 efekt ssania, kt\u00f3ry poprawia rozpraszanie ciep\u0142a i zwi\u0119ksza odporno\u015b\u0107 na p\u0119kanie w ekstremalnych warunkach torowych. Te wysokiej jako\u015bci tarcze hamulcowe s\u0105 idealnym wyborem dla wymagaj\u0105cych kierowc\u00f3w poszukuj\u0105cych maksymalnej wydajno\u015bci i bezpiecze\u0144stwa na torze wy\u015bcigowym. Do\u015bwiadcz niezr\u00f3wnanej skuteczno\u015bci hamowania i wyj\u0105tkowej trwa\u0142o\u015bci dzi\u0119ki tarczom hamulcowym Paragon Performance do modelu 300C SRT.<\/p>\n<p>Wirnik jest wykonany z CM-250, specjalnego stopu odlewniczego o wysokiej zawarto\u015bci w\u0119gla, kt\u00f3ry zapewnia optymalne zgryzanie, w\u0142a\u015bciwo\u015bci termiczne, odporno\u015b\u0107 na wysokie temperatury i trwa\u0142o\u015b\u0107.<br \/>\nPier\u015bcienie tarczy hamulcowej s\u0105 poddawane obr\u00f3bce cieplnej w celu zmniejszenia napr\u0119\u017ce\u0144 w tarczy hamulcowej, a tym samym zapobiegania odkszta\u0142ceniom i wibracjom.<br \/>\nS\u0105 one nast\u0119pnie poddawane najnowocze\u015bniejszej obr\u00f3bce powierzchniowej CBN, aby zapewni\u0107 lepsze docieranie z nowymi klockami hamulcowymi.<\/p>\n<p>Wibracje s\u0105 zredukowane, poniewa\u017c bicie boczne tarczy hamulcowej jest utrzymywane w granicach 0,03 mm, a wywa\u017cenie w granicach 2 gram\u00f3w.<br \/>\nWszystkie tarcze hamulcowe zosta\u0142y poddane rygorystycznym kontrolom jako\u015bci i testom, aby zapewni\u0107, \u017ce nadaj\u0105 si\u0119 do okre\u015blonego celu.<br \/>\nDwucz\u0119\u015bciowa konstrukcja umo\u017cliwia termiczne rozszerzanie si\u0119 tarczy hamulcowej, jednocze\u015bnie minimalizuj\u0105c odkszta\u0142cenia i zapewniaj\u0105c, \u017ce tarcza hamulcowa jest wy\u015brodkowana w stosunku do klock\u00f3w hamulcowych.<br \/>\nSzczelinowa tarcza hamulcowa poprawia stabilno\u015b\u0107 hamowania, utrzymuj\u0105c czyst\u0105 powierzchni\u0119 styku i rozpraszaj\u0105c ciep\u0142o i gazy generowane, gdy klocki hamulcowe wchodz\u0105 w kontakt z tarcz\u0105 hamulcow\u0105.<br \/>\nSzczelinowe tarcze hamulcowe maj\u0105 zdecydowan\u0105 przewag\u0119 nad go\u0142ymi tarczami hamulcowymi w mokrych lub deszczowych warunkach, poniewa\u017c zapobiegaj\u0105 tworzeniu si\u0119 filmu wodnego mi\u0119dzy klockiem hamulcowym a tarcz\u0105 hamulcow\u0105.<br \/>\nDwucz\u0119\u015bciowe tarcze hamulcowe Paragon Performance wa\u017c\u0105 mniej ni\u017c wi\u0119kszo\u015b\u0107 tarcz hamulcowych O.E., zachowuj\u0105c swoj\u0105 no\u015bno\u015b\u0107 termiczn\u0105 i poprawiaj\u0105c prowadzenie dzi\u0119ki zmniejszeniu masy nieresorowanej.<\/p>\n<p>Aluminiowe garnki s\u0105 frezowane CNC z lekkiego aluminium lotniczego 6061-T6, a nast\u0119pnie powlekane na twardo \/ anodowane na czarno, aby zapewni\u0107 nieprzewodz\u0105c\u0105 warstw\u0119 ochronn\u0105. Czarne garnki anodowane na twardo s\u0105 najpierw anodowane na twardo, a nast\u0119pnie barwione na czarno. S\u0105 one r\u00f3wnowa\u017cne pod wzgl\u0119dem wydajno\u015bci\/wytrzyma\u0142o\u015bci.<\/p>\n<p>Czarna twarda pow\u0142oka\/twarda anodyzacja zgodna z Mil-Spec (MIL-A-8625 Typ III) nie odbarwia si\u0119 w ekstremalnych temperaturach. Czarna twarda pow\u0142oka\/twarda anodyzowana powierzchnia jest twardsza, grubsza, bardziej odporna na zu\u017cycie i zarysowania.<\/p>\n<p>Czarne wyko\u0144czenie hardcoat\/twarde anodowane zapewnia grub\u0105, tward\u0105 warstw\u0119, kt\u00f3ra oferuje wi\u0119ksz\u0105 odporno\u015b\u0107 na korozj\u0119 i trwa\u0142o\u015b\u0107 przy niskich kosztach utrzymania. Czarna twarda pow\u0142oka\/twarde anodowane wyko\u0144czenie lepiej wytrzymuje ekspozycj\u0119 na \u015bwiat\u0142o ultrafioletowe (UV), co jest jeszcze wa\u017cniejsze, je\u015bli pojazd jest cz\u0119sto parkowany na zewn\u0105trz.<\/p>\n<p>&nbsp;<\/p>\n<p><strong>W\u0142a\u015bciwo\u015bci:<\/strong><\/p>\n<ul>\n<li>Bezpo\u015brednie dopasowanie bez \u017cadnych modyfikacji i zaprojektowany do wsp\u00f3\u0142pracy z uk\u0142adem ABS OEM i uk\u0142adem hamulcowym producenta przy zachowaniu fabrycznego nastawienia hamulc\u00f3w. Kompatybilny z klockami hamulcowymi OEM lub klockami akcesoryjnymi o tej samej g\u0142\u0119boko\u015bci.<\/li>\n<li>Kierunkowe \u017cebra wentylacyjne dla optymalnej wydajno\u015bci ch\u0142odzenia, pracuj\u0105 do 30 % ch\u0142odniej ni\u017c tarcze hamulcowe O.E. i zwi\u0119kszaj\u0105 wydajno\u015b\u0107 ch\u0142odzenia nawet o 30%.<\/li>\n<li>W pe\u0142ni p\u0142ywaj\u0105ca 2-cz\u0119\u015bciowa konstrukcja<\/li>\n<li>Minimalizuje zanik hamulc\u00f3w i wibracje podczas d\u0142u\u017cszych podr\u00f3\u017cy<\/li>\n<li>System mocowania tarczy hamulcowej i ko\u0142paka: H-Bobbin (10 \u015brub)<\/li>\n<li>Doskona\u0142e ulepszenie w stosunku do bezkierunkowych, wielotarczowych tarcz hamulcowych OEM<\/li>\n<\/ul>\n<p>&nbsp;<\/p>\n<p><strong>Zakres dostawy:<\/strong><\/p>\n<ul>\n<li>Jedna para (2 sztuki) dwucz\u0119\u015bciowych tarcz hamulcowych Paragon Performance 390 mm x 34 mm do Chryslera 300C z anodowanymi na twardo\/czarno aluminiowymi garnkami 6061-T6, szpulkami ze stali nierdzewnej i zaciskami zapobiegaj\u0105cymi stukaniu (zmontowane i gotowe do monta\u017cu).<\/li>\n<li>Szczeg\u00f3\u0142owa instrukcja instalacji (j\u0119zyk niemiecki)<\/li>\n<\/ul>\n<p>&nbsp;<\/p>\n<p><strong>Numer por\u00f3wnawczy Mopar:<\/strong> 68184587AE<br \/>\n<strong>Stare numery cz\u0119\u015bci:<\/strong> 68184587AA, 68184587AB, 68184587AC, 68184587AD<\/p>\n<p>&nbsp;<\/p>\n<p><strong>Odpowiedni dla:<\/strong><\/p>\n<table width=\"745\">\n<tbody>\n<tr>\n<td width=\"83\"><strong>Marka<\/strong><\/td>\n<td width=\"83\"><strong>Model<\/strong><\/td>\n<td width=\"143\"><strong>Silnik<\/strong><\/td>\n<td width=\"436\"><strong>Wariant<\/strong><\/td>\n<\/tr>\n<tr>\n<td width=\"83\">Chrysler<\/td>\n<td width=\"83\">300C<\/td>\n<td width=\"143\">6.4 SRT<\/td>\n<td width=\"436\">2015-2020 z tarczami hamulcowymi 390 mm<\/td>\n<\/tr>\n<\/tbody>\n<\/table>\n<p>&nbsp;<\/p>\n<p>Cena dotyczy 2 tarcz hamulcowych (jedna para).<\/p>","protected":false},"excerpt":{"rendered":"<p>Tarcze hamulcowe 390 mm, 2-cz\u0119\u015bciowe, 2015-2020 (1 para)<\/p>","protected":false},"featured_media":68279199,"comment_status":"open","ping_status":"closed","template":"","meta":{"_acf_changed":false},"product_brand":[17982],"product_cat":[17737],"product_tag":[1132,52,217,93,2324,936,938,937,939,940,795,796,48,536,692,36,31,4627,4628,794,797,96,842,841,673],"class_list":{"0":"post-68299704","1":"product","2":"type-product","3":"status-publish","4":"has-post-thumbnail","6":"product_brand-paragon-performance","7":"product_cat-300c-64-bremsscheiben-vorne","8":"product_tag-1132","9":"product_tag-300c","10":"product_tag-217","11":"product_tag-6-4","12":"product_tag-68184587aa","13":"product_tag-68184587ab","14":"product_tag-68184587ac","15":"product_tag-68184587ad","16":"product_tag-68184587ae","17":"product_tag-aftermarket","18":"product_tag-bremse","19":"product_tag-bremsscheibe","20":"product_tag-chrysler","21":"product_tag-chrysler-300c","22":"product_tag-ersatzteil","23":"product_tag-kraftwerk","24":"product_tag-mopar","25":"product_tag-paragon","26":"product_tag-paragon-performance","27":"product_tag-premium","28":"product_tag-sportbremsscheibe","29":"product_tag-srt","30":"product_tag-vorderachse","31":"product_tag-vorne","32":"product_tag-zubehoer","34":"first","35":"instock","36":"taxable","37":"shipping-taxable","38":"purchasable","39":"product-type-variable"},"bundled_by":[],"bundle_stock_status":"instock","bundle_stock_quantity":1,"bundle_virtual":false,"bundle_layout":"","bundle_add_to_cart_form_location":"","bundle_editable_in_cart":false,"bundle_sold_individually_context":"","bundle_item_grouping":"","bundle_min_size":"","bundle_max_size":"","bundle_price":[],"bundled_items":[],"bundle_sell_ids":[],"exclude_global_add_ons":[],"addons":[],"acf":[],"_links":{"self":[{"href":"https:\/\/kraftwerk-shop.cc\/pl\/wp-json\/wp\/v2\/product\/68299704","targetHints":{"allow":["GET"]}}],"collection":[{"href":"https:\/\/kraftwerk-shop.cc\/pl\/wp-json\/wp\/v2\/product"}],"about":[{"href":"https:\/\/kraftwerk-shop.cc\/pl\/wp-json\/wp\/v2\/types\/product"}],"replies":[{"embeddable":true,"href":"https:\/\/kraftwerk-shop.cc\/pl\/wp-json\/wp\/v2\/comments?post=68299704"}],"version-history":[{"count":0,"href":"https:\/\/kraftwerk-shop.cc\/pl\/wp-json\/wp\/v2\/product\/68299704\/revisions"}],"wp:featuredmedia":[{"embeddable":true,"href":"https:\/\/kraftwerk-shop.cc\/pl\/wp-json\/wp\/v2\/media\/68279199"}],"wp:attachment":[{"href":"https:\/\/kraftwerk-shop.cc\/pl\/wp-json\/wp\/v2\/media?parent=68299704"}],"wp:term":[{"taxonomy":"product_brand","embeddable":true,"href":"https:\/\/kraftwerk-shop.cc\/pl\/wp-json\/wp\/v2\/product_brand?post=68299704"},{"taxonomy":"product_cat","embeddable":true,"href":"https:\/\/kraftwerk-shop.cc\/pl\/wp-json\/wp\/v2\/product_cat?post=68299704"},{"taxonomy":"product_tag","embeddable":true,"href":"https:\/\/kraftwerk-shop.cc\/pl\/wp-json\/wp\/v2\/product_tag?post=68299704"}],"curies":[{"name":"wp","href":"https:\/\/api.w.org\/{rel}","templated":true}]}}