{"id":68299863,"date":"2024-04-06T16:31:12","date_gmt":"2024-04-06T14:31:12","guid":{"rendered":"https:\/\/kraftwerk-shop.cc\/?post_type=product&#038;p=68299863"},"modified":"2026-02-15T01:09:08","modified_gmt":"2026-02-15T00:09:08","slug":"klocki-hamulcowe-powerstop-pst-1718-corvette-c7","status":"publish","type":"product","link":"https:\/\/kraftwerk-shop.cc\/pl\/produkt\/powerstop-pst-1718-bremsbelaege-corvette-c7\/","title":{"rendered":"Klocki hamulcowe PowerStop Track Day Corvette C7"},"content":{"rendered":"<h1>Klocki hamulcowe PowerStop Track Day do Chevrolet Corvette C7 (tylna o\u015b)<\/h1>\n<p>&nbsp;<\/p>\n<p>Klocki hamulcowe Track Day maj\u0105 ju\u017c wysoki wsp\u00f3\u0142czynnik tarcia, gdy s\u0105 zimne, a maj\u0105 jeszcze wy\u017cszy wsp\u00f3\u0142czynnik tarcia, gdy s\u0105 gor\u0105ce - kiedy to naprawd\u0119 si\u0119 liczy.<\/p>\n<p>PowerStop postawi\u0142 sobie za zadanie zaoferowanie ka\u017cdemu kierowcy prostego i niedrogiego sposobu na popraw\u0119 hamulc\u00f3w - niezale\u017cnie od tego, gdzie i w jaki spos\u00f3b korzysta z pojazdu.<br \/>\nJe\u015bli je\u017adzisz swoj\u0105 Corvette C7 na torze wy\u015bcigowym podczas wy\u015bcig\u00f3w typu track day lub wyczynowych, z pewno\u015bci\u0105 wiesz, jak wa\u017cne s\u0105 wysokiej jako\u015bci klocki hamulcowe. Klocki hamulcowe PowerStop Track Day s\u0105 idealne do rozpocz\u0119cia jazdy na torze.<br \/>\nZesp\u00f3\u0142 badawczo-rozwojowy PowerStop sp\u0119dzi\u0142 niezliczone godziny na znalezieniu odpowiedniej mieszanki klock\u00f3w hamulcowych dla ka\u017cdej platformy pojazdu, dzi\u0119ki czemu nie musisz sp\u0119dza\u0107 niezliczonych dni na torze, pr\u00f3buj\u0105c samemu to rozgry\u017a\u0107.<br \/>\nTe specyficzne dla platformy klocki hamulcowe maj\u0105 doskona\u0142y wsp\u00f3\u0142czynnik tarcia i s\u0105 odporne na blakni\u0119cie pod wp\u0142ywem napr\u0119\u017ce\u0144 podczas ka\u017cdego dnia na torze.<\/p>\n<p>&nbsp;<\/p>\n<p>&nbsp;<\/p>\n<p><strong>Liczby por\u00f3wnawcze GM: <\/strong>84732503, 85113995, 22847818<\/p>\n<p>&nbsp;<\/p>\n<p><strong>Odpowiedni dla:<\/strong><\/p>\n<table width=\"403\">\n<tbody>\n<tr>\n<td width=\"67\">Chevrolet<\/td>\n<td width=\"116\">Corvette C7<\/td>\n<td width=\"123\">Z06<\/td>\n<td width=\"97\">2014\u20132019<\/td>\n<\/tr>\n<tr>\n<td width=\"67\">Chevrolet<\/td>\n<td width=\"116\">Corvette C7<\/td>\n<td width=\"123\">Grand Sport<\/td>\n<td width=\"97\">2017\u20132019<\/td>\n<\/tr>\n<\/tbody>\n<\/table>\n<p>&nbsp;<\/p>\n<p>Cena dotyczy 1 zestawu dla kompletnej osi tylnej.<\/p>","protected":false},"excerpt":{"rendered":"<p>PowerStop Track Day Bremsbel\u00e4ge f\u00fcr Chevrolet Corvette C7 (Hinterachse) &nbsp; Track Day-Bremsbel\u00e4ge haben bereits im kalten Zustand einen hohen Reibungskoeffizienten<\/p>","protected":false},"featured_media":68299867,"comment_status":"open","ping_status":"closed","template":"","meta":{"_acf_changed":false},"product_brand":[],"product_cat":[3129],"product_tag":[6880,101,6878,6879,832,838,590,795,839,840,3087,189,281,692,4379,798,799,36,953,954,2445,6920,4559,4562,283,673],"class_list":{"0":"post-68299863","1":"product","2":"type-product","3":"status-publish","4":"has-post-thumbnail","6":"product_cat-corvette-c7-bremsen-hinten","7":"product_tag-6880","8":"product_tag-6-2","9":"product_tag-6878","10":"product_tag-6879","11":"product_tag-brembo","12":"product_tag-bremsbelag","13":"product_tag-bremsbelaege","14":"product_tag-bremse","15":"product_tag-bremsklotz","16":"product_tag-bremskloetze","17":"product_tag-c7","18":"product_tag-chevrolet","19":"product_tag-corvette","20":"product_tag-ersatzteil","21":"product_tag-grand-sport","22":"product_tag-hinten","23":"product_tag-hinterachse","24":"product_tag-kraftwerk","25":"product_tag-power-stop","26":"product_tag-powerstop","27":"product_tag-powerstop-pads","28":"product_tag-pst-1718","29":"product_tag-track-day","30":"product_tag-trackday","31":"product_tag-z06","32":"product_tag-zubehoer","34":"first","35":"instock","36":"taxable","37":"shipping-taxable","38":"purchasable","39":"product-type-simple"},"bundled_by":[],"bundle_stock_status":"instock","bundle_stock_quantity":1,"bundle_virtual":false,"bundle_layout":"","bundle_add_to_cart_form_location":"","bundle_editable_in_cart":false,"bundle_sold_individually_context":"","bundle_item_grouping":"","bundle_min_size":"","bundle_max_size":"","bundle_price":[],"bundled_items":[],"bundle_sell_ids":[],"exclude_global_add_ons":[],"addons":[],"acf":[],"_links":{"self":[{"href":"https:\/\/kraftwerk-shop.cc\/pl\/wp-json\/wp\/v2\/product\/68299863","targetHints":{"allow":["GET"]}}],"collection":[{"href":"https:\/\/kraftwerk-shop.cc\/pl\/wp-json\/wp\/v2\/product"}],"about":[{"href":"https:\/\/kraftwerk-shop.cc\/pl\/wp-json\/wp\/v2\/types\/product"}],"replies":[{"embeddable":true,"href":"https:\/\/kraftwerk-shop.cc\/pl\/wp-json\/wp\/v2\/comments?post=68299863"}],"version-history":[{"count":0,"href":"https:\/\/kraftwerk-shop.cc\/pl\/wp-json\/wp\/v2\/product\/68299863\/revisions"}],"wp:featuredmedia":[{"embeddable":true,"href":"https:\/\/kraftwerk-shop.cc\/pl\/wp-json\/wp\/v2\/media\/68299867"}],"wp:attachment":[{"href":"https:\/\/kraftwerk-shop.cc\/pl\/wp-json\/wp\/v2\/media?parent=68299863"}],"wp:term":[{"taxonomy":"product_brand","embeddable":true,"href":"https:\/\/kraftwerk-shop.cc\/pl\/wp-json\/wp\/v2\/product_brand?post=68299863"},{"taxonomy":"product_cat","embeddable":true,"href":"https:\/\/kraftwerk-shop.cc\/pl\/wp-json\/wp\/v2\/product_cat?post=68299863"},{"taxonomy":"product_tag","embeddable":true,"href":"https:\/\/kraftwerk-shop.cc\/pl\/wp-json\/wp\/v2\/product_tag?post=68299863"}],"curies":[{"name":"wp","href":"https:\/\/api.w.org\/{rel}","templated":true}]}}