{"id":68299876,"date":"2024-04-06T22:26:27","date_gmt":"2024-04-06T20:26:27","guid":{"rendered":"https:\/\/kraftwerk-shop.cc\/?post_type=product&#038;p=68299876"},"modified":"2026-02-15T01:09:09","modified_gmt":"2026-02-15T00:09:09","slug":"ceramiczne-klocki-hamulcowe-hawk-challenger-srt-hellcat","status":"publish","type":"product","link":"https:\/\/kraftwerk-shop.cc\/pl\/produkt\/hawk-ceramic-bremsbelaege-challenger-srt-hellcat\/","title":{"rendered":"Ceramiczne klocki hamulcowe Hawk Performance Challenger SRT i Hellcat"},"content":{"rendered":"<h1>Wysokowydajne ceramiczne klocki hamulcowe Hawk Performance HB649Z.605 do Dodge Challenger SRT &amp; Hellcat (o\u015b przednia)<\/h1>\n<p>&nbsp;<\/p>\n<p>Hawk zdaje sobie spraw\u0119 z potrzeb wsp\u00f3\u0142czesnych u\u017cytkownik\u00f3w ceramicznych klock\u00f3w hamulcowych i specjalnie opracowa\u0142 sw\u00f3j materia\u0142 kompozytowy, aby spe\u0142ni\u0107, a nawet przekroczy\u0107 wymagania dotycz\u0105ce wysokiego poziomu ha\u0142asu i niskiego zapylenia.<br \/>\nKlocki hamulcowe Hawk PC (Performance Ceramic) zosta\u0142y zaprojektowane w celu zmniejszenia NVH (ha\u0142asu, wibracji i szorstko\u015bci) i zapewnienia wyj\u0105tkowej wydajno\u015bci kilometr po kilometrze.<br \/>\nUnikalna mieszanka zapewnia liniowy profil tarcia, kt\u00f3ry pozwala systemowi ABS Jeepa Trackhawk pracowa\u0107 tak efektywnie, jak to tylko mo\u017cliwe, i ma t\u0119 zalet\u0119, \u017ce nie pogarsza osi\u0105g\u00f3w w por\u00f3wnaniu z konwencjonalnymi klockami ceramicznymi.<br \/>\nDzi\u0119ki ceramicznym klockom hamulcowym Performance firmy Hawk mo\u017cna do\u015bwiadczy\u0107 mniejszego zu\u017cycia klock\u00f3w hamulcowych, d\u0142u\u017cszej \u017cywotno\u015bci tarcz hamulcowych i bardzo niskiego poziomu ha\u0142asu.<\/p>\n<p>Hawk Performance Ceramic to \u015bwietna mieszanka, je\u015bli Twoim priorytetem jest zminimalizowanie py\u0142u hamulcowego. Mieszanka ta jest bardzo popularnym zamiennikiem 6-t\u0142oczkowych hamulc\u00f3w OEM Brembo stosowanych w Durango Hellcat.<br \/>\nJe\u015bli nie chcesz zwi\u0119kszonej skuteczno\u015bci hamowania w por\u00f3wnaniu do standardowego wyposa\u017cenia i chcesz praktycznie wyeliminowa\u0107 py\u0142 hamulcowy, ceramiczne klocki hamulcowe Hawk Performance s\u0105 w\u0142a\u015bnie dla Ciebie.<\/p>\n<p>&nbsp;<\/p>\n<p><strong>W\u0142a\u015bciwo\u015bci:<\/strong><\/p>\n<ul>\n<li>Wyj\u0105tkowo cichy<\/li>\n<li>Wyj\u0105tkowo niski poziom zapylenia<\/li>\n<li>Zwi\u0119kszona si\u0142a hamowania<\/li>\n<li>Delikatny dla tarcz hamulcowych<\/li>\n<li>Stabilna skuteczno\u015b\u0107 hamowania<\/li>\n<li>35-345 \u00b0C Zakres temperatur pracy<\/li>\n<li>35-235 \u00b0C Optymalny zakres temperatur<\/li>\n<\/ul>\n<p>&nbsp;<\/p>\n<p><strong>Liczby por\u00f3wnawcze Mopar:<\/strong> 68248384AA, 68248384AB, 68248384AC, 68248384AD, 68525329AA, 68525329AB, 68525329AC<\/p>\n<p>&nbsp;<\/p>\n<p><strong>Odpowiedni dla:<\/strong><\/p>\n<table width=\"568\">\n<tbody>\n<tr>\n<td width=\"83\">Dodge<\/td>\n<td width=\"138\">Challenger<\/td>\n<td width=\"98\">6.4<\/td>\n<td colspan=\"3\" width=\"249\">2015-2020 z tarczami hamulcowymi 390 mm<\/td>\n<\/tr>\n<tr>\n<td>Dodge<\/td>\n<td>Challenger<\/td>\n<td>6.4<\/td>\n<td colspan=\"3\">2021 - 2023 z tarczami hamulcowymi 400 mm<\/td>\n<\/tr>\n<tr>\n<td>Dodge<\/td>\n<td>Challenger Hellcat<\/td>\n<td>6.2<\/td>\n<td colspan=\"3\">2015-2020 z tarczami hamulcowymi 390 mm<\/td>\n<\/tr>\n<tr>\n<td>Dodge<\/td>\n<td>Challenger Hellcat<\/td>\n<td>6.2<\/td>\n<td colspan=\"3\">2021 - 2023 z tarczami hamulcowymi 400 mm<\/td>\n<\/tr>\n<\/tbody>\n<\/table>\n<p>&nbsp;<\/p>\n<p>Cena dotyczy 1 zestawu dla kompletnej osi przedniej.<\/p>","protected":false},"excerpt":{"rendered":"<p>Nadaje si\u0119 do tarcz hamulcowych 390 i 400 mm<\/p>","protected":false},"featured_media":68299900,"comment_status":"open","ping_status":"closed","template":"","meta":{"_acf_changed":false},"product_brand":[17621],"product_cat":[17691,17687],"product_tag":[101,93,929,930,945,943,944,6821,931,4556,4557,7034,590,10803,840,6922,54,49,3853,1070,7614,6921,100,1166,186,96,842,841],"class_list":{"0":"post-68299876","1":"product","2":"type-product","3":"status-publish","4":"has-post-thumbnail","6":"product_brand-hawk-performance","7":"product_cat-challenger-hellcat-bremsbelaege-vorne","8":"product_cat-challenger-64-bremsbelaege-vorne","9":"product_tag-6-2","10":"product_tag-6-4","11":"product_tag-68144427aa","12":"product_tag-68144427ab","13":"product_tag-68248384aa","14":"product_tag-68248384ab","15":"product_tag-68248384ac","16":"product_tag-68248384ad","17":"product_tag-68303052aa","18":"product_tag-68525329aa","19":"product_tag-68525329ab","20":"product_tag-68525329ac","21":"product_tag-bremsbelaege","22":"product_tag-bremsbelaege-fuer-dodge-challenger-6-4","23":"product_tag-bremskloetze","24":"product_tag-ceramic","25":"product_tag-challenger","26":"product_tag-dodge","27":"product_tag-dodge-challenger","28":"product_tag-hawk","29":"product_tag-hawk10","30":"product_tag-hb649z-605","31":"product_tag-hellcat","32":"product_tag-keramik","33":"product_tag-performance","34":"product_tag-srt","35":"product_tag-vorderachse","36":"product_tag-vorne","38":"first","39":"instock","40":"taxable","41":"shipping-taxable","42":"purchasable","43":"product-type-simple"},"bundled_by":[],"bundle_stock_status":"instock","bundle_stock_quantity":1,"bundle_virtual":false,"bundle_layout":"","bundle_add_to_cart_form_location":"","bundle_editable_in_cart":false,"bundle_sold_individually_context":"","bundle_item_grouping":"","bundle_min_size":"","bundle_max_size":"","bundle_price":[],"bundled_items":[],"bundle_sell_ids":[],"exclude_global_add_ons":[],"addons":[],"acf":[],"_links":{"self":[{"href":"https:\/\/kraftwerk-shop.cc\/pl\/wp-json\/wp\/v2\/product\/68299876","targetHints":{"allow":["GET"]}}],"collection":[{"href":"https:\/\/kraftwerk-shop.cc\/pl\/wp-json\/wp\/v2\/product"}],"about":[{"href":"https:\/\/kraftwerk-shop.cc\/pl\/wp-json\/wp\/v2\/types\/product"}],"replies":[{"embeddable":true,"href":"https:\/\/kraftwerk-shop.cc\/pl\/wp-json\/wp\/v2\/comments?post=68299876"}],"version-history":[{"count":0,"href":"https:\/\/kraftwerk-shop.cc\/pl\/wp-json\/wp\/v2\/product\/68299876\/revisions"}],"wp:featuredmedia":[{"embeddable":true,"href":"https:\/\/kraftwerk-shop.cc\/pl\/wp-json\/wp\/v2\/media\/68299900"}],"wp:attachment":[{"href":"https:\/\/kraftwerk-shop.cc\/pl\/wp-json\/wp\/v2\/media?parent=68299876"}],"wp:term":[{"taxonomy":"product_brand","embeddable":true,"href":"https:\/\/kraftwerk-shop.cc\/pl\/wp-json\/wp\/v2\/product_brand?post=68299876"},{"taxonomy":"product_cat","embeddable":true,"href":"https:\/\/kraftwerk-shop.cc\/pl\/wp-json\/wp\/v2\/product_cat?post=68299876"},{"taxonomy":"product_tag","embeddable":true,"href":"https:\/\/kraftwerk-shop.cc\/pl\/wp-json\/wp\/v2\/product_tag?post=68299876"}],"curies":[{"name":"wp","href":"https:\/\/api.w.org\/{rel}","templated":true}]}}