{"id":68300096,"date":"2024-04-14T13:28:34","date_gmt":"2024-04-14T11:28:34","guid":{"rendered":"https:\/\/kraftwerk-shop.cc\/?post_type=product&#038;p=68300096"},"modified":"2026-03-09T14:30:33","modified_gmt":"2026-03-09T13:30:33","slug":"jlt-intake-challenger-hellcat","status":"publish","type":"product","link":"https:\/\/kraftwerk-shop.cc\/pl\/produkt\/jlt-intake-challenger-hellcat\/","title":{"rendered":"Wlot zimnego powietrza JLT Challenger Hellcat, Redeye, Demon, Super Stock"},"content":{"rendered":"<h1>Uk\u0142ad dolotowy zimnego powietrza JLT CAI-75-5170 dla Dodge Challenger Hellcat, Redeye, Demon, Super Stock i Jailbreak od 2018 do 2023 r.<\/h1>\n<p>&nbsp;<\/p>\n<p><strong>Du\u017cy filtr powietrza<\/strong><br \/>\nDu\u017cy filtr powietrza zapewnia wi\u0119kszy przep\u0142yw powietrza ni\u017c filtr standardowy.<br \/>\nWk\u0142ad filtra powietrza sk\u0142ada si\u0119 z bawe\u0142nianego materia\u0142u filtracyjnego, kt\u00f3ry jest zwil\u017cony specjalnym olejem filtracyjnym i mo\u017ce by\u0107 wyp\u0142ukany. Maksymalizuje to pojemno\u015b\u0107 i wydajno\u015b\u0107 filtra.<\/p>\n<p><strong>Kolektor dolotowy<\/strong><br \/>\nRura wlotowa jest wykonana z formowanego rotacyjnie tworzywa sztucznego z ogromnym 5-calowym otworem filtra zapewniaj\u0105cym doskona\u0142y przep\u0142yw powietrza i BRAK gromadzenia si\u0119 ciep\u0142a, jak w przypadku rur metalowych.<br \/>\nZ otworem 4,5\u2033 na ko\u0144cu przepustnicy, nadaje si\u0119 r\u00f3wnie\u017c do wi\u0119kszych przepustnic.<\/p>\n<p><strong>Obudowa filtra powietrza<br \/>\n<\/strong>Plastikowa obudowa filtra powietrza maksymalnie izoluje wlot od ciep\u0142a emitowanego przez silnik. Skutecznie zapobiega to zasysaniu gor\u0105cego powietrza z komory silnika.<\/p>\n<p>&nbsp;<\/p>\n<p><strong>Wysokiej jako\u015bci materia\u0142 monta\u017cowy<\/strong><\/p>\n<ul>\n<li>Formowany plastikowy kolektor dolotowy JLT Roto<\/li>\n<li>Reduktor silikonowy<\/li>\n<li>Filtr powietrza 5\u00d77 S&amp;B Powerstack<\/li>\n<li>Skrzynka filtra powietrza<\/li>\n<li>Zaciski HD, wszystkie wymagane cz\u0119\u015bci<\/li>\n<\/ul>\n<p>&nbsp;<\/p>\n<p><strong>szczeg\u00f3\u0142y<\/strong><\/p>\n<p>- + 15 - 20 KM maksymalnego wzrostu mocy (specyfikacja producenta)<br \/>\n- Obudowa filtra powietrza ze wspornikami do bezpo\u015bredniego monta\u017cu<br \/>\n- Wst\u0119pnie naoliwiony, zmywalny i wielokrotnego u\u017cytku filtr powietrza Pro 10R zapewnia maksymaln\u0105 wydajno\u015b\u0107<\/p>\n<p>&nbsp;<\/p>\n<p><strong>Odpowiedni dla:<\/strong><\/p>\n<table width=\"588\">\n<tbody>\n<tr>\n<td width=\"83\"><strong>Rok<\/strong><\/td>\n<td width=\"83\"><strong>Marka<\/strong><\/td>\n<td width=\"179\"><strong>Model<\/strong><\/td>\n<td width=\"160\"><strong>Wariant<\/strong><\/td>\n<td width=\"83\"><strong>Silnik<\/strong><\/td>\n<\/tr>\n<tr>\n<td width=\"83\">2018<\/td>\n<td width=\"83\">Dodge<\/td>\n<td width=\"179\">Challenger<\/td>\n<td width=\"160\">Demon<\/td>\n<td width=\"83\">V8 6.2 L<\/td>\n<\/tr>\n<tr>\n<td width=\"83\">2019\u20132023<\/td>\n<td width=\"83\">Dodge<\/td>\n<td width=\"179\">Challenger<\/td>\n<td width=\"160\">Hellcat, Redeye, Super Stock, Jailbreak<\/td>\n<td width=\"83\">V8 6.2 L<\/td>\n<\/tr>\n<\/tbody>\n<\/table>\n<p>&nbsp;<\/p>\n<p><iframe loading=\"lazy\" title=\"Instalacja wlotu zimnego powietrza JLT dla 2017-23 Charger Hellcat i 2017-23 Challenger Hellcat\" width=\"500\" height=\"281\" src=\"https:\/\/www.youtube.com\/embed\/THSkq2WQCb0?feature=oembed\" frameborder=\"0\" allow=\"accelerometer; autoplay; clipboard-write; encrypted-media; gyroscope; picture-in-picture; web-share\" referrerpolicy=\"strict-origin-when-cross-origin\" allowfullscreen><\/iframe><\/p>\n<p>&nbsp;<\/p>\n<p>Wloty zimnego powietrza JLT do Dodge Challenger Hellcat zosta\u0142y zaprojektowane tak, aby zminimalizowa\u0107 ograniczenia przep\u0142ywu powietrza i zwi\u0119kszy\u0107 przep\u0142yw powietrza znacznie lepiej ni\u017c system fabryczny. Rura wlotowa jest wykonana z formowanego rotacyjnie tworzywa sztucznego z du\u017cym otworem filtra zapewniaj\u0105cym doskona\u0142y przep\u0142yw powietrza i nie nagrzewa si\u0119 jak metalowe rury powszechnie stosowane przez innych producent\u00f3w.<br \/>\nFiltr powietrza jest dostosowany do super lekkiego i szybkiego przep\u0142ywu powietrza i ma du\u017ce, g\u0142\u0119bokie plisy zapewniaj\u0105ce wi\u0119ksz\u0105 powierzchni\u0119 ni\u017c filtry innych producent\u00f3w, kt\u00f3re wygl\u0105daj\u0105 na znacznie wi\u0119ksze.<br \/>\nOs\u0142ona termiczna z tworzywa ABS blokuje ciep\u0142o silnika na biegu ja\u0142owym i niskich obrotach. Wykorzystuje du\u017c\u0105 powierzchni\u0119, aby zapewni\u0107, \u017ce do filtra dostaje si\u0119 jak najwi\u0119cej ch\u0142odnego powietrza i wykorzystuje fabryczny wlot \u015bwie\u017cego powietrza, aby utrzyma\u0107 nisk\u0105 temperatur\u0119.<br \/>\nPopraw osi\u0105gi swojego Dodge Challenger Hellcat dzi\u0119ki jednemu z wlot\u00f3w zimnego powietrza JLT!<\/p>","protected":false},"excerpt":{"rendered":"<p>2019\u20132023<\/p>","protected":false},"featured_media":68300104,"comment_status":"open","ping_status":"closed","template":"","meta":{"_acf_changed":false},"product_brand":[17168],"product_cat":[1790],"product_tag":[826,824,6925,54,825,152,49,3853,100,1094,4447,1093,2444,20273,57,151,500,2396],"class_list":{"0":"post-68300096","1":"product","2":"type-product","3":"status-publish","4":"has-post-thumbnail","6":"product_brand-jlt","7":"product_cat-challenger-hellcat-ansaugung","8":"product_tag-ansaugung","9":"product_tag-cai","10":"product_tag-cai-75-5170","11":"product_tag-challenger","12":"product_tag-cold-air-intake","13":"product_tag-demon","14":"product_tag-dodge","15":"product_tag-dodge-challenger","16":"product_tag-hellcat","17":"product_tag-intake","18":"product_tag-jailbreak","19":"product_tag-jlt","20":"product_tag-jlt-performance","21":"product_tag-keintuev","22":"product_tag-luftfilter","23":"product_tag-redeye","24":"product_tag-sportluftfilter","25":"product_tag-super-stock","27":"first","28":"instock","29":"taxable","30":"shipping-taxable","31":"purchasable","32":"product-type-simple"},"bundled_by":[],"bundle_stock_status":"instock","bundle_stock_quantity":1,"bundle_virtual":false,"bundle_layout":"","bundle_add_to_cart_form_location":"","bundle_editable_in_cart":false,"bundle_sold_individually_context":"","bundle_item_grouping":"","bundle_min_size":"","bundle_max_size":"","bundle_price":[],"bundled_items":[],"bundle_sell_ids":[],"exclude_global_add_ons":[],"addons":[],"acf":[],"_links":{"self":[{"href":"https:\/\/kraftwerk-shop.cc\/pl\/wp-json\/wp\/v2\/product\/68300096","targetHints":{"allow":["GET"]}}],"collection":[{"href":"https:\/\/kraftwerk-shop.cc\/pl\/wp-json\/wp\/v2\/product"}],"about":[{"href":"https:\/\/kraftwerk-shop.cc\/pl\/wp-json\/wp\/v2\/types\/product"}],"replies":[{"embeddable":true,"href":"https:\/\/kraftwerk-shop.cc\/pl\/wp-json\/wp\/v2\/comments?post=68300096"}],"version-history":[{"count":0,"href":"https:\/\/kraftwerk-shop.cc\/pl\/wp-json\/wp\/v2\/product\/68300096\/revisions"}],"wp:featuredmedia":[{"embeddable":true,"href":"https:\/\/kraftwerk-shop.cc\/pl\/wp-json\/wp\/v2\/media\/68300104"}],"wp:attachment":[{"href":"https:\/\/kraftwerk-shop.cc\/pl\/wp-json\/wp\/v2\/media?parent=68300096"}],"wp:term":[{"taxonomy":"product_brand","embeddable":true,"href":"https:\/\/kraftwerk-shop.cc\/pl\/wp-json\/wp\/v2\/product_brand?post=68300096"},{"taxonomy":"product_cat","embeddable":true,"href":"https:\/\/kraftwerk-shop.cc\/pl\/wp-json\/wp\/v2\/product_cat?post=68300096"},{"taxonomy":"product_tag","embeddable":true,"href":"https:\/\/kraftwerk-shop.cc\/pl\/wp-json\/wp\/v2\/product_tag?post=68300096"}],"curies":[{"name":"wp","href":"https:\/\/api.w.org\/{rel}","templated":true}]}}