{"id":68300816,"date":"2024-04-27T17:45:42","date_gmt":"2024-04-27T15:45:42","guid":{"rendered":"https:\/\/kraftwerk-shop.cc\/?post_type=product&#038;p=68300816"},"modified":"2026-02-15T01:09:16","modified_gmt":"2026-02-15T00:09:16","slug":"hawk-dtc-70-klocki-hamulcowe-charger-srt-hellcat","status":"publish","type":"product","link":"https:\/\/kraftwerk-shop.cc\/pl\/produkt\/hawk-dtc-70-bremsbelaege-charger-srt-hellcat\/","title":{"rendered":"Klocki hamulcowe Hawk Performance DTC-70 Charger SRT i Hellcat"},"content":{"rendered":"<h1>Wysokowydajne klocki hamulcowe Hawk Performance DTC-70 HB649U.605 do Dodge Charger SRT i Hellcat (o\u015b przednia)<\/h1>\n<p>&nbsp;<\/p>\n<p>Wy\u015bcigowa mieszanka Hawk DTC-70 zosta\u0142a opracowana w celu zapewnienia ekstremalnie wysokiego wsp\u00f3\u0142czynnika op\u00f3\u017anienia i bardzo agresywnego pocz\u0105tkowego ugryzienia dla pojazd\u00f3w o du\u017cym op\u00f3\u017anieniu, z dociskiem lub bez.<\/p>\n<p>Klocek hamulcowy DTC-70 do Dodge Challenger nie jest mieszank\u0105 wy\u015bcigow\u0105 klasy podstawowej i nie powinien by\u0107 u\u017cywany na ulicy. U\u017cywaj ich tylko wtedy, gdy jeste\u015b powa\u017cnym kierowc\u0105 wy\u015bcigowym z do\u015bwiadczeniem na torze i mia\u0142e\u015b problemy z mniej agresywnymi mieszankami, kt\u00f3re przegrzewa\u0142y si\u0119 lub nie zapewnia\u0142y wystarczaj\u0105cej przyczepno\u015bci.<\/p>\n<p>&nbsp;<\/p>\n<p><strong>W\u0142a\u015bciwo\u015bci:<\/strong><\/p>\n<ul>\n<li>Wysoka si\u0142a hamowania<\/li>\n<li>Stabilna skuteczno\u015b\u0107 hamowania<\/li>\n<li>Doskona\u0142a zdolno\u015b\u0107 dozowania<\/li>\n<li>205-870 \u00b0C Zakres temperatur pracy<\/li>\n<li>425-650 \u00b0C Optymalny zakres temperatur<\/li>\n<\/ul>\n<p>&nbsp;<\/p>\n<p><strong>Liczby por\u00f3wnawcze Mopar: <\/strong>68248384AA, 68248384AB, 68248384AC, 68248384AD, 68525329AA, 68525329AB, 68525329AC<\/p>\n<p>&nbsp;<\/p>\n<p><strong>Odpowiedni dla:<\/strong><\/p>\n<table width=\"568\">\n<tbody>\n<tr>\n<td width=\"83\">Dodge<\/td>\n<td width=\"138\">Charger<\/td>\n<td width=\"98\">6.4<\/td>\n<td colspan=\"3\" width=\"249\">2015-2020 z tarczami hamulcowymi 390 mm<\/td>\n<\/tr>\n<tr>\n<td>Dodge<\/td>\n<td>Charger<\/td>\n<td>6.4<\/td>\n<td colspan=\"3\">2021 - 2023 z tarczami hamulcowymi 400 mm<\/td>\n<\/tr>\n<tr>\n<td>Dodge<\/td>\n<td>Charger Hellcat<\/td>\n<td>6.2<\/td>\n<td colspan=\"3\">2015-2020 z tarczami hamulcowymi 390 mm<\/td>\n<\/tr>\n<tr>\n<td>Dodge<\/td>\n<td>Charger Hellcat<\/td>\n<td>6.2<\/td>\n<td colspan=\"3\">2021 - 2023 z tarczami hamulcowymi 400 mm<\/td>\n<\/tr>\n<\/tbody>\n<\/table>\n<p>&nbsp;<\/p>\n<p>Cena dotyczy 1 zestawu dla kompletnej osi przedniej.<\/p>","protected":false},"excerpt":{"rendered":"<p>Nadaje si\u0119 do tarcz hamulcowych 390 i 400 mm<\/p>","protected":false},"featured_media":68300820,"comment_status":"open","ping_status":"closed","template":"","meta":{"_acf_changed":false},"product_brand":[17621],"product_cat":[17759,17763],"product_tag":[101,93,945,943,944,6821,4556,4557,7034,590,840,53,49,6942,1070,7614,6941,100,186,96,842,841],"class_list":{"0":"post-68300816","1":"product","2":"type-product","3":"status-publish","4":"has-post-thumbnail","6":"product_brand-hawk-performance","7":"product_cat-charger-hellcat-bremsbelaege-vorne","8":"product_cat-charger-64-bremsbelaege-vorne","9":"product_tag-6-2","10":"product_tag-6-4","11":"product_tag-68248384aa","12":"product_tag-68248384ab","13":"product_tag-68248384ac","14":"product_tag-68248384ad","15":"product_tag-68525329aa","16":"product_tag-68525329ab","17":"product_tag-68525329ac","18":"product_tag-bremsbelaege","19":"product_tag-bremskloetze","20":"product_tag-charger","21":"product_tag-dodge","22":"product_tag-dtc-70","23":"product_tag-hawk","24":"product_tag-hawk10","25":"product_tag-hb649u-605","26":"product_tag-hellcat","27":"product_tag-performance","28":"product_tag-srt","29":"product_tag-vorderachse","30":"product_tag-vorne","32":"first","33":"instock","34":"taxable","35":"shipping-taxable","36":"purchasable","37":"product-type-simple"},"bundled_by":[],"bundle_stock_status":"instock","bundle_stock_quantity":1,"bundle_virtual":false,"bundle_layout":"","bundle_add_to_cart_form_location":"","bundle_editable_in_cart":false,"bundle_sold_individually_context":"","bundle_item_grouping":"","bundle_min_size":"","bundle_max_size":"","bundle_price":[],"bundled_items":[],"bundle_sell_ids":[],"exclude_global_add_ons":[],"addons":[],"acf":[],"_links":{"self":[{"href":"https:\/\/kraftwerk-shop.cc\/pl\/wp-json\/wp\/v2\/product\/68300816","targetHints":{"allow":["GET"]}}],"collection":[{"href":"https:\/\/kraftwerk-shop.cc\/pl\/wp-json\/wp\/v2\/product"}],"about":[{"href":"https:\/\/kraftwerk-shop.cc\/pl\/wp-json\/wp\/v2\/types\/product"}],"replies":[{"embeddable":true,"href":"https:\/\/kraftwerk-shop.cc\/pl\/wp-json\/wp\/v2\/comments?post=68300816"}],"version-history":[{"count":0,"href":"https:\/\/kraftwerk-shop.cc\/pl\/wp-json\/wp\/v2\/product\/68300816\/revisions"}],"wp:featuredmedia":[{"embeddable":true,"href":"https:\/\/kraftwerk-shop.cc\/pl\/wp-json\/wp\/v2\/media\/68300820"}],"wp:attachment":[{"href":"https:\/\/kraftwerk-shop.cc\/pl\/wp-json\/wp\/v2\/media?parent=68300816"}],"wp:term":[{"taxonomy":"product_brand","embeddable":true,"href":"https:\/\/kraftwerk-shop.cc\/pl\/wp-json\/wp\/v2\/product_brand?post=68300816"},{"taxonomy":"product_cat","embeddable":true,"href":"https:\/\/kraftwerk-shop.cc\/pl\/wp-json\/wp\/v2\/product_cat?post=68300816"},{"taxonomy":"product_tag","embeddable":true,"href":"https:\/\/kraftwerk-shop.cc\/pl\/wp-json\/wp\/v2\/product_tag?post=68300816"}],"curies":[{"name":"wp","href":"https:\/\/api.w.org\/{rel}","templated":true}]}}