{"id":68300840,"date":"2024-04-27T23:21:02","date_gmt":"2024-04-27T21:21:02","guid":{"rendered":"https:\/\/kraftwerk-shop.cc\/?post_type=product&#038;p=68300840"},"modified":"2026-02-15T01:09:21","modified_gmt":"2026-02-15T00:09:21","slug":"hawk-dtc-70-klocki-hamulcowe-grand-cherokee-srt","status":"publish","type":"product","link":"https:\/\/kraftwerk-shop.cc\/pl\/produkt\/hawk-dtc-70-bremsbelaege-grand-cherokee-srt\/","title":{"rendered":"Klocki hamulcowe Hawk Performance DTC-70 Grand Cherokee SRT"},"content":{"rendered":"<h1>Wysokowydajne klocki hamulcowe Hawk Performance DTC-70 HB649U.605 do Grand Cherokee 6.4 SRT (o\u015b przednia)<\/h1>\n<p>&nbsp;<\/p>\n<p>Wy\u015bcigowa mieszanka Hawk DTC-70 zosta\u0142a opracowana w celu zapewnienia ekstremalnie wysokiego wsp\u00f3\u0142czynnika op\u00f3\u017anienia i bardzo agresywnego pocz\u0105tkowego ugryzienia dla pojazd\u00f3w o du\u017cym op\u00f3\u017anieniu, z dociskiem lub bez.<\/p>\n<p>Klocek hamulcowy DTC-70 do Jeepa Grand Cherokee SRT nie jest podstawow\u0105 mieszank\u0105 wy\u015bcigow\u0105 i nie powinien by\u0107 u\u017cywany na ulicy. U\u017cywaj ich tylko wtedy, gdy jeste\u015b powa\u017cnym kierowc\u0105 wy\u015bcigowym z do\u015bwiadczeniem na torze i mia\u0142e\u015b problemy z mniej agresywnymi mieszankami, kt\u00f3re przegrzewa\u0142y si\u0119 lub nie zapewnia\u0142y wystarczaj\u0105cej przyczepno\u015bci.<\/p>\n<p>&nbsp;<\/p>\n<p><strong>W\u0142a\u015bciwo\u015bci:<\/strong><\/p>\n<ul>\n<li>Wysoka si\u0142a hamowania<\/li>\n<li>Stabilna skuteczno\u015b\u0107 hamowania<\/li>\n<li>Doskona\u0142a zdolno\u015b\u0107 dozowania<\/li>\n<li>205-870 \u00b0C Zakres temperatur pracy<\/li>\n<li>425-650 \u00b0C Optymalny zakres temperatur<\/li>\n<\/ul>\n<p>&nbsp;<\/p>\n<p><strong>Liczby por\u00f3wnawcze Mopar:<\/strong> 68303052AA, 68507583AA, 68507583AB<\/p>\n<p>&nbsp;<\/p>\n<p><strong>Odpowiedni dla:<\/strong><\/p>\n<table width=\"568\">\n<tbody>\n<tr>\n<td width=\"83\">Jeep<\/td>\n<td width=\"138\">Grand Cherokee<\/td>\n<td width=\"98\">6.4<\/td>\n<td width=\"249\">2011 - 2021 z tarczami hamulcowymi 380 mm<\/td>\n<\/tr>\n<\/tbody>\n<\/table>\n<p>&nbsp;<\/p>\n<p>Cena dotyczy 1 zestawu dla kompletnej osi przedniej.<\/p>","protected":false},"excerpt":{"rendered":"<p>Hawk Performance DTC-70 Hochleistungs-Bremsbel\u00e4ge HB649U.605 f\u00fcr Grand Cherokee 6.4 SRT (Vorderachse) &nbsp; Die Rennmischung DTC-70 von Hawk wurde f\u00fcr eine<\/p>","protected":false},"featured_media":68300843,"comment_status":"open","ping_status":"closed","template":"","meta":{"_acf_changed":false},"product_brand":[17621],"product_cat":[17966],"product_tag":[101,93,931,17620,4547,590,10805,840,6942,56,4818,1070,7614,6941,100,50,186,96,842,841],"class_list":{"0":"post-68300840","1":"product","2":"type-product","3":"status-publish","4":"has-post-thumbnail","6":"product_brand-hawk-performance","7":"product_cat-grand-cherokee-64-bremsbelaege-vorne","8":"product_tag-6-2","9":"product_tag-6-4","10":"product_tag-68303052aa","11":"product_tag-68507583aa","12":"product_tag-68507583ab","13":"product_tag-bremsbelaege","14":"product_tag-bremsbelaege-fuer-jeep-grand-cherokee-6-4-srt","15":"product_tag-bremskloetze","16":"product_tag-dtc-70","17":"product_tag-grand-cherokee","18":"product_tag-grand-cherokee-srt","19":"product_tag-hawk","20":"product_tag-hawk10","21":"product_tag-hb649u-605","22":"product_tag-hellcat","23":"product_tag-jeep","24":"product_tag-performance","25":"product_tag-srt","26":"product_tag-vorderachse","27":"product_tag-vorne","28":"product_shipping_class-deutschlandohne","30":"first","31":"instock","32":"taxable","33":"shipping-taxable","34":"purchasable","35":"product-type-simple"},"bundled_by":[],"bundle_stock_status":"instock","bundle_stock_quantity":1,"bundle_virtual":false,"bundle_layout":"","bundle_add_to_cart_form_location":"","bundle_editable_in_cart":false,"bundle_sold_individually_context":"","bundle_item_grouping":"","bundle_min_size":"","bundle_max_size":"","bundle_price":[],"bundled_items":[],"bundle_sell_ids":[],"exclude_global_add_ons":[],"addons":[],"acf":[],"_links":{"self":[{"href":"https:\/\/kraftwerk-shop.cc\/pl\/wp-json\/wp\/v2\/product\/68300840","targetHints":{"allow":["GET"]}}],"collection":[{"href":"https:\/\/kraftwerk-shop.cc\/pl\/wp-json\/wp\/v2\/product"}],"about":[{"href":"https:\/\/kraftwerk-shop.cc\/pl\/wp-json\/wp\/v2\/types\/product"}],"replies":[{"embeddable":true,"href":"https:\/\/kraftwerk-shop.cc\/pl\/wp-json\/wp\/v2\/comments?post=68300840"}],"version-history":[{"count":0,"href":"https:\/\/kraftwerk-shop.cc\/pl\/wp-json\/wp\/v2\/product\/68300840\/revisions"}],"wp:featuredmedia":[{"embeddable":true,"href":"https:\/\/kraftwerk-shop.cc\/pl\/wp-json\/wp\/v2\/media\/68300843"}],"wp:attachment":[{"href":"https:\/\/kraftwerk-shop.cc\/pl\/wp-json\/wp\/v2\/media?parent=68300840"}],"wp:term":[{"taxonomy":"product_brand","embeddable":true,"href":"https:\/\/kraftwerk-shop.cc\/pl\/wp-json\/wp\/v2\/product_brand?post=68300840"},{"taxonomy":"product_cat","embeddable":true,"href":"https:\/\/kraftwerk-shop.cc\/pl\/wp-json\/wp\/v2\/product_cat?post=68300840"},{"taxonomy":"product_tag","embeddable":true,"href":"https:\/\/kraftwerk-shop.cc\/pl\/wp-json\/wp\/v2\/product_tag?post=68300840"}],"curies":[{"name":"wp","href":"https:\/\/api.w.org\/{rel}","templated":true}]}}