{"id":68301247,"date":"2024-05-03T23:37:19","date_gmt":"2024-05-03T21:37:19","guid":{"rendered":"https:\/\/kraftwerk-shop.cc\/?post_type=product&#038;p=68301247"},"modified":"2026-02-15T01:09:46","modified_gmt":"2026-02-15T00:09:46","slug":"tarcze-hamulcowe-paragon-challenger-05290538ae","status":"publish","type":"product","link":"https:\/\/kraftwerk-shop.cc\/pl\/produkt\/paragon-bremsscheiben-challenger-05290538ae\/","title":{"rendered":"Tarcze hamulcowe Paragon Performance Challenger SRT i Hellcat"},"content":{"rendered":"<h1>Tarcze hamulcowe Paragon Performance dla Dodge Challenger 6.4 i Hellcat od 2015 do 2023 (350 mm), konstrukcja szczelinowa dla tylnej osi<\/h1>\n<p>&nbsp;<\/p>\n<p>U\u017cywaj\u0105c tarcz hamulcowych Paragon Performance, mo\u017cesz skutecznie zapobiega\u0107 przedwczesnemu p\u0119kaniu standardowych tarcz hamulcowych w swoim Dodge Challenger 6.4 \/ Hellcat podczas u\u017cytkowania na torze wy\u015bcigowym lub intensywnego u\u017cytkowania. Nasze tarcze hamulcowe nie tylko oferuj\u0105 rozwi\u0105zanie tego problemu, ale tak\u017ce zauwa\u017calnie poprawiaj\u0105 wyczucie peda\u0142u i modulacj\u0119 hamulc\u00f3w. Dzi\u0119ki wysokiej jako\u015bci materia\u0142om i precyzyjnej produkcji nasze tarcze hamulcowe gwarantuj\u0105 optymaln\u0105 wydajno\u015b\u0107 i niezawodno\u015b\u0107. Zaufaj Paragon Performance i do\u015bwiadcz znacznego wzrostu wydajno\u015bci hamowania i bezpiecze\u0144stwa w swoim Dodge Challenger.<\/p>\n<p>Tarcze hamulcowe Paragon Performance do Dodge Challenger oferuj\u0105 imponuj\u0105c\u0105 wydajno\u015b\u0107 i niezawodno\u015b\u0107. Zaprojektowane specjalnie do u\u017cytku na torze, zapewniaj\u0105 doskona\u0142\u0105 skuteczno\u015b\u0107 hamowania i ch\u0142odzenia. Kierunkowe \u017cebra wentylacyjne tworz\u0105 zasysanie, kt\u00f3re kieruje ch\u0142odne powietrze przez tarcz\u0119 hamulcow\u0105, poprawiaj\u0105c rozpraszanie ciep\u0142a. Zwi\u0119ksza to odporno\u015b\u0107 na p\u0119kanie w ekstremalnych warunkach torowych. Tarcze hamulcowe Paragon Performance to idealny wyb\u00f3r dla wymagaj\u0105cych kierowc\u00f3w poszukuj\u0105cych maksymalnej wydajno\u015bci i bezpiecze\u0144stwa na torze wy\u015bcigowym.<\/p>\n<p>Wirnik jest wykonany z CM-250, specjalnego stopu odlewniczego o wysokiej zawarto\u015bci w\u0119gla, kt\u00f3ry zapewnia optymalne zgryzanie, w\u0142a\u015bciwo\u015bci termiczne, odporno\u015b\u0107 na wysokie temperatury i trwa\u0142o\u015b\u0107.<br \/>\nPier\u015bcienie tarczy hamulcowej s\u0105 poddawane obr\u00f3bce cieplnej w celu zmniejszenia napr\u0119\u017ce\u0144 w tarczy hamulcowej, a tym samym zapobiegania odkszta\u0142ceniom i wibracjom.<br \/>\nS\u0105 one nast\u0119pnie poddawane najnowocze\u015bniejszej obr\u00f3bce powierzchniowej CBN, aby zapewni\u0107 lepsze docieranie z nowymi klockami hamulcowymi.<\/p>\n<p>Wibracje s\u0105 zredukowane, poniewa\u017c bicie boczne tarczy hamulcowej jest utrzymywane w granicach 0,03 mm, a wywa\u017cenie w granicach 2 gram\u00f3w.<br \/>\nWszystkie tarcze hamulcowe zosta\u0142y poddane rygorystycznym kontrolom jako\u015bci i testom, aby zapewni\u0107, \u017ce nadaj\u0105 si\u0119 do okre\u015blonego celu.<br \/>\nDwucz\u0119\u015bciowa konstrukcja umo\u017cliwia termiczne rozszerzanie si\u0119 tarczy hamulcowej, jednocze\u015bnie minimalizuj\u0105c odkszta\u0142cenia i zapewniaj\u0105c, \u017ce tarcza hamulcowa jest wy\u015brodkowana w stosunku do klock\u00f3w hamulcowych.<br \/>\nSzczelinowa tarcza hamulcowa poprawia stabilno\u015b\u0107 hamowania, utrzymuj\u0105c czyst\u0105 powierzchni\u0119 styku i rozpraszaj\u0105c ciep\u0142o i gazy generowane, gdy klocki hamulcowe wchodz\u0105 w kontakt z tarcz\u0105 hamulcow\u0105.<br \/>\nSzczelinowe tarcze hamulcowe maj\u0105 zdecydowan\u0105 przewag\u0119 nad go\u0142ymi tarczami hamulcowymi w mokrych lub deszczowych warunkach, poniewa\u017c zapobiegaj\u0105 tworzeniu si\u0119 filmu wodnego mi\u0119dzy klockiem hamulcowym a tarcz\u0105 hamulcow\u0105.<br \/>\nDwucz\u0119\u015bciowe tarcze hamulcowe Paragon Performance wa\u017c\u0105 mniej ni\u017c wi\u0119kszo\u015b\u0107 tarcz hamulcowych O.E., zachowuj\u0105c swoj\u0105 no\u015bno\u015b\u0107 termiczn\u0105 i poprawiaj\u0105c prowadzenie dzi\u0119ki zmniejszeniu masy nieresorowanej.<\/p>\n<p>Tarcze hamulcowe Paragon Performance dla modeli Challenger SRT i Hellcat wykonane s\u0105 z wysokiej jako\u015bci aluminium 6061-T6. Precyzyjne frezowanie CNC, a nast\u0119pnie czarna twarda pow\u0142oka \/ twarde anodowanie nadaj\u0105 aluminiowym garnkom nieprzewodz\u0105c\u0105 warstw\u0119 ochronn\u0105. Czarny kolor jest nak\u0142adany po twardym anodowaniu i zapewnia stylowy wygl\u0105d. Garnki te gwarantuj\u0105 r\u00f3wnowa\u017cn\u0105 wydajno\u015b\u0107 i trwa\u0142o\u015b\u0107.<\/p>\n<p>Czarna twarda pow\u0142oka\/twarda anodyzacja zgodna z Mil-Spec (MIL-A-8625 Typ III) nie odbarwia si\u0119 w ekstremalnych temperaturach. Czarna twarda pow\u0142oka\/twarda anodyzowana powierzchnia jest twardsza, grubsza, bardziej odporna na zu\u017cycie i zarysowania.<\/p>\n<p>Czarne wyko\u0144czenie hardcoat\/twarde anodowane zapewnia grub\u0105, tward\u0105 warstw\u0119, kt\u00f3ra oferuje wi\u0119ksz\u0105 odporno\u015b\u0107 na korozj\u0119 i trwa\u0142o\u015b\u0107 przy niskich kosztach utrzymania. Czarna twarda pow\u0142oka\/twarde anodowane wyko\u0144czenie lepiej wytrzymuje ekspozycj\u0119 na \u015bwiat\u0142o ultrafioletowe (UV), co jest jeszcze wa\u017cniejsze, je\u015bli pojazd jest cz\u0119sto parkowany na zewn\u0105trz.<\/p>\n<p>&nbsp;<\/p>\n<p><strong>W\u0142a\u015bciwo\u015bci:<\/strong><\/p>\n<ul>\n<li>Bezpo\u015brednie dopasowanie bez \u017cadnych modyfikacji i zaprojektowany do wsp\u00f3\u0142pracy z uk\u0142adem ABS OEM i uk\u0142adem hamulcowym producenta przy zachowaniu fabrycznego nastawienia hamulc\u00f3w. Kompatybilny z klockami hamulcowymi OEM lub klockami akcesoryjnymi o tej samej g\u0142\u0119boko\u015bci.<\/li>\n<li>Kierunkowe \u017cebra wentylacyjne dla optymalnej wydajno\u015bci ch\u0142odzenia, pracuj\u0105 do 30 % ch\u0142odniej ni\u017c tarcze hamulcowe O.E. i zwi\u0119kszaj\u0105 wydajno\u015b\u0107 ch\u0142odzenia nawet o 30%.<\/li>\n<li>W pe\u0142ni p\u0142ywaj\u0105ca 2-cz\u0119\u015bciowa konstrukcja<\/li>\n<li>Minimalizuje zanik hamulc\u00f3w i wibracje podczas d\u0142u\u017cszych podr\u00f3\u017cy<\/li>\n<li>System mocowania tarczy hamulcowej i ko\u0142paka: D-Bobbin (10 \u015brub)<\/li>\n<li>Doskona\u0142e ulepszenie w stosunku do bezkierunkowych, wielotarczowych tarcz hamulcowych OEM<\/li>\n<\/ul>\n<p>&nbsp;<\/p>\n<p><strong>Zakres dostawy:<\/strong><\/p>\n<ul>\n<li>Jedna para (2 sztuki) dwucz\u0119\u015bciowych tarcz hamulcowych Paragon Performance 350 mm x 28 mm do Dodge Challenger z anodowanymi na twardo \/ czarno aluminiowymi garnkami 6061-T6, szpulkami ze stali nierdzewnej i zaciskami zapobiegaj\u0105cymi grzechotaniu (zmontowane i gotowe do monta\u017cu).<\/li>\n<li>Szczeg\u00f3\u0142owa instrukcja instalacji (j\u0119zyk niemiecki)<\/li>\n<\/ul>\n<p>&nbsp;<\/p>\n<p><strong>Liczby por\u00f3wnawcze Mopar:<\/strong> 05290538AE, 4755539AA<br \/>\n<strong>Stare numery cz\u0119\u015bci:<\/strong> 5290538AA, 5290538AB, 5290538AC, 5290538AD, 4755539AA<\/p>\n<p>&nbsp;<\/p>\n<p><strong>Odpowiedni dla:<\/strong><\/p>\n<table width=\"745\">\n<tbody>\n<tr>\n<td width=\"83\"><strong>Marka<\/strong><\/td>\n<td width=\"83\"><strong>Model<\/strong><\/td>\n<td width=\"143\"><strong>Silnik<\/strong><\/td>\n<td width=\"436\"><strong>Wariant<\/strong><\/td>\n<\/tr>\n<tr>\n<td width=\"83\">Dodge<\/td>\n<td width=\"83\">Challenger<\/td>\n<td width=\"143\">6.4 SRT<\/td>\n<td width=\"436\">2015 - 2023<\/td>\n<\/tr>\n<tr>\n<td width=\"83\">Dodge<\/td>\n<td width=\"83\">Challenger<\/td>\n<td width=\"143\">6.2 Hellcat<\/td>\n<td width=\"436\">2015 - 2023<\/td>\n<\/tr>\n<\/tbody>\n<\/table>\n<p>&nbsp;<\/p>\n<p>Cena dotyczy 2 tarcz hamulcowych (jedna para).<\/p>","protected":false},"excerpt":{"rendered":"<p>Tarcze hamulcowe Paragon Performance dla Dodge Challenger 6.4 i Hellcat od 2015 do 2023 (350 mm), konstrukcja szczelinowa dla tylnej osi &nbsp;<\/p>","protected":false},"featured_media":68301251,"comment_status":"open","ping_status":"closed","template":"","meta":{"_acf_changed":false},"product_brand":[17982],"product_cat":[17694,17690],"product_tag":[17167,6816,6817,6818,6819,6820,217,17166,791,792,6967,790,793,3744,101,93,940,795,796,3946,10802,54,49,3853,692,100,798,799,36,31,6966,6968,4627,4628,794,797,96,673],"class_list":{"0":"post-68301247","1":"product","2":"type-product","3":"status-publish","4":"has-post-thumbnail","6":"product_brand-paragon-performance","7":"product_cat-challenger-hellcat-bremsscheiben-hinten","8":"product_cat-challenger-64-bremsscheiben-hinten","9":"product_tag-04755539aa","10":"product_tag-05290538aa","11":"product_tag-05290538ab","12":"product_tag-05290538ac","13":"product_tag-05290538ad","14":"product_tag-05290538ae","15":"product_tag-217","16":"product_tag-4755539aa","17":"product_tag-5290538aa","18":"product_tag-5290538ab","19":"product_tag-5290538ab-und-5290538ac","20":"product_tag-5290538ac","21":"product_tag-5290538ad","22":"product_tag-5290538ae","23":"product_tag-6-2","24":"product_tag-6-4","25":"product_tag-aftermarket","26":"product_tag-bremse","27":"product_tag-bremsscheibe","28":"product_tag-bremsscheiben-fuer-dodge-challenger","29":"product_tag-bremsscheiben-fuer-dodge-challenger-6-4","30":"product_tag-challenger","31":"product_tag-dodge","32":"product_tag-dodge-challenger","33":"product_tag-ersatzteil","34":"product_tag-hellcat","35":"product_tag-hinten","36":"product_tag-hinterachse","37":"product_tag-kraftwerk","38":"product_tag-mopar","39":"product_tag-p2r-190-365-260-24000-05-01-01-r","40":"product_tag-p2r-190-365-260-24000-05-01-02-r","41":"product_tag-paragon","42":"product_tag-paragon-performance","43":"product_tag-premium","44":"product_tag-sportbremsscheibe","45":"product_tag-srt","46":"product_tag-zubehoer","48":"first","49":"onbackorder","50":"taxable","51":"shipping-taxable","52":"purchasable","53":"product-type-variable"},"bundled_by":[],"bundle_stock_status":"onbackorder","bundle_stock_quantity":0,"bundle_virtual":false,"bundle_layout":"","bundle_add_to_cart_form_location":"","bundle_editable_in_cart":false,"bundle_sold_individually_context":"","bundle_item_grouping":"","bundle_min_size":"","bundle_max_size":"","bundle_price":[],"bundled_items":[],"bundle_sell_ids":[],"exclude_global_add_ons":[],"addons":[],"acf":[],"_links":{"self":[{"href":"https:\/\/kraftwerk-shop.cc\/pl\/wp-json\/wp\/v2\/product\/68301247","targetHints":{"allow":["GET"]}}],"collection":[{"href":"https:\/\/kraftwerk-shop.cc\/pl\/wp-json\/wp\/v2\/product"}],"about":[{"href":"https:\/\/kraftwerk-shop.cc\/pl\/wp-json\/wp\/v2\/types\/product"}],"replies":[{"embeddable":true,"href":"https:\/\/kraftwerk-shop.cc\/pl\/wp-json\/wp\/v2\/comments?post=68301247"}],"version-history":[{"count":0,"href":"https:\/\/kraftwerk-shop.cc\/pl\/wp-json\/wp\/v2\/product\/68301247\/revisions"}],"wp:featuredmedia":[{"embeddable":true,"href":"https:\/\/kraftwerk-shop.cc\/pl\/wp-json\/wp\/v2\/media\/68301251"}],"wp:attachment":[{"href":"https:\/\/kraftwerk-shop.cc\/pl\/wp-json\/wp\/v2\/media?parent=68301247"}],"wp:term":[{"taxonomy":"product_brand","embeddable":true,"href":"https:\/\/kraftwerk-shop.cc\/pl\/wp-json\/wp\/v2\/product_brand?post=68301247"},{"taxonomy":"product_cat","embeddable":true,"href":"https:\/\/kraftwerk-shop.cc\/pl\/wp-json\/wp\/v2\/product_cat?post=68301247"},{"taxonomy":"product_tag","embeddable":true,"href":"https:\/\/kraftwerk-shop.cc\/pl\/wp-json\/wp\/v2\/product_tag?post=68301247"}],"curies":[{"name":"wp","href":"https:\/\/api.w.org\/{rel}","templated":true}]}}