{"id":68301315,"date":"2024-05-05T18:17:54","date_gmt":"2024-05-05T16:17:54","guid":{"rendered":"https:\/\/kraftwerk-shop.cc\/?post_type=product&#038;p=68301315"},"modified":"2026-02-15T01:09:39","modified_gmt":"2026-02-15T00:09:39","slug":"kooks-kolektor-wydechowy-durango-hellcat","status":"publish","type":"product","link":"https:\/\/kraftwerk-shop.cc\/pl\/produkt\/kooks-faecherkruemmer-durango-hellcat\/","title":{"rendered":"Kolektor Kooks 2\u2033 z H.O. Katalizatory Durango Hellcat"},"content":{"rendered":"<h1>Kolektor Kooks 2\u2033 z katalizatorami High Output Green dla Dodge Durango Hellcat<\/h1>\n<p>&nbsp;<\/p>\n<p>Kolektory poprawiaj\u0105 osi\u0105gi Dodge Durango Hellcat poprzez bardziej efektywne kierowanie przep\u0142ywu spalin. Dzi\u0119ki specjalnemu kszta\u0142towi umo\u017cliwiaj\u0105 lepsze rozprowadzanie spalin i zmniejszaj\u0105 ci\u015bnienie wsteczne, co prowadzi do zwi\u0119kszenia osi\u0105g\u00f3w silnika.<\/p>\n<p>Rozdzielacze Kooks s\u0105 wykonane z wytrzyma\u0142ej stali nierdzewnej T304, co zapewnia im d\u0142ug\u0105 \u017cywotno\u015b\u0107. S\u0105 one bardziej odporne na korozj\u0119 i wysokie temperatury ni\u017c konwencjonalne rozdzielacze.<\/p>\n<p>Katalizatory 300 CPI H.O. GREEN - znane r\u00f3wnie\u017c jako katalizatory GESI - to wysokowydajne katalizatory o wysokiej zawarto\u015bci platyny. Te katalizatory s\u0105 zatwierdzone przez EPA i mog\u0105 poradzi\u0107 sobie z wysokimi temperaturami spalin w mocno zmodyfikowanych pojazdach z wymuszon\u0105 indukcj\u0105.<\/p>\n<p>Ta kombinacja kolektor\u00f3w i sportowych katalizator\u00f3w mo\u017ce by\u0107 u\u017cywana bezpo\u015brednio z oryginalnym uk\u0142adem wydechowym lub z akcesoryjnymi uk\u0142adami wydechowymi, kt\u00f3re s\u0105 identyczne z oryginalnymi po\u0142\u0105czeniami.<\/p>\n<p>&nbsp;<\/p>\n<p><strong>Kolektor wentylatora Kooks<\/strong><\/p>\n<ul>\n<li>Poprawa przepustowo\u015bci spalin<\/li>\n<li>Poprawa d\u017awi\u0119ku pojazdu<\/li>\n<li>Minimalizacja przeciwci\u015bnienia w uk\u0142adzie wydechowym<\/li>\n<li>Zwi\u0119kszenie wydajno\u015bci silnika<\/li>\n<\/ul>\n<p>&nbsp;<\/p>\n<p><strong>Odpowiedni dla:<\/strong><\/p>\n<table width=\"558\">\n<tbody>\n<tr>\n<td width=\"83\"><strong>Marka<\/strong><\/td>\n<td width=\"187\"><strong>Model<\/strong><\/td>\n<td width=\"179\"><strong>Silnik<\/strong><\/td>\n<td width=\"109\"><strong>Rok<\/strong><\/td>\n<\/tr>\n<tr>\n<td width=\"83\">Dodge<\/td>\n<td width=\"187\">Durango Hellcat<\/td>\n<td>6.2<\/td>\n<td>2021\u20132025<\/td>\n<\/tr>\n<\/tbody>\n<\/table>\n<p>&nbsp;<\/p>\n<p><strong>O Kooks<\/strong><\/p>\n<p>Kolektory wydechowe i uk\u0142ady wydechowe Kooks s\u0105 liderem na rynku od ponad 50 lat. Od 1962 roku Kooks szczyci si\u0119 oferowaniem najlepszych kolektor\u00f3w i kompletnych uk\u0142ad\u00f3w wydechowych do zastosowa\u0144 ulicznych, wy\u015bcigowych i terenowych. Pojazdy z kolektorami i uk\u0142adami wydechowymi Kooks zdoby\u0142y setki tytu\u0142\u00f3w mistrzowskich i ustanowi\u0142y niezliczone rekordy w NHRA, IHRA, NMCA, NMRA, NASCAR, NASA, SCCA i wielu innych organizacjach wy\u015bcigowych.<br \/>\nWszystkie produkty Kooks s\u0105 wytwarzane r\u0119cznie w USA, a Kooks jest dumny z tego, \u017ce nadal jest niezale\u017cny.<br \/>\nNie zapomnij: \"Get Kookin with KOOKS!\"<\/p>\n<p>&nbsp;<\/p>","protected":false},"excerpt":{"rendered":"<p>Kooks 2\u2033 Kolektor z katalizatorem High Output Green dla Dodge Durango Hellcat Kolektory poprawiaj\u0105 osi\u0105gi Twojego Dodge Durango<\/p>","protected":false},"featured_media":68301318,"comment_status":"open","ping_status":"closed","template":"","meta":{"_acf_changed":false},"product_brand":[17172],"product_cat":[6600,3024],"product_tag":[6969,101,605,546,2245,49,95,662,6958,543,6961,56,6960,100,6962,20273,544,2447,550,545,927,151,527,553,6963],"class_list":{"0":"post-68301315","1":"product","2":"type-product","3":"status-publish","4":"has-post-thumbnail","6":"product_brand-kooks","7":"product_cat-durango-hellcat-abgaskruemmer-katalysatoren","8":"product_cat-nicht-nach-eu","9":"product_tag-3410h641","10":"product_tag-6-2","11":"product_tag-abgaskruemmer","12":"product_tag-auspuff","13":"product_tag-auspuffanlage","14":"product_tag-dodge","15":"product_tag-durango","16":"product_tag-edelstahl","17":"product_tag-edelstahlkruemmer","18":"product_tag-faecherkruemmer","19":"product_tag-gesi-katalysatoren","20":"product_tag-grand-cherokee","21":"product_tag-green-katalysatoren","22":"product_tag-hellcat","23":"product_tag-hochleistungs-katalysatoren","24":"product_tag-keintuev","25":"product_tag-kooks","26":"product_tag-kooks-headers","27":"product_tag-kruemmer","28":"product_tag-longtube","29":"product_tag-longtubes","30":"product_tag-redeye","31":"product_tag-sportkat","32":"product_tag-sportkatalysator","33":"product_tag-t304","34":"product_shipping_class-paket-xl","36":"first","37":"onbackorder","38":"taxable","39":"shipping-taxable","40":"purchasable","41":"product-type-simple"},"bundled_by":[],"bundle_stock_status":"onbackorder","bundle_stock_quantity":0,"bundle_virtual":false,"bundle_layout":"","bundle_add_to_cart_form_location":"","bundle_editable_in_cart":false,"bundle_sold_individually_context":"","bundle_item_grouping":"","bundle_min_size":"","bundle_max_size":"","bundle_price":[],"bundled_items":[],"bundle_sell_ids":[],"exclude_global_add_ons":[],"addons":[],"acf":[],"_links":{"self":[{"href":"https:\/\/kraftwerk-shop.cc\/pl\/wp-json\/wp\/v2\/product\/68301315","targetHints":{"allow":["GET"]}}],"collection":[{"href":"https:\/\/kraftwerk-shop.cc\/pl\/wp-json\/wp\/v2\/product"}],"about":[{"href":"https:\/\/kraftwerk-shop.cc\/pl\/wp-json\/wp\/v2\/types\/product"}],"replies":[{"embeddable":true,"href":"https:\/\/kraftwerk-shop.cc\/pl\/wp-json\/wp\/v2\/comments?post=68301315"}],"version-history":[{"count":0,"href":"https:\/\/kraftwerk-shop.cc\/pl\/wp-json\/wp\/v2\/product\/68301315\/revisions"}],"wp:featuredmedia":[{"embeddable":true,"href":"https:\/\/kraftwerk-shop.cc\/pl\/wp-json\/wp\/v2\/media\/68301318"}],"wp:attachment":[{"href":"https:\/\/kraftwerk-shop.cc\/pl\/wp-json\/wp\/v2\/media?parent=68301315"}],"wp:term":[{"taxonomy":"product_brand","embeddable":true,"href":"https:\/\/kraftwerk-shop.cc\/pl\/wp-json\/wp\/v2\/product_brand?post=68301315"},{"taxonomy":"product_cat","embeddable":true,"href":"https:\/\/kraftwerk-shop.cc\/pl\/wp-json\/wp\/v2\/product_cat?post=68301315"},{"taxonomy":"product_tag","embeddable":true,"href":"https:\/\/kraftwerk-shop.cc\/pl\/wp-json\/wp\/v2\/product_tag?post=68301315"}],"curies":[{"name":"wp","href":"https:\/\/api.w.org\/{rel}","templated":true}]}}