{"id":68301590,"date":"2024-05-18T14:24:02","date_gmt":"2024-05-18T12:24:02","guid":{"rendered":"https:\/\/kraftwerk-shop.cc\/?post_type=product&#038;p=68301590"},"modified":"2026-02-15T01:09:49","modified_gmt":"2026-02-15T00:09:49","slug":"boczne-swiatla-obrysowe-raxiom-challenger","status":"publish","type":"product","link":"https:\/\/kraftwerk-shop.cc\/pl\/produkt\/raxiom-seitenmarkierungsleuchten-challenger\/","title":{"rendered":"Boczne \u015bwiat\u0142a obrysowe LED Raxiom Challenger"},"content":{"rendered":"<h1>Boczne \u015bwiat\u0142a obrysowe \/ boczne \u015bwiat\u0142a obrysowe LED serii Raxiom Axial (przyciemniane na czarno) do Dodge Challenger 2008 - 2014<\/h1>\n<p>&nbsp;<\/p>\n<p>Nadaj swojemu Dodge Challengerowi z lat modelowych 2008-2014 nowoczesny i agresywny wygl\u0105d dzi\u0119ki bocznym \u015bwiat\u0142om obrysowym LED z serii Raxiom Axial.<br \/>\nTe wysokiej jako\u015bci \u015bwiat\u0142a zast\u0119puj\u0105 standardowe \u017car\u00f3wki jasnymi paskami LED, kt\u00f3re zapewniaj\u0105 lepsz\u0105 widoczno\u015b\u0107 zar\u00f3wno w dzie\u0144, jak i w nocy. Przyciemniane soczewki z poliw\u0119glanu i wytrzyma\u0142a, formowana wtryskowo obudowa z tworzywa ABS zapewniaj\u0105 nie tylko przyci\u0105gaj\u0105cy wzrok wygl\u0105d, ale tak\u017ce ochron\u0119 przed czynnikami atmosferycznymi.<\/p>\n<p>Raxiom produkuje swoje boczne \u015bwiat\u0142a obrysowe z formowanymi wtryskowo obudowami z tworzywa ABS dla zapewnienia trwa\u0142o\u015bci i wykorzystuje przyciemniane soczewki z poliw\u0119glanu dla uzyskania agresywnego wygl\u0105du. Te boczne \u015bwiat\u0142a obrysowe s\u0105 wyposa\u017cone w wysokowydajne czerwone (tylne) i bursztynowe (przednie) paski \u015bwietlne SMD LED zapewniaj\u0105ce wyj\u0105tkowo jasne \u015bwiat\u0142o. Raxiom zapewnia, \u017ce obudowy bocznych \u015bwiate\u0142 obrysowych s\u0105 odporne na warunki atmosferyczne, aby zapobiec uszkodzeniu najnowocze\u015bniejszej elektroniki przez brud i wilgo\u0107.<\/p>\n<p>Firma Raxiom opracowa\u0142a boczne \u015bwiat\u0142a obrysowe LED, aby bezpo\u015brednio zast\u0105pi\u0107 oryginalne \u015bwiat\u0142a fabryczne w \u0142adowarce. Nie jest wymagane ci\u0119cie, klejenie ani instalacja rezystor\u00f3w.<\/p>\n<p>&nbsp;<\/p>\n<p><strong>W\u0142a\u015bciwo\u015bci:<\/strong><\/p>\n<ul>\n<li>Wysokiej jako\u015bci ta\u015bmy LED zapewniaj\u0105 wyra\u017ane i jasne o\u015bwietlenie, kt\u00f3re zwi\u0119ksza widoczno\u015b\u0107 i bezpiecze\u0144stwo.<\/li>\n<li>Wytrzyma\u0142a konstrukcja - formowana wtryskowo obudowa z tworzywa ABS i przyciemniane soczewki z poliw\u0119glanu s\u0105 odporne na trudne warunki pogodowe.<\/li>\n<li>\u0141atwa instalacja - konstrukcja typu plug-and-play umo\u017cliwia \u0142atw\u0105 instalacj\u0119 bez konieczno\u015bci ci\u0119cia lub \u0142\u0105czenia.<\/li>\n<li>Agresywny wygl\u0105d - Przyciemniane soczewki nadaj\u0105 pojazdowi nowoczesny i agresywny wygl\u0105d.<\/li>\n<\/ul>\n<p>&nbsp;<\/p>\n<p><strong>Szczeg\u00f3\u0142y techniczne:<\/strong><\/p>\n<ul>\n<li>Pozycja: prz\u00f3d i ty\u0142<\/li>\n<li>Materia\u0142 obudowy: tworzywo ABS<\/li>\n<li>Materia\u0142 soczewki: Przyciemniany poliw\u0119glan<\/li>\n<li>Kompatybilno\u015b\u0107: pasuje do wszystkich modeli Dodge Challenger od 2008 do 2014 roku.<\/li>\n<\/ul>\n<p>&nbsp;<\/p>\n<p><strong>Zakres dostawy:<\/strong><\/p>\n<ul>\n<li>2 przednie boczne \u015bwiat\u0142a obrysowe<\/li>\n<li>2 tylne boczne \u015bwiat\u0142a obrysowe<\/li>\n<\/ul>\n<p>&nbsp;<\/p>","protected":false},"excerpt":{"rendered":"<p>2008\u20132014<\/p>","protected":false},"featured_media":68301593,"comment_status":"open","ping_status":"closed","template":"","meta":{"_acf_changed":false},"product_brand":[],"product_cat":[6983,6984,6985,6987],"product_tag":[6973,6978,965,6981,54,49,3853,3877,798,6979,6974,6980,6972,148,6976,986,6975,841],"class_list":{"0":"post-68301590","1":"product","2":"type-product","3":"status-publish","4":"has-post-thumbnail","6":"product_cat-challenger-36-beleuchtung","7":"product_cat-challenger-57-beleuchtung","8":"product_cat-challenger-61-beleuchtung","9":"product_cat-challenger-64-beleuchtung","10":"product_tag-axial-series","11":"product_tag-beleuchtung","12":"product_tag-black","13":"product_tag-ch3218","14":"product_tag-challenger","15":"product_tag-dodge","16":"product_tag-dodge-challenger","17":"product_tag-getoent","18":"product_tag-hinten","19":"product_tag-lampen","20":"product_tag-led","21":"product_tag-licht","22":"product_tag-raxiom","23":"product_tag-schwarz","24":"product_tag-seitenmarkierungsleuchten","25":"product_tag-set","26":"product_tag-sidemarker","27":"product_tag-vorne","28":"product_shipping_class-deutschlandohne","30":"first","31":"instock","32":"taxable","33":"shipping-taxable","34":"purchasable","35":"product-type-simple"},"bundled_by":[],"bundle_stock_status":"instock","bundle_stock_quantity":4,"bundle_virtual":false,"bundle_layout":"","bundle_add_to_cart_form_location":"","bundle_editable_in_cart":false,"bundle_sold_individually_context":"","bundle_item_grouping":"","bundle_min_size":"","bundle_max_size":"","bundle_price":[],"bundled_items":[],"bundle_sell_ids":[],"exclude_global_add_ons":[],"addons":[],"acf":[],"_links":{"self":[{"href":"https:\/\/kraftwerk-shop.cc\/pl\/wp-json\/wp\/v2\/product\/68301590","targetHints":{"allow":["GET"]}}],"collection":[{"href":"https:\/\/kraftwerk-shop.cc\/pl\/wp-json\/wp\/v2\/product"}],"about":[{"href":"https:\/\/kraftwerk-shop.cc\/pl\/wp-json\/wp\/v2\/types\/product"}],"replies":[{"embeddable":true,"href":"https:\/\/kraftwerk-shop.cc\/pl\/wp-json\/wp\/v2\/comments?post=68301590"}],"version-history":[{"count":0,"href":"https:\/\/kraftwerk-shop.cc\/pl\/wp-json\/wp\/v2\/product\/68301590\/revisions"}],"wp:featuredmedia":[{"embeddable":true,"href":"https:\/\/kraftwerk-shop.cc\/pl\/wp-json\/wp\/v2\/media\/68301593"}],"wp:attachment":[{"href":"https:\/\/kraftwerk-shop.cc\/pl\/wp-json\/wp\/v2\/media?parent=68301590"}],"wp:term":[{"taxonomy":"product_brand","embeddable":true,"href":"https:\/\/kraftwerk-shop.cc\/pl\/wp-json\/wp\/v2\/product_brand?post=68301590"},{"taxonomy":"product_cat","embeddable":true,"href":"https:\/\/kraftwerk-shop.cc\/pl\/wp-json\/wp\/v2\/product_cat?post=68301590"},{"taxonomy":"product_tag","embeddable":true,"href":"https:\/\/kraftwerk-shop.cc\/pl\/wp-json\/wp\/v2\/product_tag?post=68301590"}],"curies":[{"name":"wp","href":"https:\/\/api.w.org\/{rel}","templated":true}]}}