{"id":68301630,"date":"2024-05-18T21:08:33","date_gmt":"2024-05-18T19:08:33","guid":{"rendered":"https:\/\/kraftwerk-shop.cc\/?post_type=product&#038;p=68301630"},"modified":"2026-03-07T01:57:26","modified_gmt":"2026-03-07T00:57:26","slug":"raxiom-reflector-challenger","status":"publish","type":"product","link":"https:\/\/kraftwerk-shop.cc\/pl\/produkt\/raxiom-reflektor-challenger\/","title":{"rendered":"Lampy odblaskowe LED tylnego zderzaka Raxiom Challenger"},"content":{"rendered":"<h1>\u015awiat\u0142a odblaskowe LED tylnego zderzaka z serii Raxiom Axial (przyciemniane na czarno) dla Dodge Challenger 2015 - 2023<\/h1>\n<p>&nbsp;<\/p>\n<p>Zwi\u0119ksz widoczno\u015b\u0107 i bezpiecze\u0144stwo swojego Dodge Challengera (rok modelowy 2015-2023) dzi\u0119ki lampom odblaskowym tylnego zderzaka Raxiom Axial Series LED. Te lampy odblaskowe zast\u0119puj\u0105 fabryczne reflektory super jasnymi diodami LED, kt\u00f3re zapewniaj\u0105 lepsz\u0105 widoczno\u015b\u0107 zar\u00f3wno w dzie\u0144, jak i w nocy. Wykonane z formowanego wtryskowo tworzywa ABS i przyciemnianych soczewek z poliw\u0119glanu, oferuj\u0105 trwa\u0142e i stylowe rozwi\u0105zanie.<br \/>\nInstalacja jest prosta, ale wymaga integracji z istniej\u0105c\u0105 wi\u0105zk\u0105 przewod\u00f3w.<\/p>\n<p>&nbsp;<\/p>\n<p><strong>Cechy produktu:<\/strong><\/p>\n<ul>\n<li>Lepsza widoczno\u015b\u0107 i bezpiecze\u0144stwo: \u015awiat\u0142a odblaskowe LED tylnego zderzaka Raxiom Axial Series oferuj\u0105 znaczn\u0105 popraw\u0119 widoczno\u015bci pojazdu, zar\u00f3wno w dzie\u0144, jak i w nocy. Super jasne diody LED zapewniaj\u0105, \u017ce Dodge Challenger (rok modelowy 2015-2023) jest lepiej widoczny w ka\u017cdej sytuacji.<\/li>\n<li>Wysokiej jako\u015bci materia\u0142y: Wykonane z formowanego wtryskowo tworzywa ABS i przyciemnianych soczewek z poliw\u0119glanu, te lampy odblaskowe s\u0105 solidne i trwa\u0142e. Przyciemniane soczewki nadaj\u0105 pojazdowi stylowy, nowoczesny wygl\u0105d.<\/li>\n<li>Prosta instalacja: Te reflektory LED zosta\u0142y zaprojektowane jako bezpo\u015bredni zamiennik reflektor\u00f3w fabrycznych i mo\u017cna je zainstalowa\u0107 przy niewielkim wysi\u0142ku. Instalacja wymaga jedynie integracji z istniej\u0105c\u0105 wi\u0105zk\u0105 przewod\u00f3w.<\/li>\n<\/ul>\n<p>&nbsp;<\/p>\n<p><strong>Dane techniczne:<\/strong><\/p>\n<ul>\n<li>Typ lampy: LED<\/li>\n<li>Materia\u0142 obudowy: formowane wtryskowo tworzywo ABS<\/li>\n<li>Materia\u0142 soczewek: poliw\u0119glan, przyciemniane<\/li>\n<li>Kompatybilno\u015b\u0107: pasuje do modeli Dodge Challenger od 2015 do 2023 roku<\/li>\n<\/ul>\n<p>&nbsp;<\/p>\n<p><strong>Zakres dostawy:<\/strong><\/p>\n<ul>\n<li>2x \u015bwiat\u0142a odblaskowe LED (po stronie kierowcy i pasa\u017cera)<\/li>\n<\/ul>","protected":false},"excerpt":{"rendered":"<p>2015\u20132023<\/p>","protected":false},"featured_media":68301635,"comment_status":"open","ping_status":"closed","template":"","meta":{"_acf_changed":false},"product_brand":[],"product_cat":[6983,6984,6986,6987],"product_tag":[6973,6978,965,6988,54,49,3853,3877,798,6979,6974,6980,6972,6990,6991,6989,148,986,841],"class_list":{"0":"post-68301630","1":"product","2":"type-product","3":"status-publish","4":"has-post-thumbnail","6":"product_cat-challenger-36-beleuchtung","7":"product_cat-challenger-57-beleuchtung","8":"product_cat-challenger-hellcat-beleuchtung","9":"product_cat-challenger-64-beleuchtung","10":"product_tag-axial-series","11":"product_tag-beleuchtung","12":"product_tag-black","13":"product_tag-ch6725","14":"product_tag-challenger","15":"product_tag-dodge","16":"product_tag-dodge-challenger","17":"product_tag-getoent","18":"product_tag-hinten","19":"product_tag-lampen","20":"product_tag-led","21":"product_tag-licht","22":"product_tag-raxiom","23":"product_tag-reflektor","24":"product_tag-reflektoren","25":"product_tag-reflektorlampen","26":"product_tag-schwarz","27":"product_tag-set","28":"product_tag-vorne","30":"first","31":"instock","32":"taxable","33":"shipping-taxable","34":"purchasable","35":"product-type-simple"},"bundled_by":[],"bundle_stock_status":"instock","bundle_stock_quantity":2,"bundle_virtual":false,"bundle_layout":"","bundle_add_to_cart_form_location":"","bundle_editable_in_cart":false,"bundle_sold_individually_context":"","bundle_item_grouping":"","bundle_min_size":"","bundle_max_size":"","bundle_price":[],"bundled_items":[],"bundle_sell_ids":[],"exclude_global_add_ons":[],"addons":[],"acf":[],"_links":{"self":[{"href":"https:\/\/kraftwerk-shop.cc\/pl\/wp-json\/wp\/v2\/product\/68301630","targetHints":{"allow":["GET"]}}],"collection":[{"href":"https:\/\/kraftwerk-shop.cc\/pl\/wp-json\/wp\/v2\/product"}],"about":[{"href":"https:\/\/kraftwerk-shop.cc\/pl\/wp-json\/wp\/v2\/types\/product"}],"replies":[{"embeddable":true,"href":"https:\/\/kraftwerk-shop.cc\/pl\/wp-json\/wp\/v2\/comments?post=68301630"}],"version-history":[{"count":0,"href":"https:\/\/kraftwerk-shop.cc\/pl\/wp-json\/wp\/v2\/product\/68301630\/revisions"}],"wp:featuredmedia":[{"embeddable":true,"href":"https:\/\/kraftwerk-shop.cc\/pl\/wp-json\/wp\/v2\/media\/68301635"}],"wp:attachment":[{"href":"https:\/\/kraftwerk-shop.cc\/pl\/wp-json\/wp\/v2\/media?parent=68301630"}],"wp:term":[{"taxonomy":"product_brand","embeddable":true,"href":"https:\/\/kraftwerk-shop.cc\/pl\/wp-json\/wp\/v2\/product_brand?post=68301630"},{"taxonomy":"product_cat","embeddable":true,"href":"https:\/\/kraftwerk-shop.cc\/pl\/wp-json\/wp\/v2\/product_cat?post=68301630"},{"taxonomy":"product_tag","embeddable":true,"href":"https:\/\/kraftwerk-shop.cc\/pl\/wp-json\/wp\/v2\/product_tag?post=68301630"}],"curies":[{"name":"wp","href":"https:\/\/api.w.org\/{rel}","templated":true}]}}