{"id":68302137,"date":"2024-06-16T16:18:14","date_gmt":"2024-06-16T14:18:14","guid":{"rendered":"https:\/\/kraftwerk-shop.cc\/?post_type=product&#038;p=68302137"},"modified":"2026-03-30T02:18:11","modified_gmt":"2026-03-30T00:18:11","slug":"kooks-kolektor-wydechowy-katalizatory-ram-57","status":"publish","type":"product","link":"https:\/\/kraftwerk-shop.cc\/pl\/produkt\/kooks-faecherkruemmer-katalysatoren-ram-57\/","title":{"rendered":"Kolektor Kooks 1 3\/4\u2033 z zielonymi katalizatorami RAM 5.7"},"content":{"rendered":"<h1>Kolektor Kooks 1 3\/4\u2033 z zielonymi katalizatorami dla RAM 5.7 od 2009 do 2018 i Classic 2019 - 2024<\/h1>\n<p>&nbsp;<\/p>\n<p>Kolektory poprawiaj\u0105 osi\u0105gi RAM 5.7 poprzez bardziej efektywne kierowanie przep\u0142ywu spalin. Dzi\u0119ki specjalnemu kszta\u0142towi umo\u017cliwiaj\u0105 lepsze rozprowadzanie spalin i zmniejszaj\u0105 ci\u015bnienie wsteczne, co prowadzi do zwi\u0119kszenia osi\u0105g\u00f3w silnika.<\/p>\n<p>Rozdzielacze Kooks s\u0105 wykonane z wytrzyma\u0142ej stali nierdzewnej T304, co zapewnia im d\u0142ug\u0105 \u017cywotno\u015b\u0107. S\u0105 one bardziej odporne na korozj\u0119 i wysokie temperatury ni\u017c konwencjonalne rozdzielacze.<\/p>\n<p>Katalizatory GREEN s\u0105 wysokowydajnymi katalizatorami o wysokiej zawarto\u015bci platyny i posiadaj\u0105 homologacj\u0119 EPA.<\/p>\n<p>Ta kombinacja kolektor\u00f3w i sportowych katalizator\u00f3w mo\u017ce by\u0107 u\u017cywana bezpo\u015brednio z oryginalnym uk\u0142adem wydechowym lub z akcesoryjnymi uk\u0142adami wydechowymi, kt\u00f3re s\u0105 identyczne z oryginalnymi po\u0142\u0105czeniami.<\/p>\n<p>&nbsp;<\/p>\n<p><strong>Kolektor wentylatora Kooks<\/strong><\/p>\n<ul>\n<li>Poprawa przepustowo\u015bci spalin<\/li>\n<li>Poprawa d\u017awi\u0119ku pojazdu<\/li>\n<li>Minimalizacja przeciwci\u015bnienia w uk\u0142adzie wydechowym<\/li>\n<li>Zwi\u0119kszenie wydajno\u015bci silnika<\/li>\n<\/ul>\n<p>&nbsp;<\/p>\n<p><strong>Odpowiedni dla:<\/strong><\/p>\n<ul>\n<li>2023 Ram 1500 Classic Warlock V8 5.7<\/li>\n<li>2023 Ram 1500 Classic Tradesman V8 5.7<\/li>\n<li>2023 Ram 1500 Classic Express V8 5.7<\/li>\n<li>2023 Ram 1500 Classic Special Service V8 5.7<\/li>\n<li>2023 Ram 1500 Classic SLT V8 5.7<\/li>\n<li>2022 Ram 1500 Classic Warlock V8 5.7<\/li>\n<li>2022 Ram 1500 Classic Tradesman V8 5.7<\/li>\n<li>2022 Ram 1500 Classic Express V8 5.7<\/li>\n<li>2022 Ram 1500 Classic Special Service V8 5.7<\/li>\n<li>2022 Ram 1500 Classic SLT V8 5.7<\/li>\n<li>2021 Ram 1500 Classic Warlock V8 5.7<\/li>\n<li>2021 Ram 1500 Classic Tradesman V8 5.7<\/li>\n<li>2021 Ram 1500 Classic Express V8 5.7<\/li>\n<li>2021 Ram 1500 Classic Special Service V8 5.7<\/li>\n<li>2021 Ram 1500 Classic SLT V8 5.7<\/li>\n<li>2020 Ram 1500 Classic Warlock V8 5.7<\/li>\n<li>2020 Ram 1500 Classic Tradesman V8 5.7<\/li>\n<li>2020 Ram 1500 Classic Express V8 5.7<\/li>\n<li>2020 Ram 1500 Classic Special Service V8 5.7<\/li>\n<li>2020 Ram 1500 Classic SLT V8 5.7<\/li>\n<li>2019 Ram 1500 Classic Warlock V8 5.7<\/li>\n<li>2019 Ram 1500 Classic Tradesman V8 5.7<\/li>\n<li>2019 Ram 1500 Classic Express V8 5.7<\/li>\n<li>2019 Ram 1500 Classic Special Service V8 5.7<\/li>\n<li>2019 Ram 1500 Classic SLT V8 5.7<\/li>\n<li>2019 Ram 1500 Classic Lone Star V8 5.7<\/li>\n<li>2019 Ram 1500 Classic Big Horn V8 5.7<\/li>\n<li>2018 Ram 1500 Big Horn V8 5.7<\/li>\n<li>2018 Ram 1500 Laramie Longhorn V8 5.7<\/li>\n<li>2018 Ram 1500 ST V8 5.7<\/li>\n<li>2018 Ram 1500 Outdoorsman V8 5.7<\/li>\n<li>2018 Ram 1500 SLT V8 5.7<\/li>\n<li>2018 Ram 1500 Laramie V8 5.7<\/li>\n<li>2018 Ram 1500 Sport V8 5.7<\/li>\n<li>2018 Ram 1500 Tradesman V8 5.7<\/li>\n<li>2018 Ram 1500 SXT V8 5.7<\/li>\n<li>2018 Ram 1500 Express V8 5.7<\/li>\n<li>2018 Ram 1500 Laramie Limited V8 5.7<\/li>\n<li>2018 Ram 1500 Lone Star V8 5.7<\/li>\n<li>2018 Ram 1500 Limited V8 5.7<\/li>\n<li>2018 Ram 1500 Rebel V8 5.7<\/li>\n<li>2017 Ram 1500 Big Horn V8 5.7<\/li>\n<li>2017 Ram 1500 Laramie Longhorn V8 5.7<\/li>\n<li>2017 Ram 1500 ST V8 5.7<\/li>\n<li>2017 Ram 1500 Outdoorsman V8 5.7<\/li>\n<li>2017 Ram 1500 SLT V8 5.7<\/li>\n<li>2017 Ram 1500 Laramie V8 5.7<\/li>\n<li>2017 Ram 1500 Sport V8 5.7<\/li>\n<li>2017 Ram 1500 Tradesman V8 5.7<\/li>\n<li>2017 Ram 1500 SXT V8 5.7<\/li>\n<li>2017 Ram 1500 Express V8 5.7<\/li>\n<li>2017 Ram 1500 Laramie Limited V8 5.7<\/li>\n<li>2017 Ram 1500 Lone Star V8 5.7<\/li>\n<li>2017 Ram 1500 Limited V8 5.7<\/li>\n<li>2017 Ram 1500 Rebel V8 5.7<\/li>\n<li>2016 Ram 1500 Big Horn V8 5.7<\/li>\n<li>2016 Ram 1500 Laramie Longhorn V8 5.7<\/li>\n<li>2016 Ram 1500 ST V8 5.7<\/li>\n<li>2016 Ram 1500 Outdoorsman V8 5.7<\/li>\n<li>2016 Ram 1500 SLT V8 5.7<\/li>\n<li>2016 Ram 1500 Laramie V8 5.7<\/li>\n<li>2016 Ram 1500 Sport V8 5.7<\/li>\n<li>2016 Ram 1500 Tradesman V8 5.7<\/li>\n<li>2016 Ram 1500 SXT V8 5.7<\/li>\n<li>2016 Ram 1500 Express V8 5.7<\/li>\n<li>2016 Ram 1500 Laramie Limited V8 5.7<\/li>\n<li>2016 Ram 1500 Lone Star V8 5.7<\/li>\n<li>2016 Ram 1500 Limited V8 5.7<\/li>\n<li>2016 Ram 1500 Rebel V8 5.7<\/li>\n<li>2015 Ram 1500 Big Horn V8 5.7<\/li>\n<li>2015 Ram 1500 Laramie Longhorn V8 5.7<\/li>\n<li>2015 Ram 1500 ST V8 5.7<\/li>\n<li>2015 Ram 1500 Outdoorsman V8 5.7<\/li>\n<li>2015 Ram 1500 SLT V8 5.7<\/li>\n<li>2015 Ram 1500 Laramie V8 5.7<\/li>\n<li>2015 Ram 1500 Sport V8 5.7<\/li>\n<li>2015 Ram 1500 Tradesman V8 5.7<\/li>\n<li>2015 Ram 1500 SXT V8 5.7<\/li>\n<li>2015 Ram 1500 Express V8 5.7<\/li>\n<li>2015 Ram 1500 Laramie Limited V8 5.7<\/li>\n<li>2015 Ram 1500 Lone Star V8 5.7<\/li>\n<li>2015 Ram 1500 Limited V8 5.7<\/li>\n<li>2015 Ram 1500 Rebel V8 5.7<\/li>\n<li>2014 Ram 1500 Big Horn V8 5.7<\/li>\n<li>2014 Ram 1500 Laramie Longhorn V8 5.7<\/li>\n<li>2014 Ram 1500 ST V8 5.7<\/li>\n<li>2014 Ram 1500 Outdoorsman V8 5.7<\/li>\n<li>2014 Ram 1500 SLT V8 5.7<\/li>\n<li>2014 Ram 1500 Laramie V8 5.7<\/li>\n<li>2014 Ram 1500 Sport V8 5.7<\/li>\n<li>2014 Ram 1500 Tradesman V8 5.7<\/li>\n<li>2014 Ram 1500 SXT V8 5.7<\/li>\n<li>2014 Ram 1500 Express V8 5.7<\/li>\n<li>2014 Ram 1500 Laramie Limited V8 5.7<\/li>\n<li>2014 Ram 1500 Lone Star V8 5.7<\/li>\n<li>2013 Ram 1500 Big Horn V8 5.7<\/li>\n<li>2013 Ram 1500 Laramie Longhorn V8 5.7<\/li>\n<li>2013 Ram 1500 ST V8 5.7<\/li>\n<li>2013 Ram 1500 Outdoorsman V8 5.7<\/li>\n<li>2013 Ram 1500 SLT V8 5.7<\/li>\n<li>2013 Ram 1500 Laramie V8 5.7<\/li>\n<li>2013 Ram 1500 Sport V8 5.7<\/li>\n<li>2013 Ram 1500 Tradesman V8 5.7<\/li>\n<li>2013 Ram 1500 SXT V8 5.7<\/li>\n<li>2013 Ram 1500 Express V8 5.7<\/li>\n<li>2012 Ram 1500 Big Horn V8 5.7<\/li>\n<li>2012 Ram 1500 Laramie Longhorn V8 5.7<\/li>\n<li>2012 Ram 1500 ST V8 5.7<\/li>\n<li>2012 Ram 1500 Outdoorsman V8 5.7<\/li>\n<li>2012 Ram 1500 SLT V8 5.7<\/li>\n<li>2012 Ram 1500 Laramie V8 5.7<\/li>\n<li>2012 Ram 1500 Sport V8 5.7<\/li>\n<li>2012 Ram 1500 Tradesman V8 5.7<\/li>\n<li>2012 Ram 1500 Express V8 5.7<\/li>\n<li>2011 Ram 1500 Big Horn V8 5.7<\/li>\n<li>2011 Ram 1500 Laramie Longhorn V8 5.7<\/li>\n<li>2011 Ram 1500 ST V8 5.7<\/li>\n<li>2011 Ram 1500 Outdoorsman V8 5.7<\/li>\n<li>2011 Ram 1500 SLT V8 5.7<\/li>\n<li>2011 Ram 1500 Laramie V8 5.7<\/li>\n<li>2011 Ram 1500 Sport V8 5.7<\/li>\n<li>2011 Ram 1500 Tradesman V8 5.7<\/li>\n<li>2011 Ram 1500 SXT V8 5.7<\/li>\n<li>2010 Dodge Ram 1500 ST V8 5.7<\/li>\n<li>2010 Dodge Ram 1500 TRX V8 5.7<\/li>\n<li>2010 Dodge Ram 1500 TRX4 V8 5.7<\/li>\n<li>2010 Dodge Ram 1500 Sport V8 5.7<\/li>\n<li>2010 Dodge Ram 1500 Laramie V8 5.7<\/li>\n<li>2010 Dodge Ram 1500 SLT V8 5.7<\/li>\n<li>2009 Dodge Ram 1500 ST V8 5.7<\/li>\n<li>2009 Dodge Ram 1500 TRX V8 5.7<\/li>\n<li>2009 Dodge Ram 1500 TRX4 V8 5.7<\/li>\n<li>2009 Dodge Ram 1500 Sport V8 5.7<\/li>\n<li>2009 Dodge Ram 1500 Laramie V8 5.7<\/li>\n<li>2009 Dodge Ram 1500 SLT V8 5.7<\/li>\n<\/ul>\n<p>&nbsp;<\/p>\n<p><strong>O Kooks<\/strong><\/p>\n<p>Kolektory wydechowe i uk\u0142ady wydechowe Kooks s\u0105 liderem na rynku od ponad 50 lat. Od 1962 roku Kooks szczyci si\u0119 oferowaniem najlepszych kolektor\u00f3w i kompletnych uk\u0142ad\u00f3w wydechowych do zastosowa\u0144 ulicznych, wy\u015bcigowych i terenowych. Pojazdy z kolektorami i uk\u0142adami wydechowymi Kooks zdoby\u0142y setki tytu\u0142\u00f3w mistrzowskich i ustanowi\u0142y niezliczone rekordy w NHRA, IHRA, NMCA, NMRA, NASCAR, NASA, SCCA i wielu innych organizacjach wy\u015bcigowych.<br \/>\nWszystkie produkty Kooks s\u0105 wytwarzane r\u0119cznie w USA, a Kooks jest dumny z tego, \u017ce nadal jest niezale\u017cny.<br \/>\nNie zapomnij: \"Get Kookin with KOOKS!\"<\/p>\n<p>&nbsp;<\/p>","protected":false},"excerpt":{"rendered":"<p>2009 - 2018 i Classic 2019 - 2024<\/p>","protected":false},"featured_media":68302143,"comment_status":"open","ping_status":"closed","template":"","meta":{"_acf_changed":false},"product_brand":[17172],"product_cat":[3024,6621],"product_tag":[475,7012,91,546,49,477,543,6960,549,126,20273,544,2447,36,550,545,86,527,553],"class_list":{"0":"post-68302137","1":"product","2":"type-product","3":"status-publish","4":"has-post-thumbnail","6":"product_brand-kooks","7":"product_cat-nicht-nach-eu","8":"product_cat-1500-57-2009-2018-classic-abgaskruemmer-katalysatoren","9":"product_tag-475","10":"product_tag-3510h231","11":"product_tag-5-7","12":"product_tag-auspuff","13":"product_tag-dodge","14":"product_tag-ds","15":"product_tag-faecherkruemmer","16":"product_tag-green-katalysatoren","17":"product_tag-header","18":"product_tag-hemi","19":"product_tag-keintuev","20":"product_tag-kooks","21":"product_tag-kooks-headers","22":"product_tag-kraftwerk","23":"product_tag-kruemmer","24":"product_tag-longtube","25":"product_tag-ram","26":"product_tag-sportkat","27":"product_tag-sportkatalysator","28":"product_shipping_class-paket-xl","30":"first","31":"onbackorder","32":"taxable","33":"shipping-taxable","34":"purchasable","35":"product-type-simple"},"bundled_by":[],"bundle_stock_status":"onbackorder","bundle_stock_quantity":0,"bundle_virtual":false,"bundle_layout":"","bundle_add_to_cart_form_location":"","bundle_editable_in_cart":false,"bundle_sold_individually_context":"","bundle_item_grouping":"","bundle_min_size":"","bundle_max_size":"","bundle_price":[],"bundled_items":[],"bundle_sell_ids":[],"exclude_global_add_ons":[],"addons":[],"acf":[],"_links":{"self":[{"href":"https:\/\/kraftwerk-shop.cc\/pl\/wp-json\/wp\/v2\/product\/68302137","targetHints":{"allow":["GET"]}}],"collection":[{"href":"https:\/\/kraftwerk-shop.cc\/pl\/wp-json\/wp\/v2\/product"}],"about":[{"href":"https:\/\/kraftwerk-shop.cc\/pl\/wp-json\/wp\/v2\/types\/product"}],"replies":[{"embeddable":true,"href":"https:\/\/kraftwerk-shop.cc\/pl\/wp-json\/wp\/v2\/comments?post=68302137"}],"version-history":[{"count":0,"href":"https:\/\/kraftwerk-shop.cc\/pl\/wp-json\/wp\/v2\/product\/68302137\/revisions"}],"wp:featuredmedia":[{"embeddable":true,"href":"https:\/\/kraftwerk-shop.cc\/pl\/wp-json\/wp\/v2\/media\/68302143"}],"wp:attachment":[{"href":"https:\/\/kraftwerk-shop.cc\/pl\/wp-json\/wp\/v2\/media?parent=68302137"}],"wp:term":[{"taxonomy":"product_brand","embeddable":true,"href":"https:\/\/kraftwerk-shop.cc\/pl\/wp-json\/wp\/v2\/product_brand?post=68302137"},{"taxonomy":"product_cat","embeddable":true,"href":"https:\/\/kraftwerk-shop.cc\/pl\/wp-json\/wp\/v2\/product_cat?post=68302137"},{"taxonomy":"product_tag","embeddable":true,"href":"https:\/\/kraftwerk-shop.cc\/pl\/wp-json\/wp\/v2\/product_tag?post=68302137"}],"curies":[{"name":"wp","href":"https:\/\/api.w.org\/{rel}","templated":true}]}}