{"id":68302299,"date":"2024-06-22T22:49:20","date_gmt":"2024-06-22T20:49:20","guid":{"rendered":"https:\/\/kraftwerk-shop.cc\/?post_type=product&#038;p=68302299"},"modified":"2026-02-15T01:10:02","modified_gmt":"2026-02-15T00:10:02","slug":"kooks-kolektor-wydechowy-durango-57","status":"publish","type":"product","link":"https:\/\/kraftwerk-shop.cc\/pl\/produkt\/kooks-faecherkruemmer-durango-57\/","title":{"rendered":"Kolektor Kooks 1 7\/8\u2033 z zielonymi katalizatorami Durango 5.7"},"content":{"rendered":"<h1>Kolektor Kooks 1 7\/8\u2033 z zielonym katalizatorem do Dodge Durango 5.7<\/h1>\n<p>&nbsp;<\/p>\n<p>Kolektory poprawiaj\u0105 osi\u0105gi Durango 5.7, poprzez bardziej efektywne kierowanie przep\u0142ywu spalin. Dzi\u0119ki specjalnemu kszta\u0142towi umo\u017cliwiaj\u0105 lepsze rozprowadzanie spalin i zmniejszaj\u0105 ci\u015bnienie wsteczne, co prowadzi do zwi\u0119kszenia osi\u0105g\u00f3w silnika.<\/p>\n<p>Rozdzielacze Kooks s\u0105 wykonane z wytrzyma\u0142ej stali nierdzewnej T304, co zapewnia im d\u0142ug\u0105 \u017cywotno\u015b\u0107. S\u0105 one bardziej odporne na korozj\u0119 i wysokie temperatury ni\u017c konwencjonalne rozdzielacze.<\/p>\n<p>Katalizatory GREEN s\u0105 wysokowydajnymi katalizatorami o wysokiej zawarto\u015bci platyny i posiadaj\u0105 homologacj\u0119 EPA.<\/p>\n<p>Ta kombinacja kolektor\u00f3w i sportowych katalizator\u00f3w mo\u017ce by\u0107 u\u017cywana bezpo\u015brednio z oryginalnym uk\u0142adem wydechowym lub z akcesoryjnymi uk\u0142adami wydechowymi, kt\u00f3re s\u0105 identyczne z oryginalnymi po\u0142\u0105czeniami.<\/p>\n<p>&nbsp;<\/p>\n<p><strong>Kolektor wentylatora Kooks<\/strong><\/p>\n<ul>\n<li>Poprawa przepustowo\u015bci spalin<\/li>\n<li>Poprawa d\u017awi\u0119ku pojazdu<\/li>\n<li>Minimalizacja przeciwci\u015bnienia w uk\u0142adzie wydechowym<\/li>\n<li>Zwi\u0119kszenie wydajno\u015bci silnika<\/li>\n<\/ul>\n<p>&nbsp;<\/p>\n<p><strong>Odpowiedni dla:<\/strong><\/p>\n<table width=\"437\">\n<tbody>\n<tr>\n<td width=\"83\"><strong>Marka<\/strong><\/td>\n<td width=\"122\"><strong>Model<\/strong><\/td>\n<td width=\"136\"><strong>Silnik<\/strong><\/td>\n<td width=\"96\"><strong>Rok<\/strong><\/td>\n<\/tr>\n<tr>\n<td>Dodge<\/td>\n<td>Durango<\/td>\n<td>5.7<\/td>\n<td width=\"96\">2011\u20132025<\/td>\n<\/tr>\n<\/tbody>\n<\/table>\n<p>&nbsp;<\/p>\n<p><strong>O Kooks<\/strong><\/p>\n<p>Kolektory wydechowe i uk\u0142ady wydechowe Kooks s\u0105 liderem na rynku od ponad 50 lat. Od 1962 roku Kooks szczyci si\u0119 oferowaniem najlepszych kolektor\u00f3w i kompletnych uk\u0142ad\u00f3w wydechowych do zastosowa\u0144 ulicznych, wy\u015bcigowych i terenowych. Pojazdy z kolektorami i uk\u0142adami wydechowymi Kooks zdoby\u0142y setki tytu\u0142\u00f3w mistrzowskich i ustanowi\u0142y niezliczone rekordy w NHRA, IHRA, NMCA, NMRA, NASCAR, NASA, SCCA i wielu innych organizacjach wy\u015bcigowych.<br \/>\nWszystkie produkty Kooks s\u0105 wytwarzane r\u0119cznie w USA, a Kooks jest dumny z tego, \u017ce nadal jest niezale\u017cny.<br \/>\nNie zapomnij: \"Get Kookin with KOOKS!\"<\/p>\n<p>&nbsp;<\/p>","protected":false},"excerpt":{"rendered":"<p>2011\u20132025<\/p>","protected":false},"featured_media":68302301,"comment_status":"open","ping_status":"closed","template":"","meta":{"_acf_changed":false},"product_brand":[17172],"product_cat":[6612,3024],"product_tag":[7018,91,546,49,95,543,6960,549,126,20273,544,2447,36,550,545,527,553],"class_list":{"0":"post-68302299","1":"product","2":"type-product","3":"status-publish","4":"has-post-thumbnail","6":"product_brand-kooks","7":"product_cat-durango-57-abgaskruemmer-katalysatoren","8":"product_cat-nicht-nach-eu","9":"product_tag-3610h431","10":"product_tag-5-7","11":"product_tag-auspuff","12":"product_tag-dodge","13":"product_tag-durango","14":"product_tag-faecherkruemmer","15":"product_tag-green-katalysatoren","16":"product_tag-header","17":"product_tag-hemi","18":"product_tag-keintuev","19":"product_tag-kooks","20":"product_tag-kooks-headers","21":"product_tag-kraftwerk","22":"product_tag-kruemmer","23":"product_tag-longtube","24":"product_tag-sportkat","25":"product_tag-sportkatalysator","26":"product_shipping_class-paket-xl","28":"first","29":"onbackorder","30":"taxable","31":"shipping-taxable","32":"purchasable","33":"product-type-simple"},"bundled_by":[],"bundle_stock_status":"onbackorder","bundle_stock_quantity":0,"bundle_virtual":false,"bundle_layout":"","bundle_add_to_cart_form_location":"","bundle_editable_in_cart":false,"bundle_sold_individually_context":"","bundle_item_grouping":"","bundle_min_size":"","bundle_max_size":"","bundle_price":[],"bundled_items":[],"bundle_sell_ids":[],"exclude_global_add_ons":[],"addons":[],"acf":[],"_links":{"self":[{"href":"https:\/\/kraftwerk-shop.cc\/pl\/wp-json\/wp\/v2\/product\/68302299","targetHints":{"allow":["GET"]}}],"collection":[{"href":"https:\/\/kraftwerk-shop.cc\/pl\/wp-json\/wp\/v2\/product"}],"about":[{"href":"https:\/\/kraftwerk-shop.cc\/pl\/wp-json\/wp\/v2\/types\/product"}],"replies":[{"embeddable":true,"href":"https:\/\/kraftwerk-shop.cc\/pl\/wp-json\/wp\/v2\/comments?post=68302299"}],"version-history":[{"count":0,"href":"https:\/\/kraftwerk-shop.cc\/pl\/wp-json\/wp\/v2\/product\/68302299\/revisions"}],"wp:featuredmedia":[{"embeddable":true,"href":"https:\/\/kraftwerk-shop.cc\/pl\/wp-json\/wp\/v2\/media\/68302301"}],"wp:attachment":[{"href":"https:\/\/kraftwerk-shop.cc\/pl\/wp-json\/wp\/v2\/media?parent=68302299"}],"wp:term":[{"taxonomy":"product_brand","embeddable":true,"href":"https:\/\/kraftwerk-shop.cc\/pl\/wp-json\/wp\/v2\/product_brand?post=68302299"},{"taxonomy":"product_cat","embeddable":true,"href":"https:\/\/kraftwerk-shop.cc\/pl\/wp-json\/wp\/v2\/product_cat?post=68302299"},{"taxonomy":"product_tag","embeddable":true,"href":"https:\/\/kraftwerk-shop.cc\/pl\/wp-json\/wp\/v2\/product_tag?post=68302299"}],"curies":[{"name":"wp","href":"https:\/\/api.w.org\/{rel}","templated":true}]}}