{"id":68304295,"date":"2024-07-19T11:03:27","date_gmt":"2024-07-19T09:03:27","guid":{"rendered":"https:\/\/kraftwerk-shop.cc\/?post_type=product&#038;p=68304295"},"modified":"2026-02-15T01:10:54","modified_gmt":"2026-02-15T00:10:54","slug":"bbk-14420-kolektor-wydechowy-ford-mustang-v6","status":"publish","type":"product","link":"https:\/\/kraftwerk-shop.cc\/pl\/produkt\/bbk-14420-shorty-ford-mustang-v6\/","title":{"rendered":"Kolektor BBK 1-5\/8 Shorty Ford Mustang V6 3.7 (srebrny - pow\u0142oka ceramiczna)"},"content":{"rendered":"<h1>Kolektor BBK 1-5\/8 Shorty 14420 do Forda Mustanga V6 3.7 (srebrny z pow\u0142ok\u0105 ceramiczn\u0105)<\/h1>\n<ul>\n<li>Zwi\u0119kszone nat\u0119\u017cenie przep\u0142ywu spalin dla wi\u0119kszej mocy<\/li>\n<li>Rury g\u0142\u00f3wne 1-5\/8\u2033 dla maksymalnego nat\u0119\u017cenia przep\u0142ywu<\/li>\n<li>Ko\u0142nierze o grubo\u015bci 3\/8\u2033<\/li>\n<li>Bezpo\u015brednie po\u0142\u0105czenie \u015brubowe dla \u0142atwej instalacji<\/li>\n<li>W tym uszczelki i materia\u0142 mocuj\u0105cy<\/li>\n<li>Trwa\u0142a srebrna pow\u0142oka ceramiczna<\/li>\n<\/ul>\n<p><strong>Zwi\u0119kszone nat\u0119\u017cenie przep\u0142ywu spalin dla wi\u0119kszej mocy<\/strong><br \/>\nPopraw osi\u0105gi i d\u017awi\u0119k swojego Forda Mustanga V6 3.7 z lat 2011-2017 za pomoc\u0105 tych pokrytych pow\u0142ok\u0105 ceramiczn\u0105 kr\u00f3tkich g\u0142\u00f3wek wydechowych BBK Performance.<br \/>\nKolektory BBK Performance Shorty zwi\u0119kszaj\u0105 moc silnika, moment obrotowy i nadaj\u0105 Mustangowi gard\u0142owy d\u017awi\u0119k wydechu. Trwa\u0142a pow\u0142oka ceramiczna zatrzymuje ciep\u0142o, obni\u017ca temperatur\u0119 pod mask\u0105 i zwi\u0119ksza moc.<\/p>\n<p><strong>Wysokiej jako\u015bci konstrukcja<\/strong><br \/>\nKolektory BBK Performance wykonane s\u0105 z obrabianych CNC, gi\u0119tych rur 1-5\/8\u2033 z t\u0142oczonymi ko\u0142nierzami o grubo\u015bci 3\/8\u2033. Du\u017ca \u015brednica rury g\u0142\u00f3wnej zapewnia niezak\u0142\u00f3cony przep\u0142yw spalin, co przek\u0142ada si\u0119 na najwy\u017cszy wzrost osi\u0105g\u00f3w silnika. Kolektory te s\u0105 testowane ci\u015bnieniowo, aby zapewni\u0107 bezb\u0142\u0119dne dzia\u0142anie.<\/p>\n<p><strong>Odpowiedni dla:<\/strong><\/p>\n<table width=\"437\">\n<tbody>\n<tr>\n<td width=\"83\"><strong>Marka<\/strong><\/td>\n<td width=\"122\"><strong>Model<\/strong><\/td>\n<td width=\"136\"><strong>Silnik<\/strong><\/td>\n<td width=\"96\"><strong>Rok<\/strong><\/td>\n<\/tr>\n<tr>\n<td width=\"83\">Ford<\/td>\n<td width=\"122\">Mustang<\/td>\n<td>3.7 V6<\/td>\n<td width=\"96\">2011\u20132017<\/td>\n<\/tr>\n<\/tbody>\n<\/table>\n<p><strong>Uwaga:<\/strong> BBK wyra\u017anie wyklucza pow\u0142oki powierzchniowe i rdz\u0119 z gwarancji na produkt.<\/p>\n<p><iframe loading=\"lazy\" title=\"BBK 14420 Shorty (kolektor) do Forda Mustanga 3.7 V6\" src=\"https:\/\/www.youtube.com\/embed\/tKKyEygJVnI\" width=\"882\" height=\"496\" frameborder=\"0\" allowfullscreen=\"allowfullscreen\"><\/iframe><\/p>","protected":false},"excerpt":{"rendered":"<p>2011\u20132017<\/p>","protected":false},"featured_media":68304297,"comment_status":"open","ping_status":"closed","template":"","meta":{"_acf_changed":false},"product_brand":[17174],"product_cat":[4032],"product_tag":[7054,176,177,165,248,249,250,251,508,1035,546,1388,7224,3367,692,543,917,7055,2934,549,532,20273,550,393,3872,34,186,3369,3368,3340,1041,3055,547,233,198],"class_list":{"0":"post-68304295","1":"product","2":"type-product","3":"status-publish","4":"has-post-thumbnail","6":"product_brand-bbk","7":"product_cat-mustang-37-abgasanlage","8":"product_tag-7054","9":"product_tag-176","10":"product_tag-177","11":"product_tag-165","12":"product_tag-248","13":"product_tag-249","14":"product_tag-250","15":"product_tag-251","16":"product_tag-3-7","17":"product_tag-abgasanlage","18":"product_tag-auspuff","19":"product_tag-bbk","20":"product_tag-bbk-exhaust","21":"product_tag-bbk-performance","22":"product_tag-ersatzteil","23":"product_tag-faecherkruemmer","24":"product_tag-ford","25":"product_tag-ford-mustang","26":"product_tag-harder","27":"product_tag-header","28":"product_tag-kat","29":"product_tag-keintuev","30":"product_tag-kruemmer","31":"product_tag-leistungssteigerung","32":"product_tag-mustang","33":"product_tag-original","34":"product_tag-performance","35":"product_tag-short-tube","36":"product_tag-shorties","37":"product_tag-shorty","38":"product_tag-sport","39":"product_tag-sportabgasanlage","40":"product_tag-sportauspuff","41":"product_tag-tuning","42":"product_tag-v6","43":"product_shipping_class-paket-l","45":"first","46":"onbackorder","47":"taxable","48":"shipping-taxable","49":"purchasable","50":"product-type-simple"},"bundled_by":[],"bundle_stock_status":"onbackorder","bundle_stock_quantity":0,"bundle_virtual":false,"bundle_layout":"","bundle_add_to_cart_form_location":"","bundle_editable_in_cart":false,"bundle_sold_individually_context":"","bundle_item_grouping":"","bundle_min_size":"","bundle_max_size":"","bundle_price":[],"bundled_items":[],"bundle_sell_ids":[],"exclude_global_add_ons":[],"addons":[],"acf":[],"_links":{"self":[{"href":"https:\/\/kraftwerk-shop.cc\/pl\/wp-json\/wp\/v2\/product\/68304295","targetHints":{"allow":["GET"]}}],"collection":[{"href":"https:\/\/kraftwerk-shop.cc\/pl\/wp-json\/wp\/v2\/product"}],"about":[{"href":"https:\/\/kraftwerk-shop.cc\/pl\/wp-json\/wp\/v2\/types\/product"}],"replies":[{"embeddable":true,"href":"https:\/\/kraftwerk-shop.cc\/pl\/wp-json\/wp\/v2\/comments?post=68304295"}],"version-history":[{"count":0,"href":"https:\/\/kraftwerk-shop.cc\/pl\/wp-json\/wp\/v2\/product\/68304295\/revisions"}],"wp:featuredmedia":[{"embeddable":true,"href":"https:\/\/kraftwerk-shop.cc\/pl\/wp-json\/wp\/v2\/media\/68304297"}],"wp:attachment":[{"href":"https:\/\/kraftwerk-shop.cc\/pl\/wp-json\/wp\/v2\/media?parent=68304295"}],"wp:term":[{"taxonomy":"product_brand","embeddable":true,"href":"https:\/\/kraftwerk-shop.cc\/pl\/wp-json\/wp\/v2\/product_brand?post=68304295"},{"taxonomy":"product_cat","embeddable":true,"href":"https:\/\/kraftwerk-shop.cc\/pl\/wp-json\/wp\/v2\/product_cat?post=68304295"},{"taxonomy":"product_tag","embeddable":true,"href":"https:\/\/kraftwerk-shop.cc\/pl\/wp-json\/wp\/v2\/product_tag?post=68304295"}],"curies":[{"name":"wp","href":"https:\/\/api.w.org\/{rel}","templated":true}]}}