{"id":68304546,"date":"2024-07-26T20:11:36","date_gmt":"2024-07-26T18:11:36","guid":{"rendered":"https:\/\/kraftwerk-shop.cc\/?post_type=product&#038;p=68304546"},"modified":"2026-03-08T11:17:08","modified_gmt":"2026-03-08T10:17:08","slug":"tlumik-afe-apollo-ram-dt-1500","status":"publish","type":"product","link":"https:\/\/kraftwerk-shop.cc\/pl\/produkt\/afe-schalldaempfer-apollo-ram-dt-1500\/","title":{"rendered":"T\u0142umik aFe \"Apollo GT Series\" RAM DT 1500 5.7"},"content":{"rendered":"<h1>T\u0142umik aFe \"Apollo GT Series\" 49C42076 dla RAM DT 1500 5.7 (2019 - 2024)<\/h1>\n<p>&nbsp;<\/p>\n<p>Je\u015bli chcesz nada\u0107 swojemu uk\u0142adowi wydechowemu RAM lepszy d\u017awi\u0119k, nie musisz wymienia\u0107 ca\u0142ego uk\u0142adu.<br \/>\nMo\u017cna r\u00f3wnie\u017c po prostu u\u017cy\u0107 tego t\u0142umika aFe.<\/p>\n<p>\"Apollo GT Series\" zapewnia g\u0142\u0119boki, bogaty d\u017awi\u0119k na biegu ja\u0142owym, podczas jazdy i przyspieszania.<\/p>\n<p>&nbsp;<\/p>\n<ul>\n<li><strong>3\u2033 konstrukcja ze stali nierdzewnej 409<\/strong><br \/>\nT\u0142umik wykonany jest z 3-calowej gi\u0119tej rury ze stali nierdzewnej 409, zapewniaj\u0105cej maksymaln\u0105 wytrzyma\u0142o\u015b\u0107 i trwa\u0142o\u015b\u0107.<\/li>\n<li><strong>T\u0142umik wykonany ze stali nierdzewnej 409 o wysokim nat\u0119\u017ceniu przep\u0142ywu<\/strong><br \/>\nT\u0142umik ze stali nierdzewnej zastosowany w tym systemie oferuje wysokie nat\u0119\u017cenie przep\u0142ywu i wytwarza g\u0142\u0119boki d\u017awi\u0119k.<\/li>\n<li><strong>Instalacja<\/strong><br \/>\nTen system jest wyposa\u017cony w fabryczne ko\u0142nierze i zawieszenia i mo\u017ce by\u0107 pod\u0142\u0105czony bezpo\u015brednio, chocia\u017c wymagane jest pewne ci\u0119cie.<\/li>\n<li><strong>Spawane metod\u0105 MIG<\/strong><br \/>\n100% spawane metod\u0105 MIG dla sprawdzonej w wy\u015bcigach wytrzyma\u0142o\u015bci i trwa\u0142o\u015bci.<\/li>\n<li><strong>Uwaga dotycz\u0105ca dopasowania<\/strong><br \/>\nPasuje zar\u00f3wno do fabrycznych pojedynczych, jak i fabrycznych podw\u00f3jnych uk\u0142ad\u00f3w wydechowych.<\/li>\n<\/ul>\n<p>&nbsp;<\/p>\n<p><strong>Odpowiedni dla:<\/strong><\/p>\n<table width=\"449\">\n<tbody>\n<tr>\n<td width=\"115\"><strong>Marka<\/strong><\/td>\n<td width=\"145\"><strong>Model<\/strong><\/td>\n<td width=\"106\"><strong>Silnik<\/strong><\/td>\n<td width=\"83\"><strong>Rok<\/strong><\/td>\n<\/tr>\n<tr>\n<td>RAM<\/td>\n<td>1500<\/td>\n<td>5.7<\/td>\n<td>2019\u20132024<\/td>\n<\/tr>\n<\/tbody>\n<\/table>\n<p>Nie nadaje si\u0119 do Classic!<\/p>\n<p>&nbsp;<\/p>\n<p><strong>Zakres dostawy:<\/strong><\/p>\n<ul>\n<li>1 t\u0142umik<\/li>\n<li>Instrukcje instalacji w j\u0119zyku niemieckim<\/li>\n<\/ul>\n<p>&nbsp;<\/p>\n<p>&nbsp;<\/p>\n<p>Firma aFe Power, za\u0142o\u017cona w 1999 roku z siedzib\u0105 w Corona w Kalifornii, jest wiod\u0105cym producentem wysokowydajnych samochodowych cz\u0119\u015bci zamiennych.<br \/>\nFirma specjalizuje si\u0119 w szerokiej gamie produkt\u00f3w, w tym sportowych filtrach powietrza, uk\u0142adach wydechowych, intercoolerach, turbospr\u0119\u017carkach, programatorach elektronicznych, uk\u0142adach paliwowych do silnik\u00f3w wysokopr\u0119\u017cnych i wielu innych. Jej produkty s\u0105 przeznaczone do r\u00f3\u017cnych pojazd\u00f3w, od rynk\u00f3w ameryka\u0144skich po europejskie i azjatyckie, zapewniaj\u0105c jako\u015b\u0107 i popraw\u0119 osi\u0105g\u00f3w entuzjastom motoryzacji na ca\u0142ym \u015bwiecie.<\/p>\n<p>Wyj\u0105tkowym produktem od aFe Power jest modernizacja t\u0142umika Apollo GT Series 3 409 ze stali nierdzewnej. Ten uk\u0142ad wydechowy zosta\u0142 zaprojektowany w celu zwi\u0119kszenia mocy i momentu obrotowego przy jednoczesnym zapewnieniu agresywnego d\u017awi\u0119ku.<br \/>\nWykonany z wysokiej jako\u015bci stali nierdzewnej 409, zapewnia trwa\u0142o\u015b\u0107 i odporno\u015b\u0107 na korozj\u0119. System ma prost\u0105 konstrukcj\u0119, kt\u00f3ra maksymalizuje przep\u0142yw spalin, umo\u017cliwiaj\u0105c znaczny wzrost mocy i pot\u0119\u017cny d\u017awi\u0119k silnika.<\/p>\n<p>Ponadto aFe Power oferuje kilka innych uk\u0142ad\u00f3w wydechowych, takich jak Mach Force-XP i Takeda Axle-Back, kt\u00f3re s\u0105 znane z \u0142atwo\u015bci instalacji, wysokiej wydajno\u015bci i agresywnych profili d\u017awi\u0119kowych. Uk\u0142ady te s\u0105 wykonane z gi\u0119tych trzpieniowo rur ze stali nierdzewnej, aby zapewni\u0107 optymalny przep\u0142yw i minimalne ograniczenia, zapewniaj\u0105c d\u0142ugoterminow\u0105 niezawodno\u015b\u0107 i popraw\u0119 wydajno\u015bci<\/p>","protected":false},"excerpt":{"rendered":"<p>2019\u20132024<\/p>","protected":false},"featured_media":68304556,"comment_status":"open","ping_status":"closed","template":"","meta":{"_acf_changed":false},"product_brand":[16879],"product_cat":[6623],"product_tag":[475,419,420,2066,2373,4526,7076,91,1035,1036,16880,2441,546,3720,1037,429,476,1043,1039,3034,1042,126,441,20273,1166,3046,1044,86,1045,1041,547,1034,1038,233],"class_list":{"0":"post-68304546","1":"product","2":"type-product","3":"status-publish","4":"has-post-thumbnail","6":"product_brand-afe-power","7":"product_cat-1500-57-dt-abgasanlage-catback","8":"product_tag-475","9":"product_tag-419","10":"product_tag-420","11":"product_tag-2066","12":"product_tag-2373","13":"product_tag-4526","14":"product_tag-49c42076","15":"product_tag-5-7","16":"product_tag-abgasanlage","17":"product_tag-abgassystem","18":"product_tag-advanced-flow-engineering","19":"product_tag-afe-power","20":"product_tag-auspuff","21":"product_tag-auspuffblende","22":"product_tag-auspuffsystem","23":"product_tag-deutschland","24":"product_tag-dt","25":"product_tag-endrohr","26":"product_tag-endschalldaempfer","27":"product_tag-endstueck","28":"product_tag-endtopf","29":"product_tag-hemi","30":"product_tag-kaufen","31":"product_tag-keintuev","32":"product_tag-keramik","33":"product_tag-keramikbeschichtet","34":"product_tag-mittelschalldaempfer","35":"product_tag-ram","36":"product_tag-sound","37":"product_tag-sport","38":"product_tag-sportauspuff","39":"product_tag-sportauspuffanlage","40":"product_tag-sportendschalldaempfer","41":"product_tag-tuning","42":"product_shipping_class-paket-l","44":"first","45":"onbackorder","46":"taxable","47":"shipping-taxable","48":"purchasable","49":"product-type-simple"},"bundled_by":[],"bundle_stock_status":"onbackorder","bundle_stock_quantity":0,"bundle_virtual":false,"bundle_layout":"","bundle_add_to_cart_form_location":"","bundle_editable_in_cart":false,"bundle_sold_individually_context":"","bundle_item_grouping":"","bundle_min_size":"","bundle_max_size":"","bundle_price":[],"bundled_items":[],"bundle_sell_ids":[],"exclude_global_add_ons":[],"addons":[],"acf":[],"_links":{"self":[{"href":"https:\/\/kraftwerk-shop.cc\/pl\/wp-json\/wp\/v2\/product\/68304546","targetHints":{"allow":["GET"]}}],"collection":[{"href":"https:\/\/kraftwerk-shop.cc\/pl\/wp-json\/wp\/v2\/product"}],"about":[{"href":"https:\/\/kraftwerk-shop.cc\/pl\/wp-json\/wp\/v2\/types\/product"}],"replies":[{"embeddable":true,"href":"https:\/\/kraftwerk-shop.cc\/pl\/wp-json\/wp\/v2\/comments?post=68304546"}],"version-history":[{"count":0,"href":"https:\/\/kraftwerk-shop.cc\/pl\/wp-json\/wp\/v2\/product\/68304546\/revisions"}],"wp:featuredmedia":[{"embeddable":true,"href":"https:\/\/kraftwerk-shop.cc\/pl\/wp-json\/wp\/v2\/media\/68304556"}],"wp:attachment":[{"href":"https:\/\/kraftwerk-shop.cc\/pl\/wp-json\/wp\/v2\/media?parent=68304546"}],"wp:term":[{"taxonomy":"product_brand","embeddable":true,"href":"https:\/\/kraftwerk-shop.cc\/pl\/wp-json\/wp\/v2\/product_brand?post=68304546"},{"taxonomy":"product_cat","embeddable":true,"href":"https:\/\/kraftwerk-shop.cc\/pl\/wp-json\/wp\/v2\/product_cat?post=68304546"},{"taxonomy":"product_tag","embeddable":true,"href":"https:\/\/kraftwerk-shop.cc\/pl\/wp-json\/wp\/v2\/product_tag?post=68304546"}],"curies":[{"name":"wp","href":"https:\/\/api.w.org\/{rel}","templated":true}]}}