{"id":68304604,"date":"2024-07-27T12:51:29","date_gmt":"2024-07-27T10:51:29","guid":{"rendered":"https:\/\/kraftwerk-shop.cc\/?post_type=product&#038;p=68304604"},"modified":"2026-03-30T02:18:00","modified_gmt":"2026-03-30T00:18:00","slug":"tlumik-dzwieku-afe-ram-ds-1500-57","status":"publish","type":"product","link":"https:\/\/kraftwerk-shop.cc\/pl\/produkt\/afe-schalldaempfer-ram-ds-1500-57\/","title":{"rendered":"T\u0142umik aFe \"Apollo GT Series\" RAM DS 1500 5.7"},"content":{"rendered":"<h1>T\u0142umik aFe \u201cApollo GT Series\u201d 49C42072 dla RAM DS 1500 5.7 2009 - 2018 &amp; Classic 2019 - 2024<\/h1>\n<p>&nbsp;<\/p>\n<p>Je\u015bli chcesz nada\u0107 swojemu uk\u0142adowi wydechowemu RAM lepszy d\u017awi\u0119k, nie musisz wymienia\u0107 ca\u0142ego uk\u0142adu.<br \/>\nMo\u017cesz tak\u017ce po prostu u\u017cy\u0107 tego t\u0142umika aFE.<\/p>\n<p>Zoptymalizuj osi\u0105gi i d\u017awi\u0119k swojego pojazdu dzi\u0119ki modernizacji t\u0142umika ze stali nierdzewnej aFe Power 49C42072 Apollo GT-Series 3\u2033 409. To wysokiej jako\u015bci ulepszenie zosta\u0142o zaprojektowane w celu maksymalizacji przep\u0142ywu spalin przy jednoczesnym wytwarzaniu imponuj\u0105cego d\u017awi\u0119ku.<\/p>\n<p>&nbsp;<\/p>\n<p><strong>W\u0142a\u015bciwo\u015bci:<\/strong><\/p>\n<ul>\n<li>Wykonany z wytrzyma\u0142ej stali nierdzewnej 409, kt\u00f3ra jest znana ze swojej odporno\u015bci na korozj\u0119 i trwa\u0142o\u015bci.<\/li>\n<li>Konstrukcja o \u015brednicy 3\u2033 zapewnia optymalny przep\u0142yw spalin i zmniejsza ci\u015bnienie wsteczne, co przek\u0142ada si\u0119 na lepsze osi\u0105gi silnika.<\/li>\n<li>Zintegrowana technologia redukcji szum\u00f3w zapewnia g\u0142\u0119boki, bogaty d\u017awi\u0119k bez irytuj\u0105cych rezonans\u00f3w.<\/li>\n<li>Precyzyjnie wyprodukowany dla bezproblemowego dopasowania i \u0142atwej instalacji bez modyfikacji pojazdu.<\/li>\n<li>Zwi\u0119ksza nat\u0119\u017cenie przep\u0142ywu spalin, co poprawia wydajno\u015b\u0107 i osi\u0105gi silnika.<\/li>\n<\/ul>\n<p><strong>Zalety:<\/strong><\/p>\n<ul>\n<li>Zwi\u0119kszona wydajno\u015b\u0107: Zminimalizuj ci\u015bnienie wsteczne i zmaksymalizuj osi\u0105gi i wydajno\u015b\u0107 silnika.<\/li>\n<li>Trwa\u0142o\u015b\u0107: Wysokiej jako\u015bci stal nierdzewna gwarantuje d\u0142ug\u0105 \u017cywotno\u015b\u0107 oraz odporno\u015b\u0107 na rdz\u0119 i korozj\u0119.<\/li>\n<li>Prosta instalacja: Bezpo\u015brednia wymiana oryginalnego t\u0142umika, nie wymaga dodatkowych regulacji.<\/li>\n<li>Ulepszony d\u017awi\u0119k: Ciesz si\u0119 sportowym, g\u0142\u0119bokim d\u017awi\u0119kiem, kt\u00f3ry podkre\u015bla Twoj\u0105 obecno\u015b\u0107 na drodze.<\/li>\n<\/ul>\n<p>&nbsp;<\/p>\n<p>Modernizacja t\u0142umika aFe Power Apollo serii GT to idealny wyb\u00f3r dla w\u0142a\u015bcicieli pojazd\u00f3w, kt\u00f3rzy chc\u0105 poprawi\u0107 zar\u00f3wno osi\u0105gi, jak i d\u017awi\u0119k. Dzi\u0119ki tej aktualizacji mo\u017cesz w pe\u0142ni wykorzysta\u0107 potencja\u0142 swojego pojazdu i jednocze\u015bnie cieszy\u0107 si\u0119 imponuj\u0105cym, sportowym d\u017awi\u0119kiem.<\/p>\n<p>&nbsp;<\/p>\n<p><strong>Odpowiedni dla:<\/strong><\/p>\n<table width=\"437\">\n<tbody>\n<tr>\n<td width=\"122\"><strong>Marka<\/strong><\/td>\n<td width=\"136\"><strong>Model<\/strong><\/td>\n<td width=\"96\"><strong>Silnik<\/strong><\/td>\n<td width=\"83\"><strong>Rok<\/strong><\/td>\n<\/tr>\n<tr>\n<td>RAM<\/td>\n<td>1500<\/td>\n<td>5.7<\/td>\n<td>2009\u20132018<\/td>\n<\/tr>\n<tr>\n<td>RAM<\/td>\n<td>1500 Classic<\/td>\n<td>5.7<\/td>\n<td>2019\u20132024<\/td>\n<\/tr>\n<\/tbody>\n<\/table>\n<p>&nbsp;<\/p>\n<p><strong>Zakres dostawy:<\/strong><\/p>\n<ul>\n<li>1 T\u0142umik Apollo serii GT<\/li>\n<\/ul>\n<p>&nbsp;<\/p>\n<p>&nbsp;<\/p>\n<p><strong>O aFe Power<\/strong><\/p>\n<p>aFe Power (advanced FLOW engineering) jest wiod\u0105cym producentem wysokiej jako\u015bci produkt\u00f3w wyczynowych do pojazd\u00f3w, kt\u00f3re spe\u0142niaj\u0105 najwy\u017csze wymagania entuzjast\u00f3w motoryzacji i profesjonalnych kierowc\u00f3w. Od momentu powstania aFe Power specjalizuje si\u0119 w opracowywaniu i produkcji innowacyjnych i wydajnych rozwi\u0105za\u0144, kt\u00f3re zwi\u0119kszaj\u0105 wydajno\u015b\u0107 i osi\u0105gi pojazd\u00f3w.<\/p>\n<p>aFe Power k\u0142adzie du\u017cy nacisk na jako\u015b\u0107 i innowacyjno\u015b\u0107. Ka\u017cdy produkt jest opracowywany i testowany w najnowocze\u015bniejszych zak\u0142adach firmy w USA. Wykorzystuj\u0105c zaawansowane technologie i rygorystyczne kontrole jako\u015bci, aFe Power zapewnia, \u017ce jej produkty spe\u0142niaj\u0105 najwy\u017csze standardy i zapewniaj\u0105 doskona\u0142\u0105 wydajno\u015b\u0107.<\/p>","protected":false},"excerpt":{"rendered":"<p>2009 - 2018 i Classic 2019 - 2024<\/p>","protected":false},"featured_media":68304608,"comment_status":"open","ping_status":"closed","template":"","meta":{"_acf_changed":false},"product_brand":[16879],"product_cat":[6620],"product_tag":[475,213,214,176,177,165,248,249,250,251,252,419,420,2066,2373,4526,7080,91,1035,1036,16880,498,2441,546,3720,1037,2219,429,476,1043,1039,3034,1042,126,441,20273,1044,86,1045,1041,547,1034,1038,233],"class_list":{"0":"post-68304604","1":"product","2":"type-product","3":"status-publish","4":"has-post-thumbnail","6":"product_brand-afe-power","7":"product_cat-1500-57-2009-2018-classic-abgasanlage-catback","8":"product_tag-475","9":"product_tag-213","10":"product_tag-214","11":"product_tag-176","12":"product_tag-177","13":"product_tag-165","14":"product_tag-248","15":"product_tag-249","16":"product_tag-250","17":"product_tag-251","18":"product_tag-252","19":"product_tag-419","20":"product_tag-420","21":"product_tag-2066","22":"product_tag-2373","23":"product_tag-4526","24":"product_tag-49c42072","25":"product_tag-5-7","26":"product_tag-abgasanlage","27":"product_tag-abgassystem","28":"product_tag-advanced-flow-engineering","29":"product_tag-afe","30":"product_tag-afe-power","31":"product_tag-auspuff","32":"product_tag-auspuffblende","33":"product_tag-auspuffsystem","34":"product_tag-classic","35":"product_tag-deutschland","36":"product_tag-dt","37":"product_tag-endrohr","38":"product_tag-endschalldaempfer","39":"product_tag-endstueck","40":"product_tag-endtopf","41":"product_tag-hemi","42":"product_tag-kaufen","43":"product_tag-keintuev","44":"product_tag-mittelschalldaempfer","45":"product_tag-ram","46":"product_tag-sound","47":"product_tag-sport","48":"product_tag-sportauspuff","49":"product_tag-sportauspuffanlage","50":"product_tag-sportendschalldaempfer","51":"product_tag-tuning","52":"product_shipping_class-paket-l","54":"first","55":"instock","56":"taxable","57":"shipping-taxable","58":"purchasable","59":"product-type-simple"},"bundled_by":[],"bundle_stock_status":"instock","bundle_stock_quantity":1,"bundle_virtual":false,"bundle_layout":"","bundle_add_to_cart_form_location":"","bundle_editable_in_cart":false,"bundle_sold_individually_context":"","bundle_item_grouping":"","bundle_min_size":"","bundle_max_size":"","bundle_price":[],"bundled_items":[],"bundle_sell_ids":[],"exclude_global_add_ons":[],"addons":[],"acf":[],"_links":{"self":[{"href":"https:\/\/kraftwerk-shop.cc\/pl\/wp-json\/wp\/v2\/product\/68304604","targetHints":{"allow":["GET"]}}],"collection":[{"href":"https:\/\/kraftwerk-shop.cc\/pl\/wp-json\/wp\/v2\/product"}],"about":[{"href":"https:\/\/kraftwerk-shop.cc\/pl\/wp-json\/wp\/v2\/types\/product"}],"replies":[{"embeddable":true,"href":"https:\/\/kraftwerk-shop.cc\/pl\/wp-json\/wp\/v2\/comments?post=68304604"}],"version-history":[{"count":0,"href":"https:\/\/kraftwerk-shop.cc\/pl\/wp-json\/wp\/v2\/product\/68304604\/revisions"}],"wp:featuredmedia":[{"embeddable":true,"href":"https:\/\/kraftwerk-shop.cc\/pl\/wp-json\/wp\/v2\/media\/68304608"}],"wp:attachment":[{"href":"https:\/\/kraftwerk-shop.cc\/pl\/wp-json\/wp\/v2\/media?parent=68304604"}],"wp:term":[{"taxonomy":"product_brand","embeddable":true,"href":"https:\/\/kraftwerk-shop.cc\/pl\/wp-json\/wp\/v2\/product_brand?post=68304604"},{"taxonomy":"product_cat","embeddable":true,"href":"https:\/\/kraftwerk-shop.cc\/pl\/wp-json\/wp\/v2\/product_cat?post=68304604"},{"taxonomy":"product_tag","embeddable":true,"href":"https:\/\/kraftwerk-shop.cc\/pl\/wp-json\/wp\/v2\/product_tag?post=68304604"}],"curies":[{"name":"wp","href":"https:\/\/api.w.org\/{rel}","templated":true}]}}