{"id":68304622,"date":"2024-07-27T13:52:51","date_gmt":"2024-07-27T11:52:51","guid":{"rendered":"https:\/\/kraftwerk-shop.cc\/?post_type=product&#038;p=68304622"},"modified":"2026-02-15T01:11:12","modified_gmt":"2026-02-15T00:11:12","slug":"afe-kolektor-wydechowy-48-32023-ram-dt","status":"publish","type":"product","link":"https:\/\/kraftwerk-shop.cc\/pl\/produkt\/afe-kruemmer-48-32023-ram-dt\/","title":{"rendered":"aFe Twisted Steel 304 Shorty kolektor RAM 5.7"},"content":{"rendered":"<h1>aFe Power Twisted Steel Shorty manifold 48-32023 dla RAM 1500 5.7 Hemi DT od 2019 do 2024 roku<\/h1>\n<p>&nbsp;<\/p>\n<p>Zmaksymalizuj osi\u0105gi i wydajno\u015b\u0107 swojego RAM 5.7 dzi\u0119ki aFe Power 48-32023 Twisted Steel Headers. Te wysokiej jako\u015bci kolektory zosta\u0142y opracowane w celu optymalizacji przep\u0142ywu spalin i zwi\u0119kszenia osi\u0105g\u00f3w silnika.<\/p>\n<p><strong>W\u0142a\u015bciwo\u015bci:<\/strong><\/p>\n<ul>\n<li>Materia\u0142: Wykonany z wytrzyma\u0142ej stali nierdzewnej 409 zapewniaj\u0105cej wyj\u0105tkow\u0105 trwa\u0142o\u015b\u0107 i odporno\u015b\u0107 na korozj\u0119.<\/li>\n<li>Konstrukcja: Skr\u0119cona stalowa konstrukcja zapewniaj\u0105ca maksymalny przep\u0142yw spalin i zmniejszone ci\u015bnienie wsteczne spalin, co zwi\u0119ksza og\u00f3ln\u0105 wydajno\u015b\u0107 silnika.<\/li>\n<li>\u015arednica rury: Gi\u0119te trzpieniowo rury g\u0142\u00f3wne 1-7\/8\u2033 zapewniaj\u0105 r\u00f3wnomierny przep\u0142yw spalin i zwi\u0119kszon\u0105 wydajno\u015b\u0107.<\/li>\n<li>Ko\u0142nierze: ko\u0142nierze o grubo\u015bci 3\/8\u2033, kt\u00f3re s\u0105 odporne na odkszta\u0142cenia i zapewniaj\u0105 precyzyjne uszczelnienie.<\/li>\n<li>Zoptymalizowane \u015bcie\u017cki wydechu: D\u0142ugie rury wydechowe zwi\u0119kszaj\u0105 moc wyj\u015bciow\u0105 i moment obrotowy w ca\u0142ym zakresie pr\u0119dko\u015bci.<\/li>\n<li>Pod\u0142\u0105czenie: Bezpo\u015bredni monta\u017c bez modyfikacji, odpowiedni dla wi\u0119kszo\u015bci komponent\u00f3w OEM.<\/li>\n<\/ul>\n<p><strong>Zalety:<\/strong><\/p>\n<ul>\n<li>Zwi\u0119kszona wydajno\u015b\u0107: Do\u015bwiadcz znacznej poprawy wydajno\u015bci silnika i momentu obrotowego dzi\u0119ki zoptymalizowanemu przep\u0142ywowi spalin i zmniejszonemu ci\u015bnieniu wstecznemu.<\/li>\n<li>Trwa\u0142o\u015b\u0107: Wysokiej jako\u015bci stal nierdzewna i precyzyjne wykonanie zapewniaj\u0105 d\u0142ug\u0105 \u017cywotno\u015b\u0107 i odporno\u015b\u0107 na rdz\u0119 i korozj\u0119.<\/li>\n<li>\u0141atwa instalacja: Zaprojektowany z my\u015bl\u0105 o szybkiej i \u0142atwej instalacji w celu dopasowania do oryginalnych komponent\u00f3w pojazdu.<\/li>\n<li>Ulepszony d\u017awi\u0119k: Ciesz si\u0119 mocnym i sportowym d\u017awi\u0119kiem silnika, kt\u00f3ry wyr\u00f3\u017cnia Tw\u00f3j pojazd.<\/li>\n<\/ul>\n<p>&nbsp;<\/p>\n<p>AFe Power Twisted Steel Headers to idealny wyb\u00f3r dla entuzjast\u00f3w, kt\u00f3rzy chc\u0105 w pe\u0142ni wykorzysta\u0107 potencja\u0142 swojego silnika. Oferuj\u0105 one nie tylko wzrost osi\u0105g\u00f3w, ale tak\u017ce lepsz\u0105 wydajno\u015b\u0107 i trwa\u0142o\u015b\u0107.<\/p>\n<p>&nbsp;<\/p>\n<p><strong>Odpowiedni dla:<\/strong><\/p>\n<table width=\"538\">\n<tbody>\n<tr>\n<td width=\"82\"><strong>Marka<\/strong><\/td>\n<td width=\"82\"><strong>Model<\/strong><\/td>\n<td width=\"154\"><strong>Silnik<\/strong><\/td>\n<td width=\"220\"><strong>Rok<\/strong><\/td>\n<\/tr>\n<tr>\n<td width=\"82\">RAM<\/td>\n<td width=\"82\">1500<\/td>\n<td width=\"154\">5.7<\/td>\n<td width=\"220\">2019\u20132024<\/td>\n<\/tr>\n<\/tbody>\n<\/table>\n<p>Nie nadaje si\u0119 do RAM Classic, 1500 Mega Cab, 2500 lub 3500!<\/p>\n<p>&nbsp;<\/p>\n<p>&nbsp;<\/p>\n<p><strong>O aFe Power<\/strong><\/p>\n<p>aFe Power (advanced FLOW engineering) jest wiod\u0105cym producentem wysokowydajnych produkt\u00f3w dla przemys\u0142u motoryzacyjnego. Od momentu powstania firma jest zaanga\u017cowana w opracowywanie innowacyjnych i wydajnych rozwi\u0105za\u0144, kt\u00f3re znacznie zwi\u0119kszaj\u0105 wydajno\u015b\u0107 i osi\u0105gi pojazd\u00f3w.<\/p>\n<p><strong>Jako\u015b\u0107 i innowacyjno\u015b\u0107<\/strong><\/p>\n<p>Ka\u017cdy produkt aFe Power jest opracowywany i testowany w najnowocze\u015bniejszych zak\u0142adach firmy w USA. Koncentruj\u0105c si\u0119 na badaniach i rozwoju, aFe Power wykorzystuje zaawansowane technologie do tworzenia produkt\u00f3w spe\u0142niaj\u0105cych najwy\u017csze standardy jako\u015bci. Te rygorystyczne kontrole jako\u015bci zapewniaj\u0105, \u017ce produkty zapewniaj\u0105 najwy\u017csz\u0105 wydajno\u015b\u0107 i spe\u0142niaj\u0105 potrzeby najbardziej wymagaj\u0105cych kierowc\u00f3w.<\/p>\n<p><strong>Zaanga\u017cowanie w sprawy klient\u00f3w<\/strong><\/p>\n<p>aFe Power stara si\u0119 zawsze oferowa\u0107 swoim klientom najlepsze rozwi\u0105zania. Dzi\u0119ki ci\u0105g\u0142ym innowacjom i uwzgl\u0119dnianiu opinii klient\u00f3w, firma pozostaje w czo\u0142\u00f3wce technologii motoryzacyjnych. Produkty aFe Power s\u0105 zaprojektowane tak, aby by\u0142y \u0142atwe w instalacji i zapewnia\u0142y zauwa\u017caln\u0105 popraw\u0119 osi\u0105g\u00f3w pojazdu i przyjemno\u015bci z jazdy.<\/p>\n<p>Dzi\u0119ki wyra\u017anemu naciskowi na wydajno\u015b\u0107, jako\u015b\u0107 i zadowolenie klienta, aFe Power zbudowa\u0142 wyj\u0105tkow\u0105 reputacj\u0119 w bran\u017cy motoryzacyjnej. Czy to na drodze, na torze wy\u015bcigowym, czy w terenie, produkty aFe Power s\u0105 pierwszym wyborem dla ka\u017cdego, kto chce wydoby\u0107 ze swojego pojazdu to, co najlepsze.<\/p>\n<p>&nbsp;<\/p>","protected":false},"excerpt":{"rendered":"<p>2019\u20132024<\/p>","protected":false},"featured_media":68304626,"comment_status":"open","ping_status":"closed","template":"","meta":{"_acf_changed":false},"product_brand":[16879],"product_cat":[6624],"product_tag":[475,7082,91,1035,16880,498,2441,7083,546,1388,49,476,692,543,549,126,532,20273,550,34,186,86,3369,3368,3340,3055,547,7084],"class_list":{"0":"post-68304622","1":"product","2":"type-product","3":"status-publish","4":"has-post-thumbnail","6":"product_brand-afe-power","7":"product_cat-1500-57-dt-abgaskruemmer-katalysatoren","8":"product_tag-475","9":"product_tag-48-32023","10":"product_tag-5-7","11":"product_tag-abgasanlage","12":"product_tag-advanced-flow-engineering","13":"product_tag-afe","14":"product_tag-afe-power","15":"product_tag-afe-twisted-steel","16":"product_tag-auspuff","17":"product_tag-bbk","18":"product_tag-dodge","19":"product_tag-dt","20":"product_tag-ersatzteil","21":"product_tag-faecherkruemmer","22":"product_tag-header","23":"product_tag-hemi","24":"product_tag-kat","25":"product_tag-keintuev","26":"product_tag-kruemmer","27":"product_tag-original","28":"product_tag-performance","29":"product_tag-ram","30":"product_tag-short-tube","31":"product_tag-shorties","32":"product_tag-shorty","33":"product_tag-sportabgasanlage","34":"product_tag-sportauspuff","35":"product_tag-twisted-steel","36":"product_shipping_class-paket-l","38":"first","39":"onbackorder","40":"taxable","41":"shipping-taxable","42":"purchasable","43":"product-type-simple"},"bundled_by":[],"bundle_stock_status":"onbackorder","bundle_stock_quantity":0,"bundle_virtual":false,"bundle_layout":"","bundle_add_to_cart_form_location":"","bundle_editable_in_cart":false,"bundle_sold_individually_context":"","bundle_item_grouping":"","bundle_min_size":"","bundle_max_size":"","bundle_price":[],"bundled_items":[],"bundle_sell_ids":[],"exclude_global_add_ons":[],"addons":[],"acf":[],"_links":{"self":[{"href":"https:\/\/kraftwerk-shop.cc\/pl\/wp-json\/wp\/v2\/product\/68304622","targetHints":{"allow":["GET"]}}],"collection":[{"href":"https:\/\/kraftwerk-shop.cc\/pl\/wp-json\/wp\/v2\/product"}],"about":[{"href":"https:\/\/kraftwerk-shop.cc\/pl\/wp-json\/wp\/v2\/types\/product"}],"replies":[{"embeddable":true,"href":"https:\/\/kraftwerk-shop.cc\/pl\/wp-json\/wp\/v2\/comments?post=68304622"}],"version-history":[{"count":0,"href":"https:\/\/kraftwerk-shop.cc\/pl\/wp-json\/wp\/v2\/product\/68304622\/revisions"}],"wp:featuredmedia":[{"embeddable":true,"href":"https:\/\/kraftwerk-shop.cc\/pl\/wp-json\/wp\/v2\/media\/68304626"}],"wp:attachment":[{"href":"https:\/\/kraftwerk-shop.cc\/pl\/wp-json\/wp\/v2\/media?parent=68304622"}],"wp:term":[{"taxonomy":"product_brand","embeddable":true,"href":"https:\/\/kraftwerk-shop.cc\/pl\/wp-json\/wp\/v2\/product_brand?post=68304622"},{"taxonomy":"product_cat","embeddable":true,"href":"https:\/\/kraftwerk-shop.cc\/pl\/wp-json\/wp\/v2\/product_cat?post=68304622"},{"taxonomy":"product_tag","embeddable":true,"href":"https:\/\/kraftwerk-shop.cc\/pl\/wp-json\/wp\/v2\/product_tag?post=68304622"}],"curies":[{"name":"wp","href":"https:\/\/api.w.org\/{rel}","templated":true}]}}