{"id":68304633,"date":"2024-07-27T16:35:32","date_gmt":"2024-07-27T14:35:32","guid":{"rendered":"https:\/\/kraftwerk-shop.cc\/?post_type=product&#038;p=68304633"},"modified":"2026-03-23T11:35:04","modified_gmt":"2026-03-23T10:35:04","slug":"jba-kolektor-wydechowy-ram-dt","status":"publish","type":"product","link":"https:\/\/kraftwerk-shop.cc\/pl\/produkt\/jba-shorty-kruemmer-ceramic-ram-dt\/","title":{"rendered":"Rozdzielacz JBA Shorty Silver Ceramic RAM 5.7"},"content":{"rendered":"<h1>Kolektor JBA Shorty do RAM 1500 DT 5.7 od 2019 do 2023, srebrna pow\u0142oka ceramiczna<\/h1>\n<p>&nbsp;<\/p>\n<p>Kolektory JBA Shorty s\u0105 jednym z najlepszych ulepsze\u0144 osi\u0105g\u00f3w dost\u0119pnych dla RAM 5.7.<br \/>\nKolektory JBA Shorty s\u0105 znacznie mniej restrykcyjne ni\u017c standardowe kolektory w poje\u017adzie i zwi\u0119kszaj\u0105 osi\u0105gi i wydajno\u015b\u0107 silnika.<br \/>\nOryginalna konstrukcja shorty od JBA jest rozwini\u0119ciem starego kolektora longtube.<br \/>\nNowe kolektory Shorty zapewniaj\u0105 wysoki wzrost osi\u0105g\u00f3w, kt\u00f3ry inni producenci osi\u0105gaj\u0105 tylko dzi\u0119ki kolektorom Longtube.<br \/>\nS\u0105 one wykonane z wytrzyma\u0142ej stali nierdzewnej i mog\u0105 wytrzyma\u0107 zar\u00f3wno napr\u0119\u017cenia podczas wy\u015bcig\u00f3w, jak i codziennej jazdy.<\/p>\n<p>Dzi\u0119ki wysokiej no\u015bno\u015bci i innowacyjnej technologii, takiej jak rozdzielacz JBA Firecone, rozdzielacze JBA Shorty s\u0105 w stanie wytworzy\u0107 wi\u0119cej mocy ni\u017c jakikolwiek inny rozdzielacz Shorty na rynku.<\/p>\n<p>Ka\u017cdy system zawiera wysokiej jako\u015bci materia\u0142y mocuj\u0105ce i szczeg\u00f3\u0142owe instrukcje dotycz\u0105ce profesjonalnej instalacji bez wyciek\u00f3w.<\/p>\n<p>&nbsp;<\/p>\n<ul>\n<li>Wygi\u0119te rury g\u0142\u00f3wne 1 5\/8\u2033 ze stali nierdzewnej<br \/>\n- Najlepszy przep\u0142yw, trwa\u0142o\u015b\u0107, lepsza reakcja<\/li>\n<li>Innowacyjny kolektor JBA Firecone<br \/>\n- Sprawdzona w wy\u015bcigach technologia zapewniaj\u0105ca maksymalny wzrost wydajno\u015bci<\/li>\n<li>Po\u0142\u0105czenia fabryczne<br \/>\n- \u0141atwiejsza instalacja<\/li>\n<li>Bardzo grube kopu\u0142y kolektora<br \/>\n- Brak wypacze\u0144, jak w przypadku kolektor\u00f3w gorszej jako\u015bci, brak wyciek\u00f3w<\/li>\n<li>Odznaka JBA<br \/>\n- Oryginalna jako\u015b\u0107 JBA<\/li>\n<li>Obrabiane ko\u0142nierze o grubo\u015bci 3\/8\u2033<br \/>\n- Odporny na odkszta\u0142cenia, zapobiega wyciekom i u\u0142atwia monta\u017c<\/li>\n<li>Ponadwymiarowe otwory wylotowe<br \/>\n- Zwi\u0119kszone nat\u0119\u017cenie przep\u0142ywu umo\u017cliwia regulacj\u0119 otwarcia g\u0142owicy cylindr\u00f3w<\/li>\n<li>Poprawiona estetyka<br \/>\n- Metaliczno-ceramiczna pow\u0142oka nadaje komorze silnika wysokiej jako\u015bci, czysty wygl\u0105d.<\/li>\n<li>Temperatura pracy ch\u0142odnicy<br \/>\n- Specjalna pow\u0142oka zmniejsza wydzielanie ciep\u0142a i chroni otaczaj\u0105ce komponenty<\/li>\n<\/ul>\n<p>&nbsp;<\/p>\n<p><strong>\u00a0<\/strong><\/p>\n<p><strong>Odpowiedni dla:<\/strong><\/p>\n<table width=\"538\">\n<tbody>\n<tr>\n<td width=\"82\"><strong>Marka<\/strong><\/td>\n<td width=\"82\"><strong>Model<\/strong><\/td>\n<td width=\"154\"><strong>Silnik<\/strong><\/td>\n<td width=\"220\"><strong>Rok<\/strong><\/td>\n<\/tr>\n<tr>\n<td width=\"82\">RAM<\/td>\n<td width=\"82\">1500<\/td>\n<td width=\"154\">5.7<\/td>\n<td width=\"220\">2019\u20132024<\/td>\n<\/tr>\n<\/tbody>\n<\/table>\n<p>Nie nadaje si\u0119 do RAM Classic, 1500 Mega Cab, 2500 lub 3500!<\/p>\n<p>&nbsp;<\/p>\n<p>&nbsp;<\/p>\n<p><strong>Informacje o uk\u0142adzie wydechowym JBA Performance<\/strong><\/p>\n<p>JBA Performance Exhaust to renomowana marka w dziedzinie wysokowydajnych uk\u0142ad\u00f3w wydechowych, kt\u00f3ra wyrobi\u0142a sobie mark\u0119 dzi\u0119ki jako\u015bci, innowacyjno\u015bci i wyj\u0105tkowej wydajno\u015bci. Od samego pocz\u0105tku JBA zawsze d\u0105\u017cy\u0142a do zapewnienia entuzjastom pojazd\u00f3w wysokiej jako\u015bci komponent\u00f3w wydechowych, kt\u00f3re poprawiaj\u0105 zar\u00f3wno osi\u0105gi, jak i wydajno\u015b\u0107.<\/p>\n<p><strong>Historia i rozw\u00f3j:<\/strong><\/p>\n<p>Firma JBA Performance Exhaust zosta\u0142a za\u0142o\u017cona w latach 80-tych i szybko sta\u0142a si\u0119 wiod\u0105cym dostawc\u0105 uk\u0142ad\u00f3w wydechowych w bran\u017cy motoryzacyjnej. Firma s\u0142ynie z pionierskich rozwi\u0105za\u0144 w zakresie kolektor\u00f3w wydechowych i uk\u0142ad\u00f3w wydechowych, kt\u00f3re zosta\u0142y specjalnie zaprojektowane w celu maksymalizacji osi\u0105g\u00f3w silnika przy jednoczesnej minimalizacji emisji spalin.<\/p>\n<p><strong>Zakres produkt\u00f3w:<\/strong><\/p>\n<p>Gama produkt\u00f3w JBA obejmuje r\u00f3\u017cnorodne komponenty uk\u0142adu wydechowego, w tym kolektory, katalizatory i kompletne uk\u0142ady wydechowe. Wszystkie produkty charakteryzuj\u0105 si\u0119 wysokiej jako\u015bci wykonaniem i materia\u0142ami, takimi jak stal nierdzewna i specjalne pow\u0142oki, kt\u00f3re zapewniaj\u0105 trwa\u0142o\u015b\u0107 i optymaln\u0105 wydajno\u015b\u0107.<\/p>\n<p><strong>Innowacje:<\/strong><\/p>\n<p>JBA jest znana ze swojej innowacyjno\u015bci i doskona\u0142o\u015bci technologicznej. Firma zg\u0142osi\u0142a liczne patenty na swoje unikalne projekty i techniki produkcyjne, kt\u00f3re poprawiaj\u0105 osi\u0105gi i wydajno\u015b\u0107 pojazd\u00f3w. Jednym z przyk\u0142ad\u00f3w jest kolektor JBA \"Shorty\", kt\u00f3ry jest uznawany za \u0142atwy w instalacji i zapewniaj\u0105cy wyj\u0105tkow\u0105 popraw\u0119 osi\u0105g\u00f3w.<\/p>\n<p><strong>standardy jako\u015bci:<\/strong><\/p>\n<p>Zaanga\u017cowanie JBA w jako\u015b\u0107 jest bezkonkurencyjne. Ka\u017cdy produkt przechodzi rygorystyczn\u0105 kontrol\u0119 jako\u015bci i testy, aby upewni\u0107 si\u0119, \u017ce spe\u0142nia najwy\u017csze standardy. To zaanga\u017cowanie w jako\u015b\u0107 sprawi\u0142o, \u017ce JBA sta\u0142a si\u0119 zaufan\u0105 mark\u0105 w\u015br\u00f3d profesjonalist\u00f3w sport\u00f3w motorowych i entuzjast\u00f3w samochod\u00f3w.<\/p>\n<p>&nbsp;<\/p>","protected":false},"excerpt":{"rendered":"<p>2019\u20132024<\/p>","protected":false},"featured_media":68304638,"comment_status":"open","ping_status":"closed","template":"","meta":{"_acf_changed":false},"product_brand":[17175],"product_cat":[6624],"product_tag":[7085,91,1035,546,3045,3626,49,2786,543,126,3625,3630,20273,3046,7086,550,186,3368,3340,547],"class_list":{"0":"post-68304633","1":"product","2":"type-product","3":"status-publish","4":"has-post-thumbnail","6":"product_brand-jba","7":"product_cat-1500-57-dt-abgaskruemmer-katalysatoren","8":"product_tag-1961s-3js","9":"product_tag-5-7","10":"product_tag-abgasanlage","11":"product_tag-auspuff","12":"product_tag-beschichtet","13":"product_tag-cat4ward","14":"product_tag-dodge","15":"product_tag-exhaust","16":"product_tag-faecherkruemmer","17":"product_tag-hemi","18":"product_tag-jba","19":"product_tag-jbaperformance","20":"product_tag-keintuev","21":"product_tag-keramikbeschichtet","22":"product_tag-keramikbeschichtung","23":"product_tag-kruemmer","24":"product_tag-performance","25":"product_tag-shorties","26":"product_tag-shorty","27":"product_tag-sportauspuff","28":"product_shipping_class-paket-l","30":"first","31":"onbackorder","32":"taxable","33":"shipping-taxable","34":"purchasable","35":"product-type-simple"},"bundled_by":[],"bundle_stock_status":"onbackorder","bundle_stock_quantity":0,"bundle_virtual":false,"bundle_layout":"","bundle_add_to_cart_form_location":"","bundle_editable_in_cart":false,"bundle_sold_individually_context":"","bundle_item_grouping":"","bundle_min_size":"","bundle_max_size":"","bundle_price":[],"bundled_items":[],"bundle_sell_ids":[],"exclude_global_add_ons":[],"addons":[],"acf":[],"_links":{"self":[{"href":"https:\/\/kraftwerk-shop.cc\/pl\/wp-json\/wp\/v2\/product\/68304633","targetHints":{"allow":["GET"]}}],"collection":[{"href":"https:\/\/kraftwerk-shop.cc\/pl\/wp-json\/wp\/v2\/product"}],"about":[{"href":"https:\/\/kraftwerk-shop.cc\/pl\/wp-json\/wp\/v2\/types\/product"}],"replies":[{"embeddable":true,"href":"https:\/\/kraftwerk-shop.cc\/pl\/wp-json\/wp\/v2\/comments?post=68304633"}],"version-history":[{"count":0,"href":"https:\/\/kraftwerk-shop.cc\/pl\/wp-json\/wp\/v2\/product\/68304633\/revisions"}],"wp:featuredmedia":[{"embeddable":true,"href":"https:\/\/kraftwerk-shop.cc\/pl\/wp-json\/wp\/v2\/media\/68304638"}],"wp:attachment":[{"href":"https:\/\/kraftwerk-shop.cc\/pl\/wp-json\/wp\/v2\/media?parent=68304633"}],"wp:term":[{"taxonomy":"product_brand","embeddable":true,"href":"https:\/\/kraftwerk-shop.cc\/pl\/wp-json\/wp\/v2\/product_brand?post=68304633"},{"taxonomy":"product_cat","embeddable":true,"href":"https:\/\/kraftwerk-shop.cc\/pl\/wp-json\/wp\/v2\/product_cat?post=68304633"},{"taxonomy":"product_tag","embeddable":true,"href":"https:\/\/kraftwerk-shop.cc\/pl\/wp-json\/wp\/v2\/product_tag?post=68304633"}],"curies":[{"name":"wp","href":"https:\/\/api.w.org\/{rel}","templated":true}]}}