{"id":68305101,"date":"2024-08-03T20:42:21","date_gmt":"2024-08-03T18:42:21","guid":{"rendered":"https:\/\/kraftwerk-shop.cc\/?post_type=product&#038;p=68305101"},"modified":"2026-02-15T01:11:40","modified_gmt":"2026-02-15T00:11:40","slug":"mopar-czujnik-abs-68199987ad-challenger","status":"publish","type":"product","link":"https:\/\/kraftwerk-shop.cc\/pl\/produkt\/mopar-abs-sensor-68199987ad-challenger\/","title":{"rendered":"Czujnik ABS Mopar (68199987AD) Challenger"},"content":{"rendered":"<h1>Oryginalny czujnik ABS Mopar (<span class=\"list-value sku-display\">68199987AD<\/span>) dla Dodge Challenger od 2015 do 2023, prz\u00f3d lewy + prawy<\/h1>\n<p>&nbsp;<\/p>\n<p><span lang=\"DE\"><strong>Numer cz\u0119\u015bci Mopar:<\/strong> <span class=\"list-value sku-display\">68199987AD<\/span><br \/>\n<strong>Zast\u0105piony: <\/strong><span class=\"list-value\">68199987AA, 68199987AB, 68199987AC<\/span><br \/>\n<\/span><\/p>\n<p><strong>Kod hamulca:<\/strong> BR3, BR4, BR5, BR7, BNN, XSP, XTM, XTU, XS9<\/p>\n<p><strong>Pozycja monta\u017cowa:<\/strong> przedni lewy, przedni prawy<\/p>\n<p>&nbsp;<\/p>\n<p><strong>Odpowiedni dla:<\/strong><\/p>\n<table width=\"663\">\n<tbody>\n<tr>\n<td width=\"83\"><strong>Marka<\/strong><\/td>\n<td width=\"292\"><strong>Model<\/strong><\/td>\n<td width=\"179\"><strong>Silnik<\/strong><\/td>\n<td width=\"109\"><strong>Rok<\/strong><\/td>\n<\/tr>\n<tr>\n<td>Dodge<\/td>\n<td>Challenger<\/td>\n<td>3.6<\/td>\n<td>2015\u20132023<\/td>\n<\/tr>\n<tr>\n<td>Dodge<\/td>\n<td>Challenger<\/td>\n<td>5.7<\/td>\n<td>2015\u20132023<\/td>\n<\/tr>\n<tr>\n<td>Dodge<\/td>\n<td>Challenger Hellcat<\/td>\n<td>6.2<\/td>\n<td>2015\u20132023<\/td>\n<\/tr>\n<tr>\n<td>Dodge<\/td>\n<td>Challenger<\/td>\n<td>6.4<\/td>\n<td>2015\u20132023<\/td>\n<\/tr>\n<\/tbody>\n<\/table>\n<p>&nbsp;<\/p>\n<h4>Dlaczego warto wybra\u0107 oryginalne cz\u0119\u015bci zamienne Mopar?<\/h4>\n<p><strong>Idealne dopasowanie i najwy\u017csza jako\u015b\u0107:<\/strong> Oryginalne cz\u0119\u015bci zamienne Mopar s\u0105 produkowane zgodnie ze \u015bcis\u0142ymi specyfikacjami producenta, co oznacza, \u017ce idealnie pasuj\u0105 do Twojego pojazdu. Zapewnia to nie tylko \u0142atw\u0105 instalacj\u0119, ale tak\u017ce optymaln\u0105 funkcjonalno\u015b\u0107 i bezpiecze\u0144stwo.<\/p>\n<p><strong>Niezawodno\u015b\u0107 i trwa\u0142o\u015b\u0107:<\/strong> Dzi\u0119ki zastosowaniu wysokiej jako\u015bci materia\u0142\u00f3w i rygorystycznej kontroli jako\u015bci, cz\u0119\u015bci zamienne Mopar zapewniaj\u0105 niezawodne dzia\u0142anie pojazdu nawet w ekstremalnych warunkach. Zosta\u0142y zaprojektowane z my\u015bl\u0105 o trwa\u0142o\u015bci i maksymalizacji osi\u0105g\u00f3w pojazdu.<\/p>\n<p>&nbsp;<\/p>\n<p>&nbsp;<\/p>","protected":false},"excerpt":{"rendered":"<p>Oryginalna cz\u0119\u015b\u0107 Mopar<\/p>\n<p>Prz\u00f3d lewy + prawy<br \/>\n2015\u20132023<\/p>","protected":false},"featured_media":68305078,"comment_status":"open","ping_status":"closed","template":"","meta":{"_acf_changed":false},"product_brand":[16270],"product_cat":[7284,7288,7300,7296],"product_tag":[169,91,101,93,7193,7194,7195,7192,3213,7115,2437,7556,932,7557,7558,54,49,3853,100,1149,31,8813,9424,16271,16273,16275,16272,16274,7221,2793,713,841,7132,7133,7562,7559,7560,7561],"class_list":{"0":"post-68305101","1":"product","2":"type-product","3":"status-publish","4":"has-post-thumbnail","6":"product_brand-mopar","7":"product_cat-challenger-36-sensoren","8":"product_cat-challenger-57-sensoren","9":"product_cat-challenger-hellcat-sensoren","10":"product_cat-challenger-64-sensoren","11":"product_tag-3-6","12":"product_tag-5-7","13":"product_tag-6-2","14":"product_tag-6-4","15":"product_tag-68199987aa","16":"product_tag-68199987ab","17":"product_tag-68199987ac","18":"product_tag-68199987ad","19":"product_tag-abs","20":"product_tag-abs-sensor","21":"product_tag-bnn","22":"product_tag-br3","23":"product_tag-br4","24":"product_tag-br5","25":"product_tag-br7","26":"product_tag-challenger","27":"product_tag-dodge","28":"product_tag-dodge-challenger","29":"product_tag-hellcat","30":"product_tag-links","31":"product_tag-mopar","32":"product_tag-mopar-autoteile","33":"product_tag-mopar-ersatzteile","34":"product_tag-mopar-ersatzteile-kaufen","35":"product_tag-mopar-performance-teile","36":"product_tag-mopar-teile-katalog","37":"product_tag-mopar-teile-online","38":"product_tag-mopar-tuningteile","39":"product_tag-mopar10","40":"product_tag-rechts","41":"product_tag-sensor","42":"product_tag-vorne","43":"product_tag-vorne-links","44":"product_tag-vorne-rechts","45":"product_tag-xs9","46":"product_tag-xsp","47":"product_tag-xtm","48":"product_tag-xtu","50":"first","51":"instock","52":"taxable","53":"shipping-taxable","54":"purchasable","55":"product-type-simple"},"bundled_by":[],"bundle_stock_status":"instock","bundle_stock_quantity":2,"bundle_virtual":false,"bundle_layout":"","bundle_add_to_cart_form_location":"","bundle_editable_in_cart":false,"bundle_sold_individually_context":"","bundle_item_grouping":"","bundle_min_size":"","bundle_max_size":"","bundle_price":[],"bundled_items":[],"bundle_sell_ids":[],"exclude_global_add_ons":[],"addons":[],"acf":[],"_links":{"self":[{"href":"https:\/\/kraftwerk-shop.cc\/pl\/wp-json\/wp\/v2\/product\/68305101","targetHints":{"allow":["GET"]}}],"collection":[{"href":"https:\/\/kraftwerk-shop.cc\/pl\/wp-json\/wp\/v2\/product"}],"about":[{"href":"https:\/\/kraftwerk-shop.cc\/pl\/wp-json\/wp\/v2\/types\/product"}],"replies":[{"embeddable":true,"href":"https:\/\/kraftwerk-shop.cc\/pl\/wp-json\/wp\/v2\/comments?post=68305101"}],"version-history":[{"count":0,"href":"https:\/\/kraftwerk-shop.cc\/pl\/wp-json\/wp\/v2\/product\/68305101\/revisions"}],"wp:featuredmedia":[{"embeddable":true,"href":"https:\/\/kraftwerk-shop.cc\/pl\/wp-json\/wp\/v2\/media\/68305078"}],"wp:attachment":[{"href":"https:\/\/kraftwerk-shop.cc\/pl\/wp-json\/wp\/v2\/media?parent=68305101"}],"wp:term":[{"taxonomy":"product_brand","embeddable":true,"href":"https:\/\/kraftwerk-shop.cc\/pl\/wp-json\/wp\/v2\/product_brand?post=68305101"},{"taxonomy":"product_cat","embeddable":true,"href":"https:\/\/kraftwerk-shop.cc\/pl\/wp-json\/wp\/v2\/product_cat?post=68305101"},{"taxonomy":"product_tag","embeddable":true,"href":"https:\/\/kraftwerk-shop.cc\/pl\/wp-json\/wp\/v2\/product_tag?post=68305101"}],"curies":[{"name":"wp","href":"https:\/\/api.w.org\/{rel}","templated":true}]}}