{"id":68305202,"date":"2024-08-06T12:40:26","date_gmt":"2024-08-06T10:40:26","guid":{"rendered":"https:\/\/kraftwerk-shop.cc\/?post_type=product&#038;p=68305202"},"modified":"2026-02-15T01:11:42","modified_gmt":"2026-02-15T00:11:42","slug":"magnaflow-19345-ford-mustang-v6-ecoboost-2","status":"publish","type":"product","link":"https:\/\/kraftwerk-shop.cc\/pl\/produkt\/magnaflow-19345-ford-mustang-v6-ecoboost-2\/","title":{"rendered":"MagnaFlow Race Series Axle-Back Ford Mustang V6 3.7 \/ 2.3 EcoBoost"},"content":{"rendered":"<h1>MagnaFlow Race Series Axle-Back Ford Mustang V6 3.7 \/ 2.3 EcoBoost<\/h1>\n<p>&nbsp;<\/p>\n<p>Do\u015bwiadcz najwy\u017cszej wydajno\u015bci i pot\u0119\u017cnego d\u017awi\u0119ku dzi\u0119ki uk\u0142adowi wydechowemu MagnaFlow Race Series Axle-Back Performance, zaprojektowanemu specjalnie dla Forda Mustanga. Ten wysokowydajny uk\u0142ad wydechowy jest idealny dla entuzjast\u00f3w Mustang\u00f3w poszukuj\u0105cych maksymalnych osi\u0105g\u00f3w i agresywnej nuty wydechowej.<\/p>\n<p>&nbsp;<\/p>\n<p><strong>W\u0142a\u015bciwo\u015bci:<\/strong><\/p>\n<ul>\n<li><strong>Wysokiej jako\u015bci materia\u0142y:<\/strong> Wykonany z wytrzyma\u0142ej stali nierdzewnej dla maksymalnej trwa\u0142o\u015bci i odporno\u015bci na korozj\u0119.<\/li>\n<li><strong>Agresywny d\u017awi\u0119k:<\/strong> Uk\u0142ad wydechowy Race Series oferuje g\u0142\u0119boki, bogaty d\u017awi\u0119k, kt\u00f3ry sprawia, \u017ce Twoja obecno\u015b\u0107 na drodze i torze wy\u015bcigowym jest nie do pomylenia.<\/li>\n<li><strong>Zwi\u0119kszona wydajno\u015b\u0107:<\/strong> Zoptymalizowany pod k\u0105tem zwi\u0119kszonego przep\u0142ywu spalin, co przek\u0142ada si\u0119 na lepsze osi\u0105gi i wydajno\u015b\u0107 silnika.<\/li>\n<li><strong>Prosta instalacja:<\/strong> Konstrukcja Axle-Back umo\u017cliwia \u0142atw\u0105 instalacj\u0119, odpowiedni\u0105 dla standardowych punkt\u00f3w zawieszenia Forda Mustanga.<\/li>\n<li><strong>Sportowy design:<\/strong> Polerowane rury wydechowe z wygrawerowanym logo MagnaFlow nadaj\u0105 Mustangowi sportowy i stylowy charakter.<\/li>\n<\/ul>\n<p>&nbsp;<\/p>\n<p><strong>Dane techniczne:<\/strong><\/p>\n<ul>\n<li>Materia\u0142: stal nierdzewna<\/li>\n<li>Wyko\u0144czenie: polerowane<\/li>\n<li>Typ instalacji: O\u015b tylna<\/li>\n<li>Poziom d\u017awi\u0119ku: agresywny<\/li>\n<\/ul>\n<p>&nbsp;<\/p>\n<p>Uwolnij pe\u0142ny potencja\u0142 swojego Forda Mustanga dzi\u0119ki uk\u0142adowi wydechowemu MagnaFlow Race Series Axle-Back Performance. Z\u0142\u00f3\u017c o\u015bwiadczenie w zakresie osi\u0105g\u00f3w i d\u017awi\u0119ku i ciesz si\u0119 niezr\u00f3wnanymi wra\u017ceniami z jazdy, jakie mo\u017ce zaoferowa\u0107 tylko uk\u0142ad wydechowy MagnaFlow.<\/p>\n<p><img decoding=\"async\" class=\"alignnone size-medium wp-image-68256076\" src=\"https:\/\/kraftwerk-shop.cc\/wp-content\/uploads\/2021\/09\/19235-Charger-Race-300x128.jpg\" alt=\"\u0141adowarka MagnaFlow 19235\" width=\"300\" height=\"128\" \/><\/p>\n<p>&nbsp;<\/p>\n<p>&nbsp;<\/p>\n<p>Ten uk\u0142ad wydechowy MagnaFlow 19345 Race Series Axle-Back pasuje do nast\u0119puj\u0105cych modeli:<\/p>\n<table width=\"449\">\n<tbody>\n<tr>\n<td width=\"115\"><strong>Marka<\/strong><\/td>\n<td width=\"145\"><strong>Model<\/strong><\/td>\n<td width=\"106\"><strong>Silnik<\/strong><\/td>\n<td width=\"83\"><strong>Rok<\/strong><\/td>\n<\/tr>\n<tr>\n<td>Ford<\/td>\n<td>Mustang<\/td>\n<td>2.3 EcoBoost<\/td>\n<td>2015\u20132023<\/td>\n<\/tr>\n<tr>\n<td>Ford<\/td>\n<td>Mustang<\/td>\n<td>V6 3.7<\/td>\n<td>2015\u20132017<\/td>\n<\/tr>\n<\/tbody>\n<\/table>\n<p>&nbsp;<\/p>","protected":false},"excerpt":{"rendered":"<p>2015\u20132023<\/p>","protected":false},"featured_media":68305221,"comment_status":"open","ping_status":"closed","template":"","meta":{"_acf_changed":false},"product_brand":[18925],"product_cat":[4031,4032,3024],"product_tag":[7210,5226,249,250,251,252,419,420,2066,2373,4526,508,7211,1046,1035,1036,546,1037,5034,7213,1047,2210,3873,662,1043,1039,1042,917,2212,2934,532,529,441,20273,2211,2062,3872,1181,7212,547,1034,1038,233,198],"class_list":{"0":"post-68305202","1":"product","2":"type-product","3":"status-publish","4":"has-post-thumbnail","6":"product_brand-magnaflow","7":"product_cat-mustang-23-ecoboost-abgasanlage","8":"product_cat-mustang-37-abgasanlage","9":"product_cat-nicht-nach-eu","10":"product_tag-7210","11":"product_tag-2-3-ecoboost","12":"product_tag-249","13":"product_tag-250","14":"product_tag-251","15":"product_tag-252","16":"product_tag-419","17":"product_tag-420","18":"product_tag-2066","19":"product_tag-2373","20":"product_tag-4526","21":"product_tag-3-7","22":"product_tag-3-7-v6","23":"product_tag-abe","24":"product_tag-abgasanlage","25":"product_tag-abgassystem","26":"product_tag-auspuff","27":"product_tag-auspuffsystem","28":"product_tag-axle-back","29":"product_tag-axleback","30":"product_tag-cat-back","31":"product_tag-catback","32":"product_tag-ecoboost","33":"product_tag-edelstahl","34":"product_tag-endrohr","35":"product_tag-endschalldaempfer","36":"product_tag-endtopf","37":"product_tag-ford","38":"product_tag-gutachten","39":"product_tag-harder","40":"product_tag-kat","41":"product_tag-katalysator","42":"product_tag-kaufen","43":"product_tag-keintuev","44":"product_tag-klang","45":"product_tag-magnaflow","46":"product_tag-mustang","47":"product_tag-race","48":"product_tag-race-series","49":"product_tag-sportauspuff","50":"product_tag-sportauspuffanlage","51":"product_tag-sportendschalldaempfer","52":"product_tag-tuning","53":"product_tag-v6","54":"product_shipping_class-paket-xl","56":"first","57":"onbackorder","58":"taxable","59":"shipping-taxable","60":"purchasable","61":"product-type-simple"},"bundled_by":[],"bundle_stock_status":"onbackorder","bundle_stock_quantity":0,"bundle_virtual":false,"bundle_layout":"","bundle_add_to_cart_form_location":"","bundle_editable_in_cart":false,"bundle_sold_individually_context":"","bundle_item_grouping":"","bundle_min_size":"","bundle_max_size":"","bundle_price":[],"bundled_items":[],"bundle_sell_ids":[],"exclude_global_add_ons":[],"addons":[],"acf":[],"_links":{"self":[{"href":"https:\/\/kraftwerk-shop.cc\/pl\/wp-json\/wp\/v2\/product\/68305202","targetHints":{"allow":["GET"]}}],"collection":[{"href":"https:\/\/kraftwerk-shop.cc\/pl\/wp-json\/wp\/v2\/product"}],"about":[{"href":"https:\/\/kraftwerk-shop.cc\/pl\/wp-json\/wp\/v2\/types\/product"}],"replies":[{"embeddable":true,"href":"https:\/\/kraftwerk-shop.cc\/pl\/wp-json\/wp\/v2\/comments?post=68305202"}],"version-history":[{"count":0,"href":"https:\/\/kraftwerk-shop.cc\/pl\/wp-json\/wp\/v2\/product\/68305202\/revisions"}],"wp:featuredmedia":[{"embeddable":true,"href":"https:\/\/kraftwerk-shop.cc\/pl\/wp-json\/wp\/v2\/media\/68305221"}],"wp:attachment":[{"href":"https:\/\/kraftwerk-shop.cc\/pl\/wp-json\/wp\/v2\/media?parent=68305202"}],"wp:term":[{"taxonomy":"product_brand","embeddable":true,"href":"https:\/\/kraftwerk-shop.cc\/pl\/wp-json\/wp\/v2\/product_brand?post=68305202"},{"taxonomy":"product_cat","embeddable":true,"href":"https:\/\/kraftwerk-shop.cc\/pl\/wp-json\/wp\/v2\/product_cat?post=68305202"},{"taxonomy":"product_tag","embeddable":true,"href":"https:\/\/kraftwerk-shop.cc\/pl\/wp-json\/wp\/v2\/product_tag?post=68305202"}],"curies":[{"name":"wp","href":"https:\/\/api.w.org\/{rel}","templated":true}]}}