{"id":68305651,"date":"2024-08-11T18:04:52","date_gmt":"2024-08-11T16:04:52","guid":{"rendered":"https:\/\/kraftwerk-shop.cc\/?post_type=product&#038;p=68305651"},"modified":"2026-02-15T01:11:51","modified_gmt":"2026-02-15T00:11:51","slug":"lozysko-waleczkowe-acl-57-61","status":"publish","type":"product","link":"https:\/\/kraftwerk-shop.cc\/pl\/produkt\/acl-pleuellager-57-61\/","title":{"rendered":"\u0141o\u017cysko korbowodu ACL 5.7 i 6.1"},"content":{"rendered":"<h1>ACL Pleuellager im Standard- oder \u00dcberma\u00df f\u00fcr Chrysler 300C, Dodge Challenger, Charger, Magnum, Jeep Commander und Grand Cherokee 5.7 und 6.1<\/h1>\n<p>&nbsp;<\/p>\n<ul>\n<li>Hochleistungs-Trimetall-Motorlager<\/li>\n<li>Entwickelt, um h\u00f6heren Drehzahlen standzuhalten<\/li>\n<li>Hochfeste Overlay-Platte mit reduzierter Dicke f\u00fcr verbesserte Erm\u00fcdungseigenschaften<\/li>\n<\/ul>\n<p>&nbsp;<\/p>\n<p>Die einzigartige Kombination aus Design, Metallurgie und Technik bietet genau das, was Autofahrer von leistungsstarken Trimetal-Motorlagern erwarten.<\/p>\n<p>Die f\u00fcr h\u00f6here Drehzahlen ausgelegten ACL Race Series Motorlager zeichnen sich durch folgende Merkmale aus:<\/p>\n<ul>\n<li>Hochfeste Overlay-Platte mit reduzierter Dicke f\u00fcr verbesserte Erm\u00fcdungseigenschaften<\/li>\n<li>Geh\u00e4rtete Stahlr\u00fcckseiten an allen Pleuellagern, um die Lagerauskleidung besser zu st\u00fctzen und den Halt der Lager im Geh\u00e4use zu unterst\u00fctzen.<\/li>\n<li>Erh\u00f6hte Quetschung f\u00fcr verbesserten Halt der Lager<\/li>\n<li>Eliminierung der Gratbildung auf der R\u00fcckseite der Lager, um die W\u00e4rme\u00fcbertragung durch die Lager zu verbessern und die Haftung zwischen den Lagern und dem Geh\u00e4use zu maximieren.<\/li>\n<li>Erh\u00f6hte Exzentrizit\u00e4t zum Ausgleich von Bohrungsverzerrungen bei hohen Drehzahlen und zur Unterst\u00fctzung der Bildung hydrodynamischer \u00d6lfilme.<\/li>\n<li>3\/4-gerillte Hauptlager zur Optimierung der tragenden Oberfl\u00e4che der Lager und des \u00d6lflusses zu den Pleuellagern.<\/li>\n<li>Enge, gleichm\u00e4\u00dfige Wandtoleranzen, die Ihnen helfen, gleichm\u00e4\u00dfige Abst\u00e4nde einzuhalten.<\/li>\n<li>Vergr\u00f6\u00dferte Innenfasen an den Lagerkanten, wo dies erforderlich ist, um den gro\u00dfen Verrundungsradius von Hochleistungskurbelwellen zu ber\u00fccksichtigen.<\/li>\n<\/ul>\n<p>&nbsp;<\/p>\n<p>ACL Teilenummern: 8B1808H-STD, 8B1808H-.025, 8B1808H-.25<\/p>\n<p>&nbsp;<\/p>\n<div class=\"header\" data-v-73fd3f74=\"\">\n<div data-v-73fd3f74=\"\"><strong>Spezifikationen:<\/strong><\/div>\n<div class=\"triangle\" data-v-73fd3f74=\"\"><\/div>\n<\/div>\n<table class=\"table\" data-v-73fd3f74=\"\">\n<tbody data-v-73fd3f74=\"\">\n<tr data-v-73fd3f74=\"\">\n<td data-v-73fd3f74=\"\">Sizes<\/td>\n<td data-v-73fd3f74=\"\">STD, .025, .25<\/td>\n<\/tr>\n<tr data-v-73fd3f74=\"\">\n<td data-v-73fd3f74=\"\">Tunnel [mm]<\/td>\n<td class=\"\" data-v-73fd3f74=\"\">69.893\/69.906<\/td>\n<\/tr>\n<tr data-v-73fd3f74=\"\">\n<td data-v-73fd3f74=\"\">Shaft [mm]<\/td>\n<td class=\"\" data-v-73fd3f74=\"\">64.996\/65.004<\/td>\n<\/tr>\n<tr data-v-73fd3f74=\"\">\n<td data-v-73fd3f74=\"\">Max. Wall<\/td>\n<td class=\"\" data-v-73fd3f74=\"\">2.434<\/td>\n<\/tr>\n<tr data-v-73fd3f74=\"\">\n<td data-v-73fd3f74=\"\">Max. Length<\/td>\n<td class=\"\" data-v-73fd3f74=\"\">21.1<\/td>\n<\/tr>\n<tr data-v-73fd3f74=\"\">\n<td data-v-73fd3f74=\"\">Half type<\/td>\n<td class=\"\" data-v-73fd3f74=\"\">Upper &amp; Lower<\/td>\n<\/tr>\n<tr data-v-73fd3f74=\"\">\n<td data-v-73fd3f74=\"\">Weight<\/td>\n<td data-v-73fd3f74=\"\">0.45<\/td>\n<\/tr>\n<\/tbody>\n<\/table>\n<p>&nbsp;<\/p>\n<p>&nbsp;<\/p>\n<p><strong>Passend f\u00fcr:<\/strong><\/p>\n<table width=\"921\">\n<tbody>\n<tr>\n<td width=\"83\"><strong>Baujahr<\/strong><\/td>\n<td width=\"83\"><strong>Marke<\/strong><\/td>\n<td width=\"186\"><strong>Modell<\/strong><\/td>\n<td width=\"275\"><strong>Version<\/strong><\/td>\n<td width=\"294\"><strong>Motor<\/strong><\/td>\n<\/tr>\n<tr>\n<td width=\"83\">2010<\/td>\n<td width=\"83\">Chrysler<\/td>\n<td width=\"186\">300<\/td>\n<td width=\"275\">C SRT8<\/td>\n<td width=\"294\">6.1L<\/td>\n<\/tr>\n<tr>\n<td width=\"83\">2010<\/td>\n<td width=\"83\">Dodge<\/td>\n<td width=\"186\">Challenger<\/td>\n<td width=\"275\">SRT8<\/td>\n<td width=\"294\">6.1L<\/td>\n<\/tr>\n<tr>\n<td width=\"83\">2010<\/td>\n<td width=\"83\">Dodge<\/td>\n<td width=\"186\">Charger<\/td>\n<td width=\"275\">SRT8<\/td>\n<td width=\"294\">6.1L<\/td>\n<\/tr>\n<tr>\n<td width=\"83\">2010<\/td>\n<td width=\"83\">Jeep<\/td>\n<td width=\"186\">Grand Cherokee<\/td>\n<td width=\"275\">SRT8<\/td>\n<td width=\"294\">6.1L<\/td>\n<\/tr>\n<tr>\n<td width=\"83\">2009<\/td>\n<td width=\"83\">Dodge<\/td>\n<td width=\"186\">Challenger<\/td>\n<td width=\"275\">SRT8<\/td>\n<td width=\"294\">6.1L<\/td>\n<\/tr>\n<tr>\n<td width=\"83\">2009<\/td>\n<td width=\"83\">Dodge<\/td>\n<td width=\"186\">Charger<\/td>\n<td width=\"275\">SRT8<\/td>\n<td width=\"294\">6.1L<\/td>\n<\/tr>\n<tr>\n<td width=\"83\">2009<\/td>\n<td width=\"83\">Jeep<\/td>\n<td width=\"186\">Grand Cherokee<\/td>\n<td width=\"275\">SRT8<\/td>\n<td width=\"294\">6.1L<\/td>\n<\/tr>\n<tr>\n<td width=\"83\">2008<\/td>\n<td width=\"83\">Chrysler<\/td>\n<td width=\"186\">300<\/td>\n<td width=\"275\">C, C SRT8<\/td>\n<td width=\"294\">5.7L, 6.1L<\/td>\n<\/tr>\n<tr>\n<td width=\"83\">2008<\/td>\n<td width=\"83\">Chrysler<\/td>\n<td width=\"186\">Aspen<\/td>\n<td width=\"275\">Limited<\/td>\n<td width=\"294\">5.7L<\/td>\n<\/tr>\n<tr>\n<td width=\"83\">2008<\/td>\n<td width=\"83\">Dodge<\/td>\n<td width=\"186\">Challenger<\/td>\n<td width=\"275\">SRT8<\/td>\n<td width=\"294\">6.1L<\/td>\n<\/tr>\n<tr>\n<td width=\"83\">2008<\/td>\n<td width=\"83\">Dodge<\/td>\n<td width=\"186\">Charger<\/td>\n<td width=\"275\">Pursuit, R\/T, SE, SRT8<\/td>\n<td width=\"294\">5.7L, 6.1L<\/td>\n<\/tr>\n<tr>\n<td width=\"83\">2008<\/td>\n<td width=\"83\">Dodge<\/td>\n<td width=\"186\">Durango<\/td>\n<td width=\"275\">Adventurer, Limited, SLT, SXT<\/td>\n<td width=\"294\">5.7L<\/td>\n<\/tr>\n<tr>\n<td width=\"83\">2008<\/td>\n<td width=\"83\">Dodge<\/td>\n<td width=\"186\">Magnum<\/td>\n<td width=\"275\">R\/T, SRT8<\/td>\n<td width=\"294\">5.7L, 6.1L<\/td>\n<\/tr>\n<tr>\n<td width=\"83\">2008<\/td>\n<td width=\"83\">Dodge<\/td>\n<td width=\"186\">Ram 1500<\/td>\n<td width=\"275\">Laramie, SLT, ST<\/td>\n<td width=\"294\">5.7L<\/td>\n<\/tr>\n<tr>\n<td width=\"83\">2008<\/td>\n<td width=\"83\">Dodge<\/td>\n<td width=\"186\">Ram 2500<\/td>\n<td width=\"275\">Laramie, Power Wagon, SLT, ST, SXT<\/td>\n<td width=\"294\">5.7L<\/td>\n<\/tr>\n<tr>\n<td width=\"83\">2008<\/td>\n<td width=\"83\">Dodge<\/td>\n<td width=\"186\">Ram 3500<\/td>\n<td width=\"275\">Laramie, SLT, ST<\/td>\n<td width=\"294\">5.7L<\/td>\n<\/tr>\n<tr>\n<td width=\"83\">2008<\/td>\n<td width=\"83\">Jeep<\/td>\n<td width=\"186\">Commander<\/td>\n<td width=\"275\">Limited, Overland, Sport<\/td>\n<td width=\"294\">5.7L<\/td>\n<\/tr>\n<tr>\n<td width=\"83\">2008<\/td>\n<td width=\"83\">Jeep<\/td>\n<td width=\"186\">Grand Cherokee<\/td>\n<td width=\"275\">Laredo, Limited, Overland, SRT8<\/td>\n<td width=\"294\">5.7L<\/td>\n<\/tr>\n<tr>\n<td width=\"83\">2007<\/td>\n<td width=\"83\">Chrysler<\/td>\n<td width=\"186\">300<\/td>\n<td width=\"275\">C, C SRT8<\/td>\n<td width=\"294\">5.7L, 6.1L<\/td>\n<\/tr>\n<tr>\n<td width=\"83\">2007<\/td>\n<td width=\"83\">Chrysler<\/td>\n<td width=\"186\">Aspen<\/td>\n<td width=\"275\">Limited<\/td>\n<td width=\"294\">5.7L<\/td>\n<\/tr>\n<tr>\n<td width=\"83\">2007<\/td>\n<td width=\"83\">Dodge<\/td>\n<td width=\"186\">Charger<\/td>\n<td width=\"275\">Pursuit, R\/T, SRT8<\/td>\n<td width=\"294\">5.7L, 6.1L<\/td>\n<\/tr>\n<tr>\n<td width=\"83\">2007<\/td>\n<td width=\"83\">Dodge<\/td>\n<td width=\"186\">Durango<\/td>\n<td width=\"275\">Adventurer, Limited, SLT, SXT<\/td>\n<td width=\"294\">5.7L<\/td>\n<\/tr>\n<tr>\n<td width=\"83\">2007<\/td>\n<td width=\"83\">Dodge<\/td>\n<td width=\"186\">Magnum<\/td>\n<td width=\"275\">R\/T, SRT8<\/td>\n<td width=\"294\">5.7L, 6.1L<\/td>\n<\/tr>\n<tr>\n<td width=\"83\">2007<\/td>\n<td width=\"83\">Dodge<\/td>\n<td width=\"186\">Ram 1500<\/td>\n<td width=\"275\">Laramie, SLT, ST, Sport, TRX4<\/td>\n<td width=\"294\">5.7L<\/td>\n<\/tr>\n<tr>\n<td width=\"83\">2007<\/td>\n<td width=\"83\">Dodge<\/td>\n<td width=\"186\">Ram 2500<\/td>\n<td width=\"275\">Laramie, Power Wagon, SLT, ST, Sport, TRX4<\/td>\n<td width=\"294\">5.7L<\/td>\n<\/tr>\n<tr>\n<td width=\"83\">2007<\/td>\n<td width=\"83\">Dodge<\/td>\n<td width=\"186\">Ram 3500<\/td>\n<td width=\"275\">Laramie, SLT, ST, Sport<\/td>\n<td width=\"294\">5.7L<\/td>\n<\/tr>\n<tr>\n<td width=\"83\">2007<\/td>\n<td width=\"83\">Jeep<\/td>\n<td width=\"186\">Commander<\/td>\n<td width=\"275\">Limited, Overland<\/td>\n<td width=\"294\">5.7L<\/td>\n<\/tr>\n<tr>\n<td width=\"83\">2007<\/td>\n<td width=\"83\">Jeep<\/td>\n<td width=\"186\">Grand Cherokee<\/td>\n<td width=\"275\">Limited, Overland, SRT8<\/td>\n<td width=\"294\">5.7L, 6.1L<\/td>\n<\/tr>\n<tr>\n<td width=\"83\">2006<\/td>\n<td width=\"83\">Chrysler<\/td>\n<td width=\"186\">300<\/td>\n<td width=\"275\">C<\/td>\n<td width=\"294\">5.7L<\/td>\n<\/tr>\n<tr>\n<td width=\"83\">2006<\/td>\n<td width=\"83\">Dodge<\/td>\n<td width=\"186\">Charger<\/td>\n<td width=\"275\">R\/T, SRT8<\/td>\n<td width=\"294\">5.7L, 6.1L<\/td>\n<\/tr>\n<tr>\n<td width=\"83\">2006<\/td>\n<td width=\"83\">Dodge<\/td>\n<td width=\"186\">Durango<\/td>\n<td width=\"275\">Limited, SLT<\/td>\n<td width=\"294\">5.7L<\/td>\n<\/tr>\n<tr>\n<td width=\"83\">2006<\/td>\n<td width=\"83\">Dodge<\/td>\n<td width=\"186\">Magnum<\/td>\n<td width=\"275\">R\/T, SRT8<\/td>\n<td width=\"294\">5.7L, 6.1L<\/td>\n<\/tr>\n<tr>\n<td width=\"83\">2006<\/td>\n<td width=\"83\">Dodge<\/td>\n<td width=\"186\">Ram 1500<\/td>\n<td width=\"275\">Laramie, SLT, ST<\/td>\n<td width=\"294\">5.7L<\/td>\n<\/tr>\n<tr>\n<td width=\"83\">2006<\/td>\n<td width=\"83\">Dodge<\/td>\n<td width=\"186\">Ram 2500<\/td>\n<td width=\"275\">Laramie, SLT, ST<\/td>\n<td width=\"294\">5.7L<\/td>\n<\/tr>\n<tr>\n<td width=\"83\">2006<\/td>\n<td width=\"83\">Dodge<\/td>\n<td width=\"186\">Ram 3500<\/td>\n<td width=\"275\">Laramie, SLT, ST<\/td>\n<td width=\"294\">5.7L<\/td>\n<\/tr>\n<tr>\n<td width=\"83\">2006<\/td>\n<td width=\"83\">Jeep<\/td>\n<td width=\"186\">Commander<\/td>\n<td width=\"275\">Limited<\/td>\n<td width=\"294\">5.7L<\/td>\n<\/tr>\n<tr>\n<td width=\"83\">2006<\/td>\n<td width=\"83\">Jeep<\/td>\n<td width=\"186\">Grand Cherokee<\/td>\n<td width=\"275\">Limited, Overland, SRT8<\/td>\n<td width=\"294\">5.7L, 6.1L<\/td>\n<\/tr>\n<tr>\n<td width=\"83\">2005<\/td>\n<td width=\"83\">Chrysler<\/td>\n<td width=\"186\">300<\/td>\n<td width=\"275\">C<\/td>\n<td width=\"294\">5.7L<\/td>\n<\/tr>\n<tr>\n<td width=\"83\">2005<\/td>\n<td width=\"83\">Dodge<\/td>\n<td width=\"186\">Durango<\/td>\n<td width=\"275\">Limited, SLT<\/td>\n<td width=\"294\">5.7L<\/td>\n<\/tr>\n<tr>\n<td width=\"83\">2005<\/td>\n<td width=\"83\">Dodge<\/td>\n<td width=\"186\">Magnum<\/td>\n<td width=\"275\">R\/T<\/td>\n<td width=\"294\">5.7L<\/td>\n<\/tr>\n<tr>\n<td width=\"83\">2005<\/td>\n<td width=\"83\">Dodge<\/td>\n<td width=\"186\">Ram 1500<\/td>\n<td width=\"275\">SLT, ST<\/td>\n<td width=\"294\">5.7L<\/td>\n<\/tr>\n<tr>\n<td width=\"83\">2005<\/td>\n<td width=\"83\">Dodge<\/td>\n<td width=\"186\">Ram 2500<\/td>\n<td width=\"275\">SLT, ST<\/td>\n<td width=\"294\">5.7L<\/td>\n<\/tr>\n<tr>\n<td width=\"83\">2005<\/td>\n<td width=\"83\">Dodge<\/td>\n<td width=\"186\">Ram 3500<\/td>\n<td width=\"275\">SLT, ST<\/td>\n<td width=\"294\">5.7L<\/td>\n<\/tr>\n<tr>\n<td width=\"83\">2005<\/td>\n<td width=\"83\">Jeep<\/td>\n<td width=\"186\">Grand Cherokee<\/td>\n<td width=\"275\">Limited<\/td>\n<td width=\"294\">5.7L<\/td>\n<\/tr>\n<tr>\n<td width=\"83\">2004<\/td>\n<td width=\"83\">Dodge<\/td>\n<td width=\"186\">Durango<\/td>\n<td width=\"275\">Limited, SLT<\/td>\n<td width=\"294\">5.7L<\/td>\n<\/tr>\n<tr>\n<td width=\"83\">2004<\/td>\n<td width=\"83\">Dodge<\/td>\n<td width=\"186\">Ram 1500<\/td>\n<td width=\"275\">SLT, ST<\/td>\n<td width=\"294\">5.7L<\/td>\n<\/tr>\n<tr>\n<td width=\"83\">2004<\/td>\n<td width=\"83\">Dodge<\/td>\n<td width=\"186\">Ram 2500<\/td>\n<td width=\"275\">SLT, ST<\/td>\n<td width=\"294\">5.7L<\/td>\n<\/tr>\n<tr>\n<td width=\"83\">2004<\/td>\n<td width=\"83\">Dodge<\/td>\n<td width=\"186\">Ram 3500<\/td>\n<td width=\"275\">SLT, ST<\/td>\n<td width=\"294\">5.7L<\/td>\n<\/tr>\n<tr>\n<td width=\"83\">2003<\/td>\n<td width=\"83\">Dodge<\/td>\n<td width=\"186\">Ram 1500<\/td>\n<td width=\"275\">SLT, ST<\/td>\n<td width=\"294\">5.7L<\/td>\n<\/tr>\n<tr>\n<td width=\"83\">2003<\/td>\n<td width=\"83\">Dodge<\/td>\n<td width=\"186\">Ram 2500<\/td>\n<td width=\"275\">SLT, ST<\/td>\n<td width=\"294\">5.7L<\/td>\n<\/tr>\n<tr>\n<td width=\"83\">2003<\/td>\n<td width=\"83\">Dodge<\/td>\n<td width=\"186\">Ram 3500<\/td>\n<td width=\"275\">SLT, ST<\/td>\n<td width=\"294\">5.7L<\/td>\n<\/tr>\n<\/tbody>\n<\/table>\n<p>&nbsp;<\/p>\n<p><strong>Lieferumfang:<\/strong><\/p>\n<ul>\n<li>1 Satz Hauptlager<\/li>\n<\/ul>\n<p>&nbsp;<\/p>\n","protected":false},"excerpt":{"rendered":"<p>Standardowe i ponadwymiarowe<\/p>","protected":false},"featured_media":68305658,"comment_status":"open","ping_status":"closed","template":"","meta":{"_acf_changed":false},"product_brand":[],"product_cat":[6709,6684,6689,6714,6694,6739,8093,6698,6719,6703,7765],"product_tag":[52,91,92,7231,7232,7230,7228,48,3853,3427,3429,7229],"class_list":{"0":"post-68305651","1":"product","2":"type-product","3":"status-publish","4":"has-post-thumbnail","6":"product_cat-300c-57-2005-2010-kurbelwelle-kolben","7":"product_cat-300c-61-kurbelwelle-kolben","8":"product_cat-challenger-61-kurbelwelle-kolben","9":"product_cat-charger-57-kurbelwelle-kolben","10":"product_cat-charger-61-kurbelwelle-kolben","11":"product_cat-durango-57-kurbelwelle-kolben","12":"product_cat-magnum-57-kurbelwelle-kolben","13":"product_cat-magnum-61-kurbelwelle-kolben","14":"product_cat-grand-cherokee-57-2005-2010-kurbelwelle-kolben","15":"product_cat-grand-cherokee-61-kurbelwelle-kolben","16":"product_cat-1500-57-2003-2008-kurbelwelle-kolben","17":"product_tag-300c","18":"product_tag-5-7","19":"product_tag-6-1","20":"product_tag-8b1808h-025","21":"product_tag-8b1808h-25","22":"product_tag-8b1808h-std","23":"product_tag-acl","24":"product_tag-chrysler","25":"product_tag-dodge-challenger","26":"product_tag-hauptlager","27":"product_tag-pleuellager","28":"product_tag-uebermass","30":"first","31":"instock","32":"taxable","33":"shipping-taxable","34":"purchasable","35":"product-type-variable"},"bundled_by":[],"bundle_stock_status":"instock","bundle_stock_quantity":4,"bundle_virtual":false,"bundle_layout":"","bundle_add_to_cart_form_location":"","bundle_editable_in_cart":false,"bundle_sold_individually_context":"","bundle_item_grouping":"","bundle_min_size":"","bundle_max_size":"","bundle_price":[],"bundled_items":[],"bundle_sell_ids":[],"exclude_global_add_ons":[],"addons":[],"acf":[],"_links":{"self":[{"href":"https:\/\/kraftwerk-shop.cc\/pl\/wp-json\/wp\/v2\/product\/68305651","targetHints":{"allow":["GET"]}}],"collection":[{"href":"https:\/\/kraftwerk-shop.cc\/pl\/wp-json\/wp\/v2\/product"}],"about":[{"href":"https:\/\/kraftwerk-shop.cc\/pl\/wp-json\/wp\/v2\/types\/product"}],"replies":[{"embeddable":true,"href":"https:\/\/kraftwerk-shop.cc\/pl\/wp-json\/wp\/v2\/comments?post=68305651"}],"version-history":[{"count":0,"href":"https:\/\/kraftwerk-shop.cc\/pl\/wp-json\/wp\/v2\/product\/68305651\/revisions"}],"wp:featuredmedia":[{"embeddable":true,"href":"https:\/\/kraftwerk-shop.cc\/pl\/wp-json\/wp\/v2\/media\/68305658"}],"wp:attachment":[{"href":"https:\/\/kraftwerk-shop.cc\/pl\/wp-json\/wp\/v2\/media?parent=68305651"}],"wp:term":[{"taxonomy":"product_brand","embeddable":true,"href":"https:\/\/kraftwerk-shop.cc\/pl\/wp-json\/wp\/v2\/product_brand?post=68305651"},{"taxonomy":"product_cat","embeddable":true,"href":"https:\/\/kraftwerk-shop.cc\/pl\/wp-json\/wp\/v2\/product_cat?post=68305651"},{"taxonomy":"product_tag","embeddable":true,"href":"https:\/\/kraftwerk-shop.cc\/pl\/wp-json\/wp\/v2\/product_tag?post=68305651"}],"curies":[{"name":"wp","href":"https:\/\/api.w.org\/{rel}","templated":true}]}}