{"id":68306445,"date":"2024-08-30T23:46:58","date_gmt":"2024-08-30T21:46:58","guid":{"rendered":"https:\/\/kraftwerk-shop.cc\/?post_type=product&#038;p=68306445"},"modified":"2026-02-15T01:12:03","modified_gmt":"2026-02-15T00:12:03","slug":"czujnik-abs-mopar-4779647af","status":"publish","type":"product","link":"https:\/\/kraftwerk-shop.cc\/pl\/produkt\/mopar-abs-sensor-4779647af\/","title":{"rendered":"Czujnik ABS Mopar (4779647AF)"},"content":{"rendered":"<h1>Oryginalny czujnik ABS Mopar (<span class=\"list-value sku-display\">4779647AF<\/span>) dla Chryslera 300C, Dodge'a Chargera i Challengera w latach 2011-2023, ty\u0142 lewy<\/h1>\n<p>&nbsp;<\/p>\n<p><span lang=\"DE\"><strong>Numer cz\u0119\u015bci Mopar:<\/strong> <span class=\"list-value sku-display\">4779647AF<\/span><br \/>\n<strong>Zast\u0105piony: <\/strong> <span class=\"list-value\">4779647AB, 4779647AC, 4779647AD, 4779647AE<\/span><br \/>\n<\/span><\/p>\n<p><strong>Kod hamulca:<\/strong> BR4, BR7, X85<\/p>\n<p><strong>Pozycja monta\u017cowa:<\/strong> Lewy tylny<\/p>\n<p>&nbsp;<\/p>\n<p><strong>Odpowiedni dla:<\/strong><\/p>\n<table width=\"1004\">\n<tbody>\n<tr>\n<td width=\"82\"><strong>Rok<\/strong><\/td>\n<td width=\"82\"><strong>Marka<\/strong><\/td>\n<td width=\"124\"><strong>Model<\/strong><\/td>\n<td width=\"512\"><strong>Wersja<\/strong><\/td>\n<td width=\"204\"><strong>Silnik<\/strong><\/td>\n<\/tr>\n<tr>\n<td width=\"82\">2023<\/td>\n<td width=\"82\">Chrysler<\/td>\n<td width=\"124\">300<\/td>\n<td width=\"512\">C, S, Touring, Touring L<\/td>\n<td width=\"204\">3.6L V6 - Flex, 3.6L, 5.7L, 6.4L<\/td>\n<\/tr>\n<tr>\n<td width=\"82\">2023<\/td>\n<td width=\"82\">Dodge<\/td>\n<td width=\"124\">Challenger<\/td>\n<td width=\"512\">GT, R\/T, R\/T Scat Pack, R\/T Scat Pack Widebody, SRT Hellcat Jailbreak, SRT Hellcat Redeye Jailbreak, SRT Hellcat Redeye Widebody Jailbreak, SRT Hellcat Widebody Jailbreak, SRT Super Stock, SXT<\/td>\n<td width=\"204\">3.6L, 5.7L, 6.2L, 6.4L<\/td>\n<\/tr>\n<tr>\n<td width=\"82\">2023<\/td>\n<td width=\"82\">Dodge<\/td>\n<td width=\"124\">Charger<\/td>\n<td width=\"512\">GT, Pursuit, R\/T, SRT Hellcat Redeye Widebody, SRT Hellcat Widebody, SRT Hellcat Widebody Jailbreak, SXT, Scat Pack, Scat Pack Widebody<\/td>\n<td width=\"204\">3.6L V6 - Flex, 3.6L, 5.7L, 6.2L, 6.4L<\/td>\n<\/tr>\n<tr>\n<td width=\"82\">2022<\/td>\n<td width=\"82\">Chrysler<\/td>\n<td width=\"124\">300<\/td>\n<td width=\"512\">S, Touring, Touring L<\/td>\n<td width=\"204\">3.6L V6 - Flex, 3.6L, 5.7L<\/td>\n<\/tr>\n<tr>\n<td width=\"82\">2022<\/td>\n<td width=\"82\">Dodge<\/td>\n<td width=\"124\">Challenger<\/td>\n<td width=\"512\">GT, R\/T, R\/T Scat Pack, R\/T Scat Pack Widebody, SRT Hellcat, SRT Hellcat Redeye, SRT Hellcat Redeye Widebody, SRT Hellcat Widebody, SRT Jailbreak, SRT Super Stock, SXT<\/td>\n<td width=\"204\">3.6L, 5.7L, 6.2L, 6.4L<\/td>\n<\/tr>\n<tr>\n<td width=\"82\">2022<\/td>\n<td width=\"82\">Dodge<\/td>\n<td width=\"124\">Charger<\/td>\n<td width=\"512\">GT, R\/T, SRT Hellcat Redeye Widebody, SRT Hellcat Widebody, SRT Jailbreak, SXT, Scat Pack, Scat Pack Widebody<\/td>\n<td width=\"204\">3.6L V6 - Flex, 3.6L, 5.7L, 6.2L, 6.4L<\/td>\n<\/tr>\n<tr>\n<td width=\"82\">2021<\/td>\n<td width=\"82\">Chrysler<\/td>\n<td width=\"124\">300<\/td>\n<td width=\"512\">S, Touring, Touring L<\/td>\n<td width=\"204\">3.6L V6 - Flex, 3.6L, 5.7L<\/td>\n<\/tr>\n<tr>\n<td width=\"82\">2021<\/td>\n<td width=\"82\">Dodge<\/td>\n<td width=\"124\">Challenger<\/td>\n<td width=\"512\">GT, R\/T, R\/T Scat Pack, R\/T Scat Pack Widebody, SRT Hellcat, SRT Hellcat Redeye, SRT Hellcat Redeye Widebody, SRT Hellcat Widebody, SRT Super Stock, SXT<\/td>\n<td width=\"204\">3.6L, 5.7L, 6.2L, 6.4L<\/td>\n<\/tr>\n<tr>\n<td width=\"82\">2021<\/td>\n<td width=\"82\">Dodge<\/td>\n<td width=\"124\">Charger<\/td>\n<td width=\"512\">GT, R\/T, SRT Hellcat Redeye Widebody, SRT Hellcat Widebody, SXT, Scat Pack<\/td>\n<td width=\"204\">3.6L V6 - Flex, 3.6L, 5.7L, 6.2L, 6.4L<\/td>\n<\/tr>\n<tr>\n<td width=\"82\">2020<\/td>\n<td width=\"82\">Chrysler<\/td>\n<td width=\"124\">300<\/td>\n<td width=\"512\">C, Limited, S, Touring, Touring L<\/td>\n<td width=\"204\">3.6L V6 - Flex, 3.6L, 5.7L<\/td>\n<\/tr>\n<tr>\n<td width=\"82\">2020<\/td>\n<td width=\"82\">Dodge<\/td>\n<td width=\"124\">Challenger<\/td>\n<td width=\"512\">GT, R\/T, R\/T Scat Pack, R\/T Scat Pack Widebody, SRT Hellcat, SRT Hellcat Redeye, SRT Hellcat Redeye Widebody, SRT Hellcat Widebody, SXT<\/td>\n<td width=\"204\">3.6L, 5.7L, 6.2L, 6.4L<\/td>\n<\/tr>\n<tr>\n<td width=\"82\">2020<\/td>\n<td width=\"82\">Dodge<\/td>\n<td width=\"124\">Charger<\/td>\n<td width=\"512\">GT, Pursuit, R\/T, SRT Hellcat Widebody, SXT, Scat Pack<\/td>\n<td width=\"204\">3.6L V6 - Flex, 3.6L, 5.7L, 6.2L, 6.4L<\/td>\n<\/tr>\n<tr>\n<td width=\"82\">2019<\/td>\n<td width=\"82\">Chrysler<\/td>\n<td width=\"124\">300<\/td>\n<td width=\"512\">C, Limited, S, Touring, Touring L<\/td>\n<td width=\"204\">3.6L V6 - Flex, 3.6L, 5.7L<\/td>\n<\/tr>\n<tr>\n<td width=\"82\">2019<\/td>\n<td width=\"82\">Dodge<\/td>\n<td width=\"124\">Challenger<\/td>\n<td width=\"512\">GT, R\/T, R\/T Scat Pack, R\/T Scat Pack Widebody, SRT Hellcat, SRT Hellcat Redeye, SRT Hellcat Redeye Widebody, SRT Hellcat Widebody, SXT<\/td>\n<td width=\"204\">3.6L, 5.7L, 6.2L, 6.4L<\/td>\n<\/tr>\n<tr>\n<td width=\"82\">2019<\/td>\n<td width=\"82\">Dodge<\/td>\n<td width=\"124\">Charger<\/td>\n<td width=\"512\">GT, Pursuit, R\/T, SRT Hellcat, SXT, Scat Pack<\/td>\n<td width=\"204\">3.6L V6 - Flex, 3.6L, 5.7L, 6.2L, 6.4L<\/td>\n<\/tr>\n<tr>\n<td width=\"82\">2018<\/td>\n<td width=\"82\">Chrysler<\/td>\n<td width=\"124\">300<\/td>\n<td width=\"512\">C, Limited, S, Touring, Touring L<\/td>\n<td width=\"204\">3.6L V6 - Flex, 3.6L, 5.7L<\/td>\n<\/tr>\n<tr>\n<td width=\"82\">2018<\/td>\n<td width=\"82\">Dodge<\/td>\n<td width=\"124\">Challenger<\/td>\n<td width=\"512\">GT, R\/T, R\/T Scat Pack, SRT 392, SRT Demon, SRT Hellcat, SRT Hellcat Widebody, SXT, SXT Plus, T\/A, T\/A 392<\/td>\n<td width=\"204\">3.6L, 5.7L, 6.2L, 6.4L<\/td>\n<\/tr>\n<tr>\n<td width=\"82\">2018<\/td>\n<td width=\"82\">Dodge<\/td>\n<td width=\"124\">Charger<\/td>\n<td width=\"512\">Daytona, Daytona 392, Pursuit, R\/T, R\/T Scat Pack, SRT 392, SRT Hellcat, SXT, SXT Plus, SXT Plus Leather<\/td>\n<td width=\"204\">3.6L V6 - Flex, 3.6L, 5.7L, 6.2L, 6.4L<\/td>\n<\/tr>\n<tr>\n<td width=\"82\">2017<\/td>\n<td width=\"82\">Chrysler<\/td>\n<td width=\"124\">300<\/td>\n<td width=\"512\">C, C Platinum, Limited, S<\/td>\n<td width=\"204\">3.6L V6 - Flex, 3.6L, 5.7L<\/td>\n<\/tr>\n<tr>\n<td width=\"82\">2017<\/td>\n<td width=\"82\">Dodge<\/td>\n<td width=\"124\">Challenger<\/td>\n<td width=\"512\">GT, R\/T, R\/T Scat Pack, SRT 392, SRT Hellcat, SXT, SXT Plus, T\/A, T\/A 392<\/td>\n<td width=\"204\">3.6L, 5.7L, 6.2L, 6.4L<\/td>\n<\/tr>\n<tr>\n<td width=\"82\">2017<\/td>\n<td width=\"82\">Dodge<\/td>\n<td width=\"124\">Charger<\/td>\n<td width=\"512\">Daytona, Daytona 392, Pursuit, R\/T, R\/T Scat Pack, SE, SRT 392, SRT Hellcat, SXT<\/td>\n<td width=\"204\">3.6L V6 - Flex, 5.7L, 6.2L, 6.4L<\/td>\n<\/tr>\n<tr>\n<td width=\"82\">2016<\/td>\n<td width=\"82\">Chrysler<\/td>\n<td width=\"124\">300<\/td>\n<td width=\"512\">C, C Platinum, Limited, S<\/td>\n<td width=\"204\">3.6L V6 - Flex, 3.6L, 5.7L<\/td>\n<\/tr>\n<tr>\n<td width=\"82\">2016<\/td>\n<td width=\"82\">Dodge<\/td>\n<td width=\"124\">Challenger<\/td>\n<td width=\"512\">392 Hemi Scat Pack Shaker, R\/T, R\/T Plus, R\/T Plus Shaker, R\/T Scat Pack, R\/T Shaker, SRT 392, SRT Hellcat, SXT, SXT Plus<\/td>\n<td width=\"204\">3.6L, 5.7L, 6.2L, 6.4L<\/td>\n<\/tr>\n<tr>\n<td width=\"82\">2016<\/td>\n<td width=\"82\">Dodge<\/td>\n<td width=\"124\">Charger<\/td>\n<td width=\"512\">Pursuit, R\/T, R\/T Road &amp; Track, R\/T Scat Pack, SE, SRT 392, SRT Hellcat, SXT<\/td>\n<td width=\"204\">3.6L V6 - Flex, 5.7L, 6.2L, 6.4L<\/td>\n<\/tr>\n<tr>\n<td width=\"82\">2015<\/td>\n<td width=\"82\">Chrysler<\/td>\n<td width=\"124\">300<\/td>\n<td width=\"512\">C, C Platinum, Limited, S<\/td>\n<td width=\"204\">3.6L V6 - Flex, 3.6L, 5.7L<\/td>\n<\/tr>\n<tr>\n<td width=\"82\">2015<\/td>\n<td width=\"82\">Dodge<\/td>\n<td width=\"124\">Challenger<\/td>\n<td width=\"512\">R\/T, R\/T Plus, SRT 392, SRT Hellcat, SXT, SXT Plus, Scat Pack<\/td>\n<td width=\"204\">3.6L, 5.7L, 6.2L, 6.4L<\/td>\n<\/tr>\n<tr>\n<td width=\"82\">2015<\/td>\n<td width=\"82\">Dodge<\/td>\n<td width=\"124\">Charger<\/td>\n<td width=\"512\">Pursuit, R\/T, R\/T Road &amp; Track, R\/T Scat Pack, SE, SRT 392, SRT Hellcat, SXT<\/td>\n<td width=\"204\">3.6L V6 - Flex, 5.7L, 6.2L, 6.4L<\/td>\n<\/tr>\n<tr>\n<td width=\"82\">2014<\/td>\n<td width=\"82\">Chrysler<\/td>\n<td width=\"124\">300<\/td>\n<td width=\"512\">Base, C, C Luxury, S, SRT8<\/td>\n<td width=\"204\">3.6L V6 - Flex, 3.6L, 5.7L, 6.4L<\/td>\n<\/tr>\n<tr>\n<td width=\"82\">2014<\/td>\n<td width=\"82\">Dodge<\/td>\n<td width=\"124\">Challenger<\/td>\n<td width=\"512\">R\/T, Rallye Redline, SXT<\/td>\n<td width=\"204\">3.6L, 5.7L<\/td>\n<\/tr>\n<tr>\n<td width=\"82\">2014<\/td>\n<td width=\"82\">Dodge<\/td>\n<td width=\"124\">Charger<\/td>\n<td width=\"512\">Pursuit, R\/T, SE, SRT8, SXT<\/td>\n<td width=\"204\">3.6L V6 - Flex, 3.6L, 5.7L, 6.4L<\/td>\n<\/tr>\n<tr>\n<td width=\"82\">2013<\/td>\n<td width=\"82\">Chrysler<\/td>\n<td width=\"124\">300<\/td>\n<td width=\"512\">Base, C, C Luxury, S, SRT8, SRT8 Core<\/td>\n<td width=\"204\">3.6L V6 - Flex, 3.6L, 5.7L, 6.4L<\/td>\n<\/tr>\n<tr>\n<td width=\"82\">2013<\/td>\n<td width=\"82\">Dodge<\/td>\n<td width=\"124\">Challenger<\/td>\n<td width=\"512\">R\/T, SRT8, SXT<\/td>\n<td width=\"204\">3.6L, 5.7L, 6.4L<\/td>\n<\/tr>\n<tr>\n<td width=\"82\">2013<\/td>\n<td width=\"82\">Dodge<\/td>\n<td width=\"124\">Charger<\/td>\n<td width=\"512\">Pursuit, R\/T, SE, SRT8, SXT<\/td>\n<td width=\"204\">3.6L V6 - Flex, 3.6L, 5.7L, 6.4L<\/td>\n<\/tr>\n<tr>\n<td width=\"82\">2012<\/td>\n<td width=\"82\">Chrysler<\/td>\n<td width=\"124\">300<\/td>\n<td width=\"512\">Base, C, C Luxury, Limited, S, SRT8<\/td>\n<td width=\"204\">3.6L V6 - Flex, 3.6L, 5.7L, 6.4L<\/td>\n<\/tr>\n<tr>\n<td width=\"82\">2012<\/td>\n<td width=\"82\">Dodge<\/td>\n<td width=\"124\">Challenger<\/td>\n<td width=\"512\">R\/T, R\/T Classic, SRT8, SXT, SXT Plus<\/td>\n<td width=\"204\">3.6L, 5.7L, 6.4L<\/td>\n<\/tr>\n<tr>\n<td width=\"82\">2012<\/td>\n<td width=\"82\">Dodge<\/td>\n<td width=\"124\">Charger<\/td>\n<td width=\"512\">Pursuit, R\/T, SE, SRT8, SXT, SXT Plus<\/td>\n<td width=\"204\">3.6L V6 - Flex, 3.6L, 5.7L, 6.4L<\/td>\n<\/tr>\n<tr>\n<td width=\"82\">2011<\/td>\n<td width=\"82\">Dodge<\/td>\n<td width=\"124\">Challenger<\/td>\n<td width=\"512\">R\/T, SE, SRT8<\/td>\n<td width=\"204\">3.6L V6 - Flex, 5.7L, 6.4L<\/td>\n<\/tr>\n<tr>\n<td width=\"82\">2011<\/td>\n<td width=\"82\">Dodge<\/td>\n<td width=\"124\">Charger<\/td>\n<td width=\"512\">Pursuit, R\/T, SE<\/td>\n<td width=\"204\">3.6L V6 - Flex, 3.6L, 5.7L<\/td>\n<\/tr>\n<\/tbody>\n<\/table>\n<p>&nbsp;<\/p>\n<h4>Dlaczego warto wybra\u0107 oryginalne cz\u0119\u015bci zamienne Mopar?<\/h4>\n<p><strong>Idealne dopasowanie i najwy\u017csza jako\u015b\u0107:<\/strong> Oryginalne cz\u0119\u015bci zamienne Mopar s\u0105 produkowane zgodnie ze \u015bcis\u0142ymi specyfikacjami producenta, co oznacza, \u017ce idealnie pasuj\u0105 do Twojego pojazdu. Zapewnia to nie tylko \u0142atw\u0105 instalacj\u0119, ale tak\u017ce optymaln\u0105 funkcjonalno\u015b\u0107 i bezpiecze\u0144stwo.<\/p>\n<p><strong>Niezawodno\u015b\u0107 i trwa\u0142o\u015b\u0107:<\/strong> Dzi\u0119ki zastosowaniu wysokiej jako\u015bci materia\u0142\u00f3w i rygorystycznej kontroli jako\u015bci, cz\u0119\u015bci zamienne Mopar zapewniaj\u0105 niezawodne dzia\u0142anie pojazdu nawet w ekstremalnych warunkach. Zosta\u0142y zaprojektowane z my\u015bl\u0105 o trwa\u0142o\u015bci i maksymalizacji osi\u0105g\u00f3w pojazdu.<\/p>\n<p>&nbsp;<\/p>\n<p>&nbsp;<\/p>","protected":false},"excerpt":{"rendered":"<p>Oryginalna cz\u0119\u015b\u0107 Mopar<\/p>\n<p>Lewy tylny<br \/>\n2011\u20132023<\/p>","protected":false},"featured_media":68306459,"comment_status":"open","ping_status":"closed","template":"","meta":{"_acf_changed":false},"product_brand":[16270],"product_cat":[10262],"product_tag":[18541,18542,18543,18544,18540,52,7545,7546,7547,7548,7549,7550,3213,7115,932,7558,54,53,48,49,3853,798,7125,1149,31,8813,9424,16271,16273,16275,16272,16274,7221,713,7563],"class_list":{"0":"post-68306445","1":"product","2":"type-product","3":"status-publish","4":"has-post-thumbnail","6":"product_brand-mopar","7":"product_cat-alle-produkte","8":"product_tag-04779647ab","9":"product_tag-04779647ac","10":"product_tag-04779647ad","11":"product_tag-04779647ae","12":"product_tag-04779647af","13":"product_tag-300c","14":"product_tag-4779647aa","15":"product_tag-4779647ab","16":"product_tag-4779647ac","17":"product_tag-4779647ad","18":"product_tag-4779647ae","19":"product_tag-4779647af","20":"product_tag-abs","21":"product_tag-abs-sensor","22":"product_tag-br4","23":"product_tag-br7","24":"product_tag-challenger","25":"product_tag-charger","26":"product_tag-chrysler","27":"product_tag-dodge","28":"product_tag-dodge-challenger","29":"product_tag-hinten","30":"product_tag-hinten-links","31":"product_tag-links","32":"product_tag-mopar","33":"product_tag-mopar-autoteile","34":"product_tag-mopar-ersatzteile","35":"product_tag-mopar-ersatzteile-kaufen","36":"product_tag-mopar-performance-teile","37":"product_tag-mopar-teile-katalog","38":"product_tag-mopar-teile-online","39":"product_tag-mopar-tuningteile","40":"product_tag-mopar10","41":"product_tag-sensor","42":"product_tag-x85","44":"first","45":"instock","46":"taxable","47":"shipping-taxable","48":"purchasable","49":"product-type-simple"},"bundled_by":[],"bundle_stock_status":"instock","bundle_stock_quantity":2,"bundle_virtual":false,"bundle_layout":"","bundle_add_to_cart_form_location":"","bundle_editable_in_cart":false,"bundle_sold_individually_context":"","bundle_item_grouping":"","bundle_min_size":"","bundle_max_size":"","bundle_price":[],"bundled_items":[],"bundle_sell_ids":[],"exclude_global_add_ons":[],"addons":[],"acf":[],"_links":{"self":[{"href":"https:\/\/kraftwerk-shop.cc\/pl\/wp-json\/wp\/v2\/product\/68306445","targetHints":{"allow":["GET"]}}],"collection":[{"href":"https:\/\/kraftwerk-shop.cc\/pl\/wp-json\/wp\/v2\/product"}],"about":[{"href":"https:\/\/kraftwerk-shop.cc\/pl\/wp-json\/wp\/v2\/types\/product"}],"replies":[{"embeddable":true,"href":"https:\/\/kraftwerk-shop.cc\/pl\/wp-json\/wp\/v2\/comments?post=68306445"}],"version-history":[{"count":0,"href":"https:\/\/kraftwerk-shop.cc\/pl\/wp-json\/wp\/v2\/product\/68306445\/revisions"}],"wp:featuredmedia":[{"embeddable":true,"href":"https:\/\/kraftwerk-shop.cc\/pl\/wp-json\/wp\/v2\/media\/68306459"}],"wp:attachment":[{"href":"https:\/\/kraftwerk-shop.cc\/pl\/wp-json\/wp\/v2\/media?parent=68306445"}],"wp:term":[{"taxonomy":"product_brand","embeddable":true,"href":"https:\/\/kraftwerk-shop.cc\/pl\/wp-json\/wp\/v2\/product_brand?post=68306445"},{"taxonomy":"product_cat","embeddable":true,"href":"https:\/\/kraftwerk-shop.cc\/pl\/wp-json\/wp\/v2\/product_cat?post=68306445"},{"taxonomy":"product_tag","embeddable":true,"href":"https:\/\/kraftwerk-shop.cc\/pl\/wp-json\/wp\/v2\/product_tag?post=68306445"}],"curies":[{"name":"wp","href":"https:\/\/api.w.org\/{rel}","templated":true}]}}