{"id":68306451,"date":"2024-08-30T23:46:46","date_gmt":"2024-08-30T21:46:46","guid":{"rendered":"https:\/\/kraftwerk-shop.cc\/?post_type=product&#038;p=68306451"},"modified":"2026-02-15T01:11:59","modified_gmt":"2026-02-15T00:11:59","slug":"mopar-czujnik-abs-4779647af-charger","status":"publish","type":"product","link":"https:\/\/kraftwerk-shop.cc\/pl\/produkt\/mopar-abs-sensor-4779647af-charger\/","title":{"rendered":"Czujnik ABS Mopar (4779647AF) Charger"},"content":{"rendered":"<h1>Oryginalny czujnik ABS Mopar (<span class=\"list-value sku-display\">4779647AF<\/span>) dla Dodge Charger od 2011 do 2023, ty\u0142 lewy<\/h1>\n<p>&nbsp;<\/p>\n<p><span lang=\"DE\"><strong>Numer cz\u0119\u015bci Mopar:<\/strong> <span class=\"list-value sku-display\">4779647AF<\/span><br \/>\n<strong>Zast\u0105piony:\u00a0<\/strong><span class=\"list-value\">4779647AB, 4779647AC, 4779647AD, 4779647AE<\/span><br \/>\n<\/span><\/p>\n<p><strong>Kod hamulca:<\/strong> BR4, BR7, X85<\/p>\n<p><strong>Pozycja monta\u017cowa:<\/strong> Lewy tylny<\/p>\n<p>&nbsp;<\/p>\n<p><strong>Odpowiedni dla:<\/strong><\/p>\n<table width=\"663\">\n<tbody>\n<tr>\n<td width=\"83\"><strong>Marka<\/strong><\/td>\n<td width=\"292\"><strong>Model<\/strong><\/td>\n<td width=\"179\"><strong>Silnik<\/strong><\/td>\n<td width=\"109\"><strong>Rok<\/strong><\/td>\n<\/tr>\n<tr>\n<td>Dodge<\/td>\n<td>Charger<\/td>\n<td>3.6<\/td>\n<td>2011\u20132023<\/td>\n<\/tr>\n<tr>\n<td>Dodge<\/td>\n<td>Charger<\/td>\n<td>5.7<\/td>\n<td>2011\u20132023<\/td>\n<\/tr>\n<tr>\n<td>Dodge<\/td>\n<td>Charger Hellcat<\/td>\n<td>6.2<\/td>\n<td>2015\u20132023<\/td>\n<\/tr>\n<tr>\n<td>Dodge<\/td>\n<td>Charger<\/td>\n<td>6.4<\/td>\n<td>2012\u20132023<\/td>\n<\/tr>\n<\/tbody>\n<\/table>\n<h4><\/h4>\n<p>&nbsp;<\/p>\n<h4>Dlaczego warto wybra\u0107 oryginalne cz\u0119\u015bci zamienne Mopar?<\/h4>\n<p><strong>Idealne dopasowanie i najwy\u017csza jako\u015b\u0107:<\/strong> Oryginalne cz\u0119\u015bci zamienne Mopar s\u0105 produkowane zgodnie ze \u015bcis\u0142ymi specyfikacjami producenta, co oznacza, \u017ce idealnie pasuj\u0105 do Twojego pojazdu. Zapewnia to nie tylko \u0142atw\u0105 instalacj\u0119, ale tak\u017ce optymaln\u0105 funkcjonalno\u015b\u0107 i bezpiecze\u0144stwo.<\/p>\n<p><strong>Niezawodno\u015b\u0107 i trwa\u0142o\u015b\u0107:<\/strong> Dzi\u0119ki zastosowaniu wysokiej jako\u015bci materia\u0142\u00f3w i rygorystycznej kontroli jako\u015bci, cz\u0119\u015bci zamienne Mopar zapewniaj\u0105 niezawodne dzia\u0142anie pojazdu nawet w ekstremalnych warunkach. Zosta\u0142y zaprojektowane z my\u015bl\u0105 o trwa\u0142o\u015bci i maksymalizacji osi\u0105g\u00f3w pojazdu.<\/p>\n<p>&nbsp;<\/p>\n<p>&nbsp;<\/p>","protected":false},"excerpt":{"rendered":"<p>Oryginalna cz\u0119\u015b\u0107 Mopar<\/p>\n<p>Lewy tylny<br \/>\n2011\u20132023<\/p>","protected":false},"featured_media":68306464,"comment_status":"open","ping_status":"closed","template":"","meta":{"_acf_changed":false},"product_brand":[16270],"product_cat":[7309,7318,7327,7331],"product_tag":[18541,18542,18543,18544,18540,169,7545,7546,7547,7548,7549,7550,91,101,93,3213,7115,932,7558,53,49,100,798,7125,1149,31,8813,9424,16271,16273,16275,16272,16274,7221,713,7563],"class_list":{"0":"post-68306451","1":"product","2":"type-product","3":"status-publish","4":"has-post-thumbnail","6":"product_brand-mopar","7":"product_cat-charger-36-sensoren","8":"product_cat-charger-57-2011-2023-sensoren","9":"product_cat-charger-hellcat-sensoren","10":"product_cat-charger-64-sensoren","11":"product_tag-04779647ab","12":"product_tag-04779647ac","13":"product_tag-04779647ad","14":"product_tag-04779647ae","15":"product_tag-04779647af","16":"product_tag-3-6","17":"product_tag-4779647aa","18":"product_tag-4779647ab","19":"product_tag-4779647ac","20":"product_tag-4779647ad","21":"product_tag-4779647ae","22":"product_tag-4779647af","23":"product_tag-5-7","24":"product_tag-6-2","25":"product_tag-6-4","26":"product_tag-abs","27":"product_tag-abs-sensor","28":"product_tag-br4","29":"product_tag-br7","30":"product_tag-charger","31":"product_tag-dodge","32":"product_tag-hellcat","33":"product_tag-hinten","34":"product_tag-hinten-links","35":"product_tag-links","36":"product_tag-mopar","37":"product_tag-mopar-autoteile","38":"product_tag-mopar-ersatzteile","39":"product_tag-mopar-ersatzteile-kaufen","40":"product_tag-mopar-performance-teile","41":"product_tag-mopar-teile-katalog","42":"product_tag-mopar-teile-online","43":"product_tag-mopar-tuningteile","44":"product_tag-mopar10","45":"product_tag-sensor","46":"product_tag-x85","48":"first","49":"instock","50":"taxable","51":"shipping-taxable","52":"purchasable","53":"product-type-simple"},"bundled_by":[],"bundle_stock_status":"instock","bundle_stock_quantity":2,"bundle_virtual":false,"bundle_layout":"","bundle_add_to_cart_form_location":"","bundle_editable_in_cart":false,"bundle_sold_individually_context":"","bundle_item_grouping":"","bundle_min_size":"","bundle_max_size":"","bundle_price":[],"bundled_items":[],"bundle_sell_ids":[],"exclude_global_add_ons":[],"addons":[],"acf":[],"_links":{"self":[{"href":"https:\/\/kraftwerk-shop.cc\/pl\/wp-json\/wp\/v2\/product\/68306451","targetHints":{"allow":["GET"]}}],"collection":[{"href":"https:\/\/kraftwerk-shop.cc\/pl\/wp-json\/wp\/v2\/product"}],"about":[{"href":"https:\/\/kraftwerk-shop.cc\/pl\/wp-json\/wp\/v2\/types\/product"}],"replies":[{"embeddable":true,"href":"https:\/\/kraftwerk-shop.cc\/pl\/wp-json\/wp\/v2\/comments?post=68306451"}],"version-history":[{"count":0,"href":"https:\/\/kraftwerk-shop.cc\/pl\/wp-json\/wp\/v2\/product\/68306451\/revisions"}],"wp:featuredmedia":[{"embeddable":true,"href":"https:\/\/kraftwerk-shop.cc\/pl\/wp-json\/wp\/v2\/media\/68306464"}],"wp:attachment":[{"href":"https:\/\/kraftwerk-shop.cc\/pl\/wp-json\/wp\/v2\/media?parent=68306451"}],"wp:term":[{"taxonomy":"product_brand","embeddable":true,"href":"https:\/\/kraftwerk-shop.cc\/pl\/wp-json\/wp\/v2\/product_brand?post=68306451"},{"taxonomy":"product_cat","embeddable":true,"href":"https:\/\/kraftwerk-shop.cc\/pl\/wp-json\/wp\/v2\/product_cat?post=68306451"},{"taxonomy":"product_tag","embeddable":true,"href":"https:\/\/kraftwerk-shop.cc\/pl\/wp-json\/wp\/v2\/product_tag?post=68306451"}],"curies":[{"name":"wp","href":"https:\/\/api.w.org\/{rel}","templated":true}]}}