{"id":68306579,"date":"2024-08-31T17:13:38","date_gmt":"2024-08-31T15:13:38","guid":{"rendered":"https:\/\/kraftwerk-shop.cc\/?post_type=product&#038;p=68306579"},"modified":"2026-04-08T11:23:05","modified_gmt":"2026-04-08T09:23:05","slug":"mopar-pasek-klinowy-hellcat-trackhawk-5038718aa","status":"publish","type":"product","link":"https:\/\/kraftwerk-shop.cc\/pl\/produkt\/mopar-keilriemen-hellcat-trackhawk-5038718aa\/","title":{"rendered":"Pasek klinowy Mopar Hellcat &amp; Trackhawk (5038718AA)"},"content":{"rendered":"<h1>Oryginalny pasek klinowy Mopar <span class=\"list-value sku-display\">5038718AA<\/span> dla Dodge Challenger, Charger, Durango Hellcat i Jeep Trackhawk w latach 2018-2025<\/h1>\n<p>&nbsp;<\/p>\n<p><strong>Numer cz\u0119\u015bci Mopar:<\/strong> <span class=\"list-value sku-display\">5038718AA<\/span><br \/>\n<strong>Zast\u0105piony:<\/strong> <span class=\"list-value\">\u2014<\/span><\/p>\n<p><strong><br \/>\nOdpowiedni dla:<\/strong><\/p>\n<table width=\"972\">\n<tbody>\n<tr>\n<td width=\"80\"><strong>Rok<\/strong><\/td>\n<td width=\"80\"><strong>Marka<\/strong><\/td>\n<td width=\"121\"><strong>Model<\/strong><\/td>\n<td width=\"493\"><strong>Wersja<\/strong><\/td>\n<td width=\"198\"><strong>Silnik<\/strong><\/td>\n<\/tr>\n<tr>\n<td width=\"80\">2025<\/td>\n<td width=\"80\">Dodge<\/td>\n<td width=\"121\">Durango<\/td>\n<td width=\"493\">SRT Hellcat Hammerhead, SRT Hellcat Plus, SRT Hellcat Premium, SRT Hellcat Silver Bullet<\/td>\n<td width=\"198\">6.2L<\/td>\n<\/tr>\n<tr>\n<td width=\"80\">2024<\/td>\n<td width=\"80\">Dodge<\/td>\n<td width=\"121\">Durango<\/td>\n<td width=\"493\">SRT Hellcat, SRT Hellcat Plus, SRT Hellcat Premium<\/td>\n<td width=\"198\">6.2L<\/td>\n<\/tr>\n<tr>\n<td width=\"80\">2023<\/td>\n<td width=\"80\">Dodge<\/td>\n<td width=\"121\">Challenger<\/td>\n<td width=\"493\">SRT Hellcat Jailbreak, SRT Hellcat Redeye Jailbreak, SRT Hellcat Redeye Widebody Jailbreak, SRT Hellcat Widebody Jailbreak, SRT Super Stock<\/td>\n<td width=\"198\">6.2L<\/td>\n<\/tr>\n<tr>\n<td width=\"80\">2023<\/td>\n<td width=\"80\">Dodge<\/td>\n<td width=\"121\">Charger<\/td>\n<td width=\"493\">SRT Hellcat Redeye Widebody, SRT Hellcat Widebody, SRT Hellcat Widebody Jailbreak<\/td>\n<td width=\"198\">6.2L<\/td>\n<\/tr>\n<tr>\n<td width=\"80\">2023<\/td>\n<td width=\"80\">Dodge<\/td>\n<td width=\"121\">Durango<\/td>\n<td width=\"493\">SRT Hellcat, SRT Hellcat Plus, SRT Hellcat Premium<\/td>\n<td width=\"198\">6.2L<\/td>\n<\/tr>\n<tr>\n<td width=\"80\">2022<\/td>\n<td width=\"80\">Dodge<\/td>\n<td width=\"121\">Challenger<\/td>\n<td width=\"493\">SRT Hellcat, SRT Hellcat Redeye, SRT Hellcat Redeye Widebody, SRT Hellcat Widebody, SRT Jailbreak, SRT Super Stock<\/td>\n<td width=\"198\">6.2L<\/td>\n<\/tr>\n<tr>\n<td width=\"80\">2022<\/td>\n<td width=\"80\">Dodge<\/td>\n<td width=\"121\">Charger<\/td>\n<td width=\"493\">SRT Hellcat Redeye Widebody, SRT Hellcat Widebody, SRT Jailbreak<\/td>\n<td width=\"198\">6.2L<\/td>\n<\/tr>\n<tr>\n<td width=\"80\">2021<\/td>\n<td width=\"80\">Dodge<\/td>\n<td width=\"121\">Challenger<\/td>\n<td width=\"493\">SRT Hellcat, SRT Hellcat Redeye, SRT Hellcat Redeye Widebody, SRT Hellcat Widebody, SRT Super Stock<\/td>\n<td width=\"198\">6.2L<\/td>\n<\/tr>\n<tr>\n<td width=\"80\">2021<\/td>\n<td width=\"80\">Dodge<\/td>\n<td width=\"121\">Charger<\/td>\n<td width=\"493\">SRT Hellcat Redeye Widebody, SRT Hellcat Widebody<\/td>\n<td width=\"198\">6.2L<\/td>\n<\/tr>\n<tr>\n<td width=\"80\">2021<\/td>\n<td width=\"80\">Dodge<\/td>\n<td width=\"121\">Durango<\/td>\n<td width=\"493\">SRT Hellcat<\/td>\n<td width=\"198\">6.2L<\/td>\n<\/tr>\n<tr>\n<td width=\"80\">2021<\/td>\n<td width=\"80\">Jeep<\/td>\n<td width=\"121\">Grand Cherokee<\/td>\n<td width=\"493\">Trackhawk<\/td>\n<td width=\"198\">6.2L<\/td>\n<\/tr>\n<tr>\n<td width=\"80\">2020<\/td>\n<td width=\"80\">Dodge<\/td>\n<td width=\"121\">Challenger<\/td>\n<td width=\"493\">SRT Hellcat, SRT Hellcat Redeye, SRT Hellcat Redeye Widebody, SRT Hellcat Widebody<\/td>\n<td width=\"198\">6.2L<\/td>\n<\/tr>\n<tr>\n<td width=\"80\">2020<\/td>\n<td width=\"80\">Dodge<\/td>\n<td width=\"121\">Charger<\/td>\n<td width=\"493\">SRT Hellcat Widebody<\/td>\n<td width=\"198\">6.2L<\/td>\n<\/tr>\n<tr>\n<td width=\"80\">2020<\/td>\n<td width=\"80\">Jeep<\/td>\n<td width=\"121\">Grand Cherokee<\/td>\n<td width=\"493\">Trackhawk<\/td>\n<td width=\"198\">6.2L<\/td>\n<\/tr>\n<tr>\n<td width=\"80\">2019<\/td>\n<td width=\"80\">Dodge<\/td>\n<td width=\"121\">Challenger<\/td>\n<td width=\"493\">SRT Hellcat, SRT Hellcat Redeye, SRT Hellcat Redeye Widebody, SRT Hellcat Widebody<\/td>\n<td width=\"198\">6.2L<\/td>\n<\/tr>\n<tr>\n<td width=\"80\">2019<\/td>\n<td width=\"80\">Jeep<\/td>\n<td width=\"121\">Grand Cherokee<\/td>\n<td width=\"493\">Trackhawk<\/td>\n<td width=\"198\">6.2L<\/td>\n<\/tr>\n<tr>\n<td width=\"80\">2018<\/td>\n<td width=\"80\">Dodge<\/td>\n<td width=\"121\">Challenger<\/td>\n<td width=\"493\">SRT Demon, SRT Hellcat, SRT Hellcat Widebody<\/td>\n<td width=\"198\">6.2L<\/td>\n<\/tr>\n<tr>\n<td width=\"80\">2018<\/td>\n<td width=\"80\">Jeep<\/td>\n<td width=\"121\">Grand Cherokee<\/td>\n<td width=\"493\">Trackhawk<\/td>\n<td width=\"198\">6.2L<\/td>\n<\/tr>\n<\/tbody>\n<\/table>\n<p>&nbsp;<\/p>\n<p>Pasek klinowy to d\u0142ugi gumowy pasek, kt\u00f3ry biegnie wzd\u0142u\u017c silnika pojazdu i nap\u0119dza wiele wa\u017cnych podzespo\u0142\u00f3w, takich jak alternator, pompa wspomagania uk\u0142adu kierowniczego, uk\u0142ad klimatyzacji i pompa wody<\/p>\n<p>W przypadku wi\u0119kszo\u015bci pojazd\u00f3w zaleca si\u0119 sprawdzenie paska klinowego po przejechaniu 60 000 kilometr\u00f3w.<br \/>\nWa\u017cne jest r\u00f3wnie\u017c przeprowadzenie wizualnej i akustycznej kontroli zu\u017cycia przed osi\u0105gni\u0119ciem tego przebiegu.<\/p>\n<p>W wi\u0119kszo\u015bci pojazd\u00f3w zaleca si\u0119 wymian\u0119 paska klinowego przy przebiegu 90 kilometr\u00f3w (niezale\u017cnie od jego wygl\u0105du), aby zmniejszy\u0107 ryzyko zerwania. Zerwany pasek klinowy mo\u017ce by\u0107 niebezpieczny podczas jazdy i spowodowa\u0107 powa\u017cne uszkodzenie silnika.<\/p>\n<p>&nbsp;<\/p>\n<p><strong>Objawy uszkodzonego paska klinowego<\/strong><\/p>\n<ul>\n<li>Oderwanie \u017cebra (jedno lub wi\u0119cej \u017ceber oderwa\u0142o si\u0119 od korpusu pasa)<\/li>\n<li>Zu\u017cycie \u017ceber lub paska<\/li>\n<li>P\u0119kni\u0119cia w kierunku wzd\u0142u\u017cnym ta\u015bmy (p\u0119kni\u0119cia mi\u0119dzy dwoma \u017cebrami)<\/li>\n<li>Prowadnice paska<\/li>\n<li>\"Przeskok rowka\" (pasek nie utrzymuje prawid\u0142owej pozycji na kole pasowym)<\/li>\n<li>P\u0119kni\u0119cie paska (uwaga: zidentyfikuj i usu\u0144 problem przed zainstalowaniem nowego paska)<\/li>\n<li>Odg\u0142osy (nieprzyjemne skrzypienie, piszczenie lub dudnienie mo\u017ce by\u0107 s\u0142yszalne lub odczuwalne podczas pracy paska nap\u0119dowego)<\/li>\n<\/ul>\n<p>Je\u015bli na pasku klinowym widoczne s\u0105 zanieczyszczenia olejem lub p\u0142ynem ch\u0142odz\u0105cym, pasek r\u00f3wnie\u017c nale\u017cy wymieni\u0107, a nieszczelno\u015bci usun\u0105\u0107.<\/p>","protected":false},"excerpt":{"rendered":"<p>Oryginalna cz\u0119\u015b\u0107 Mopar<\/p>\n<p>2018\u20132025<\/p>","protected":false},"featured_media":68306897,"comment_status":"open","ping_status":"closed","template":"","meta":{"_acf_changed":false},"product_brand":[16270],"product_cat":[7505,7509,7512,7519],"product_tag":[18596,7589,54,53,49,3853,3854,95,56,4447,50,736,7613,31,8813,9424,16271,16273,16275,16272,16274,7221,151,2396,102],"class_list":{"0":"post-68306579","1":"product","2":"type-product","3":"status-publish","4":"has-post-thumbnail","6":"product_brand-mopar","7":"product_cat-challenger-hellcat-riemenantrieb","8":"product_cat-charger-hellcat-riemenantrieb","9":"product_cat-durango-hellcat-riemenantrieb","10":"product_cat-trackhawk-riemenantrieb","11":"product_tag-05038718aa","12":"product_tag-5038718aa","13":"product_tag-challenger","14":"product_tag-charger","15":"product_tag-dodge","16":"product_tag-dodge-challenger","17":"product_tag-dodge-charger","18":"product_tag-durango","19":"product_tag-grand-cherokee","20":"product_tag-jailbreak","21":"product_tag-jeep","22":"product_tag-keilriemen","23":"product_tag-keilrippenriemen","24":"product_tag-mopar","25":"product_tag-mopar-autoteile","26":"product_tag-mopar-ersatzteile","27":"product_tag-mopar-ersatzteile-kaufen","28":"product_tag-mopar-performance-teile","29":"product_tag-mopar-teile-katalog","30":"product_tag-mopar-teile-online","31":"product_tag-mopar-tuningteile","32":"product_tag-mopar10","33":"product_tag-redeye","34":"product_tag-super-stock","35":"product_tag-trackhawk","36":"product_shipping_class-deutschlandohne","38":"first","39":"instock","40":"taxable","41":"shipping-taxable","42":"purchasable","43":"product-type-simple"},"bundled_by":[],"bundle_stock_status":"instock","bundle_stock_quantity":4,"bundle_virtual":false,"bundle_layout":"","bundle_add_to_cart_form_location":"","bundle_editable_in_cart":false,"bundle_sold_individually_context":"","bundle_item_grouping":"","bundle_min_size":"","bundle_max_size":"","bundle_price":[],"bundled_items":[],"bundle_sell_ids":[],"exclude_global_add_ons":[],"addons":[],"acf":[],"_links":{"self":[{"href":"https:\/\/kraftwerk-shop.cc\/pl\/wp-json\/wp\/v2\/product\/68306579","targetHints":{"allow":["GET"]}}],"collection":[{"href":"https:\/\/kraftwerk-shop.cc\/pl\/wp-json\/wp\/v2\/product"}],"about":[{"href":"https:\/\/kraftwerk-shop.cc\/pl\/wp-json\/wp\/v2\/types\/product"}],"replies":[{"embeddable":true,"href":"https:\/\/kraftwerk-shop.cc\/pl\/wp-json\/wp\/v2\/comments?post=68306579"}],"version-history":[{"count":0,"href":"https:\/\/kraftwerk-shop.cc\/pl\/wp-json\/wp\/v2\/product\/68306579\/revisions"}],"wp:featuredmedia":[{"embeddable":true,"href":"https:\/\/kraftwerk-shop.cc\/pl\/wp-json\/wp\/v2\/media\/68306897"}],"wp:attachment":[{"href":"https:\/\/kraftwerk-shop.cc\/pl\/wp-json\/wp\/v2\/media?parent=68306579"}],"wp:term":[{"taxonomy":"product_brand","embeddable":true,"href":"https:\/\/kraftwerk-shop.cc\/pl\/wp-json\/wp\/v2\/product_brand?post=68306579"},{"taxonomy":"product_cat","embeddable":true,"href":"https:\/\/kraftwerk-shop.cc\/pl\/wp-json\/wp\/v2\/product_cat?post=68306579"},{"taxonomy":"product_tag","embeddable":true,"href":"https:\/\/kraftwerk-shop.cc\/pl\/wp-json\/wp\/v2\/product_tag?post=68306579"}],"curies":[{"name":"wp","href":"https:\/\/api.w.org\/{rel}","templated":true}]}}