{"id":68306957,"date":"2024-09-06T16:50:41","date_gmt":"2024-09-06T14:50:41","guid":{"rendered":"https:\/\/kraftwerk-shop.cc\/?post_type=product&#038;p=68306957"},"modified":"2026-03-20T15:55:51","modified_gmt":"2026-03-20T14:55:51","slug":"czujnik-temperatury-powietrza-dolotowego-mopar-56028364aa","status":"publish","type":"product","link":"https:\/\/kraftwerk-shop.cc\/pl\/produkt\/mopar-ansauglufttemperatursensor-56028364aa\/","title":{"rendered":"Czujnik temperatury powietrza dolotowego Mopar (56028364AA)"},"content":{"rendered":"<h1>Oryginalny czujnik temperatury powietrza dolotowego Mopar (56028364AA) do Dodge Challenger, Charger, Durango, Jeep Commander, Grand Cherokee, RAM 1500 itp.<\/h1>\n<p>&nbsp;<\/p>\n<p><span lang=\"DE\"><strong>Numer cz\u0119\u015bci Mopar:<\/strong> 56028364AA<br \/>\n<strong>Zast\u0105piony: <\/strong> <\/span><\/p>\n<p>&nbsp;<\/p>\n<p><strong>Odpowiedni dla:<\/strong><\/p>\n<table width=\"921\">\n<tbody>\n<tr>\n<td width=\"83\"><strong>Rok<\/strong><\/td>\n<td width=\"83\"><strong>Marka<\/strong><\/td>\n<td width=\"186\"><strong>Model<\/strong><\/td>\n<td width=\"275\"><strong>Wersja<\/strong><\/td>\n<td width=\"294\"><strong>Silnik<\/strong><\/td>\n<\/tr>\n<tr>\n<td width=\"83\">2020<\/td>\n<td width=\"83\">Dodge<\/td>\n<td width=\"186\">Journey<\/td>\n<td width=\"275\">Crossroad<\/td>\n<td width=\"294\">2.4L<\/td>\n<\/tr>\n<tr>\n<td width=\"83\">2019<\/td>\n<td width=\"83\">Dodge<\/td>\n<td width=\"186\">Journey<\/td>\n<td width=\"275\">Crossroad, SE<\/td>\n<td width=\"294\">2.4L<\/td>\n<\/tr>\n<tr>\n<td width=\"83\">2018<\/td>\n<td width=\"83\">Dodge<\/td>\n<td width=\"186\">Journey<\/td>\n<td width=\"275\">Crossroad, SE, SXT<\/td>\n<td width=\"294\">2.4L<\/td>\n<\/tr>\n<tr>\n<td width=\"83\">2017<\/td>\n<td width=\"83\">Dodge<\/td>\n<td width=\"186\">Journey<\/td>\n<td width=\"275\">Crossroad, SE, SXT<\/td>\n<td width=\"294\">2.4L<\/td>\n<\/tr>\n<tr>\n<td width=\"83\">2016<\/td>\n<td width=\"83\">Dodge<\/td>\n<td width=\"186\">Journey<\/td>\n<td width=\"275\">Crossroad, SE, SXT<\/td>\n<td width=\"294\">2.4L<\/td>\n<\/tr>\n<tr>\n<td width=\"83\">2015<\/td>\n<td width=\"83\">Dodge<\/td>\n<td width=\"186\">Journey<\/td>\n<td width=\"275\">AVP, Crossroad, SE, SXT<\/td>\n<td width=\"294\">2.4L<\/td>\n<\/tr>\n<tr>\n<td width=\"83\">2014<\/td>\n<td width=\"83\">Chrysler<\/td>\n<td width=\"186\">200<\/td>\n<td width=\"275\">LX, Limited, Touring<\/td>\n<td width=\"294\">2.4L<\/td>\n<\/tr>\n<tr>\n<td width=\"83\">2014<\/td>\n<td width=\"83\">Dodge<\/td>\n<td width=\"186\">Avenger<\/td>\n<td width=\"275\">SE, SXT<\/td>\n<td width=\"294\">2.4L<\/td>\n<\/tr>\n<tr>\n<td width=\"83\">2014<\/td>\n<td width=\"83\">Dodge<\/td>\n<td width=\"186\">Journey<\/td>\n<td width=\"275\">Crossroad, SE, SXT<\/td>\n<td width=\"294\">2.4L<\/td>\n<\/tr>\n<tr>\n<td width=\"83\">2013<\/td>\n<td width=\"83\">Chrysler<\/td>\n<td width=\"186\">200<\/td>\n<td width=\"275\">LX, Limited, Touring<\/td>\n<td width=\"294\">2.4L<\/td>\n<\/tr>\n<tr>\n<td width=\"83\">2013<\/td>\n<td width=\"83\">Dodge<\/td>\n<td width=\"186\">Avenger<\/td>\n<td width=\"275\">SE, SXT<\/td>\n<td width=\"294\">2.4L<\/td>\n<\/tr>\n<tr>\n<td width=\"83\">2013<\/td>\n<td width=\"83\">Dodge<\/td>\n<td width=\"186\">Journey<\/td>\n<td width=\"275\">AVP, SE, SXT<\/td>\n<td width=\"294\">2.4L<\/td>\n<\/tr>\n<tr>\n<td width=\"83\">2013<\/td>\n<td width=\"83\">Ram<\/td>\n<td width=\"186\">1500<\/td>\n<td width=\"275\">SLT, Tradesman<\/td>\n<td width=\"294\">4.7L V8 - Flex<\/td>\n<\/tr>\n<tr>\n<td width=\"83\">2012<\/td>\n<td width=\"83\">Chrysler<\/td>\n<td width=\"186\">200<\/td>\n<td width=\"275\">LX, Limited, Touring<\/td>\n<td width=\"294\">2.4L<\/td>\n<\/tr>\n<tr>\n<td width=\"83\">2012<\/td>\n<td width=\"83\">Dodge<\/td>\n<td width=\"186\">Avenger<\/td>\n<td width=\"275\">SE, SXT<\/td>\n<td width=\"294\">2.4L<\/td>\n<\/tr>\n<tr>\n<td width=\"83\">2012<\/td>\n<td width=\"83\">Dodge<\/td>\n<td width=\"186\">Journey<\/td>\n<td width=\"275\">AVP, SE, SXT<\/td>\n<td width=\"294\">2.4L<\/td>\n<\/tr>\n<tr>\n<td width=\"83\">2012<\/td>\n<td width=\"83\">Ram<\/td>\n<td width=\"186\">1500<\/td>\n<td width=\"275\">Outdoorsman, SLT, ST, Tradesman<\/td>\n<td width=\"294\">3.7L, 4.7L V8 - Flex<\/td>\n<\/tr>\n<tr>\n<td width=\"83\">2011<\/td>\n<td width=\"83\">Chrysler<\/td>\n<td width=\"186\">200<\/td>\n<td width=\"275\">LX, Limited, Touring<\/td>\n<td width=\"294\">2.4L<\/td>\n<\/tr>\n<tr>\n<td width=\"83\">2011<\/td>\n<td width=\"83\">Dodge<\/td>\n<td width=\"186\">Avenger<\/td>\n<td width=\"275\">Express, Lux, Mainstreet<\/td>\n<td width=\"294\">2.4L<\/td>\n<\/tr>\n<tr>\n<td width=\"83\">2011<\/td>\n<td width=\"83\">Dodge<\/td>\n<td width=\"186\">Journey<\/td>\n<td width=\"275\">Express<\/td>\n<td width=\"294\">2.4L<\/td>\n<\/tr>\n<tr>\n<td width=\"83\">2011<\/td>\n<td width=\"83\">Ram<\/td>\n<td width=\"186\">1500<\/td>\n<td width=\"275\">Big Horn, Outdoorsman, SLT, ST<\/td>\n<td width=\"294\">3.7L, 4.7L V8 - Flex<\/td>\n<\/tr>\n<tr>\n<td width=\"83\">2011<\/td>\n<td width=\"83\">Ram<\/td>\n<td width=\"186\">Dakota<\/td>\n<td width=\"275\">Big Horn, Laramie, TRX<\/td>\n<td width=\"294\">4.7L V8 - Flex<\/td>\n<\/tr>\n<tr>\n<td width=\"83\">2010<\/td>\n<td width=\"83\">Chrysler<\/td>\n<td width=\"186\">300<\/td>\n<td width=\"275\">C, S<\/td>\n<td width=\"294\">5.7L<\/td>\n<\/tr>\n<tr>\n<td width=\"83\">2010<\/td>\n<td width=\"83\">Chrysler<\/td>\n<td width=\"186\">Sebring<\/td>\n<td width=\"275\">LX, Limited, Touring<\/td>\n<td width=\"294\">2.4L, 2.7L V6 - Flex, 2.7L, 3.5L<\/td>\n<\/tr>\n<tr>\n<td width=\"83\">2010<\/td>\n<td width=\"83\">Dodge<\/td>\n<td width=\"186\">Avenger<\/td>\n<td width=\"275\">Express, R\/T, SXT<\/td>\n<td width=\"294\">2.4L, 2.7L V6 - Flex, 3.5L<\/td>\n<\/tr>\n<tr>\n<td width=\"83\">2010<\/td>\n<td width=\"83\">Dodge<\/td>\n<td width=\"186\">Challenger<\/td>\n<td width=\"275\">R\/T<\/td>\n<td width=\"294\">5.7L<\/td>\n<\/tr>\n<tr>\n<td width=\"83\">2010<\/td>\n<td width=\"83\">Dodge<\/td>\n<td width=\"186\">Charger<\/td>\n<td width=\"275\">Pursuit, R\/T, SE<\/td>\n<td width=\"294\">5.7L<\/td>\n<\/tr>\n<tr>\n<td width=\"83\">2010<\/td>\n<td width=\"83\">Dodge<\/td>\n<td width=\"186\">Dakota<\/td>\n<td width=\"275\">Big Horn, Laramie, Lone Star, ST, TRX4<\/td>\n<td width=\"294\">4.7L V8 - Flex<\/td>\n<\/tr>\n<tr>\n<td width=\"83\">2010<\/td>\n<td width=\"83\">Dodge<\/td>\n<td width=\"186\">Journey<\/td>\n<td width=\"275\">Crew, R\/T, SE, SXT<\/td>\n<td width=\"294\">2.4L, 3.5L<\/td>\n<\/tr>\n<tr>\n<td width=\"83\">2010<\/td>\n<td width=\"83\">Dodge<\/td>\n<td width=\"186\">Ram 1500<\/td>\n<td width=\"275\">SLT, ST, TRX, TRX4<\/td>\n<td width=\"294\">3.7L, 4.7L V8 - Flex<\/td>\n<\/tr>\n<tr>\n<td width=\"83\">2010<\/td>\n<td width=\"83\">Jeep<\/td>\n<td width=\"186\">Commander<\/td>\n<td width=\"275\">Sport<\/td>\n<td width=\"294\">3.7L<\/td>\n<\/tr>\n<tr>\n<td width=\"83\">2010<\/td>\n<td width=\"83\">Jeep<\/td>\n<td width=\"186\">Grand Cherokee<\/td>\n<td width=\"275\">Laredo, Limited<\/td>\n<td width=\"294\">3.7L, 5.7L<\/td>\n<\/tr>\n<tr>\n<td width=\"83\">2009<\/td>\n<td width=\"83\">Chrysler<\/td>\n<td width=\"186\">300<\/td>\n<td width=\"275\">C<\/td>\n<td width=\"294\">5.7L<\/td>\n<\/tr>\n<tr>\n<td width=\"83\">2009<\/td>\n<td width=\"83\">Chrysler<\/td>\n<td width=\"186\">Aspen<\/td>\n<td width=\"275\">Limited, Limited Hybrid<\/td>\n<td width=\"294\">4.7L V8 - Flex, 5.7L V8 - Electric\/Gas, 5.7L<\/td>\n<\/tr>\n<tr>\n<td width=\"83\">2009<\/td>\n<td width=\"83\">Chrysler<\/td>\n<td width=\"186\">Sebring<\/td>\n<td width=\"275\">LX, Limited, Touring<\/td>\n<td width=\"294\">2.4L, 3.5L<\/td>\n<\/tr>\n<tr>\n<td width=\"83\">2009<\/td>\n<td width=\"83\">Dodge<\/td>\n<td width=\"186\">Avenger<\/td>\n<td width=\"275\">R\/T, SXT<\/td>\n<td width=\"294\">2.4L, 3.5L<\/td>\n<\/tr>\n<tr>\n<td width=\"83\">2009<\/td>\n<td width=\"83\">Dodge<\/td>\n<td width=\"186\">Challenger<\/td>\n<td width=\"275\">R\/T<\/td>\n<td width=\"294\">5.7L<\/td>\n<\/tr>\n<tr>\n<td width=\"83\">2009<\/td>\n<td width=\"83\">Dodge<\/td>\n<td width=\"186\">Charger<\/td>\n<td width=\"275\">Pursuit, R\/T, SE<\/td>\n<td width=\"294\">5.7L<\/td>\n<\/tr>\n<tr>\n<td width=\"83\">2009<\/td>\n<td width=\"83\">Dodge<\/td>\n<td width=\"186\">Dakota<\/td>\n<td width=\"275\">Big Horn, Laramie, Lone Star, ST, TRX4<\/td>\n<td width=\"294\">3.7L, 4.7L V8 - Flex<\/td>\n<\/tr>\n<tr>\n<td width=\"83\">2009<\/td>\n<td width=\"83\">Dodge<\/td>\n<td width=\"186\">Durango<\/td>\n<td width=\"275\">Limited, Limited Hybrid, SE, SLT<\/td>\n<td width=\"294\">3.7L, 4.7L V8 - Flex, 5.7L V8 - Electric\/Gas, 5.7L<\/td>\n<\/tr>\n<tr>\n<td width=\"83\">2009<\/td>\n<td width=\"83\">Dodge<\/td>\n<td width=\"186\">Journey<\/td>\n<td width=\"275\">R\/T, SE, SXT<\/td>\n<td width=\"294\">2.4L, 3.5L<\/td>\n<\/tr>\n<tr>\n<td width=\"83\">2009<\/td>\n<td width=\"83\">Dodge<\/td>\n<td width=\"186\">Ram 1500<\/td>\n<td width=\"275\">SLT, ST, TRX, TRX4<\/td>\n<td width=\"294\">3.7L, 4.7L V8 - Flex<\/td>\n<\/tr>\n<tr>\n<td width=\"83\">2009<\/td>\n<td width=\"83\">Jeep<\/td>\n<td width=\"186\">Grand Cherokee<\/td>\n<td width=\"275\">Laredo, Limited<\/td>\n<td width=\"294\">3.7L<\/td>\n<\/tr>\n<tr>\n<td width=\"83\">2008<\/td>\n<td width=\"83\">Chrysler<\/td>\n<td width=\"186\">Aspen<\/td>\n<td width=\"275\">Limited<\/td>\n<td width=\"294\">4.7L V8 - Flex, 4.7L, 5.7L<\/td>\n<\/tr>\n<tr>\n<td width=\"83\">2008<\/td>\n<td width=\"83\">Chrysler<\/td>\n<td width=\"186\">Sebring<\/td>\n<td width=\"275\">LX, Limited, Touring<\/td>\n<td width=\"294\">2.4L, 2.7L, 3.5L<\/td>\n<\/tr>\n<tr>\n<td width=\"83\">2008<\/td>\n<td width=\"83\">Chrysler<\/td>\n<td width=\"186\">Town &amp; Country<\/td>\n<td width=\"275\">LX, Touring<\/td>\n<td width=\"294\">3.3L, 3.8L<\/td>\n<\/tr>\n<tr>\n<td width=\"83\">2008<\/td>\n<td width=\"83\">Dodge<\/td>\n<td width=\"186\">Avenger<\/td>\n<td width=\"275\">R\/T, SE, SXT<\/td>\n<td width=\"294\">2.4L, 2.7L, 3.5L<\/td>\n<\/tr>\n<tr>\n<td width=\"83\">2008<\/td>\n<td width=\"83\">Dodge<\/td>\n<td width=\"186\">Dakota<\/td>\n<td width=\"275\">Laramie, SLT, ST, SXT, Sport, TRX<\/td>\n<td width=\"294\">3.7L, 4.7L V8 - Flex<\/td>\n<\/tr>\n<tr>\n<td width=\"83\">2008<\/td>\n<td width=\"83\">Dodge<\/td>\n<td width=\"186\">Durango<\/td>\n<td width=\"275\">Adventurer, Limited, SLT, SXT<\/td>\n<td width=\"294\">3.7L, 4.7L V8 - Flex, 4.7L, 5.7L<\/td>\n<\/tr>\n<tr>\n<td width=\"83\">2008<\/td>\n<td width=\"83\">Dodge<\/td>\n<td width=\"186\">Grand Caravan<\/td>\n<td width=\"275\">C\/V, SE, SXT<\/td>\n<td width=\"294\">3.3L, 3.8L<\/td>\n<\/tr>\n<tr>\n<td width=\"83\">2008<\/td>\n<td width=\"83\">Dodge<\/td>\n<td width=\"186\">Ram 1500<\/td>\n<td width=\"275\">Laramie, SLT, ST<\/td>\n<td width=\"294\">3.7L, 4.7L V8 - Flex, 4.7L, 5.7L<\/td>\n<\/tr>\n<tr>\n<td width=\"83\">2008<\/td>\n<td width=\"83\">Dodge<\/td>\n<td width=\"186\">Ram 2500<\/td>\n<td width=\"275\">Laramie, Power Wagon, SLT, ST, SXT<\/td>\n<td width=\"294\">5.7L<\/td>\n<\/tr>\n<tr>\n<td width=\"83\">2008<\/td>\n<td width=\"83\">Dodge<\/td>\n<td width=\"186\">Ram 3500<\/td>\n<td width=\"275\">Laramie, SLT, ST<\/td>\n<td width=\"294\">5.7L<\/td>\n<\/tr>\n<tr>\n<td width=\"83\">2008<\/td>\n<td width=\"83\">Jeep<\/td>\n<td width=\"186\">Commander<\/td>\n<td width=\"275\">Limited, Overland, Sport<\/td>\n<td width=\"294\">3.7L, 5.7L<\/td>\n<\/tr>\n<tr>\n<td width=\"83\">2008<\/td>\n<td width=\"83\">Jeep<\/td>\n<td width=\"186\">Grand Cherokee<\/td>\n<td width=\"275\">Laredo, Limited, Overland<\/td>\n<td width=\"294\">3.0L V6 - Diesel, 3.7L, 5.7L<\/td>\n<\/tr>\n<tr>\n<td width=\"83\">2007<\/td>\n<td width=\"83\">Chrysler<\/td>\n<td width=\"186\">Aspen<\/td>\n<td width=\"275\">Limited<\/td>\n<td width=\"294\">4.7L V8 - Flex, 4.7L, 5.7L<\/td>\n<\/tr>\n<tr>\n<td width=\"83\">2007<\/td>\n<td width=\"83\">Chrysler<\/td>\n<td width=\"186\">Sebring<\/td>\n<td width=\"275\">Base, Limited, Touring<\/td>\n<td width=\"294\">2.4L, 2.7L, 3.5L<\/td>\n<\/tr>\n<tr>\n<td width=\"83\">2007<\/td>\n<td width=\"83\">Dodge<\/td>\n<td width=\"186\">Dakota<\/td>\n<td width=\"275\">Laramie, SLT, ST<\/td>\n<td width=\"294\">3.7L, 4.7L V8 - Flex, 4.7L<\/td>\n<\/tr>\n<tr>\n<td width=\"83\">2007<\/td>\n<td width=\"83\">Dodge<\/td>\n<td width=\"186\">Durango<\/td>\n<td width=\"275\">Adventurer, Limited, SLT, SXT<\/td>\n<td width=\"294\">3.7L, 4.7L V8 - Flex, 4.7L, 5.7L<\/td>\n<\/tr>\n<tr>\n<td width=\"83\">2007<\/td>\n<td width=\"83\">Dodge<\/td>\n<td width=\"186\">Ram 1500<\/td>\n<td width=\"275\">Laramie, SLT, ST, Sport, TRX4<\/td>\n<td width=\"294\">3.7L, 4.7L V8 - Flex, 4.7L, 5.7L<\/td>\n<\/tr>\n<tr>\n<td width=\"83\">2007<\/td>\n<td width=\"83\">Dodge<\/td>\n<td width=\"186\">Ram 2500<\/td>\n<td width=\"275\">Laramie, Power Wagon, SLT, ST, Sport, TRX4<\/td>\n<td width=\"294\">5.7L<\/td>\n<\/tr>\n<tr>\n<td width=\"83\">2007<\/td>\n<td width=\"83\">Dodge<\/td>\n<td width=\"186\">Ram 3500<\/td>\n<td width=\"275\">Laramie, SLT, ST, Sport<\/td>\n<td width=\"294\">5.7L<\/td>\n<\/tr>\n<tr>\n<td width=\"83\">2007<\/td>\n<td width=\"83\">Jeep<\/td>\n<td width=\"186\">Commander<\/td>\n<td width=\"275\">Base, Limited, Overland, Sport<\/td>\n<td width=\"294\">3.7L, 4.7L V8 - Flex, 4.7L, 5.7L<\/td>\n<\/tr>\n<tr>\n<td width=\"83\">2007<\/td>\n<td width=\"83\">Jeep<\/td>\n<td width=\"186\">Grand Cherokee<\/td>\n<td width=\"275\">Laredo, Limited, Overland<\/td>\n<td width=\"294\">3.0L V6 - Diesel, 3.7L, 4.7L V8 - Flex, 4.7L, 5.7L<\/td>\n<\/tr>\n<tr>\n<td width=\"83\">2006<\/td>\n<td width=\"83\">Dodge<\/td>\n<td width=\"186\">Dakota<\/td>\n<td width=\"275\">Laramie, SLT, ST<\/td>\n<td width=\"294\">3.7L, 4.7L<\/td>\n<\/tr>\n<tr>\n<td width=\"83\">2006<\/td>\n<td width=\"83\">Dodge<\/td>\n<td width=\"186\">Durango<\/td>\n<td width=\"275\">Limited, SLT, SXT<\/td>\n<td width=\"294\">3.7L, 4.7L V8 - Flex, 4.7L, 5.7L<\/td>\n<\/tr>\n<tr>\n<td width=\"83\">2006<\/td>\n<td width=\"83\">Dodge<\/td>\n<td width=\"186\">Ram 1500<\/td>\n<td width=\"275\">Laramie, SLT, ST<\/td>\n<td width=\"294\">3.7L, 4.7L V8 - Flex, 4.7L, 5.7L<\/td>\n<\/tr>\n<tr>\n<td width=\"83\">2006<\/td>\n<td width=\"83\">Dodge<\/td>\n<td width=\"186\">Ram 2500<\/td>\n<td width=\"275\">Laramie, SLT, ST<\/td>\n<td width=\"294\">5.7L<\/td>\n<\/tr>\n<tr>\n<td width=\"83\">2006<\/td>\n<td width=\"83\">Dodge<\/td>\n<td width=\"186\">Ram 3500<\/td>\n<td width=\"275\">Laramie, SLT, ST<\/td>\n<td width=\"294\">5.7L<\/td>\n<\/tr>\n<tr>\n<td width=\"83\">2006<\/td>\n<td width=\"83\">Jeep<\/td>\n<td width=\"186\">Commander<\/td>\n<td width=\"275\">Base, Limited<\/td>\n<td width=\"294\">3.7L, 4.7L<\/td>\n<\/tr>\n<tr>\n<td width=\"83\">2006<\/td>\n<td width=\"83\">Jeep<\/td>\n<td width=\"186\">Grand Cherokee<\/td>\n<td width=\"275\">Laredo, Limited, Overland<\/td>\n<td width=\"294\">3.7L, 5.7L<\/td>\n<\/tr>\n<tr>\n<td width=\"83\">2006<\/td>\n<td width=\"83\">Jeep<\/td>\n<td width=\"186\">Wrangler<\/td>\n<td width=\"275\">Rubicon, SE, Sport, Unlimited, Unlimited Rubicon, X<\/td>\n<td width=\"294\">4.0L L6 - Gaz<\/td>\n<\/tr>\n<tr>\n<td width=\"83\">2005<\/td>\n<td width=\"83\">Dodge<\/td>\n<td width=\"186\">Dakota<\/td>\n<td width=\"275\">Laramie, SLT, ST<\/td>\n<td width=\"294\">3.7L, 4.7L<\/td>\n<\/tr>\n<tr>\n<td width=\"83\">2005<\/td>\n<td width=\"83\">Dodge<\/td>\n<td width=\"186\">Durango<\/td>\n<td width=\"275\">Limited, SLT, SXT<\/td>\n<td width=\"294\">3.7L, 4.7L, 5.7L<\/td>\n<\/tr>\n<tr>\n<td width=\"83\">2005<\/td>\n<td width=\"83\">Dodge<\/td>\n<td width=\"186\">Ram 1500<\/td>\n<td width=\"275\">SLT, ST<\/td>\n<td width=\"294\">3.7L, 4.7L V8 - Flex, 4.7L, 5.7L<\/td>\n<\/tr>\n<tr>\n<td width=\"83\">2005<\/td>\n<td width=\"83\">Dodge<\/td>\n<td width=\"186\">Ram 2500<\/td>\n<td width=\"275\">SLT, ST<\/td>\n<td width=\"294\">5.7L<\/td>\n<\/tr>\n<tr>\n<td width=\"83\">2005<\/td>\n<td width=\"83\">Dodge<\/td>\n<td width=\"186\">Ram 3500<\/td>\n<td width=\"275\">SLT, ST<\/td>\n<td width=\"294\">5.7L<\/td>\n<\/tr>\n<tr>\n<td width=\"83\">2005<\/td>\n<td width=\"83\">Jeep<\/td>\n<td width=\"186\">Grand Cherokee<\/td>\n<td width=\"275\">Laredo, Limited<\/td>\n<td width=\"294\">3.7L, 4.7L, 5.7L<\/td>\n<\/tr>\n<tr>\n<td width=\"83\">2005<\/td>\n<td width=\"83\">Jeep<\/td>\n<td width=\"186\">Wrangler<\/td>\n<td width=\"275\">Rubicon, SE, Sport, Unlimited, Unlimited Rubicon, X<\/td>\n<td width=\"294\">4.0L L6 - Gaz<\/td>\n<\/tr>\n<tr>\n<td width=\"83\">2004<\/td>\n<td width=\"83\">Dodge<\/td>\n<td width=\"186\">Dakota<\/td>\n<td width=\"275\">Base, SLT, Sport<\/td>\n<td width=\"294\">3.7L, 4.7L<\/td>\n<\/tr>\n<tr>\n<td width=\"83\">2004<\/td>\n<td width=\"83\">Dodge<\/td>\n<td width=\"186\">Durango<\/td>\n<td width=\"275\">Limited, SLT, ST<\/td>\n<td width=\"294\">3.7L, 4.7L, 5.7L<\/td>\n<\/tr>\n<tr>\n<td width=\"83\">2004<\/td>\n<td width=\"83\">Dodge<\/td>\n<td width=\"186\">Ram 1500<\/td>\n<td width=\"275\">SLT, ST<\/td>\n<td width=\"294\">3.7L, 4.7L V8 - Flex, 4.7L, 5.7L<\/td>\n<\/tr>\n<tr>\n<td width=\"83\">2004<\/td>\n<td width=\"83\">Dodge<\/td>\n<td width=\"186\">Ram 2500<\/td>\n<td width=\"275\">SLT, ST<\/td>\n<td width=\"294\">5.7L, 5.9L L6 - Diesel<\/td>\n<\/tr>\n<tr>\n<td width=\"83\">2004<\/td>\n<td width=\"83\">Dodge<\/td>\n<td width=\"186\">Ram 3500<\/td>\n<td width=\"275\">SLT, ST<\/td>\n<td width=\"294\">5.7L, 5.9L L6 - Diesel<\/td>\n<\/tr>\n<tr>\n<td width=\"83\">2004<\/td>\n<td width=\"83\">Jeep<\/td>\n<td width=\"186\">Grand Cherokee<\/td>\n<td width=\"275\">Laredo, Limited, Overland<\/td>\n<td width=\"294\">4.7L<\/td>\n<\/tr>\n<tr>\n<td width=\"83\">2004<\/td>\n<td width=\"83\">Jeep<\/td>\n<td width=\"186\">Liberty<\/td>\n<td width=\"275\">Limited, Renegade, Sport<\/td>\n<td width=\"294\">3.7L<\/td>\n<\/tr>\n<tr>\n<td width=\"83\">2004<\/td>\n<td width=\"83\">Jeep<\/td>\n<td width=\"186\">Wrangler<\/td>\n<td width=\"275\">SE<\/td>\n<td width=\"294\">2.4L<\/td>\n<\/tr>\n<tr>\n<td width=\"83\">2003<\/td>\n<td width=\"83\">Dodge<\/td>\n<td width=\"186\">Dakota<\/td>\n<td width=\"275\">Base, SLT, Sport<\/td>\n<td width=\"294\">4.7L<\/td>\n<\/tr>\n<tr>\n<td width=\"83\">2003<\/td>\n<td width=\"83\">Dodge<\/td>\n<td width=\"186\">Durango<\/td>\n<td width=\"275\">SLT, SLT Plus, Sport<\/td>\n<td width=\"294\">4.7L<\/td>\n<\/tr>\n<tr>\n<td width=\"83\">2003<\/td>\n<td width=\"83\">Dodge<\/td>\n<td width=\"186\">Ram 1500<\/td>\n<td width=\"275\">SLT, ST<\/td>\n<td width=\"294\">3.7L, 4.7L, 5.7L<\/td>\n<\/tr>\n<tr>\n<td width=\"83\">2003<\/td>\n<td width=\"83\">Dodge<\/td>\n<td width=\"186\">Ram 2500<\/td>\n<td width=\"275\">SLT, ST<\/td>\n<td width=\"294\">5.7L, 5.9L L6 - Diesel<\/td>\n<\/tr>\n<tr>\n<td width=\"83\">2003<\/td>\n<td width=\"83\">Dodge<\/td>\n<td width=\"186\">Ram 3500<\/td>\n<td width=\"275\">SLT, ST<\/td>\n<td width=\"294\">5.7L, 5.9L L6 - Diesel<\/td>\n<\/tr>\n<tr>\n<td width=\"83\">2003<\/td>\n<td width=\"83\">Jeep<\/td>\n<td width=\"186\">Grand Cherokee<\/td>\n<td width=\"275\">Laredo, Limited, Overland<\/td>\n<td width=\"294\">4.7L<\/td>\n<\/tr>\n<tr>\n<td width=\"83\">2003<\/td>\n<td width=\"83\">Jeep<\/td>\n<td width=\"186\">Liberty<\/td>\n<td width=\"275\">Limited, Renegade, Sport<\/td>\n<td width=\"294\">2.4L, 3.7L<\/td>\n<\/tr>\n<tr>\n<td width=\"83\">2003<\/td>\n<td width=\"83\">Jeep<\/td>\n<td width=\"186\">Wrangler<\/td>\n<td width=\"275\">SE<\/td>\n<td width=\"294\">2.4L<\/td>\n<\/tr>\n<tr>\n<td width=\"83\">2002<\/td>\n<td width=\"83\">Dodge<\/td>\n<td width=\"186\">Dakota<\/td>\n<td width=\"275\">Base, SLT, Sport<\/td>\n<td width=\"294\">4.7L<\/td>\n<\/tr>\n<tr>\n<td width=\"83\">2002<\/td>\n<td width=\"83\">Dodge<\/td>\n<td width=\"186\">Durango<\/td>\n<td width=\"275\">SLT, SLT Plus, Sport<\/td>\n<td width=\"294\">4.7L<\/td>\n<\/tr>\n<tr>\n<td width=\"83\">2002<\/td>\n<td width=\"83\">Dodge<\/td>\n<td width=\"186\">Ram 1500<\/td>\n<td width=\"275\">ST<\/td>\n<td width=\"294\">3.7L, 4.7L<\/td>\n<\/tr>\n<tr>\n<td width=\"83\">2002<\/td>\n<td width=\"83\">Jeep<\/td>\n<td width=\"186\">Grand Cherokee<\/td>\n<td width=\"275\">Laredo, Limited, Overland, Sport<\/td>\n<td width=\"294\">4.7L<\/td>\n<\/tr>\n<tr>\n<td width=\"83\">2002<\/td>\n<td width=\"83\">Jeep<\/td>\n<td width=\"186\">Liberty<\/td>\n<td width=\"275\">Limited, Renegade, Sport<\/td>\n<td width=\"294\">2.4L, 3.7L<\/td>\n<\/tr>\n<tr>\n<td width=\"83\">2001<\/td>\n<td width=\"83\">Dodge<\/td>\n<td width=\"186\">Dakota<\/td>\n<td width=\"275\">Sport<\/td>\n<td width=\"294\">4.7L<\/td>\n<\/tr>\n<tr>\n<td width=\"83\">2001<\/td>\n<td width=\"83\">Dodge<\/td>\n<td width=\"186\">Durango<\/td>\n<td width=\"275\">Base<\/td>\n<td width=\"294\">4.7L<\/td>\n<\/tr>\n<tr>\n<td width=\"83\">2001<\/td>\n<td width=\"83\">Jeep<\/td>\n<td width=\"186\">Grand Cherokee<\/td>\n<td width=\"275\">Laredo, Limited<\/td>\n<td width=\"294\">4.7L<\/td>\n<\/tr>\n<\/tbody>\n<\/table>\n<p>&nbsp;<\/p>\n<p>&nbsp;<\/p>\n<h4>Dlaczego warto wybra\u0107 oryginalne cz\u0119\u015bci zamienne Mopar?<\/h4>\n<p><strong>Idealne dopasowanie i najwy\u017csza jako\u015b\u0107:<\/strong> Oryginalne cz\u0119\u015bci zamienne Mopar s\u0105 produkowane zgodnie ze \u015bcis\u0142ymi specyfikacjami producenta, co oznacza, \u017ce idealnie pasuj\u0105 do Twojego pojazdu. Zapewnia to nie tylko \u0142atw\u0105 instalacj\u0119, ale tak\u017ce optymaln\u0105 funkcjonalno\u015b\u0107 i bezpiecze\u0144stwo.<\/p>\n<p><strong>Niezawodno\u015b\u0107 i trwa\u0142o\u015b\u0107:<\/strong> Dzi\u0119ki zastosowaniu wysokiej jako\u015bci materia\u0142\u00f3w i rygorystycznej kontroli jako\u015bci, cz\u0119\u015bci zamienne Mopar zapewniaj\u0105 niezawodne dzia\u0142anie pojazdu nawet w ekstremalnych warunkach. Zosta\u0142y zaprojektowane z my\u015bl\u0105 o trwa\u0142o\u015bci i maksymalizacji osi\u0105g\u00f3w pojazdu.<\/p>\n<p>&nbsp;<\/p>","protected":false},"excerpt":{"rendered":"<p>Oryginalna cz\u0119\u015b\u0107 Mopar<\/p>\n<p>2001 - 2020<\/p>","protected":false},"featured_media":68306960,"comment_status":"open","ping_status":"closed","template":"","meta":{"_acf_changed":false},"product_brand":[16270],"product_cat":[7259,7288,7314,7341,7371,7391,7757],"product_tag":[18575,475,4420,52,7649,616,718,4487,167,54,53,48,94,1197,49,3853,95,56,50,678,679,31,8813,9424,16271,16273,16275,16272,16274,7221,86,682,713,270,175],"class_list":{"0":"post-68306957","1":"product","2":"type-product","3":"status-publish","4":"has-post-thumbnail","6":"product_brand-mopar","7":"product_cat-300c-57-2005-2010-sensoren","8":"product_cat-challenger-57-sensoren","9":"product_cat-charger-57-sensoren","10":"product_cat-durango-57-sensoren","11":"product_cat-commander-sensoren","12":"product_cat-grand-cherokee-57-2005-2010-sensoren","13":"product_cat-1500-57-2003-2008-sensoren","14":"product_tag-056028364aa","15":"product_tag-475","16":"product_tag-4420","17":"product_tag-300c","18":"product_tag-56028364aa","19":"product_tag-ansaugluft","20":"product_tag-ansauglufttemperatursensor","21":"product_tag-aspen","22":"product_tag-avenger","23":"product_tag-challenger","24":"product_tag-charger","25":"product_tag-chrysler","26":"product_tag-commander","27":"product_tag-dakota","28":"product_tag-dodge","29":"product_tag-dodge-challenger","30":"product_tag-durango","31":"product_tag-grand-cherokee","32":"product_tag-jeep","33":"product_tag-journey","34":"product_tag-liberty","35":"product_tag-mopar","36":"product_tag-mopar-autoteile","37":"product_tag-mopar-ersatzteile","38":"product_tag-mopar-ersatzteile-kaufen","39":"product_tag-mopar-performance-teile","40":"product_tag-mopar-teile-katalog","41":"product_tag-mopar-teile-online","42":"product_tag-mopar-tuningteile","43":"product_tag-mopar10","44":"product_tag-ram","45":"product_tag-sebring","46":"product_tag-sensor","47":"product_tag-temperatur","48":"product_tag-wrangler","50":"first","51":"instock","52":"taxable","53":"shipping-taxable","54":"purchasable","55":"product-type-simple"},"bundled_by":[],"bundle_stock_status":"instock","bundle_stock_quantity":6,"bundle_virtual":false,"bundle_layout":"","bundle_add_to_cart_form_location":"","bundle_editable_in_cart":false,"bundle_sold_individually_context":"","bundle_item_grouping":"","bundle_min_size":"","bundle_max_size":"","bundle_price":[],"bundled_items":[],"bundle_sell_ids":[],"exclude_global_add_ons":[],"addons":[],"acf":[],"_links":{"self":[{"href":"https:\/\/kraftwerk-shop.cc\/pl\/wp-json\/wp\/v2\/product\/68306957","targetHints":{"allow":["GET"]}}],"collection":[{"href":"https:\/\/kraftwerk-shop.cc\/pl\/wp-json\/wp\/v2\/product"}],"about":[{"href":"https:\/\/kraftwerk-shop.cc\/pl\/wp-json\/wp\/v2\/types\/product"}],"replies":[{"embeddable":true,"href":"https:\/\/kraftwerk-shop.cc\/pl\/wp-json\/wp\/v2\/comments?post=68306957"}],"version-history":[{"count":0,"href":"https:\/\/kraftwerk-shop.cc\/pl\/wp-json\/wp\/v2\/product\/68306957\/revisions"}],"wp:featuredmedia":[{"embeddable":true,"href":"https:\/\/kraftwerk-shop.cc\/pl\/wp-json\/wp\/v2\/media\/68306960"}],"wp:attachment":[{"href":"https:\/\/kraftwerk-shop.cc\/pl\/wp-json\/wp\/v2\/media?parent=68306957"}],"wp:term":[{"taxonomy":"product_brand","embeddable":true,"href":"https:\/\/kraftwerk-shop.cc\/pl\/wp-json\/wp\/v2\/product_brand?post=68306957"},{"taxonomy":"product_cat","embeddable":true,"href":"https:\/\/kraftwerk-shop.cc\/pl\/wp-json\/wp\/v2\/product_cat?post=68306957"},{"taxonomy":"product_tag","embeddable":true,"href":"https:\/\/kraftwerk-shop.cc\/pl\/wp-json\/wp\/v2\/product_tag?post=68306957"}],"curies":[{"name":"wp","href":"https:\/\/api.w.org\/{rel}","templated":true}]}}