{"id":68307041,"date":"2024-09-07T16:28:08","date_gmt":"2024-09-07T14:28:08","guid":{"rendered":"https:\/\/kraftwerk-shop.cc\/?post_type=product&#038;p=68307041"},"modified":"2026-04-08T14:17:22","modified_gmt":"2026-04-08T12:17:22","slug":"tuleja-prowadzaca-walu-korbowego-mopar-4736283aa","status":"publish","type":"product","link":"https:\/\/kraftwerk-shop.cc\/pl\/produkt\/mopar-kurbelwellen-fuehrungsbuchse-4736283aa\/","title":{"rendered":"Tuleja prowadz\u0105ca wa\u0142u korbowego Mopar 5.7, 6.1, 6.2 i 6.4 (4736283AA)"},"content":{"rendered":"<h1>Oryginalna tuleja prowadz\u0105ca wa\u0142u korbowego Mopar (4736283AA) do Chrysler, Dodge, Jeep i RAM 5.7, 6.1, 6.2 i 6.4<\/h1>\n<p>&nbsp;<\/p>\n<p><strong>Numer cz\u0119\u015bci Mopar:<\/strong> <span class=\"list-value sku-display\">4736283AA<br \/>\n<\/span><strong>Zast\u0105piony:<\/strong>\u00a0 \u2014<\/p>\n<p>&nbsp;<\/p>\n<p><strong>Odpowiedni dla:<\/strong><\/p>\n<table width=\"972\">\n<tbody>\n<tr>\n<td width=\"80\"><strong>Rok<\/strong><\/td>\n<td width=\"80\"><strong>Marka<\/strong><\/td>\n<td width=\"121\"><strong>Model<\/strong><\/td>\n<td width=\"493\"><strong>Wersja<\/strong><\/td>\n<td width=\"198\"><strong>Silnik<\/strong><\/td>\n<\/tr>\n<tr>\n<td width=\"80\">2025<\/td>\n<td width=\"80\">Dodge<\/td>\n<td width=\"121\">Durango<\/td>\n<td width=\"493\">SRT Hellcat Hammerhead, SRT Hellcat Plus, SRT Hellcat Premium, SRT Hellcat Silver Bullet<\/td>\n<td width=\"198\">6.2L<\/td>\n<\/tr>\n<tr>\n<td width=\"80\">2024<\/td>\n<td width=\"80\">Dodge<\/td>\n<td width=\"121\">Durango<\/td>\n<td width=\"493\">SRT Hellcat, SRT Hellcat Plus, SRT Hellcat Premium<\/td>\n<td width=\"198\">6.2L<\/td>\n<\/tr>\n<tr>\n<td width=\"80\">2024<\/td>\n<td width=\"80\">Ram<\/td>\n<td width=\"121\">1500<\/td>\n<td width=\"493\">TRX<\/td>\n<td width=\"198\">6.2L<\/td>\n<\/tr>\n<tr>\n<td width=\"80\">2023<\/td>\n<td width=\"80\">Dodge<\/td>\n<td width=\"121\">Challenger<\/td>\n<td width=\"493\">SRT Hellcat Jailbreak, SRT Hellcat Redeye Jailbreak, SRT Hellcat Redeye Widebody Jailbreak, SRT Hellcat Widebody Jailbreak, SRT Super Stock<\/td>\n<td width=\"198\">6.2L<\/td>\n<\/tr>\n<tr>\n<td width=\"80\">2023<\/td>\n<td width=\"80\">Dodge<\/td>\n<td width=\"121\">Charger<\/td>\n<td width=\"493\">SRT Hellcat Redeye Widebody, SRT Hellcat Widebody, SRT Hellcat Widebody Jailbreak<\/td>\n<td width=\"198\">6.2L<\/td>\n<\/tr>\n<tr>\n<td width=\"80\">2023<\/td>\n<td width=\"80\">Dodge<\/td>\n<td width=\"121\">Durango<\/td>\n<td width=\"493\">SRT Hellcat, SRT Hellcat Plus, SRT Hellcat Premium<\/td>\n<td width=\"198\">6.2L<\/td>\n<\/tr>\n<tr>\n<td width=\"80\">2023<\/td>\n<td width=\"80\">Ram<\/td>\n<td width=\"121\">1500<\/td>\n<td width=\"493\">TRX<\/td>\n<td width=\"198\">6.2L<\/td>\n<\/tr>\n<tr>\n<td width=\"80\">2022<\/td>\n<td width=\"80\">Dodge<\/td>\n<td width=\"121\">Challenger<\/td>\n<td width=\"493\">SRT Hellcat, SRT Hellcat Redeye, SRT Hellcat Redeye Widebody, SRT Hellcat Widebody, SRT Jailbreak, SRT Super Stock<\/td>\n<td width=\"198\">6.2L<\/td>\n<\/tr>\n<tr>\n<td width=\"80\">2022<\/td>\n<td width=\"80\">Dodge<\/td>\n<td width=\"121\">Charger<\/td>\n<td width=\"493\">SRT Hellcat Redeye Widebody, SRT Hellcat Widebody, SRT Jailbreak<\/td>\n<td width=\"198\">6.2L<\/td>\n<\/tr>\n<tr>\n<td width=\"80\">2022<\/td>\n<td width=\"80\">Ram<\/td>\n<td width=\"121\">1500<\/td>\n<td width=\"493\">TRX<\/td>\n<td width=\"198\">6.2L<\/td>\n<\/tr>\n<tr>\n<td width=\"80\">2021<\/td>\n<td width=\"80\">Dodge<\/td>\n<td width=\"121\">Challenger<\/td>\n<td width=\"493\">SRT Hellcat, SRT Hellcat Redeye, SRT Hellcat Redeye Widebody, SRT Hellcat Widebody, SRT Super Stock<\/td>\n<td width=\"198\">6.2L<\/td>\n<\/tr>\n<tr>\n<td width=\"80\">2021<\/td>\n<td width=\"80\">Dodge<\/td>\n<td width=\"121\">Charger<\/td>\n<td width=\"493\">SRT Hellcat Redeye Widebody, SRT Hellcat Widebody<\/td>\n<td width=\"198\">6.2L<\/td>\n<\/tr>\n<tr>\n<td width=\"80\">2021<\/td>\n<td width=\"80\">Dodge<\/td>\n<td width=\"121\">Durango<\/td>\n<td width=\"493\">SRT Hellcat<\/td>\n<td width=\"198\">6.2L<\/td>\n<\/tr>\n<tr>\n<td width=\"80\">2021<\/td>\n<td width=\"80\">Jeep<\/td>\n<td width=\"121\">Grand Cherokee<\/td>\n<td width=\"493\">Trackhawk<\/td>\n<td width=\"198\">6.2L<\/td>\n<\/tr>\n<tr>\n<td width=\"80\">2021<\/td>\n<td width=\"80\">Ram<\/td>\n<td width=\"121\">1500<\/td>\n<td width=\"493\">TRX<\/td>\n<td width=\"198\">6.2L<\/td>\n<\/tr>\n<tr>\n<td width=\"80\">2020<\/td>\n<td width=\"80\">Dodge<\/td>\n<td width=\"121\">Challenger<\/td>\n<td width=\"493\">SRT Hellcat, SRT Hellcat Redeye, SRT Hellcat Redeye Widebody, SRT Hellcat Widebody<\/td>\n<td width=\"198\">6.2L<\/td>\n<\/tr>\n<tr>\n<td width=\"80\">2020<\/td>\n<td width=\"80\">Dodge<\/td>\n<td width=\"121\">Charger<\/td>\n<td width=\"493\">Pursuit, R\/T, SRT Hellcat Widebody<\/td>\n<td width=\"198\">5.7L, 6.2L<\/td>\n<\/tr>\n<tr>\n<td width=\"80\">2020<\/td>\n<td width=\"80\">Jeep<\/td>\n<td width=\"121\">Grand Cherokee<\/td>\n<td width=\"493\">Trackhawk<\/td>\n<td width=\"198\">6.2L<\/td>\n<\/tr>\n<tr>\n<td width=\"80\">2019<\/td>\n<td width=\"80\">Dodge<\/td>\n<td width=\"121\">Challenger<\/td>\n<td width=\"493\">SRT Hellcat, SRT Hellcat Redeye, SRT Hellcat Redeye Widebody, SRT Hellcat Widebody<\/td>\n<td width=\"198\">6.2L<\/td>\n<\/tr>\n<tr>\n<td width=\"80\">2019<\/td>\n<td width=\"80\">Dodge<\/td>\n<td width=\"121\">Charger<\/td>\n<td width=\"493\">Pursuit, R\/T, SRT Hellcat, Scat Pack<\/td>\n<td width=\"198\">5.7L, 6.2L, 6.4L<\/td>\n<\/tr>\n<tr>\n<td width=\"80\">2019<\/td>\n<td width=\"80\">Jeep<\/td>\n<td width=\"121\">Grand Cherokee<\/td>\n<td width=\"493\">Trackhawk<\/td>\n<td width=\"198\">6.2L<\/td>\n<\/tr>\n<tr>\n<td width=\"80\">2018<\/td>\n<td width=\"80\">Dodge<\/td>\n<td width=\"121\">Challenger<\/td>\n<td width=\"493\">R\/T, R\/T Scat Pack, SRT 392, SRT Demon, SRT Hellcat, SRT Hellcat Widebody, T\/A, T\/A 392<\/td>\n<td width=\"198\">5.7L, 6.2L, 6.4L<\/td>\n<\/tr>\n<tr>\n<td width=\"80\">2018<\/td>\n<td width=\"80\">Dodge<\/td>\n<td width=\"121\">Charger<\/td>\n<td width=\"493\">Pursuit, R\/T, R\/T Scat Pack, SRT 392, SRT Hellcat<\/td>\n<td width=\"198\">5.7L, 6.2L, 6.4L<\/td>\n<\/tr>\n<tr>\n<td width=\"80\">2018<\/td>\n<td width=\"80\">Jeep<\/td>\n<td width=\"121\">Grand Cherokee<\/td>\n<td width=\"493\">High Altitude, Limited, Overland, Summit, Trackhawk, Trailhawk<\/td>\n<td width=\"198\">5.7L, 6.2L<\/td>\n<\/tr>\n<tr>\n<td width=\"80\">2017<\/td>\n<td width=\"80\">Chrysler<\/td>\n<td width=\"121\">300<\/td>\n<td width=\"493\">C, C Platinum, S<\/td>\n<td width=\"198\">5.7L<\/td>\n<\/tr>\n<tr>\n<td width=\"80\">2017<\/td>\n<td width=\"80\">Dodge<\/td>\n<td width=\"121\">Challenger<\/td>\n<td width=\"493\">R\/T, R\/T Scat Pack, SRT 392, SRT Hellcat, T\/A, T\/A 392<\/td>\n<td width=\"198\">5.7L, 6.2L, 6.4L<\/td>\n<\/tr>\n<tr>\n<td width=\"80\">2017<\/td>\n<td width=\"80\">Dodge<\/td>\n<td width=\"121\">Charger<\/td>\n<td width=\"493\">Pursuit, R\/T, R\/T Scat Pack, SRT 392, SRT Hellcat<\/td>\n<td width=\"198\">5.7L, 6.2L, 6.4L<\/td>\n<\/tr>\n<tr>\n<td width=\"80\">2017<\/td>\n<td width=\"80\">Dodge<\/td>\n<td width=\"121\">Durango<\/td>\n<td width=\"493\">Citadel, R\/T, Special Service<\/td>\n<td width=\"198\">5.7L<\/td>\n<\/tr>\n<tr>\n<td width=\"80\">2017<\/td>\n<td width=\"80\">Jeep<\/td>\n<td width=\"121\">Grand Cherokee<\/td>\n<td width=\"493\">Limited, Overland, SRT, Summit, Trailhawk<\/td>\n<td width=\"198\">5.7L, 6.4L<\/td>\n<\/tr>\n<tr>\n<td width=\"80\">2017<\/td>\n<td width=\"80\">Ram<\/td>\n<td width=\"121\">1500<\/td>\n<td width=\"493\">Big Horn, Express, Laramie, Laramie Longhorn, Limited, Lone Star, Rebel, SLT, Special Service, Sport, Tradesman<\/td>\n<td width=\"198\">5.7L<\/td>\n<\/tr>\n<tr>\n<td width=\"80\">2016<\/td>\n<td width=\"80\">Chrysler<\/td>\n<td width=\"121\">300<\/td>\n<td width=\"493\">C, C Platinum, S<\/td>\n<td width=\"198\">5.7L<\/td>\n<\/tr>\n<tr>\n<td width=\"80\">2016<\/td>\n<td width=\"80\">Dodge<\/td>\n<td width=\"121\">Challenger<\/td>\n<td width=\"493\">392 Hemi Scat Pack Shaker, R\/T, R\/T Plus, R\/T Plus Shaker, R\/T Scat Pack, R\/T Shaker, SRT 392, SRT Hellcat<\/td>\n<td width=\"198\">5.7L, 6.2L, 6.4L<\/td>\n<\/tr>\n<tr>\n<td width=\"80\">2016<\/td>\n<td width=\"80\">Dodge<\/td>\n<td width=\"121\">Charger<\/td>\n<td width=\"493\">Pursuit, R\/T, R\/T Road &amp; Track, R\/T Scat Pack, SRT 392, SRT Hellcat<\/td>\n<td width=\"198\">5.7L, 6.2L, 6.4L<\/td>\n<\/tr>\n<tr>\n<td width=\"80\">2016<\/td>\n<td width=\"80\">Dodge<\/td>\n<td width=\"121\">Durango<\/td>\n<td width=\"493\">Citadel, R\/T, Special Service<\/td>\n<td width=\"198\">5.7L<\/td>\n<\/tr>\n<tr>\n<td width=\"80\">2016<\/td>\n<td width=\"80\">Jeep<\/td>\n<td width=\"121\">Grand Cherokee<\/td>\n<td width=\"493\">Limited, Overland, SRT, Summit<\/td>\n<td width=\"198\">5.7L, 6.4L<\/td>\n<\/tr>\n<tr>\n<td width=\"80\">2016<\/td>\n<td width=\"80\">Ram<\/td>\n<td width=\"121\">1500<\/td>\n<td width=\"493\">Big Horn, Express, Laramie, Laramie Longhorn, Limited, Lone Star, Outdoorsman, Rebel, SLT, Special Service, Sport, Tradesman<\/td>\n<td width=\"198\">5.7L<\/td>\n<\/tr>\n<tr>\n<td width=\"80\">2015<\/td>\n<td width=\"80\">Chrysler<\/td>\n<td width=\"121\">300<\/td>\n<td width=\"493\">C, C Platinum, S<\/td>\n<td width=\"198\">5.7L<\/td>\n<\/tr>\n<tr>\n<td width=\"80\">2015<\/td>\n<td width=\"80\">Dodge<\/td>\n<td width=\"121\">Challenger<\/td>\n<td width=\"493\">R\/T, R\/T Plus, SRT 392, SRT Hellcat, Scat Pack<\/td>\n<td width=\"198\">5.7L, 6.2L, 6.4L<\/td>\n<\/tr>\n<tr>\n<td width=\"80\">2015<\/td>\n<td width=\"80\">Dodge<\/td>\n<td width=\"121\">Charger<\/td>\n<td width=\"493\">Pursuit, R\/T, R\/T Road &amp; Track, R\/T Scat Pack, SRT 392, SRT Hellcat<\/td>\n<td width=\"198\">5.7L, 6.2L, 6.4L<\/td>\n<\/tr>\n<tr>\n<td width=\"80\">2015<\/td>\n<td width=\"80\">Dodge<\/td>\n<td width=\"121\">Durango<\/td>\n<td width=\"493\">Citadel, Limited, R\/T, Special Service<\/td>\n<td width=\"198\">5.7L<\/td>\n<\/tr>\n<tr>\n<td width=\"80\">2015<\/td>\n<td width=\"80\">Jeep<\/td>\n<td width=\"121\">Grand Cherokee<\/td>\n<td width=\"493\">Limited, Overland, SRT, Summit<\/td>\n<td width=\"198\">5.7L, 6.4L<\/td>\n<\/tr>\n<tr>\n<td width=\"80\">2015<\/td>\n<td width=\"80\">Ram<\/td>\n<td width=\"121\">1500<\/td>\n<td width=\"493\">Big Horn, Express, Laramie, Laramie Limited, Laramie Longhorn, Limited, Lone Star, Outdoorsman, Rebel, SLT, Special Service, Sport, Tradesman<\/td>\n<td width=\"198\">5.7L<\/td>\n<\/tr>\n<tr>\n<td width=\"80\">2014<\/td>\n<td width=\"80\">Chrysler<\/td>\n<td width=\"121\">300<\/td>\n<td width=\"493\">C, C Luxury, S, SRT8<\/td>\n<td width=\"198\">5.7L, 6.4L<\/td>\n<\/tr>\n<tr>\n<td width=\"80\">2014<\/td>\n<td width=\"80\">Dodge<\/td>\n<td width=\"121\">Challenger<\/td>\n<td width=\"493\">R\/T<\/td>\n<td width=\"198\">5.7L<\/td>\n<\/tr>\n<tr>\n<td width=\"80\">2014<\/td>\n<td width=\"80\">Dodge<\/td>\n<td width=\"121\">Charger<\/td>\n<td width=\"493\">Pursuit, R\/T, SRT8<\/td>\n<td width=\"198\">5.7L, 6.4L<\/td>\n<\/tr>\n<tr>\n<td width=\"80\">2014<\/td>\n<td width=\"80\">Dodge<\/td>\n<td width=\"121\">Durango<\/td>\n<td width=\"493\">Citadel, Limited, R\/T, Special Service<\/td>\n<td width=\"198\">5.7L<\/td>\n<\/tr>\n<tr>\n<td width=\"80\">2014<\/td>\n<td width=\"80\">Jeep<\/td>\n<td width=\"121\">Grand Cherokee<\/td>\n<td width=\"493\">Limited, Overland, SRT, Summit<\/td>\n<td width=\"198\">5.7L, 6.4L<\/td>\n<\/tr>\n<tr>\n<td width=\"80\">2014<\/td>\n<td width=\"80\">Ram<\/td>\n<td width=\"121\">1500<\/td>\n<td width=\"493\">Big Horn, Express, HFE, Laramie, Laramie Limited, Laramie Longhorn, Lone Star, Outdoorsman, SLT, Special Service, Sport, Tradesman<\/td>\n<td width=\"198\">5.7L<\/td>\n<\/tr>\n<tr>\n<td width=\"80\">2013<\/td>\n<td width=\"80\">Chrysler<\/td>\n<td width=\"121\">300<\/td>\n<td width=\"493\">C, C Luxury, S, SRT8, SRT8 Core<\/td>\n<td width=\"198\">5.7L, 6.4L<\/td>\n<\/tr>\n<tr>\n<td width=\"80\">2013<\/td>\n<td width=\"80\">Dodge<\/td>\n<td width=\"121\">Challenger<\/td>\n<td width=\"493\">R\/T, SRT8<\/td>\n<td width=\"198\">5.7L, 6.4L<\/td>\n<\/tr>\n<tr>\n<td width=\"80\">2013<\/td>\n<td width=\"80\">Dodge<\/td>\n<td width=\"121\">Charger<\/td>\n<td width=\"493\">Pursuit, R\/T, SE, SRT8<\/td>\n<td width=\"198\">5.7L, 6.4L<\/td>\n<\/tr>\n<tr>\n<td width=\"80\">2013<\/td>\n<td width=\"80\">Jeep<\/td>\n<td width=\"121\">Grand Cherokee<\/td>\n<td width=\"493\">SRT8<\/td>\n<td width=\"198\">6.4L<\/td>\n<\/tr>\n<tr>\n<td width=\"80\">2013<\/td>\n<td width=\"80\">Ram<\/td>\n<td width=\"121\">1500<\/td>\n<td width=\"493\">Big Horn, Express, Laramie, Laramie Longhorn, Outdoorsman, R\/T, SLT, Sport, Tradesman<\/td>\n<td width=\"198\">5.7L<\/td>\n<\/tr>\n<tr>\n<td width=\"80\">2012<\/td>\n<td width=\"80\">Chrysler<\/td>\n<td width=\"121\">300<\/td>\n<td width=\"493\">C, C Luxury, S, SRT8<\/td>\n<td width=\"198\">5.7L, 6.4L<\/td>\n<\/tr>\n<tr>\n<td width=\"80\">2012<\/td>\n<td width=\"80\">Dodge<\/td>\n<td width=\"121\">Challenger<\/td>\n<td width=\"493\">R\/T, R\/T Classic, SRT8<\/td>\n<td width=\"198\">5.7L, 6.4L<\/td>\n<\/tr>\n<tr>\n<td width=\"80\">2012<\/td>\n<td width=\"80\">Dodge<\/td>\n<td width=\"121\">Charger<\/td>\n<td width=\"493\">Pursuit, R\/T, SE, SRT8<\/td>\n<td width=\"198\">5.7L, 6.4L<\/td>\n<\/tr>\n<tr>\n<td width=\"80\">2012<\/td>\n<td width=\"80\">Jeep<\/td>\n<td width=\"121\">Grand Cherokee<\/td>\n<td width=\"493\">SRT8<\/td>\n<td width=\"198\">6.4L<\/td>\n<\/tr>\n<tr>\n<td width=\"80\">2011<\/td>\n<td width=\"80\">Chrysler<\/td>\n<td width=\"121\">300<\/td>\n<td width=\"493\">C<\/td>\n<td width=\"198\">5.7L<\/td>\n<\/tr>\n<tr>\n<td width=\"80\">2011<\/td>\n<td width=\"80\">Dodge<\/td>\n<td width=\"121\">Challenger<\/td>\n<td width=\"493\">R\/T, SRT8<\/td>\n<td width=\"198\">5.7L, 6.4L<\/td>\n<\/tr>\n<tr>\n<td width=\"80\">2011<\/td>\n<td width=\"80\">Dodge<\/td>\n<td width=\"121\">Charger<\/td>\n<td width=\"493\">Pursuit, R\/T, SE<\/td>\n<td width=\"198\">5.7L<\/td>\n<\/tr>\n<tr>\n<td width=\"80\">2010<\/td>\n<td width=\"80\">Chrysler<\/td>\n<td width=\"121\">300<\/td>\n<td width=\"493\">C, S<\/td>\n<td width=\"198\">5.7L<\/td>\n<\/tr>\n<tr>\n<td width=\"80\">2010<\/td>\n<td width=\"80\">Dodge<\/td>\n<td width=\"121\">Challenger<\/td>\n<td width=\"493\">R\/T, SRT8<\/td>\n<td width=\"198\">5.7L, 6.1L<\/td>\n<\/tr>\n<tr>\n<td width=\"80\">2010<\/td>\n<td width=\"80\">Dodge<\/td>\n<td width=\"121\">Charger<\/td>\n<td width=\"493\">Pursuit, R\/T, SE<\/td>\n<td width=\"198\">5.7L<\/td>\n<\/tr>\n<tr>\n<td width=\"80\">2010<\/td>\n<td width=\"80\">Jeep<\/td>\n<td width=\"121\">Grand Cherokee<\/td>\n<td width=\"493\">SRT8<\/td>\n<td width=\"198\">6.1L<\/td>\n<\/tr>\n<tr>\n<td width=\"80\">2009<\/td>\n<td width=\"80\">Chrysler<\/td>\n<td width=\"121\">300<\/td>\n<td width=\"493\">C, C SRT8<\/td>\n<td width=\"198\">5.7L, 6.1L<\/td>\n<\/tr>\n<tr>\n<td width=\"80\">2009<\/td>\n<td width=\"80\">Dodge<\/td>\n<td width=\"121\">Challenger<\/td>\n<td width=\"493\">R\/T, SRT8<\/td>\n<td width=\"198\">5.7L, 6.1L<\/td>\n<\/tr>\n<tr>\n<td width=\"80\">2009<\/td>\n<td width=\"80\">Dodge<\/td>\n<td width=\"121\">Charger<\/td>\n<td width=\"493\">Pursuit, R\/T, SE, SRT8<\/td>\n<td width=\"198\">5.7L, 6.1L<\/td>\n<\/tr>\n<tr>\n<td width=\"80\">2009<\/td>\n<td width=\"80\">Jeep<\/td>\n<td width=\"121\">Grand Cherokee<\/td>\n<td width=\"493\">SRT8<\/td>\n<td width=\"198\">6.1L<\/td>\n<\/tr>\n<tr>\n<td width=\"80\">2008<\/td>\n<td width=\"80\">Chrysler<\/td>\n<td width=\"121\">300<\/td>\n<td width=\"493\">C, C SRT8<\/td>\n<td width=\"198\">5.7L, 6.1L<\/td>\n<\/tr>\n<tr>\n<td width=\"80\">2008<\/td>\n<td width=\"80\">Dodge<\/td>\n<td width=\"121\">Challenger<\/td>\n<td width=\"493\">SRT8<\/td>\n<td width=\"198\">6.1L<\/td>\n<\/tr>\n<tr>\n<td width=\"80\">2008<\/td>\n<td width=\"80\">Dodge<\/td>\n<td width=\"121\">Charger<\/td>\n<td width=\"493\">Pursuit, R\/T, SE, SRT8<\/td>\n<td width=\"198\">5.7L, 6.1L<\/td>\n<\/tr>\n<tr>\n<td width=\"80\">2008<\/td>\n<td width=\"80\">Dodge<\/td>\n<td width=\"121\">Magnum<\/td>\n<td width=\"493\">R\/T, SRT8<\/td>\n<td width=\"198\">5.7L, 6.1L<\/td>\n<\/tr>\n<tr>\n<td width=\"80\">2008<\/td>\n<td width=\"80\">Jeep<\/td>\n<td width=\"121\">Grand Cherokee<\/td>\n<td width=\"493\">SRT8<\/td>\n<td width=\"198\">6.1L<\/td>\n<\/tr>\n<tr>\n<td width=\"80\">2007<\/td>\n<td width=\"80\">Chrysler<\/td>\n<td width=\"121\">300<\/td>\n<td width=\"493\">C, C SRT8<\/td>\n<td width=\"198\">5.7L, 6.1L<\/td>\n<\/tr>\n<tr>\n<td width=\"80\">2007<\/td>\n<td width=\"80\">Dodge<\/td>\n<td width=\"121\">Charger<\/td>\n<td width=\"493\">Pursuit, R\/T, SRT8<\/td>\n<td width=\"198\">5.7L, 6.1L<\/td>\n<\/tr>\n<tr>\n<td width=\"80\">2007<\/td>\n<td width=\"80\">Dodge<\/td>\n<td width=\"121\">Magnum<\/td>\n<td width=\"493\">R\/T, SRT8<\/td>\n<td width=\"198\">5.7L, 6.1L<\/td>\n<\/tr>\n<tr>\n<td width=\"80\">2007<\/td>\n<td width=\"80\">Jeep<\/td>\n<td width=\"121\">Grand Cherokee<\/td>\n<td width=\"493\">SRT8<\/td>\n<td width=\"198\">6.1L<\/td>\n<\/tr>\n<tr>\n<td width=\"80\">2006<\/td>\n<td width=\"80\">Chrysler<\/td>\n<td width=\"121\">300<\/td>\n<td width=\"493\">C<\/td>\n<td width=\"198\">5.7L<\/td>\n<\/tr>\n<tr>\n<td width=\"80\">2006<\/td>\n<td width=\"80\">Dodge<\/td>\n<td width=\"121\">Charger<\/td>\n<td width=\"493\">R\/T, SRT8<\/td>\n<td width=\"198\">5.7L, 6.1L<\/td>\n<\/tr>\n<tr>\n<td width=\"80\">2006<\/td>\n<td width=\"80\">Dodge<\/td>\n<td width=\"121\">Magnum<\/td>\n<td width=\"493\">R\/T, SRT8<\/td>\n<td width=\"198\">5.7L, 6.1L<\/td>\n<\/tr>\n<tr>\n<td width=\"80\">2006<\/td>\n<td width=\"80\">Jeep<\/td>\n<td width=\"121\">Grand Cherokee<\/td>\n<td width=\"493\">SRT8<\/td>\n<td width=\"198\">6.1L<\/td>\n<\/tr>\n<tr>\n<td width=\"80\">2005<\/td>\n<td width=\"80\">Chrysler<\/td>\n<td width=\"121\">300<\/td>\n<td width=\"493\">C<\/td>\n<td width=\"198\">5.7L<\/td>\n<\/tr>\n<tr>\n<td width=\"80\">2005<\/td>\n<td width=\"80\">Dodge<\/td>\n<td width=\"121\">Magnum<\/td>\n<td width=\"493\">R\/T<\/td>\n<td width=\"198\">5.7L<\/td>\n<\/tr>\n<\/tbody>\n<\/table>\n<p>&nbsp;<\/p>\n<h4>Dlaczego warto wybra\u0107 oryginalne cz\u0119\u015bci zamienne Mopar?<\/h4>\n<p><strong>Idealne dopasowanie i najwy\u017csza jako\u015b\u0107:<\/strong> Oryginalne cz\u0119\u015bci zamienne Mopar s\u0105 produkowane zgodnie ze \u015bcis\u0142ymi specyfikacjami producenta, co oznacza, \u017ce idealnie pasuj\u0105 do Twojego pojazdu. Zapewnia to nie tylko \u0142atw\u0105 instalacj\u0119, ale tak\u017ce optymaln\u0105 funkcjonalno\u015b\u0107 i bezpiecze\u0144stwo.<\/p>\n<p><strong>Niezawodno\u015b\u0107 i trwa\u0142o\u015b\u0107:<\/strong> Dzi\u0119ki zastosowaniu wysokiej jako\u015bci materia\u0142\u00f3w i rygorystycznej kontroli jako\u015bci, cz\u0119\u015bci zamienne Mopar zapewniaj\u0105 niezawodne dzia\u0142anie pojazdu nawet w ekstremalnych warunkach. Zosta\u0142y zaprojektowane z my\u015bl\u0105 o trwa\u0142o\u015bci i maksymalizacji osi\u0105g\u00f3w pojazdu.<\/p>\n<p>&nbsp;<\/p>\n<p>&nbsp;<\/p>\n<p>&nbsp;<\/p>","protected":false},"excerpt":{"rendered":"<p>Oryginalna cz\u0119\u015b\u0107 Mopar<\/p>","protected":false},"featured_media":68307376,"comment_status":"open","ping_status":"closed","template":"","meta":{"_acf_changed":false},"product_brand":[16270],"product_cat":[6709,6724,6684,6490,6729,6689,6659,6484,6714,6734,6694,6664,6495,6739,6669,6500,8093,6698,19347,6719,6744,6703,6674,6505,6749,19351,19352,6679],"product_tag":[18559,475,52,217,18560,91,92,101,93,53,48,536,94,3853,3854,4432,4438,95,7675,56,100,126,50,4433,4425,4439,323,55,31,8813,9424,16271,16273,16275,16272,16274,7221,86,96,1056,164,102,2353],"class_list":{"0":"post-68307041","1":"product","2":"type-product","3":"status-publish","4":"has-post-thumbnail","6":"product_brand-mopar","7":"product_cat-300c-57-2005-2010-kurbelwelle-kolben","8":"product_cat-300c-57-2011-2023-kurbelwelle-kolben","9":"product_cat-300c-61-kurbelwelle-kolben","10":"product_cat-300c-64-kurbelwelle-kolben","11":"product_cat-challenger-57-kurbelwelle-kolben","12":"product_cat-challenger-61-kurbelwelle-kolben","13":"product_cat-challenger-hellcat-kurbelwelle-kolben","14":"product_cat-challenger-64-kurbelwelle-kolben","15":"product_cat-charger-57-kurbelwelle-kolben","16":"product_cat-charger-57-2011-2023-kurbelwelle-kolben","17":"product_cat-charger-61-kurbelwelle-kolben","18":"product_cat-charger-hellcat-kurbelwelle-kolben","19":"product_cat-charger-64-kurbelwelle-kolben","20":"product_cat-durango-57-kurbelwelle-kolben","21":"product_cat-durango-hellcat-kurbelwelle-kolben","22":"product_cat-durango-64-kurbelwelle-kolben","23":"product_cat-magnum-57-kurbelwelle-kolben","24":"product_cat-magnum-61-kurbelwelle-kolben","25":"product_cat-commander-57-kurbelwelle-kolben","26":"product_cat-grand-cherokee-57-2005-2010-kurbelwelle-kolben","27":"product_cat-grand-cherokee-57-2011-2021-kurbelwelle-kolben","28":"product_cat-grand-cherokee-61-kurbelwelle-kolben","29":"product_cat-trackhawk-kurbelwelle-kolben","30":"product_cat-grand-cherokee-64-kurbelwelle-kolben","31":"product_cat-1500-57-2009-2018-classic-kurbelwelle-kolben","32":"product_cat-2500-3500-64-dichtungen-hardware","33":"product_cat-2500-3500-64-kurbelwelle-kolben","34":"product_cat-trx-kurbelwelle-kolben","35":"product_tag-04736283aa","36":"product_tag-475","37":"product_tag-300c","38":"product_tag-217","39":"product_tag-4736283aa","40":"product_tag-5-7","41":"product_tag-6-1","42":"product_tag-6-2","43":"product_tag-6-4","44":"product_tag-charger","45":"product_tag-chrysler","46":"product_tag-chrysler-300c","47":"product_tag-commander","48":"product_tag-dodge-challenger","49":"product_tag-dodge-charger","50":"product_tag-dodge-durango","51":"product_tag-dodge-magnum","52":"product_tag-durango","53":"product_tag-fuehrungsbuchse","54":"product_tag-grand-cherokee","55":"product_tag-hellcat","56":"product_tag-hemi","57":"product_tag-jeep","58":"product_tag-jeep-commander","59":"product_tag-jeep-grand-cherokee","60":"product_tag-jeep-wrangler","61":"product_tag-kurbelwelle","62":"product_tag-magnum","63":"product_tag-mopar","64":"product_tag-mopar-autoteile","65":"product_tag-mopar-ersatzteile","66":"product_tag-mopar-ersatzteile-kaufen","67":"product_tag-mopar-performance-teile","68":"product_tag-mopar-teile-katalog","69":"product_tag-mopar-teile-online","70":"product_tag-mopar-tuningteile","71":"product_tag-mopar10","72":"product_tag-ram","73":"product_tag-srt","74":"product_tag-srt-8","75":"product_tag-srt8","76":"product_tag-trackhawk","77":"product_tag-trx","79":"first","80":"instock","81":"taxable","82":"shipping-taxable","83":"purchasable","84":"product-type-simple"},"bundled_by":[],"bundle_stock_status":"instock","bundle_stock_quantity":1,"bundle_virtual":false,"bundle_layout":"","bundle_add_to_cart_form_location":"","bundle_editable_in_cart":false,"bundle_sold_individually_context":"","bundle_item_grouping":"","bundle_min_size":"","bundle_max_size":"","bundle_price":[],"bundled_items":[],"bundle_sell_ids":[],"exclude_global_add_ons":[],"addons":[],"acf":[],"_links":{"self":[{"href":"https:\/\/kraftwerk-shop.cc\/pl\/wp-json\/wp\/v2\/product\/68307041","targetHints":{"allow":["GET"]}}],"collection":[{"href":"https:\/\/kraftwerk-shop.cc\/pl\/wp-json\/wp\/v2\/product"}],"about":[{"href":"https:\/\/kraftwerk-shop.cc\/pl\/wp-json\/wp\/v2\/types\/product"}],"replies":[{"embeddable":true,"href":"https:\/\/kraftwerk-shop.cc\/pl\/wp-json\/wp\/v2\/comments?post=68307041"}],"version-history":[{"count":0,"href":"https:\/\/kraftwerk-shop.cc\/pl\/wp-json\/wp\/v2\/product\/68307041\/revisions"}],"wp:featuredmedia":[{"embeddable":true,"href":"https:\/\/kraftwerk-shop.cc\/pl\/wp-json\/wp\/v2\/media\/68307376"}],"wp:attachment":[{"href":"https:\/\/kraftwerk-shop.cc\/pl\/wp-json\/wp\/v2\/media?parent=68307041"}],"wp:term":[{"taxonomy":"product_brand","embeddable":true,"href":"https:\/\/kraftwerk-shop.cc\/pl\/wp-json\/wp\/v2\/product_brand?post=68307041"},{"taxonomy":"product_cat","embeddable":true,"href":"https:\/\/kraftwerk-shop.cc\/pl\/wp-json\/wp\/v2\/product_cat?post=68307041"},{"taxonomy":"product_tag","embeddable":true,"href":"https:\/\/kraftwerk-shop.cc\/pl\/wp-json\/wp\/v2\/product_tag?post=68307041"}],"curies":[{"name":"wp","href":"https:\/\/api.w.org\/{rel}","templated":true}]}}