{"id":68307044,"date":"2024-09-07T16:54:02","date_gmt":"2024-09-07T14:54:02","guid":{"rendered":"https:\/\/kraftwerk-shop.cc\/?post_type=product&#038;p=68307044"},"modified":"2026-03-03T11:01:35","modified_gmt":"2026-03-03T10:01:35","slug":"jednostka-sterujaca-silnika-mopar","status":"publish","type":"product","link":"https:\/\/kraftwerk-shop.cc\/pl\/produkt\/mopar-pushpin-abdeckung-motorsteuergeraet\/","title":{"rendered":"Ko\u0142ek rozporowy Mopar do pokrywy jednostki steruj\u0105cej silnika"},"content":{"rendered":"<h1>Oryginalny pinezka Mopar <span lang=\"DE\"><span class=\"list-value sku-display\">6506293AA<\/span><\/span> dla pokrywy jednostki steruj\u0105cej silnika<\/h1>\n<p><span lang=\"DE\"><strong><br \/>\nNumer cz\u0119\u015bci Mopar:<\/strong> <span class=\"list-value sku-display\">6506293AA<\/span><br \/>\n<strong>Zast\u0105piony:\u00a0<\/strong>6506005AA<\/span><\/p>\n<p>&nbsp;<\/p>","protected":false},"excerpt":{"rendered":"<p>Oryginalna cz\u0119\u015b\u0107 Mopar<\/p>","protected":false},"featured_media":68307385,"comment_status":"open","ping_status":"closed","template":"","meta":{"_acf_changed":false},"product_brand":[16270],"product_cat":[1568,4984,1592,1673,1681,1697,1705,1608,5162,1632,1640],"product_tag":[169,52,217,91,101,93,7676,7677,54,53,48,536,49,3854,2357,2356,2358,100,126,31,8813,9424,16271,16273,16275,16272,16274,7221,620,621,326,7678,96],"class_list":{"0":"post-68307044","1":"product","2":"type-product","3":"status-publish","4":"has-post-thumbnail","6":"product_brand-mopar","7":"product_cat-300c-36-programmiergeraete","8":"product_cat-300c-57-2011-2023-programmiergeraete","9":"product_cat-300c-64-programmiergeraete","10":"product_cat-challenger-36-programmiergeraete","11":"product_cat-challenger-57-programmiergeraete","12":"product_cat-challenger-hellcat-programmiergeraete","13":"product_cat-challenger-64-programmiergeraete","14":"product_cat-charger-36-programmiergeraete","15":"product_cat-charger-57-2011-2023-programmiergeraete","16":"product_cat-charger-hellcat-programmiergeraete","17":"product_cat-charger-64-programmiergeraete","18":"product_tag-3-6","19":"product_tag-300c","20":"product_tag-217","21":"product_tag-5-7","22":"product_tag-6-2","23":"product_tag-6-4","24":"product_tag-6506005aa","25":"product_tag-6506293aa","26":"product_tag-challenger","27":"product_tag-charger","28":"product_tag-chrysler","29":"product_tag-chrysler-300c","30":"product_tag-dodge","31":"product_tag-dodge-charger","32":"product_tag-gepec2","33":"product_tag-gpec","34":"product_tag-gpec2a","35":"product_tag-hellcat","36":"product_tag-hemi","37":"product_tag-mopar","38":"product_tag-mopar-autoteile","39":"product_tag-mopar-ersatzteile","40":"product_tag-mopar-ersatzteile-kaufen","41":"product_tag-mopar-performance-teile","42":"product_tag-mopar-teile-katalog","43":"product_tag-mopar-teile-online","44":"product_tag-mopar-tuningteile","45":"product_tag-mopar10","46":"product_tag-motorsteuergeraet","47":"product_tag-pcm","48":"product_tag-pin","49":"product_tag-pushpin","50":"product_tag-srt","51":"pa_modell-chrysler-300c-3-6-2","52":"pa_modell-chrysler-300c-5-7-2","53":"pa_modell-chrysler-300c-6-4-2","54":"pa_modell-dodge-challenger-3-6-2","55":"pa_modell-dodge-challenger-5-7-2","56":"pa_modell-dodge-challenger-6-4-2","57":"pa_modell-dodge-challenger-hellcat-6-2","58":"pa_modell-dodge-charger-3-6-2","59":"pa_modell-dodge-charger-5-7-2","60":"pa_modell-dodge-charger-6-4-2","61":"pa_modell-dodge-charger-hellcat-6-2","62":"pa_modell-dodge-durango-3-6-2","63":"pa_modell-dodge-durango-5-7-2","64":"pa_modell-jeep-grand-cherokee-3-6-2","65":"pa_modell-jeep-grand-cherokee-5-7-2","66":"pa_modell-jeep-grand-cherokee-6-4-2","67":"pa_modell-jeep-wrangler-3-6","68":"pa_modell-ram-1500-3-6","69":"pa_modell-ram-1500-5-7","70":"pa_modelljahr-2015-2","71":"pa_modelljahr-2016-2","72":"pa_modelljahr-2017-2","73":"pa_modelljahr-3745","74":"pa_modelljahr-3746","75":"pa_option-pcm-programmierung-einsenden","77":"first","78":"instock","79":"taxable","80":"shipping-taxable","81":"purchasable","82":"product-type-simple"},"bundled_by":[],"bundle_stock_status":"instock","bundle_stock_quantity":15,"bundle_virtual":false,"bundle_layout":"","bundle_add_to_cart_form_location":"","bundle_editable_in_cart":false,"bundle_sold_individually_context":"","bundle_item_grouping":"","bundle_min_size":"","bundle_max_size":"","bundle_price":[],"bundled_items":[],"bundle_sell_ids":[],"exclude_global_add_ons":[],"addons":[],"acf":[],"_links":{"self":[{"href":"https:\/\/kraftwerk-shop.cc\/pl\/wp-json\/wp\/v2\/product\/68307044","targetHints":{"allow":["GET"]}}],"collection":[{"href":"https:\/\/kraftwerk-shop.cc\/pl\/wp-json\/wp\/v2\/product"}],"about":[{"href":"https:\/\/kraftwerk-shop.cc\/pl\/wp-json\/wp\/v2\/types\/product"}],"replies":[{"embeddable":true,"href":"https:\/\/kraftwerk-shop.cc\/pl\/wp-json\/wp\/v2\/comments?post=68307044"}],"version-history":[{"count":0,"href":"https:\/\/kraftwerk-shop.cc\/pl\/wp-json\/wp\/v2\/product\/68307044\/revisions"}],"wp:featuredmedia":[{"embeddable":true,"href":"https:\/\/kraftwerk-shop.cc\/pl\/wp-json\/wp\/v2\/media\/68307385"}],"wp:attachment":[{"href":"https:\/\/kraftwerk-shop.cc\/pl\/wp-json\/wp\/v2\/media?parent=68307044"}],"wp:term":[{"taxonomy":"product_brand","embeddable":true,"href":"https:\/\/kraftwerk-shop.cc\/pl\/wp-json\/wp\/v2\/product_brand?post=68307044"},{"taxonomy":"product_cat","embeddable":true,"href":"https:\/\/kraftwerk-shop.cc\/pl\/wp-json\/wp\/v2\/product_cat?post=68307044"},{"taxonomy":"product_tag","embeddable":true,"href":"https:\/\/kraftwerk-shop.cc\/pl\/wp-json\/wp\/v2\/product_tag?post=68307044"}],"curies":[{"name":"wp","href":"https:\/\/api.w.org\/{rel}","templated":true}]}}