{"id":68307477,"date":"2024-09-15T12:47:30","date_gmt":"2024-09-15T10:47:30","guid":{"rendered":"https:\/\/kraftwerk-shop.cc\/?post_type=product&#038;p=68307477"},"modified":"2026-04-07T17:42:31","modified_gmt":"2026-04-07T15:42:31","slug":"continental-pasek-klinowy-challenger-charger-hellcat","status":"publish","type":"product","link":"https:\/\/kraftwerk-shop.cc\/pl\/produkt\/continental-keilriemen-challenger-charger-hellcat\/","title":{"rendered":"Pasek klinowy Continental Dodge Challenger &amp; Charger Hellcat"},"content":{"rendered":"<h1>Pasek klinowy Continental CONTI\u00aeV do Dodge Challenger &amp; Charger Hellcat<\/h1>\n<p><strong>Liczby por\u00f3wnawcze Mopar:<\/strong> <span class=\"list-value sku-display\">5038725AA<\/span><\/p>\n<p><strong><br \/>\nOdpowiedni dla:<\/strong><\/p>\n<table width=\"1101\">\n<tbody>\n<tr>\n<td width=\"64\"><strong>Rok<\/strong><\/td>\n<td width=\"83\"><strong>Marka<\/strong><\/td>\n<td width=\"146\"><strong>Model<\/strong><\/td>\n<td width=\"438\"><strong>Wersja<\/strong><\/td>\n<td width=\"370\"><strong>Silnik<\/strong><\/td>\n<\/tr>\n<tr>\n<td width=\"64\">2023<\/td>\n<td width=\"83\">Dodge<\/td>\n<td width=\"146\">Challenger<\/td>\n<td width=\"438\">SRT Hellcat, SRT Hellcat Redeye, SRT Hellcat Redeye Widebody, SRT Hellcat Widebody, SRT Jailbreak, SRT Super Stock<\/td>\n<td width=\"370\">6.2L<\/td>\n<\/tr>\n<tr>\n<td width=\"64\">2023<\/td>\n<td width=\"83\">Dodge<\/td>\n<td width=\"146\">Charger<\/td>\n<td width=\"438\">SRT Hellcat Redeye Widebody, SRT Hellcat Widebody<\/td>\n<td width=\"370\">6.2L<\/td>\n<\/tr>\n<tr>\n<td width=\"64\">2022<\/td>\n<td width=\"83\">Dodge<\/td>\n<td width=\"146\">Challenger<\/td>\n<td width=\"438\">SRT Hellcat, SRT Hellcat Redeye, SRT Hellcat Redeye Widebody, SRT Hellcat Widebody, SRT Jailbreak, SRT Super Stock<\/td>\n<td width=\"370\">6.2L<\/td>\n<\/tr>\n<tr>\n<td width=\"64\">2022<\/td>\n<td width=\"83\">Dodge<\/td>\n<td width=\"146\">Charger<\/td>\n<td width=\"438\">SRT Hellcat Redeye Widebody, SRT Hellcat Widebody, SRT Jailbreak<\/td>\n<td width=\"370\">6.2L<\/td>\n<\/tr>\n<tr>\n<td width=\"64\">2021<\/td>\n<td width=\"83\">Dodge<\/td>\n<td width=\"146\">Challenger<\/td>\n<td width=\"438\">SRT Hellcat, SRT Hellcat Redeye, SRT Hellcat Redeye Widebody, SRT Hellcat Widebody, SRT Super Stock<\/td>\n<td width=\"370\">6.2L<\/td>\n<\/tr>\n<tr>\n<td width=\"64\">2021<\/td>\n<td width=\"83\">Dodge<\/td>\n<td width=\"146\">Charger<\/td>\n<td width=\"438\">SRT Hellcat Redeye Widebody, SRT Hellcat Widebody<\/td>\n<td width=\"370\">6.2L<\/td>\n<\/tr>\n<tr>\n<td width=\"64\">2020<\/td>\n<td width=\"83\">Dodge<\/td>\n<td width=\"146\">Challenger<\/td>\n<td width=\"438\">SRT Hellcat, SRT Hellcat Redeye, SRT Hellcat Redeye Widebody, SRT Hellcat Widebody<\/td>\n<td width=\"370\">6.2L<\/td>\n<\/tr>\n<tr>\n<td width=\"64\">2020<\/td>\n<td width=\"83\">Dodge<\/td>\n<td width=\"146\">Charger<\/td>\n<td width=\"438\">SRT Hellcat Widebody<\/td>\n<td width=\"370\">6.2L<\/td>\n<\/tr>\n<tr>\n<td width=\"64\">2019<\/td>\n<td width=\"83\">Dodge<\/td>\n<td width=\"146\">Challenger<\/td>\n<td width=\"438\">SRT Hellcat, SRT Hellcat Redeye, SRT Hellcat Redeye Widebody, SRT Hellcat Widebody<\/td>\n<td width=\"370\">6.2L<\/td>\n<\/tr>\n<tr>\n<td width=\"64\">2019<\/td>\n<td width=\"83\">Dodge<\/td>\n<td width=\"146\">Charger<\/td>\n<td width=\"438\">SRT Hellcat<\/td>\n<td width=\"370\">6.2L<\/td>\n<\/tr>\n<tr>\n<td width=\"64\">2018<\/td>\n<td width=\"83\">Dodge<\/td>\n<td width=\"146\">Challenger<\/td>\n<td width=\"438\">SRT Demon, SRT Hellcat, SRT Hellcat Widebody<\/td>\n<td width=\"370\">6.2L<\/td>\n<\/tr>\n<tr>\n<td width=\"64\">2018<\/td>\n<td width=\"83\">Dodge<\/td>\n<td width=\"146\">Charger<\/td>\n<td width=\"438\">SRT Hellcat<\/td>\n<td width=\"370\">6.2L<\/td>\n<\/tr>\n<tr>\n<td width=\"64\">2017<\/td>\n<td width=\"83\">Dodge<\/td>\n<td width=\"146\">Challenger<\/td>\n<td width=\"438\">SRT Hellcat<\/td>\n<td width=\"370\">6.2L<\/td>\n<\/tr>\n<tr>\n<td width=\"64\">2017<\/td>\n<td width=\"83\">Dodge<\/td>\n<td width=\"146\">Charger<\/td>\n<td width=\"438\">SRT Hellcat<\/td>\n<td width=\"370\">6.2L<\/td>\n<\/tr>\n<tr>\n<td width=\"64\">2016<\/td>\n<td width=\"83\">Dodge<\/td>\n<td width=\"146\">Challenger<\/td>\n<td width=\"438\">SRT Hellcat<\/td>\n<td width=\"370\">6.2L<\/td>\n<\/tr>\n<tr>\n<td width=\"64\">2016<\/td>\n<td width=\"83\">Dodge<\/td>\n<td width=\"146\">Charger<\/td>\n<td width=\"438\">SRT Hellcat<\/td>\n<td width=\"370\">6.2L<\/td>\n<\/tr>\n<tr>\n<td width=\"64\">2015<\/td>\n<td width=\"83\">Dodge<\/td>\n<td width=\"146\">Challenger<\/td>\n<td width=\"438\">SRT Hellcat<\/td>\n<td width=\"370\">6.2L<\/td>\n<\/tr>\n<tr>\n<td width=\"64\">2015<\/td>\n<td width=\"83\">Dodge<\/td>\n<td width=\"146\">Charger<\/td>\n<td width=\"438\">SRT Hellcat<\/td>\n<td width=\"370\">6.2L<\/td>\n<\/tr>\n<\/tbody>\n<\/table>\n<p>&nbsp;<\/p>\n<p>Pasek klinowy to d\u0142ugi gumowy pasek, kt\u00f3ry biegnie wzd\u0142u\u017c silnika pojazdu i nap\u0119dza wiele wa\u017cnych podzespo\u0142\u00f3w, takich jak alternator, pompa wspomagania uk\u0142adu kierowniczego, uk\u0142ad klimatyzacji i pompa wody<\/p>\n<p>W przypadku wi\u0119kszo\u015bci pojazd\u00f3w zaleca si\u0119 sprawdzenie paska klinowego po przejechaniu 60 000 kilometr\u00f3w.<br \/>\nWa\u017cne jest r\u00f3wnie\u017c przeprowadzenie wizualnej i akustycznej kontroli zu\u017cycia przed osi\u0105gni\u0119ciem tego przebiegu.<\/p>\n<p>W wi\u0119kszo\u015bci pojazd\u00f3w zaleca si\u0119 wymian\u0119 paska klinowego przy przebiegu 90 kilometr\u00f3w (niezale\u017cnie od jego wygl\u0105du), aby zmniejszy\u0107 ryzyko zerwania. Zerwany pasek klinowy mo\u017ce by\u0107 niebezpieczny podczas jazdy i spowodowa\u0107 powa\u017cne uszkodzenie silnika.<\/p>\n<p>&nbsp;<\/p>\n<p><strong>Objawy uszkodzonego paska klinowego<\/strong><\/p>\n<ul>\n<li>Oderwanie \u017cebra (jedno lub wi\u0119cej \u017ceber oderwa\u0142o si\u0119 od korpusu pasa)<\/li>\n<li>Zu\u017cycie \u017ceber lub paska<\/li>\n<li>P\u0119kni\u0119cia w kierunku wzd\u0142u\u017cnym ta\u015bmy (p\u0119kni\u0119cia mi\u0119dzy dwoma \u017cebrami)<\/li>\n<li>Prowadnice paska<\/li>\n<li>\"Przeskok rowka\" (pasek nie utrzymuje prawid\u0142owej pozycji na kole pasowym)<\/li>\n<li>P\u0119kni\u0119cie paska (uwaga: zidentyfikuj i usu\u0144 problem przed zainstalowaniem nowego paska)<\/li>\n<li>Odg\u0142osy (nieprzyjemne skrzypienie, piszczenie lub dudnienie mo\u017ce by\u0107 s\u0142yszalne lub odczuwalne podczas pracy paska nap\u0119dowego)<\/li>\n<\/ul>\n<p>Je\u015bli na pasku klinowym widoczne s\u0105 zanieczyszczenia olejem lub p\u0142ynem ch\u0142odz\u0105cym, pasek r\u00f3wnie\u017c nale\u017cy wymieni\u0107, a nieszczelno\u015bci usun\u0105\u0107.<\/p>\n<p>&nbsp;<\/p>\n<p>&nbsp;<\/p>","protected":false},"excerpt":{"rendered":"<p>Continental CONTI\u00aeV Keilriemen f\u00fcr Dodge Challenger &amp; Charger Hellcat Mopar Vergleichsnummern: 5038725AA Passend f\u00fcr: Baujahr Marke Modell Version Motor 2023<\/p>","protected":false},"featured_media":68307479,"comment_status":"open","ping_status":"closed","template":"","meta":{"_acf_changed":false},"product_brand":[],"product_cat":[7505,7509],"product_tag":[18292,7738,4446,54,53,4435,49,3853,3854,4447,736,7613,31,7221,151,2396],"class_list":{"0":"post-68307477","1":"product","2":"type-product","3":"status-publish","4":"has-post-thumbnail","6":"product_cat-challenger-hellcat-riemenantrieb","7":"product_cat-charger-hellcat-riemenantrieb","8":"product_tag-05038725aa","9":"product_tag-7738","10":"product_tag-5038725aa","11":"product_tag-challenger","12":"product_tag-charger","13":"product_tag-continental","14":"product_tag-dodge","15":"product_tag-dodge-challenger","16":"product_tag-dodge-charger","17":"product_tag-jailbreak","18":"product_tag-keilriemen","19":"product_tag-keilrippenriemen","20":"product_tag-mopar","21":"product_tag-mopar10","22":"product_tag-redeye","23":"product_tag-super-stock","24":"product_shipping_class-deutschlandohne","26":"first","27":"instock","28":"taxable","29":"shipping-taxable","30":"purchasable","31":"product-type-simple"},"bundled_by":[],"bundle_stock_status":"instock","bundle_stock_quantity":2,"bundle_virtual":false,"bundle_layout":"","bundle_add_to_cart_form_location":"","bundle_editable_in_cart":false,"bundle_sold_individually_context":"","bundle_item_grouping":"","bundle_min_size":"","bundle_max_size":"","bundle_price":[],"bundled_items":[],"bundle_sell_ids":[],"exclude_global_add_ons":[],"addons":[],"acf":[],"_links":{"self":[{"href":"https:\/\/kraftwerk-shop.cc\/pl\/wp-json\/wp\/v2\/product\/68307477","targetHints":{"allow":["GET"]}}],"collection":[{"href":"https:\/\/kraftwerk-shop.cc\/pl\/wp-json\/wp\/v2\/product"}],"about":[{"href":"https:\/\/kraftwerk-shop.cc\/pl\/wp-json\/wp\/v2\/types\/product"}],"replies":[{"embeddable":true,"href":"https:\/\/kraftwerk-shop.cc\/pl\/wp-json\/wp\/v2\/comments?post=68307477"}],"version-history":[{"count":0,"href":"https:\/\/kraftwerk-shop.cc\/pl\/wp-json\/wp\/v2\/product\/68307477\/revisions"}],"wp:featuredmedia":[{"embeddable":true,"href":"https:\/\/kraftwerk-shop.cc\/pl\/wp-json\/wp\/v2\/media\/68307479"}],"wp:attachment":[{"href":"https:\/\/kraftwerk-shop.cc\/pl\/wp-json\/wp\/v2\/media?parent=68307477"}],"wp:term":[{"taxonomy":"product_brand","embeddable":true,"href":"https:\/\/kraftwerk-shop.cc\/pl\/wp-json\/wp\/v2\/product_brand?post=68307477"},{"taxonomy":"product_cat","embeddable":true,"href":"https:\/\/kraftwerk-shop.cc\/pl\/wp-json\/wp\/v2\/product_cat?post=68307477"},{"taxonomy":"product_tag","embeddable":true,"href":"https:\/\/kraftwerk-shop.cc\/pl\/wp-json\/wp\/v2\/product_tag?post=68307477"}],"curies":[{"name":"wp","href":"https:\/\/api.w.org\/{rel}","templated":true}]}}