{"id":68307506,"date":"2024-09-15T15:54:05","date_gmt":"2024-09-15T13:54:05","guid":{"rendered":"https:\/\/kraftwerk-shop.cc\/?post_type=product&#038;p=68307506"},"modified":"2026-03-31T23:57:23","modified_gmt":"2026-03-31T21:57:23","slug":"pasek-klinowy-gates-hd-ram-1500-57","status":"publish","type":"product","link":"https:\/\/kraftwerk-shop.cc\/pl\/produkt\/gates-hd-keilriemen-ram-1500-57\/","title":{"rendered":"Pasek klinowy Gates HD RAM 1500 5.7"},"content":{"rendered":"<h1>Pasek klinowy Gates Fleetrunner \"Heavy Duty\" Micro-V do RAM 1500 5.7<\/h1>\n<p>&nbsp;<\/p>\n<p><strong>Liczby por\u00f3wnawcze Mopar:<\/strong> 4627397AB, 04627397AC<\/p>\n<p>&nbsp;<\/p>\n<p>Pasek klinowy Gates Fleetrunner HD do RAM to wysokiej jako\u015bci i wytrzyma\u0142y pasek klinowy, kt\u00f3ry zosta\u0142 opracowany specjalnie do zastosowa\u0144 w ci\u0119\u017ckich warunkach. Jest on cz\u0119\u015bci\u0105 serii Gates do du\u017cych obci\u0105\u017ce\u0144 i charakteryzuje si\u0119 solidn\u0105 konstrukcj\u0105 oraz doskona\u0142ymi osi\u0105gami. Pasek klinowy zapewnia niezawodne przenoszenie mocy w wymagaj\u0105cych warunkach, takich jak te wyst\u0119puj\u0105ce w maszynach przemys\u0142owych i pojazdach.<\/p>\n<p>Dzi\u0119ki wysokiej odporno\u015bci na zu\u017cycie i wysok\u0105 temperatur\u0119 gwarantuje d\u0142ug\u0105 \u017cywotno\u015b\u0107, nawet w ekstremalnych warunkach.<\/p>\n<p>&nbsp;<\/p>\n<p><strong>W\u0142a\u015bciwo\u015bci:<\/strong><\/p>\n<ul>\n<li>Solidna, wytrzyma\u0142a konstrukcja do ekstremalnych zastosowa\u0144<\/li>\n<li>Doskona\u0142a odporno\u015b\u0107 na ciep\u0142o i zu\u017cycie<\/li>\n<li>Trwa\u0142o\u015b\u0107 i niezawodno\u015b\u0107 nawet w wymagaj\u0105cych \u015brodowiskach<\/li>\n<li>Optymalne przenoszenie mocy dla maksymalnej wydajno\u015bci<\/li>\n<li>Wyj\u0105tkowa odporno\u015b\u0107 na olej, brud i wilgo\u0107<\/li>\n<\/ul>\n<p>&nbsp;<\/p>\n<p><strong>Odpowiedni dla:<\/strong><\/p>\n<table width=\"1004\">\n<tbody>\n<tr>\n<td width=\"82\"><strong>Rok<\/strong><\/td>\n<td width=\"82\"><strong>Marka<\/strong><\/td>\n<td width=\"124\"><strong>Model<\/strong><\/td>\n<td width=\"512\"><strong>Wersja<\/strong><\/td>\n<td width=\"204\"><strong>Silnik<\/strong><\/td>\n<\/tr>\n<tr>\n<td width=\"82\">2024<\/td>\n<td width=\"82\">Ram<\/td>\n<td width=\"124\">1500<\/td>\n<td width=\"512\">Big Horn, Laramie, Limited, Limited Longhorn, Lone Star, Rebel, Tradesman<\/td>\n<td width=\"204\">5.7L<\/td>\n<\/tr>\n<tr>\n<td width=\"82\">2024<\/td>\n<td width=\"82\">Ram<\/td>\n<td width=\"124\">1500 Classic<\/td>\n<td width=\"512\">Tradesman, Warlock<\/td>\n<td width=\"204\">5.7L<\/td>\n<\/tr>\n<tr>\n<td width=\"82\">2023<\/td>\n<td width=\"82\">Ram<\/td>\n<td width=\"124\">1500<\/td>\n<td width=\"512\">Big Horn, Laramie, Limited, Limited Longhorn, Lone Star, Rebel, Tradesman<\/td>\n<td width=\"204\">5.7L<\/td>\n<\/tr>\n<tr>\n<td width=\"82\">2022<\/td>\n<td width=\"82\">Ram<\/td>\n<td width=\"124\">1500<\/td>\n<td width=\"512\">Big Horn, Laramie, Limited, Limited Longhorn, Lone Star, Rebel, Tradesman<\/td>\n<td width=\"204\">5.7L<\/td>\n<\/tr>\n<tr>\n<td width=\"82\">2022<\/td>\n<td width=\"82\">Ram<\/td>\n<td width=\"124\">1500 Classic<\/td>\n<td width=\"512\">Express, SLT, Tradesman, Warlock<\/td>\n<td width=\"204\">5.7L<\/td>\n<\/tr>\n<tr>\n<td width=\"82\">2021<\/td>\n<td width=\"82\">Ram<\/td>\n<td width=\"124\">1500<\/td>\n<td width=\"512\">Big Horn, Laramie, Limited, Limited Longhorn, Lone Star, Rebel, Tradesman<\/td>\n<td width=\"204\">5.7L<\/td>\n<\/tr>\n<tr>\n<td width=\"82\">2021<\/td>\n<td width=\"82\">Ram<\/td>\n<td width=\"124\">1500 Classic<\/td>\n<td width=\"512\">Express, SLT, Tradesman, Warlock<\/td>\n<td width=\"204\">5.7L<\/td>\n<\/tr>\n<tr>\n<td width=\"82\">2020<\/td>\n<td width=\"82\">Ram<\/td>\n<td width=\"124\">1500<\/td>\n<td width=\"512\">Big Horn, Laramie, Laramie Longhorn, Limited, Lone Star, Rebel, Tradesman<\/td>\n<td width=\"204\">5.7L<\/td>\n<\/tr>\n<tr>\n<td width=\"82\">2020<\/td>\n<td width=\"82\">Ram<\/td>\n<td width=\"124\">1500 Classic<\/td>\n<td width=\"512\">Express, SLT, Special Service, Tradesman, Warlock<\/td>\n<td width=\"204\">5.7L<\/td>\n<\/tr>\n<tr>\n<td width=\"82\">2019<\/td>\n<td width=\"82\">Ram<\/td>\n<td width=\"124\">1500<\/td>\n<td width=\"512\">Big Horn, Laramie, Laramie Longhorn, Limited, Lone Star, Rebel, Tradesman<\/td>\n<td width=\"204\">5.7L<\/td>\n<\/tr>\n<tr>\n<td width=\"82\">2019<\/td>\n<td width=\"82\">Ram<\/td>\n<td width=\"124\">1500 Classic<\/td>\n<td width=\"512\">Big Horn, Express, Lone Star, SLT, Special Service, Tradesman, Warlock<\/td>\n<td width=\"204\">5.7L<\/td>\n<\/tr>\n<tr>\n<td width=\"82\">2018<\/td>\n<td width=\"82\">Ram<\/td>\n<td width=\"124\">1500<\/td>\n<td width=\"512\">Big Horn, Express, Laramie, Laramie Longhorn, Limited, Lone Star, Rebel, SLT, Special Service, Sport, Tradesman<\/td>\n<td width=\"204\">5.7L<\/td>\n<\/tr>\n<tr>\n<td width=\"82\">2017<\/td>\n<td width=\"82\">Ram<\/td>\n<td width=\"124\">1500<\/td>\n<td width=\"512\">Big Horn, Express, Laramie, Laramie Longhorn, Limited, Lone Star, Rebel, SLT, Special Service, Sport, Tradesman<\/td>\n<td width=\"204\">5.7L<\/td>\n<\/tr>\n<tr>\n<td width=\"82\">2016<\/td>\n<td width=\"82\">Ram<\/td>\n<td width=\"124\">1500<\/td>\n<td width=\"512\">Big Horn, Express, Laramie, Laramie Longhorn, Limited, Lone Star, Outdoorsman, Rebel, SLT, Special Service, Sport, Tradesman<\/td>\n<td width=\"204\">5.7L<\/td>\n<\/tr>\n<tr>\n<td width=\"82\">2015<\/td>\n<td width=\"82\">Ram<\/td>\n<td width=\"124\">1500<\/td>\n<td width=\"512\">Big Horn, Express, Laramie, Laramie Limited, Laramie Longhorn, Limited, Lone Star, Outdoorsman, Rebel, SLT, Special Service, Sport, Tradesman<\/td>\n<td width=\"204\">5.7L<\/td>\n<\/tr>\n<tr>\n<td width=\"82\">2014<\/td>\n<td width=\"82\">Ram<\/td>\n<td width=\"124\">1500<\/td>\n<td width=\"512\">Big Horn, Express, HFE, Laramie, Laramie Limited, Laramie Longhorn, Lone Star, Outdoorsman, SLT, Special Service, Sport, Tradesman<\/td>\n<td width=\"204\">5.7L<\/td>\n<\/tr>\n<tr>\n<td width=\"82\">2013<\/td>\n<td width=\"82\">Ram<\/td>\n<td width=\"124\">1500<\/td>\n<td width=\"512\">Big Horn, Express, Laramie, Laramie Longhorn, Outdoorsman, R\/T, SLT, Sport, Tradesman<\/td>\n<td width=\"204\">5.7L<\/td>\n<\/tr>\n<\/tbody>\n<\/table>\n<p>&nbsp;<\/p>\n<p>Pasek klinowy to d\u0142ugi gumowy pasek, kt\u00f3ry biegnie wzd\u0142u\u017c silnika pojazdu i nap\u0119dza wiele wa\u017cnych podzespo\u0142\u00f3w, takich jak alternator, pompa wspomagania uk\u0142adu kierowniczego, uk\u0142ad klimatyzacji i pompa wody<\/p>\n<p>W przypadku wi\u0119kszo\u015bci pojazd\u00f3w zaleca si\u0119 sprawdzenie paska klinowego po przejechaniu 60 000 kilometr\u00f3w.<br \/>\nWa\u017cne jest r\u00f3wnie\u017c przeprowadzenie wizualnej i akustycznej kontroli zu\u017cycia przed osi\u0105gni\u0119ciem tego przebiegu.<\/p>\n<p>W wi\u0119kszo\u015bci pojazd\u00f3w zaleca si\u0119 wymian\u0119 paska klinowego przy przebiegu 90 kilometr\u00f3w (niezale\u017cnie od jego wygl\u0105du), aby zmniejszy\u0107 ryzyko zerwania. Zerwany pasek klinowy mo\u017ce by\u0107 niebezpieczny podczas jazdy i spowodowa\u0107 powa\u017cne uszkodzenie silnika.<\/p>\n<p>&nbsp;<\/p>\n<p><strong>Objawy uszkodzonego paska klinowego<\/strong><\/p>\n<ul>\n<li>Oderwanie \u017cebra (jedno lub wi\u0119cej \u017ceber oderwa\u0142o si\u0119 od korpusu pasa)<\/li>\n<li>Zu\u017cycie \u017ceber lub paska<\/li>\n<li>P\u0119kni\u0119cia w kierunku wzd\u0142u\u017cnym ta\u015bmy (p\u0119kni\u0119cia mi\u0119dzy dwoma \u017cebrami)<\/li>\n<li>Prowadnice paska<\/li>\n<li>\"Przeskok rowka\" (pasek nie utrzymuje prawid\u0142owej pozycji na kole pasowym)<\/li>\n<li>P\u0119kni\u0119cie paska (uwaga: zidentyfikuj i usu\u0144 problem przed zainstalowaniem nowego paska)<\/li>\n<li>Odg\u0142osy (nieprzyjemne skrzypienie, piszczenie lub dudnienie mo\u017ce by\u0107 s\u0142yszalne lub odczuwalne podczas pracy paska nap\u0119dowego)<\/li>\n<\/ul>\n<p>Je\u015bli na pasku klinowym widoczne s\u0105 zanieczyszczenia olejem lub p\u0142ynem ch\u0142odz\u0105cym, pasek r\u00f3wnie\u017c nale\u017cy wymieni\u0107, a nieszczelno\u015bci usun\u0105\u0107.<\/p>\n<p>&nbsp;<\/p>\n<p>&nbsp;<\/p>\n<p>&nbsp;<\/p>","protected":false},"excerpt":{"rendered":"<p>Gates Fleetrunner \u201cHeavy Duty\u201d Micro-V pasek klinowy do RAM 1500 5.7 Mopar Numery por\u00f3wnawcze: 4627397AB, 04627397AC Gates Fleetrunner<\/p>","protected":false},"featured_media":68307508,"comment_status":"open","ping_status":"closed","template":"","meta":{"_acf_changed":false},"product_brand":[],"product_cat":[7523,7524],"product_tag":[18546,7245,7246,18545,49,737,738,3579,7743,736,7613,36,31,7221,34,35,505,86,735,674,38,37,673],"class_list":{"0":"post-68307506","1":"product","2":"type-product","3":"status-publish","4":"has-post-thumbnail","6":"product_cat-1500-57-2009-2018-classic-riemenantrieb","7":"product_cat-1500-57-dt-riemenantrieb","8":"product_tag-04627397ab","9":"product_tag-04627397ac","10":"product_tag-4627397ab","11":"product_tag-4627397ac","12":"product_tag-dodge","13":"product_tag-gates","14":"product_tag-hd","15":"product_tag-heavy-duty","16":"product_tag-k060730hd","17":"product_tag-keilriemen","18":"product_tag-keilrippenriemen","19":"product_tag-kraftwerk","20":"product_tag-mopar","21":"product_tag-mopar10","22":"product_tag-original","23":"product_tag-originalersatzteil","24":"product_tag-powerwagon","25":"product_tag-ram","26":"product_tag-riemen","27":"product_tag-service","28":"product_tag-teile","29":"product_tag-wartung","30":"product_tag-zubehoer","32":"first","33":"instock","34":"taxable","35":"shipping-taxable","36":"purchasable","37":"product-type-simple"},"bundled_by":[],"bundle_stock_status":"instock","bundle_stock_quantity":1,"bundle_virtual":false,"bundle_layout":"","bundle_add_to_cart_form_location":"","bundle_editable_in_cart":false,"bundle_sold_individually_context":"","bundle_item_grouping":"","bundle_min_size":"","bundle_max_size":"","bundle_price":[],"bundled_items":[],"bundle_sell_ids":[],"exclude_global_add_ons":[],"addons":[],"acf":[],"_links":{"self":[{"href":"https:\/\/kraftwerk-shop.cc\/pl\/wp-json\/wp\/v2\/product\/68307506","targetHints":{"allow":["GET"]}}],"collection":[{"href":"https:\/\/kraftwerk-shop.cc\/pl\/wp-json\/wp\/v2\/product"}],"about":[{"href":"https:\/\/kraftwerk-shop.cc\/pl\/wp-json\/wp\/v2\/types\/product"}],"replies":[{"embeddable":true,"href":"https:\/\/kraftwerk-shop.cc\/pl\/wp-json\/wp\/v2\/comments?post=68307506"}],"version-history":[{"count":0,"href":"https:\/\/kraftwerk-shop.cc\/pl\/wp-json\/wp\/v2\/product\/68307506\/revisions"}],"wp:featuredmedia":[{"embeddable":true,"href":"https:\/\/kraftwerk-shop.cc\/pl\/wp-json\/wp\/v2\/media\/68307508"}],"wp:attachment":[{"href":"https:\/\/kraftwerk-shop.cc\/pl\/wp-json\/wp\/v2\/media?parent=68307506"}],"wp:term":[{"taxonomy":"product_brand","embeddable":true,"href":"https:\/\/kraftwerk-shop.cc\/pl\/wp-json\/wp\/v2\/product_brand?post=68307506"},{"taxonomy":"product_cat","embeddable":true,"href":"https:\/\/kraftwerk-shop.cc\/pl\/wp-json\/wp\/v2\/product_cat?post=68307506"},{"taxonomy":"product_tag","embeddable":true,"href":"https:\/\/kraftwerk-shop.cc\/pl\/wp-json\/wp\/v2\/product_tag?post=68307506"}],"curies":[{"name":"wp","href":"https:\/\/api.w.org\/{rel}","templated":true}]}}