{"id":68307950,"date":"2024-09-29T15:17:57","date_gmt":"2024-09-29T13:17:57","guid":{"rendered":"https:\/\/kraftwerk-shop.cc\/?post_type=product&#038;p=68307950"},"modified":"2026-02-23T16:09:08","modified_gmt":"2026-02-23T15:09:08","slug":"tarcza-hamulcowa-dba-camaro-42605s","status":"publish","type":"product","link":"https:\/\/kraftwerk-shop.cc\/pl\/produkt\/dba-bremsscheibe-camaro-42605s\/","title":{"rendered":"Tarcza hamulcowa DBA Camaro (42605S)"},"content":{"rendered":"<h1>Tarcza hamulcowa DBA <span class=\"fontstyle0\">42605S<\/span> Dla Chevroleta Camaro LS3, L99 i ZL1 (tylna o\u015b)<\/h1>\n<p>&nbsp;<\/p>\n<p><strong>Numery cz\u0119\u015bci GM dla cel\u00f3w por\u00f3wnawczych:<\/strong> 25851166, 92223366, 92245929, 22798839<\/p>\n<p>&nbsp;<\/p>\n<p>Tarcze hamulcowe DBA 4000 SERIES s\u0105 bezpo\u015brednim zamiennikiem jednocz\u0119\u015bciowych tarcz hamulcowych, zaprojektowanym dla kierowc\u00f3w poszukuj\u0105cych lepszej skuteczno\u015bci hamowania ni\u017c standardowy poziom OE.<\/p>\n<p>Odlewane z wysokow\u0119glowego \u017celiwa stopowego i charakteryzuj\u0105ce si\u0119 profilem stabilno\u015bci termicznej, metalurgia DBA mo\u017ce wielokrotnie radzi\u0107 sobie ze zwi\u0119kszonymi napr\u0119\u017ceniami i ciep\u0142em generowanym podczas intensywnych operacji hamowania.<\/p>\n<p>Dzi\u0119ki wentylacji DBA Kangaroo Paw, kt\u00f3ra obejmuje seri\u0119 144 element\u00f3w w kszta\u0142cie rombu i \u0142ezki, DBA osi\u0105ga do 30 % wi\u0119cej powierzchni i 20 % lepsz\u0105 wydajno\u015b\u0107 ch\u0142odzenia (w por\u00f3wnaniu do konwencjonalnej konstrukcji z prostymi \u017cebrami).<\/p>\n<p>4000 SERIES T3 to najlepsza jednocz\u0119\u015bciowa wymienna tarcza hamulcowa ze wszystkimi zaletami serii 4000 i opatentowan\u0105, dobrze znan\u0105 dwukierunkow\u0105 konstrukcj\u0105 rowka T3 firmy DBA.<\/p>\n<p>Opieraj\u0105c si\u0119 na fundamentach szczeliny T2 firmy DBA, konstrukcja szczeliny T3 zawiera dodatkowe precyzyjne, obrabiane CNC, trisymetryczne szczeliny, co skutkuje jeszcze cichszym, bardziej responsywnym i p\u0142ynniejszym wyczuciem peda\u0142u hamulca.<br \/>\nSzczelina T3 zwi\u0119ksza liczb\u0119 punkt\u00f3w wylotowych, przez kt\u00f3re wydostaje si\u0119 py\u0142 cierny i gazy z klock\u00f3w hamulcowych, dodatkowo zwi\u0119kszaj\u0105c r\u00f3wnomierno\u015b\u0107 i skuteczno\u015b\u0107 ka\u017cdej operacji hamowania.<\/p>\n<p>&nbsp;<\/p>\n<p>&nbsp;<\/p>\n<p><strong>Odpowiedni dla:<\/strong><\/p>\n<table width=\"576\">\n<tbody>\n<tr>\n<td width=\"83\"><strong>Marka<\/strong><\/td>\n<td width=\"205\"><strong>Model<\/strong><\/td>\n<td width=\"179\"><strong>Silnik<\/strong><\/td>\n<td width=\"109\"><strong>Rok<\/strong><\/td>\n<\/tr>\n<tr>\n<td>Chevrolet<\/td>\n<td>Camaro<\/td>\n<td>6.2 L99<\/td>\n<td>2010\u20132015<\/td>\n<\/tr>\n<tr>\n<td>Chevrolet<\/td>\n<td>Camaro<\/td>\n<td>6.2 LS3<\/td>\n<td>2010\u20132015<\/td>\n<\/tr>\n<tr>\n<td>Chevrolet<\/td>\n<td>Camaro<\/td>\n<td>6.2 ZL1<\/td>\n<td>2012\u20132015<\/td>\n<\/tr>\n<tr>\n<td>Chevrolet<\/td>\n<td>Camaro<\/td>\n<td>6.2 ZL1<\/td>\n<td>2016\u20132024<\/td>\n<\/tr>\n<\/tbody>\n<\/table>\n<p>&nbsp;<\/p>\n<p><strong>Dane:<\/strong><\/p>\n<table border=\"0\" width=\"487\" cellspacing=\"0\" cellpadding=\"0\">\n<colgroup>\n<col \/>\n<col \/> <\/colgroup>\n<tbody>\n<tr>\n<td style=\"height: 19px; width: 248px;\" height=\"19\">\n<div data-v-369d9bee=\"\" data-v-7bd94b2e=\"\">\n<div data-v-369d9bee=\"\">\u015arednica (mm)<\/div>\n<\/div>\n<\/td>\n<td style=\"width: 239px;\">365<\/td>\n<\/tr>\n<tr>\n<td style=\"height: 19px;\" height=\"19\">\n<div data-v-369d9bee=\"\">Wentylacja<\/div>\n<\/td>\n<td>Kangurza \u0142apa<\/td>\n<\/tr>\n<tr>\n<td style=\"height: 19px;\" height=\"19\">\n<div data-v-369d9bee=\"\">Liczba otwor\u00f3w<\/div>\n<\/td>\n<td>5<\/td>\n<\/tr>\n<tr>\n<td style=\"height: 19px;\" height=\"19\">\n<div data-v-369d9bee=\"\">\u015arednica wewn\u0119trzna (mm)<\/div>\n<\/td>\n<td>67,4<\/td>\n<\/tr>\n<tr>\n<td style=\"height: 19px;\" height=\"19\">\n<div data-v-369d9bee=\"\">Grubo\u015b\u0107 (mm)<\/div>\n<\/td>\n<td>28<\/td>\n<\/tr>\n<tr>\n<td style=\"height: 19px;\" height=\"19\">\n<div data-v-369d9bee=\"\">Minimalna grubo\u015b\u0107 (mm)<\/div>\n<\/td>\n<td>26<\/td>\n<\/tr>\n<tr>\n<td style=\"height: 19px;\" height=\"19\">Waga (KG)<\/td>\n<td>7,75<\/td>\n<\/tr>\n<\/tbody>\n<\/table>\n<p>&nbsp;<\/p>\n<p>Na tarczy znajduj\u0105 si\u0119 3 kolorowe oznaczenia, kt\u00f3re s\u0142u\u017c\u0105 jako wska\u017anik najwy\u017cszej osi\u0105gni\u0119tej temperatury.<\/p>\n<p>Cena dotyczy jednej p\u0142yty.<\/p>\n<p>&nbsp;<\/p>\n<p>&nbsp;<\/p>\n<table id=\"xoverview\" class=\"table\">\n<tbody>\n<tr>\n<td><strong>Funkcja<\/strong><\/td>\n<td><b>Opis<\/b><\/td>\n<td><b>Przewaga<\/b><\/td>\n<\/tr>\n<tr>\n<td rowspan=\"3\"><img decoding=\"async\" class=\"icon\" title=\"T3\" src=\"https:\/\/3cerp.eu\/api\/file\/DBA_T3.png\" alt=\"T3\" width=\"79\" height=\"55\" \/><\/p>\n<p><strong>Gniazdo T3 48 precyzyjnych gniazd frezowanych CNC<\/strong><\/td>\n<td>Tr\u00f3jsymetryczne szczeliny t\u0142umi\u0105 wibracje i ha\u0142as<\/td>\n<td>Bardziej mi\u0119kki, czu\u0142y i p\u0142ynny peda\u0142 hamulca<\/td>\n<\/tr>\n<tr>\n<td>Zwi\u0119kszona liczba punkt\u00f3w wyj\u015bcia dla gaz\u00f3w ciernych z klock\u00f3w hamulcowych, kt\u00f3re wydostaj\u0105 si\u0119 przez uniwersaln\u0105 konstrukcj\u0119 szczeliny<\/td>\n<td>Zwi\u0119ksza r\u00f3wnomierno\u015b\u0107 i skuteczno\u015b\u0107 ka\u017cdego procesu hamowania<\/td>\n<\/tr>\n<tr>\n<td><\/td>\n<td>Nie s\u0105 wymagane r\u00f3\u017cne tarcze hamulcowe po lewej i prawej stronie<\/td>\n<\/tr>\n<tr>\n<td rowspan=\"2\"><img decoding=\"async\" class=\"icon\" title=\"KANGAROO_PAW\" src=\"https:\/\/3cerp.eu\/api\/file\/KANGAROO_PAW.jpg\" alt=\"KANGAROO_PAW\" width=\"80\" height=\"79\" \/><b><\/b><\/p>\n<p><b>Kangaroo Paw - system wentylacji kolumn 144 Diamond i Tear Drop<br \/>\n<\/b><\/td>\n<td>Zwi\u0119kszona powierzchnia prowadzi do lepszego rozpraszania ciep\u0142a<\/td>\n<td>Minimalizuje zanikanie hamulc\u00f3w i zwi\u0119ksza skuteczno\u015b\u0107 hamowania<\/td>\n<\/tr>\n<tr>\n<td>Zwi\u0119kszona powierzchnia prowadzi do lepszego rozpraszania ciep\u0142a<\/td>\n<td>Wyd\u0142u\u017ca \u017cywotno\u015b\u0107 klock\u00f3w i tarcz hamulcowych. Redukuje uszkodzenia mechaniczne i zwi\u0105zane z nimi koszty<\/td>\n<\/tr>\n<tr>\n<td><img decoding=\"async\" class=\"icon\" title=\"DBA_XG150\" src=\"https:\/\/3cerp.eu\/api\/file\/DBA_XG150.png\" alt=\"DBA_XG150\" width=\"80\" height=\"45\" \/><b><\/b><\/p>\n<p><b>XG150 \u017beliwo stopowe o wysokiej zawarto\u015bci w\u0119gla<br \/>\n<\/b><\/td>\n<td>Zwi\u0119kszona pojemno\u015b\u0107 cieplna umo\u017cliwia tarczy hamulcowej radzenie sobie z ekstremalnymi temperaturami przez d\u0142u\u017cszy czas.<\/td>\n<td>Minimalizuje odkszta\u0142cenia i p\u0119kni\u0119cia oraz wyd\u0142u\u017ca \u017cywotno\u015b\u0107 tarczy hamulcowej.<\/td>\n<\/tr>\n<tr>\n<td><img decoding=\"async\" class=\"icon\" title=\"DBA_TSP\" src=\"https:\/\/3cerp.eu\/api\/file\/DBA_TSP.png\" alt=\"DBA_TSP\" width=\"80\" height=\"35\" \/><b><\/b><\/p>\n<p><strong>Profil stabilno\u015bci termicznej<\/strong><\/td>\n<td>Specjalny rozw\u00f3j dostosowany do procesu DBA TSP<\/td>\n<td>Minimalizuje odkszta\u0142cenia i p\u0119kni\u0119cia oraz wyd\u0142u\u017ca \u017cywotno\u015b\u0107 tarczy hamulcowej.<\/td>\n<\/tr>\n<tr>\n<td rowspan=\"2\"><strong><img decoding=\"async\" class=\"icon\" title=\"DBA_TTM\" src=\"https:\/\/3cerp.eu\/api\/file\/DBA_TTM.png\" alt=\"DBA_TTM\" width=\"80\" height=\"60\" \/><\/strong><\/p>\n<p><strong>Termograficzne monitorowanie temperatury<\/strong><\/td>\n<td>Oznaczenia kolor\u00f3w ciep\u0142a zmieniaj\u0105 kolor przy okre\u015blonych progach temperatury<\/td>\n<td>Zapewnia kierowcy wyra\u017any wy\u015bwietlacz szczytowych temperatur hamowania.<\/td>\n<\/tr>\n<tr>\n<td>Je\u015bli progi temperatury zostan\u0105 przekroczone, kolorowe oznaczenia zmieni\u0105 kolor na sta\u0142e<\/td>\n<td>Umo\u017cliwia kierowcy monitorowanie zm\u0119czenia tarcz hamulcowych i podejmowanie decyzji o ich wymianie, a tak\u017ce pomaga dealerom w zg\u0142aszaniu roszcze\u0144 gwarancyjnych.<\/td>\n<\/tr>\n<tr>\n<td rowspan=\"2\"><strong><img decoding=\"async\" class=\"icon\" title=\"DBA_Pain_Protection\" src=\"https:\/\/3cerp.eu\/api\/file\/DBA_Pain_Protection.png\" alt=\"DBA_Pain_Protection\" width=\"80\" height=\"85\" \/><\/strong><\/p>\n<p><strong>Ochrona lakieru na powierzchniach bez tarcia<\/strong><\/td>\n<td>Zmniejsza korozj\u0119<\/td>\n<td>Zapobiega powstawaniu nieestetycznej rdzy<\/td>\n<\/tr>\n<tr>\n<td>Poprawia wygl\u0105d<\/td>\n<td>Zwi\u0119ksza warto\u015b\u0107 produktu<\/td>\n<\/tr>\n<\/tbody>\n<\/table>\n<p>&nbsp;<\/p>\n<p>&nbsp;<\/p>","protected":false},"excerpt":{"rendered":"<p>Tarcza hamulcowa DBA 42605S dla Chevrolet Camaro LS3, L99 i ZL1 (tylna o\u015b) Numery cz\u0119\u015bci GM do cel\u00f3w por\u00f3wnawczych: 25851166, 92223366, 92245929, 22798839<\/p>","protected":false},"featured_media":68308035,"comment_status":"open","ping_status":"closed","template":"","meta":{"_acf_changed":false},"product_brand":[18922],"product_cat":[2680,3076],"product_tag":[7786,2086,7800,7787,2087,2088,795,589,796,591,191,189,190,789,7788,692,2183,798,799,192,193,7810,797,4089,216,280,673],"class_list":{"0":"post-68307950","1":"product","2":"type-product","3":"status-publish","4":"has-post-thumbnail","6":"product_brand-dba","7":"product_cat-camaro-62-2010-2015-bremsen-hinten","8":"product_cat-camaro-62-2016-bremsen-hinten","9":"product_tag-7786","10":"product_tag-2086","11":"product_tag-4000-series","12":"product_tag-42605s","13":"product_tag-2087","14":"product_tag-2088","15":"product_tag-bremse","16":"product_tag-bremsen","17":"product_tag-bremsscheibe","18":"product_tag-bremsscheiben","19":"product_tag-camaro","20":"product_tag-chevrolet","21":"product_tag-chevy","22":"product_tag-dba","23":"product_tag-dba42605s","24":"product_tag-ersatzteil","25":"product_tag-gen5","26":"product_tag-hinten","27":"product_tag-hinterachse","28":"product_tag-l99","29":"product_tag-ls3","30":"product_tag-lsa","31":"product_tag-sportbremsscheibe","32":"product_tag-t3","33":"product_tag-upgrade","34":"product_tag-zl1","35":"product_tag-zubehoer","37":"first","38":"instock","39":"taxable","40":"shipping-taxable","41":"purchasable","42":"product-type-simple"},"bundled_by":[],"bundle_stock_status":"instock","bundle_stock_quantity":4,"bundle_virtual":false,"bundle_layout":"","bundle_add_to_cart_form_location":"","bundle_editable_in_cart":false,"bundle_sold_individually_context":"","bundle_item_grouping":"","bundle_min_size":"","bundle_max_size":"","bundle_price":[],"bundled_items":[],"bundle_sell_ids":[],"exclude_global_add_ons":[],"addons":[],"acf":[],"_links":{"self":[{"href":"https:\/\/kraftwerk-shop.cc\/pl\/wp-json\/wp\/v2\/product\/68307950","targetHints":{"allow":["GET"]}}],"collection":[{"href":"https:\/\/kraftwerk-shop.cc\/pl\/wp-json\/wp\/v2\/product"}],"about":[{"href":"https:\/\/kraftwerk-shop.cc\/pl\/wp-json\/wp\/v2\/types\/product"}],"replies":[{"embeddable":true,"href":"https:\/\/kraftwerk-shop.cc\/pl\/wp-json\/wp\/v2\/comments?post=68307950"}],"version-history":[{"count":0,"href":"https:\/\/kraftwerk-shop.cc\/pl\/wp-json\/wp\/v2\/product\/68307950\/revisions"}],"wp:featuredmedia":[{"embeddable":true,"href":"https:\/\/kraftwerk-shop.cc\/pl\/wp-json\/wp\/v2\/media\/68308035"}],"wp:attachment":[{"href":"https:\/\/kraftwerk-shop.cc\/pl\/wp-json\/wp\/v2\/media?parent=68307950"}],"wp:term":[{"taxonomy":"product_brand","embeddable":true,"href":"https:\/\/kraftwerk-shop.cc\/pl\/wp-json\/wp\/v2\/product_brand?post=68307950"},{"taxonomy":"product_cat","embeddable":true,"href":"https:\/\/kraftwerk-shop.cc\/pl\/wp-json\/wp\/v2\/product_cat?post=68307950"},{"taxonomy":"product_tag","embeddable":true,"href":"https:\/\/kraftwerk-shop.cc\/pl\/wp-json\/wp\/v2\/product_tag?post=68307950"}],"curies":[{"name":"wp","href":"https:\/\/api.w.org\/{rel}","templated":true}]}}