{"id":68307957,"date":"2024-09-29T15:17:50","date_gmt":"2024-09-29T13:17:50","guid":{"rendered":"https:\/\/kraftwerk-shop.cc\/?post_type=product&#038;p=68307957"},"modified":"2026-02-15T01:13:33","modified_gmt":"2026-02-15T00:13:33","slug":"dba-friction-ring-corvette-c7-52770","status":"publish","type":"product","link":"https:\/\/kraftwerk-shop.cc\/pl\/produkt\/dba-reibring-corvette-c7-52770\/","title":{"rendered":"Pier\u015bcie\u0144 cierny DBA Corvette C7 (52770.1)"},"content":{"rendered":"<h1>Pier\u015bcie\u0144 cierny DBA 52770.1LS \/ 52770.1RS do Corvette C7 Z06 \/ Grand Sport (o\u015b przednia)<\/h1>\n<p>&nbsp;<\/p>\n<p><strong>Numery cz\u0119\u015bci GM dla cel\u00f3w por\u00f3wnawczych:<\/strong> 84951566, 20981823<\/p>\n<p>Dzi\u0119ki dwucz\u0119\u015bciowej konstrukcji oryginalnych tarcz hamulcowych mo\u017cliwe jest dalsze korzystanie z oryginalnego garnka tarczy.<br \/>\nNa pier\u015bcieniu znajduj\u0105 si\u0119 trzy kolorowe oznaczenia, kt\u00f3re s\u0142u\u017c\u0105 jako wska\u017anik najwy\u017cszej osi\u0105gni\u0119tej temperatury.<\/p>\n<p>&nbsp;<\/p>\n<p><strong>Odpowiedni dla:<\/strong><\/p>\n<table width=\"576\">\n<tbody>\n<tr>\n<td width=\"83\"><strong>Marka<\/strong><\/td>\n<td width=\"205\"><strong>Model<\/strong><\/td>\n<td width=\"179\"><strong>Wariant<\/strong><\/td>\n<td width=\"109\"><strong>Rok<\/strong><\/td>\n<\/tr>\n<tr>\n<td width=\"83\">Chevrolet<\/td>\n<td width=\"205\">Corvette C7<\/td>\n<td width=\"179\">Z06<\/td>\n<td width=\"109\">2014 - 2019<\/td>\n<\/tr>\n<tr>\n<td width=\"83\">Chevrolet<\/td>\n<td width=\"205\">Corvette C7<\/td>\n<td width=\"179\">Grand Sport<\/td>\n<td width=\"109\">2017 - 2019<\/td>\n<\/tr>\n<\/tbody>\n<\/table>\n<p>&nbsp;<\/p>\n<p><strong>Dane:<\/strong><\/p>\n<table border=\"0\" width=\"487\" cellspacing=\"0\" cellpadding=\"0\">\n<colgroup>\n<col \/>\n<col \/> <\/colgroup>\n<tbody>\n<tr>\n<td height=\"19\">\n<div data-v-369d9bee=\"\" data-v-7bd94b2e=\"\">\n<div data-v-369d9bee=\"\">\u015arednica (mm)<\/div>\n<\/div>\n<\/td>\n<td>370<\/td>\n<\/tr>\n<tr>\n<td height=\"19\">\n<div data-v-369d9bee=\"\">Wentylacja<\/div>\n<\/td>\n<td>Kangurza \u0142apa<\/td>\n<\/tr>\n<tr>\n<td height=\"19\">\n<div data-v-369d9bee=\"\">Liczba otwor\u00f3w<\/div>\n<\/td>\n<td>10<\/td>\n<\/tr>\n<tr>\n<td height=\"19\">\n<div data-v-369d9bee=\"\">\u015arednica wewn\u0119trzna (mm)<\/div>\n<\/td>\n<td>231<\/td>\n<\/tr>\n<tr>\n<td height=\"19\">\n<div data-v-369d9bee=\"\">Grubo\u015b\u0107 (mm)<\/div>\n<\/td>\n<td>34<\/td>\n<\/tr>\n<tr>\n<td height=\"19\">\n<div data-v-369d9bee=\"\">Minimalna grubo\u015b\u0107 (mm)<\/div>\n<\/td>\n<td><\/td>\n<\/tr>\n<tr>\n<td height=\"19\">Waga (KG)<\/td>\n<td>14<\/td>\n<\/tr>\n<\/tbody>\n<\/table>\n<p>&nbsp;<\/p>\n<p><strong>Zakres dostawy:<\/strong><\/p>\n<ul>\n<li>1 Pier\u015bcie\u0144 cierny<\/li>\n<\/ul>\n<p>&nbsp;<\/p>\n<p>Do przedniej osi wymagane s\u0105 2 cz\u0119\u015bci. Lewa i prawa strona s\u0105 r\u00f3\u017cne!<\/p>\n<p>&nbsp;<\/p>\n<table id=\"xoverview\" class=\"table\">\n<tbody>\n<tr>\n<td><strong>Funkcja<\/strong><\/td>\n<td><b>Opis<\/b><\/td>\n<td><b>Przewaga<\/b><\/td>\n<\/tr>\n<tr>\n<td rowspan=\"3\"><img decoding=\"async\" class=\"icon\" title=\"T3\" src=\"https:\/\/3cerp.eu\/api\/file\/DBA_T3.png\" alt=\"T3\" width=\"79\" height=\"55\" \/><\/p>\n<p><strong>Gniazdo T3 48 precyzyjnych gniazd frezowanych CNC<\/strong><\/td>\n<td>Tr\u00f3jsymetryczne szczeliny t\u0142umi\u0105 wibracje i ha\u0142as<\/td>\n<td>Bardziej mi\u0119kki, czu\u0142y i p\u0142ynny peda\u0142 hamulca<\/td>\n<\/tr>\n<tr>\n<td>Zwi\u0119kszona liczba punkt\u00f3w wyj\u015bcia dla gaz\u00f3w ciernych z klock\u00f3w hamulcowych, kt\u00f3re wydostaj\u0105 si\u0119 przez uniwersaln\u0105 konstrukcj\u0119 szczeliny<\/td>\n<td>Zwi\u0119ksza r\u00f3wnomierno\u015b\u0107 i skuteczno\u015b\u0107 ka\u017cdego procesu hamowania<\/td>\n<\/tr>\n<tr>\n<td><\/td>\n<td>Nie s\u0105 wymagane r\u00f3\u017cne tarcze hamulcowe po lewej i prawej stronie<\/td>\n<\/tr>\n<tr>\n<td rowspan=\"2\"><img decoding=\"async\" class=\"icon\" title=\"KANGAROO_PAW\" src=\"https:\/\/3cerp.eu\/api\/file\/KANGAROO_PAW.jpg\" alt=\"KANGAROO_PAW\" width=\"80\" height=\"79\" \/><b><\/b><\/p>\n<p><b>Kangaroo Paw - system wentylacji kolumn 144 Diamond i Tear Drop<br \/>\n<\/b><\/td>\n<td>Zwi\u0119kszona powierzchnia prowadzi do lepszego rozpraszania ciep\u0142a<\/td>\n<td>Minimalizuje zanikanie hamulc\u00f3w i zwi\u0119ksza skuteczno\u015b\u0107 hamowania<\/td>\n<\/tr>\n<tr>\n<td>Zwi\u0119kszona powierzchnia prowadzi do lepszego rozpraszania ciep\u0142a<\/td>\n<td>Wyd\u0142u\u017ca \u017cywotno\u015b\u0107 klock\u00f3w i tarcz hamulcowych. Redukuje uszkodzenia mechaniczne i zwi\u0105zane z nimi koszty<\/td>\n<\/tr>\n<tr>\n<td><img decoding=\"async\" class=\"icon\" title=\"DBA_XG150\" src=\"https:\/\/3cerp.eu\/api\/file\/DBA_XG150.png\" alt=\"DBA_XG150\" width=\"80\" height=\"45\" \/><b><\/b><\/p>\n<p><b>XG150 \u017beliwo stopowe o wysokiej zawarto\u015bci w\u0119gla<br \/>\n<\/b><\/td>\n<td>Zwi\u0119kszona pojemno\u015b\u0107 cieplna umo\u017cliwia tarczy hamulcowej radzenie sobie z ekstremalnymi temperaturami przez d\u0142u\u017cszy czas.<\/td>\n<td>Minimalizuje odkszta\u0142cenia i p\u0119kni\u0119cia oraz wyd\u0142u\u017ca \u017cywotno\u015b\u0107 tarczy hamulcowej.<\/td>\n<\/tr>\n<tr>\n<td><img decoding=\"async\" class=\"icon\" title=\"DBA_TSP\" src=\"https:\/\/3cerp.eu\/api\/file\/DBA_TSP.png\" alt=\"DBA_TSP\" width=\"80\" height=\"35\" \/><b><\/b><\/p>\n<p><strong>Profil stabilno\u015bci termicznej<\/strong><\/td>\n<td>Specjalny rozw\u00f3j dostosowany do procesu DBA TSP<\/td>\n<td>Minimalizuje odkszta\u0142cenia i p\u0119kni\u0119cia oraz wyd\u0142u\u017ca \u017cywotno\u015b\u0107 tarczy hamulcowej.<\/td>\n<\/tr>\n<tr>\n<td rowspan=\"2\"><strong><img decoding=\"async\" class=\"icon\" title=\"DBA_TTM\" src=\"https:\/\/3cerp.eu\/api\/file\/DBA_TTM.png\" alt=\"DBA_TTM\" width=\"80\" height=\"60\" \/><\/strong><\/p>\n<p><strong>Termograficzne monitorowanie temperatury<\/strong><\/td>\n<td>Oznaczenia kolor\u00f3w ciep\u0142a zmieniaj\u0105 kolor przy okre\u015blonych progach temperatury<\/td>\n<td>Zapewnia kierowcy wyra\u017any wy\u015bwietlacz szczytowych temperatur hamowania.<\/td>\n<\/tr>\n<tr>\n<td>Je\u015bli progi temperatury zostan\u0105 przekroczone, kolorowe oznaczenia zmieni\u0105 kolor na sta\u0142e<\/td>\n<td>Umo\u017cliwia kierowcy monitorowanie zm\u0119czenia tarcz hamulcowych i podejmowanie decyzji o ich wymianie, a tak\u017ce pomaga dealerom w zg\u0142aszaniu roszcze\u0144 gwarancyjnych.<\/td>\n<\/tr>\n<tr>\n<td rowspan=\"2\"><strong><img decoding=\"async\" class=\"icon\" title=\"DBA_Pain_Protection\" src=\"https:\/\/3cerp.eu\/api\/file\/DBA_Pain_Protection.png\" alt=\"DBA_Pain_Protection\" width=\"80\" height=\"85\" \/><\/strong><\/p>\n<p><strong>Ochrona lakieru na powierzchniach bez tarcia<\/strong><\/td>\n<td>Zmniejsza korozj\u0119<\/td>\n<td>Zapobiega powstawaniu nieestetycznej rdzy<\/td>\n<\/tr>\n<tr>\n<td>Poprawia wygl\u0105d<\/td>\n<td>Zwi\u0119ksza warto\u015b\u0107 produktu<\/td>\n<\/tr>\n<\/tbody>\n<\/table>\n<p>&nbsp;<\/p>\n<p>&nbsp;<\/p>\n<p>&nbsp;<\/p>","protected":false},"excerpt":{"rendered":"<p>370 mm Pier\u015bcie\u0144 cierny<\/p>","protected":false},"featured_media":68308045,"comment_status":"open","ping_status":"closed","template":"","meta":{"_acf_changed":false},"product_brand":[18922],"product_cat":[3128],"product_tag":[5029,7811,5028,795,589,796,591,3087,189,190,281,789,692,4580,797,4089,216,842,841,673],"class_list":{"0":"post-68307957","1":"product","2":"type-product","3":"status-publish","4":"has-post-thumbnail","6":"product_brand-dba","7":"product_cat-corvette-c7-bremsen-vorne","8":"product_tag-5029","9":"product_tag-5000-series","10":"product_tag-5028","11":"product_tag-bremse","12":"product_tag-bremsen","13":"product_tag-bremsscheibe","14":"product_tag-bremsscheiben","15":"product_tag-c7","16":"product_tag-chevrolet","17":"product_tag-chevy","18":"product_tag-corvette","19":"product_tag-dba","20":"product_tag-ersatzteil","21":"product_tag-reibring","22":"product_tag-sportbremsscheibe","23":"product_tag-t3","24":"product_tag-upgrade","25":"product_tag-vorderachse","26":"product_tag-vorne","27":"product_tag-zubehoer","29":"first","30":"instock","31":"taxable","32":"shipping-taxable","33":"purchasable","34":"product-type-variable"},"bundled_by":[],"bundle_stock_status":"instock","bundle_stock_quantity":2,"bundle_virtual":false,"bundle_layout":"","bundle_add_to_cart_form_location":"","bundle_editable_in_cart":false,"bundle_sold_individually_context":"","bundle_item_grouping":"","bundle_min_size":"","bundle_max_size":"","bundle_price":[],"bundled_items":[],"bundle_sell_ids":[],"exclude_global_add_ons":[],"addons":[],"acf":[],"_links":{"self":[{"href":"https:\/\/kraftwerk-shop.cc\/pl\/wp-json\/wp\/v2\/product\/68307957","targetHints":{"allow":["GET"]}}],"collection":[{"href":"https:\/\/kraftwerk-shop.cc\/pl\/wp-json\/wp\/v2\/product"}],"about":[{"href":"https:\/\/kraftwerk-shop.cc\/pl\/wp-json\/wp\/v2\/types\/product"}],"replies":[{"embeddable":true,"href":"https:\/\/kraftwerk-shop.cc\/pl\/wp-json\/wp\/v2\/comments?post=68307957"}],"version-history":[{"count":0,"href":"https:\/\/kraftwerk-shop.cc\/pl\/wp-json\/wp\/v2\/product\/68307957\/revisions"}],"wp:featuredmedia":[{"embeddable":true,"href":"https:\/\/kraftwerk-shop.cc\/pl\/wp-json\/wp\/v2\/media\/68308045"}],"wp:attachment":[{"href":"https:\/\/kraftwerk-shop.cc\/pl\/wp-json\/wp\/v2\/media?parent=68307957"}],"wp:term":[{"taxonomy":"product_brand","embeddable":true,"href":"https:\/\/kraftwerk-shop.cc\/pl\/wp-json\/wp\/v2\/product_brand?post=68307957"},{"taxonomy":"product_cat","embeddable":true,"href":"https:\/\/kraftwerk-shop.cc\/pl\/wp-json\/wp\/v2\/product_cat?post=68307957"},{"taxonomy":"product_tag","embeddable":true,"href":"https:\/\/kraftwerk-shop.cc\/pl\/wp-json\/wp\/v2\/product_tag?post=68307957"}],"curies":[{"name":"wp","href":"https:\/\/api.w.org\/{rel}","templated":true}]}}