{"id":68307972,"date":"2024-09-29T15:17:29","date_gmt":"2024-09-29T13:17:29","guid":{"rendered":"https:\/\/kraftwerk-shop.cc\/?post_type=product&#038;p=68307972"},"modified":"2026-02-15T01:13:24","modified_gmt":"2026-02-15T00:13:24","slug":"klocki-hamulcowe-dba-db15195sp-ram","status":"publish","type":"product","link":"https:\/\/kraftwerk-shop.cc\/pl\/produkt\/dba-bremsbelaege-db15195sp-ram\/","title":{"rendered":"Klocki hamulcowe DBA DB15195SP RAM"},"content":{"rendered":"<h1>Klocki hamulcowe DBA Street Performance DB15195SP do RAM 3.0 EcoDiesel, 3.6, 5.7 i 6.2 TRX (przednia o\u015b) od 2019 r.<\/h1>\n<p>&nbsp;<\/p>\n<p>Klocki hamulcowe DBA Street Performance (DB15195SP) oferuj\u0105 wyj\u0105tkow\u0105 skuteczno\u015b\u0107 hamowania i zosta\u0142y opracowane specjalnie dla wymagaj\u0105cych kierowc\u00f3w, kt\u00f3rzy potrzebuj\u0105 niezawodnej i skutecznej si\u0142y hamowania na drodze. Te klocki hamulcowe charakteryzuj\u0105 si\u0119 doskona\u0142\u0105 r\u00f3wnowag\u0105 komfortu, trwa\u0142o\u015bci i wydajno\u015bci, idealn\u0105 do codziennej jazdy i bardziej sportowych zastosowa\u0144.<\/p>\n<p>&nbsp;<\/p>\n<p><strong>W\u0142a\u015bciwo\u015bci:<\/strong><\/p>\n<ul>\n<li>Wysokiej jako\u015bci materia\u0142y: klocki s\u0105 wykonane ze specjalnej mieszanki materia\u0142\u00f3w ciernych, kt\u00f3ra gwarantuje maksymaln\u0105 wydajno\u015b\u0107 w szerokim zakresie warunk\u00f3w.<\/li>\n<li>Niski poziom py\u0142u hamulcowego: Zmniejsza zabrudzenie felg i zapewnia czystszy pojazd.<\/li>\n<li>Zminimalizowany ha\u0142as: Dzi\u0119ki innowacyjnym technologiom wyg\u0142uszania ha\u0142as hamowania jest ograniczony do minimum.<\/li>\n<li>Odporno\u015b\u0107 na wysokie temperatury: klocki te s\u0105 odporne na wysokie temperatury, zmniejszaj\u0105c ryzyko blakni\u0119cia i zapewniaj\u0105c sta\u0142\u0105 si\u0142\u0119 hamowania nawet podczas wymagaj\u0105cych podr\u00f3\u017cy.<\/li>\n<li>D\u0142uga \u017cywotno\u015b\u0107: Wytrzyma\u0142e materia\u0142y zapewniaj\u0105 d\u0142u\u017csz\u0105 \u017cywotno\u015b\u0107 w por\u00f3wnaniu do standardowych klock\u00f3w hamulcowych.<\/li>\n<\/ul>\n<p>&nbsp;<\/p>\n<p><strong>Idealny dla:<\/strong><\/p>\n<ul>\n<li>U\u017cytkowanie dr\u00f3g<\/li>\n<li>Pojazdy codziennego u\u017cytku<\/li>\n<li>Entuzja\u015bci jazdy, kt\u00f3rzy ceni\u0105 sobie bezpiecze\u0144stwo i osi\u0105gi<\/li>\n<\/ul>\n<p>Klocki hamulcowe DBA Street Performance to doskona\u0142e po\u0142\u0105czenie bezpiecze\u0144stwa, komfortu i trwa\u0142o\u015bci w codziennym u\u017cytkowaniu.<br \/>\nDBA zaleca po\u0142\u0105czenie z tarczami szczelinowymi T3 z serii 4000 i 5000 w celu uzyskania optymalnej skuteczno\u015bci hamowania.<\/p>\n<p>&nbsp;<\/p>\n<p><strong>Specyfikacje:<\/strong><\/p>\n<ul>\n<li>P\u00f3\u0142metaliczny materia\u0142 cierny wzmocniony w\u0142\u00f3knem w\u0119glowym<\/li>\n<li>Wsp\u00f3\u0142czynnik tarcia wynosi \u015brednio 0,45 od niskich do wysokich temperatur.<\/li>\n<li>\u00a0Wyj\u0105tkowa wydajno\u015b\u0107 w wysokich temperaturach<\/li>\n<li>Optymalna sp\u00f3jno\u015b\u0107 hamowania do 438 \u2103 (820 \u2109)<\/li>\n<\/ul>\n<p>&nbsp;<\/p>\n<p><strong>Liczby por\u00f3wnawcze Mopar:<\/strong> <span class=\"list-value\">68520814AA<\/span>, <span class=\"list-value\">68520814AB<\/span>, 68520814AC, 68520814AC, 68412557AA, 68412557AB, 68412557AC, 68412557AD, 68412557AE<\/p>\n<p>&nbsp;<\/p>\n<p><strong>Odpowiedni dla:<\/strong><\/p>\n<table width=\"596\">\n<tbody>\n<tr>\n<td width=\"114\"><strong>Marka<\/strong><\/td>\n<td width=\"121\"><strong>Model<\/strong><\/td>\n<td width=\"122\"><strong>Silnik<\/strong><\/td>\n<td width=\"141\"><strong>Rok<\/strong><\/td>\n<td width=\"98\"><strong>Kod hamulca<\/strong><\/td>\n<\/tr>\n<tr>\n<td width=\"114\">RAM<\/td>\n<td width=\"121\">1500<\/td>\n<td width=\"122\">3.0 EcoDiesel<\/td>\n<td width=\"141\">2020\u20132023<\/td>\n<td>BNN<\/td>\n<\/tr>\n<tr>\n<td width=\"114\">RAM<\/td>\n<td width=\"121\">1500<\/td>\n<td width=\"122\">3.6<\/td>\n<td width=\"141\">2019\u20132024<\/td>\n<td>BNN<\/td>\n<\/tr>\n<tr>\n<td width=\"114\">RAM<\/td>\n<td width=\"121\">1500<\/td>\n<td width=\"122\">5.7<\/td>\n<td width=\"141\">2019\u20132024<\/td>\n<td>BNN<\/td>\n<\/tr>\n<tr>\n<td width=\"114\">RAM<\/td>\n<td width=\"121\">1500<\/td>\n<td width=\"122\">6.2 TRX<\/td>\n<td width=\"141\">2020\u20132024<\/td>\n<td>BNN<\/td>\n<\/tr>\n<\/tbody>\n<\/table>\n<p>&nbsp;<\/p>\n<p>Cena dotyczy 1 zestawu dla kompletnej osi przedniej.<\/p>\n<p>&nbsp;<\/p>\n<p>&nbsp;<\/p>\n<p>&nbsp;<\/p>","protected":false},"excerpt":{"rendered":"<p>2019\u20132024<\/p>","protected":false},"featured_media":68308065,"comment_status":"open","ping_status":"closed","template":"","meta":{"_acf_changed":false},"product_brand":[18922],"product_cat":[19406,19677,5012,4704],"product_tag":[475,4508,169,91,4721,4722,4723,4724,4725,6852,6773,4702,838,590,839,840,789,476,126,86,3507,4444,7807,4692,2353,842,841,673],"class_list":{"0":"post-68307972","1":"product","2":"type-product","3":"status-publish","4":"has-post-thumbnail","6":"product_brand-dba","7":"product_cat-1500-ecodiesel-2020-2023-bremsen-vorne","8":"product_cat-1500-36-dt-bremsen-vorne","9":"product_cat-1500-57-dt-bremsen-vorne","10":"product_cat-trx-bremsen-vorne","11":"product_tag-475","12":"product_tag-3-0-ecodiesel","13":"product_tag-3-6","14":"product_tag-5-7","15":"product_tag-68412557aa","16":"product_tag-68412557ab","17":"product_tag-68412557ac","18":"product_tag-68412557ad","19":"product_tag-68412557ae","20":"product_tag-68520814aa","21":"product_tag-68520814ab","22":"product_tag-68520814ac","23":"product_tag-bremsbelag","24":"product_tag-bremsbelaege","25":"product_tag-bremsklotz","26":"product_tag-bremskloetze","27":"product_tag-dba","28":"product_tag-dt","29":"product_tag-hemi","30":"product_tag-ram","31":"product_tag-ram1500","32":"product_tag-ram-trx","33":"product_tag-sportbelag","34":"product_tag-street-performance","35":"product_tag-trx","36":"product_tag-vorderachse","37":"product_tag-vorne","38":"product_tag-zubehoer","40":"first","41":"instock","42":"taxable","43":"shipping-taxable","44":"purchasable","45":"product-type-simple"},"bundled_by":[],"bundle_stock_status":"instock","bundle_stock_quantity":2,"bundle_virtual":false,"bundle_layout":"","bundle_add_to_cart_form_location":"","bundle_editable_in_cart":false,"bundle_sold_individually_context":"","bundle_item_grouping":"","bundle_min_size":"","bundle_max_size":"","bundle_price":[],"bundled_items":[],"bundle_sell_ids":[],"exclude_global_add_ons":[],"addons":[],"acf":[],"_links":{"self":[{"href":"https:\/\/kraftwerk-shop.cc\/pl\/wp-json\/wp\/v2\/product\/68307972","targetHints":{"allow":["GET"]}}],"collection":[{"href":"https:\/\/kraftwerk-shop.cc\/pl\/wp-json\/wp\/v2\/product"}],"about":[{"href":"https:\/\/kraftwerk-shop.cc\/pl\/wp-json\/wp\/v2\/types\/product"}],"replies":[{"embeddable":true,"href":"https:\/\/kraftwerk-shop.cc\/pl\/wp-json\/wp\/v2\/comments?post=68307972"}],"version-history":[{"count":0,"href":"https:\/\/kraftwerk-shop.cc\/pl\/wp-json\/wp\/v2\/product\/68307972\/revisions"}],"wp:featuredmedia":[{"embeddable":true,"href":"https:\/\/kraftwerk-shop.cc\/pl\/wp-json\/wp\/v2\/media\/68308065"}],"wp:attachment":[{"href":"https:\/\/kraftwerk-shop.cc\/pl\/wp-json\/wp\/v2\/media?parent=68307972"}],"wp:term":[{"taxonomy":"product_brand","embeddable":true,"href":"https:\/\/kraftwerk-shop.cc\/pl\/wp-json\/wp\/v2\/product_brand?post=68307972"},{"taxonomy":"product_cat","embeddable":true,"href":"https:\/\/kraftwerk-shop.cc\/pl\/wp-json\/wp\/v2\/product_cat?post=68307972"},{"taxonomy":"product_tag","embeddable":true,"href":"https:\/\/kraftwerk-shop.cc\/pl\/wp-json\/wp\/v2\/product_tag?post=68307972"}],"curies":[{"name":"wp","href":"https:\/\/api.w.org\/{rel}","templated":true}]}}