{"id":68308310,"date":"2024-10-04T18:00:19","date_gmt":"2024-10-04T16:00:19","guid":{"rendered":"https:\/\/kraftwerk-shop.cc\/?post_type=product&#038;p=68308310"},"modified":"2026-02-15T01:13:38","modified_gmt":"2026-02-15T00:13:38","slug":"mopar-czujnik-abs-56044144af-grand-cherokee","status":"publish","type":"product","link":"https:\/\/kraftwerk-shop.cc\/pl\/produkt\/mopar-abs-sensor-56044144af-grand-cherokee\/","title":{"rendered":"Czujnik ABS Mopar (56044144AF) Grand Cherokee"},"content":{"rendered":"<h1>Oryginalny czujnik ABS Mopar (<span class=\"list-value sku-display\">56044144AF<\/span>) dla Jeep Grand Cherokee 3.0 CRD, 3.7, 4.7, 5.7 i 6.1 SRT8 od 2005 do 2010, prz\u00f3d lewy + prawy<\/h1>\n<p>&nbsp;<\/p>\n<p><span lang=\"DE\"><strong>Numer cz\u0119\u015bci Mopar:<\/strong> <span class=\"list-value sku-display\">56044144AF<\/span><br \/>\n<strong>Zast\u0105piony: <\/strong><span class=\"list-value\">56044144AA, <\/span><span class=\"list-value\">56044144AB, 56044144AC, 56044144AD<\/span>, <span class=\"list-value sku-display\">56044144AE<\/span><br \/>\n<\/span><\/p>\n<p><strong>Pozycja monta\u017cowa:<\/strong> przedni lewy, przedni prawy<\/p>\n<p>&nbsp;<\/p>\n<p><strong>Odpowiedni dla:<\/strong><\/p>\n<table width=\"921\">\n<tbody>\n<tr>\n<td width=\"83\"><strong>Rok<\/strong><\/td>\n<td width=\"83\"><strong>Marka<\/strong><\/td>\n<td width=\"186\"><strong>Model<\/strong><\/td>\n<td width=\"275\"><strong>Wersja<\/strong><\/td>\n<td width=\"294\"><strong>Silnik<\/strong><\/td>\n<\/tr>\n<tr>\n<td width=\"83\">2010<\/td>\n<td width=\"83\">Jeep<\/td>\n<td width=\"186\">Grand Cherokee<\/td>\n<td width=\"275\">Laredo, Limited, SRT8<\/td>\n<td width=\"294\">3.7L - gaz, 5.7L, 6.1L<\/td>\n<\/tr>\n<tr>\n<td width=\"83\">2009<\/td>\n<td width=\"83\">Jeep<\/td>\n<td width=\"186\">Grand Cherokee<\/td>\n<td width=\"275\">Laredo, Limited, Overland, SRT8<\/td>\n<td width=\"294\">3.0L - Diesel, 3.7L - Gaz, 4.7L V8 - Flex, 5.7L, 6.1L<\/td>\n<\/tr>\n<tr>\n<td width=\"83\">2008<\/td>\n<td width=\"83\">Jeep<\/td>\n<td width=\"186\">Grand Cherokee<\/td>\n<td width=\"275\">Laredo, Limited, Overland, SRT8<\/td>\n<td width=\"294\">3.0L - Diesel, 3.7L - Gaz, 4.7L V8 - Flex, 4.7L, 5.7L, 6.1L<\/td>\n<\/tr>\n<tr>\n<td width=\"83\">2007<\/td>\n<td width=\"83\">Jeep<\/td>\n<td width=\"186\">Grand Cherokee<\/td>\n<td width=\"275\">Laredo, Limited, Overland, SRT8<\/td>\n<td width=\"294\">3.0L - Diesel, 3.7L - Gaz, 4.7L V8 - Flex, 4.7L, 5.7L, 6.1L<\/td>\n<\/tr>\n<tr>\n<td width=\"83\">2006<\/td>\n<td width=\"83\">Jeep<\/td>\n<td width=\"186\">Grand Cherokee<\/td>\n<td width=\"275\">Laredo, Limited, Overland, SRT8<\/td>\n<td width=\"294\">3.7L - gaz, 4.7L, 5.7L, 6.1L<\/td>\n<\/tr>\n<tr>\n<td width=\"83\">2005<\/td>\n<td width=\"83\">Jeep<\/td>\n<td width=\"186\">Grand Cherokee<\/td>\n<td width=\"275\">Laredo, Limited<\/td>\n<td width=\"294\">3.7L - gaz, 4.7L, 5.7L<\/td>\n<\/tr>\n<\/tbody>\n<\/table>\n<p>&nbsp;<\/p>\n<h4>Dlaczego warto wybra\u0107 oryginalne cz\u0119\u015bci zamienne Mopar?<\/h4>\n<p><strong>Idealne dopasowanie i najwy\u017csza jako\u015b\u0107:<\/strong> Oryginalne cz\u0119\u015bci zamienne Mopar s\u0105 produkowane zgodnie ze \u015bcis\u0142ymi specyfikacjami producenta, co oznacza, \u017ce idealnie pasuj\u0105 do Twojego pojazdu. Zapewnia to nie tylko \u0142atw\u0105 instalacj\u0119, ale tak\u017ce optymaln\u0105 funkcjonalno\u015b\u0107 i bezpiecze\u0144stwo.<\/p>\n<p><strong>Niezawodno\u015b\u0107 i trwa\u0142o\u015b\u0107:<\/strong> Dzi\u0119ki zastosowaniu wysokiej jako\u015bci materia\u0142\u00f3w i rygorystycznej kontroli jako\u015bci, cz\u0119\u015bci zamienne Mopar zapewniaj\u0105 niezawodne dzia\u0142anie pojazdu nawet w ekstremalnych warunkach. Zosta\u0142y zaprojektowane z my\u015bl\u0105 o trwa\u0142o\u015bci i maksymalizacji osi\u0105g\u00f3w pojazdu.<\/p>\n<p>&nbsp;<\/p>","protected":false},"excerpt":{"rendered":"<p>Oryginalna cz\u0119\u015b\u0107 Mopar<\/p>\n<p>przedni lewy, przedni prawy<br \/>\n2005\u20132010<\/p>\n<p>&nbsp;<\/p>","protected":false},"featured_media":68308662,"comment_status":"open","ping_status":"closed","template":"","meta":{"_acf_changed":false},"product_brand":[16270],"product_cat":[7381,7391,7401],"product_tag":[18609,18610,18611,18612,18613,18608,572,91,7825,7826,7827,7828,7829,7830,92,3213,7115,56,50,1149,31,8813,9424,16271,16273,16275,16272,16274,7221,2793,713,1056,164,841,7132,7133],"class_list":{"0":"post-68308310","1":"product","2":"type-product","3":"status-publish","4":"has-post-thumbnail","6":"product_brand-mopar","7":"product_cat-grand-cherokee-30-diesel-sensoren","8":"product_cat-grand-cherokee-57-2005-2010-sensoren","9":"product_cat-grand-cherokee-61-sensoren","10":"product_tag-056044144aa","11":"product_tag-056044144ab","12":"product_tag-056044144ac","13":"product_tag-056044144ad","14":"product_tag-056044144ae","15":"product_tag-056044144af","16":"product_tag-3-0-crd","17":"product_tag-5-7","18":"product_tag-56044144aa","19":"product_tag-56044144ab","20":"product_tag-56044144ac","21":"product_tag-56044144ad","22":"product_tag-56044144ae","23":"product_tag-56044144af","24":"product_tag-6-1","25":"product_tag-abs","26":"product_tag-abs-sensor","27":"product_tag-grand-cherokee","28":"product_tag-jeep","29":"product_tag-links","30":"product_tag-mopar","31":"product_tag-mopar-autoteile","32":"product_tag-mopar-ersatzteile","33":"product_tag-mopar-ersatzteile-kaufen","34":"product_tag-mopar-performance-teile","35":"product_tag-mopar-teile-katalog","36":"product_tag-mopar-teile-online","37":"product_tag-mopar-tuningteile","38":"product_tag-mopar10","39":"product_tag-rechts","40":"product_tag-sensor","41":"product_tag-srt-8","42":"product_tag-srt8","43":"product_tag-vorne","44":"product_tag-vorne-links","45":"product_tag-vorne-rechts","47":"first","48":"instock","49":"taxable","50":"shipping-taxable","51":"purchasable","52":"product-type-simple"},"bundled_by":[],"bundle_stock_status":"instock","bundle_stock_quantity":2,"bundle_virtual":false,"bundle_layout":"","bundle_add_to_cart_form_location":"","bundle_editable_in_cart":false,"bundle_sold_individually_context":"","bundle_item_grouping":"","bundle_min_size":"","bundle_max_size":"","bundle_price":[],"bundled_items":[],"bundle_sell_ids":[],"exclude_global_add_ons":[],"addons":[],"acf":[],"_links":{"self":[{"href":"https:\/\/kraftwerk-shop.cc\/pl\/wp-json\/wp\/v2\/product\/68308310","targetHints":{"allow":["GET"]}}],"collection":[{"href":"https:\/\/kraftwerk-shop.cc\/pl\/wp-json\/wp\/v2\/product"}],"about":[{"href":"https:\/\/kraftwerk-shop.cc\/pl\/wp-json\/wp\/v2\/types\/product"}],"replies":[{"embeddable":true,"href":"https:\/\/kraftwerk-shop.cc\/pl\/wp-json\/wp\/v2\/comments?post=68308310"}],"version-history":[{"count":0,"href":"https:\/\/kraftwerk-shop.cc\/pl\/wp-json\/wp\/v2\/product\/68308310\/revisions"}],"wp:featuredmedia":[{"embeddable":true,"href":"https:\/\/kraftwerk-shop.cc\/pl\/wp-json\/wp\/v2\/media\/68308662"}],"wp:attachment":[{"href":"https:\/\/kraftwerk-shop.cc\/pl\/wp-json\/wp\/v2\/media?parent=68308310"}],"wp:term":[{"taxonomy":"product_brand","embeddable":true,"href":"https:\/\/kraftwerk-shop.cc\/pl\/wp-json\/wp\/v2\/product_brand?post=68308310"},{"taxonomy":"product_cat","embeddable":true,"href":"https:\/\/kraftwerk-shop.cc\/pl\/wp-json\/wp\/v2\/product_cat?post=68308310"},{"taxonomy":"product_tag","embeddable":true,"href":"https:\/\/kraftwerk-shop.cc\/pl\/wp-json\/wp\/v2\/product_tag?post=68308310"}],"curies":[{"name":"wp","href":"https:\/\/api.w.org\/{rel}","templated":true}]}}