{"id":68308490,"date":"2024-10-06T16:15:09","date_gmt":"2024-10-06T14:15:09","guid":{"rendered":"https:\/\/kraftwerk-shop.cc\/?post_type=product&#038;p=68308490"},"modified":"2026-02-15T01:14:04","modified_gmt":"2026-02-15T00:14:04","slug":"kooks-2170h640-kolektor-wydechowy-corvette-c7","status":"publish","type":"product","link":"https:\/\/kraftwerk-shop.cc\/pl\/produkt\/kooks-2170h640-faecherkruemmer-corvette-c7\/","title":{"rendered":"Kolektor Kooks 2\u2033 z H.O. Zielone katalizatory Corvette C7"},"content":{"rendered":"<h1>Kolektor Kooks 2\u2033 x 3\u2033 z katalizatorami High Output Green do Chevrolet Corvette C7<\/h1>\n<p>&nbsp;<\/p>\n<p>Kolektory poprawiaj\u0105 osi\u0105gi Corvette C7 poprzez bardziej efektywne kierowanie przep\u0142ywu spalin. Dzi\u0119ki specjalnemu kszta\u0142towi umo\u017cliwiaj\u0105 lepsze rozprowadzanie spalin i zmniejszaj\u0105 ci\u015bnienie wsteczne, co prowadzi do zwi\u0119kszenia osi\u0105g\u00f3w silnika.<\/p>\n<p>Rozdzielacze Kooks s\u0105 wykonane z wytrzyma\u0142ej stali nierdzewnej T304, co zapewnia im d\u0142ug\u0105 \u017cywotno\u015b\u0107. S\u0105 one bardziej odporne na korozj\u0119 i wysokie temperatury ni\u017c konwencjonalne rozdzielacze.<\/p>\n<p>Katalizatory 300 CPI H.O. GREEN - znane r\u00f3wnie\u017c jako katalizatory GESI - to wysokowydajne katalizatory o wysokiej zawarto\u015bci platyny. Te katalizatory s\u0105 zatwierdzone przez EPA i mog\u0105 poradzi\u0107 sobie z wysokimi temperaturami spalin w mocno zmodyfikowanych pojazdach z wymuszon\u0105 indukcj\u0105.<\/p>\n<p>Ta kombinacja kolektor\u00f3w i sportowych katalizator\u00f3w mo\u017ce by\u0107 u\u017cywana bezpo\u015brednio z oryginalnym uk\u0142adem wydechowym lub z akcesoryjnymi uk\u0142adami wydechowymi, kt\u00f3re s\u0105 identyczne z oryginalnymi po\u0142\u0105czeniami.<\/p>\n<p>Obejmuje kolektor Longtube 2\u2033 x 3\u2033 ze stali nierdzewnej i rur\u0119 X-Pipe 3\u2033 x 2-3\/4\u2033 (OEM) o wysokiej wydajno\u015bci z katalizatorem GREEN ze stali nierdzewnej. Pasuje do uk\u0142ad\u00f3w wydechowych 2-3\/4\" w stylu OEM.<\/p>\n<p>&nbsp;<\/p>\n<p><strong>Kolektor wentylatora Kooks<\/strong><\/p>\n<ul>\n<li>Poprawa przepustowo\u015bci spalin<\/li>\n<li>Poprawa d\u017awi\u0119ku pojazdu<\/li>\n<li>Minimalizacja przeciwci\u015bnienia w uk\u0142adzie wydechowym<\/li>\n<li>Zwi\u0119kszenie wydajno\u015bci silnika<\/li>\n<\/ul>\n<p>&nbsp;<\/p>\n<p><strong>Odpowiedni dla:<\/strong><\/p>\n<table width=\"374\">\n<tbody>\n<tr>\n<td width=\"374\">2019 Chevrolet Corvette Stingray V8 6.2<\/td>\n<\/tr>\n<tr>\n<td>2019 Chevrolet Corvette Z06 V8 6.2<\/td>\n<\/tr>\n<tr>\n<td>2019 Chevrolet Corvette Grand Sport V8 6.2<\/td>\n<\/tr>\n<tr>\n<td>2019 Chevrolet Corvette ZR1 V8 6.2<\/td>\n<\/tr>\n<tr>\n<td>2018 Chevrolet Corvette Stingray V8 6.2<\/td>\n<\/tr>\n<tr>\n<td>2018 Chevrolet Corvette Z06 V8 6.2<\/td>\n<\/tr>\n<tr>\n<td>2018 Chevrolet Corvette Grand Sport V8 6.2<\/td>\n<\/tr>\n<tr>\n<td>2017 Chevrolet Corvette Stingray V8 6.2<\/td>\n<\/tr>\n<tr>\n<td>2017 Chevrolet Corvette Z06 V8 6.2<\/td>\n<\/tr>\n<tr>\n<td>2017 Chevrolet Corvette Grand Sport V8 6.2<\/td>\n<\/tr>\n<tr>\n<td>2016 Chevrolet Corvette Stingray V8 6.2<\/td>\n<\/tr>\n<tr>\n<td>2016 Chevrolet Corvette Z51 V8 6.2<\/td>\n<\/tr>\n<tr>\n<td>2016 Chevrolet Corvette Z06 V8 6.2<\/td>\n<\/tr>\n<tr>\n<td>2015 Chevrolet Corvette Stingray V8 6.2<\/td>\n<\/tr>\n<tr>\n<td>2015 Chevrolet Corvette Z51 V8 6.2<\/td>\n<\/tr>\n<tr>\n<td>2015 Chevrolet Corvette Z06 V8 6.2<\/td>\n<\/tr>\n<tr>\n<td>2014 Chevrolet Corvette Stingray V8 6.2<\/td>\n<\/tr>\n<tr>\n<td>2014 Chevrolet Corvette Z51 V8 6.2<\/td>\n<\/tr>\n<\/tbody>\n<\/table>\n<p>&nbsp;<\/p>\n<p><strong>O Kooks<\/strong><\/p>\n<p>Kolektory wydechowe i uk\u0142ady wydechowe Kooks s\u0105 liderem na rynku od ponad 50 lat. Od 1962 roku Kooks szczyci si\u0119 oferowaniem najlepszych kolektor\u00f3w i kompletnych uk\u0142ad\u00f3w wydechowych do zastosowa\u0144 ulicznych, wy\u015bcigowych i terenowych. Pojazdy z kolektorami i uk\u0142adami wydechowymi Kooks zdoby\u0142y setki tytu\u0142\u00f3w mistrzowskich i ustanowi\u0142y niezliczone rekordy w NHRA, IHRA, NMCA, NMRA, NASCAR, NASA, SCCA i wielu innych organizacjach wy\u015bcigowych.<br \/>\nWszystkie produkty Kooks s\u0105 wytwarzane r\u0119cznie w USA, a Kooks jest dumny z tego, \u017ce nadal jest niezale\u017cny.<br \/>\nNie zapomnij: \"Get Kookin with KOOKS!\"<\/p>\n<p>&nbsp;<\/p>","protected":false},"excerpt":{"rendered":"<p>2\u2033 x 3\u2033 Wysoka wydajno\u015b\u0107<\/p>","protected":false},"featured_media":68308493,"comment_status":"open","ping_status":"closed","template":"","meta":{"_acf_changed":false},"product_brand":[17172],"product_cat":[3125,3024],"product_tag":[7895,546,3087,281,7892,543,7896,4379,6960,549,7897,20273,544,2447,36,550,545,527,553,3583,283,4005],"class_list":{"0":"post-68308490","1":"product","2":"type-product","3":"status-publish","4":"has-post-thumbnail","6":"product_brand-kooks","7":"product_cat-corvette-c7-abgasanlage","8":"product_cat-nicht-nach-eu","9":"product_tag-2170h640","10":"product_tag-auspuff","11":"product_tag-c7","12":"product_tag-corvette","13":"product_tag-corvette-c7","14":"product_tag-faecherkruemmer","15":"product_tag-gesi","16":"product_tag-grand-sport","17":"product_tag-green-katalysatoren","18":"product_tag-header","19":"product_tag-high-output","20":"product_tag-keintuev","21":"product_tag-kooks","22":"product_tag-kooks-headers","23":"product_tag-kraftwerk","24":"product_tag-kruemmer","25":"product_tag-longtube","26":"product_tag-sportkat","27":"product_tag-sportkatalysator","28":"product_tag-stingray","29":"product_tag-z06","30":"product_tag-z51","31":"product_shipping_class-paket-xl","33":"first","34":"onbackorder","35":"taxable","36":"shipping-taxable","37":"purchasable","38":"product-type-simple"},"bundled_by":[],"bundle_stock_status":"onbackorder","bundle_stock_quantity":0,"bundle_virtual":false,"bundle_layout":"","bundle_add_to_cart_form_location":"","bundle_editable_in_cart":false,"bundle_sold_individually_context":"","bundle_item_grouping":"","bundle_min_size":"","bundle_max_size":"","bundle_price":[],"bundled_items":[],"bundle_sell_ids":[],"exclude_global_add_ons":[],"addons":[],"acf":[],"_links":{"self":[{"href":"https:\/\/kraftwerk-shop.cc\/pl\/wp-json\/wp\/v2\/product\/68308490","targetHints":{"allow":["GET"]}}],"collection":[{"href":"https:\/\/kraftwerk-shop.cc\/pl\/wp-json\/wp\/v2\/product"}],"about":[{"href":"https:\/\/kraftwerk-shop.cc\/pl\/wp-json\/wp\/v2\/types\/product"}],"replies":[{"embeddable":true,"href":"https:\/\/kraftwerk-shop.cc\/pl\/wp-json\/wp\/v2\/comments?post=68308490"}],"version-history":[{"count":0,"href":"https:\/\/kraftwerk-shop.cc\/pl\/wp-json\/wp\/v2\/product\/68308490\/revisions"}],"wp:featuredmedia":[{"embeddable":true,"href":"https:\/\/kraftwerk-shop.cc\/pl\/wp-json\/wp\/v2\/media\/68308493"}],"wp:attachment":[{"href":"https:\/\/kraftwerk-shop.cc\/pl\/wp-json\/wp\/v2\/media?parent=68308490"}],"wp:term":[{"taxonomy":"product_brand","embeddable":true,"href":"https:\/\/kraftwerk-shop.cc\/pl\/wp-json\/wp\/v2\/product_brand?post=68308490"},{"taxonomy":"product_cat","embeddable":true,"href":"https:\/\/kraftwerk-shop.cc\/pl\/wp-json\/wp\/v2\/product_cat?post=68308490"},{"taxonomy":"product_tag","embeddable":true,"href":"https:\/\/kraftwerk-shop.cc\/pl\/wp-json\/wp\/v2\/product_tag?post=68308490"}],"curies":[{"name":"wp","href":"https:\/\/api.w.org\/{rel}","templated":true}]}}