{"id":68308499,"date":"2024-10-06T20:54:51","date_gmt":"2024-10-06T18:54:51","guid":{"rendered":"https:\/\/kraftwerk-shop.cc\/?post_type=product&#038;p=68308499"},"modified":"2026-04-14T16:03:58","modified_gmt":"2026-04-14T14:03:58","slug":"lozysko-srodkowe-walu-kardana-jxb-durango-grand-cherokee","status":"publish","type":"product","link":"https:\/\/kraftwerk-shop.cc\/pl\/produkt\/jxb-kardanwellenmittellager-durango-grand-cherokee\/","title":{"rendered":"\u0141o\u017cysko \u015brodkowe wa\u0142u Cardana JXB Durango &amp; Grand Cherokee"},"content":{"rendered":"<h1>Zestaw naprawczy JXB do \u0142o\u017cyska wa\u0142u nap\u0119dowego silnik\u00f3w Dodge Durango i Jeep Grand Cherokee od 2011 do 2025 r.<\/h1>\n<p>&nbsp;<\/p>\n<p>Standardowy wspornik \u0142o\u017cyska \u015brodkowego utrzymuje wa\u0142 nap\u0119dowy na miejscu za pomoc\u0105 cienkiej warstwy gumy. Chocia\u017c jest to \u015bwietne rozwi\u0105zanie zapewniaj\u0105ce, \u017ce \u017caden irytuj\u0105cy ha\u0142as nie przedostanie si\u0119 do kabiny, nie utrzymuje \u0142o\u017cyska dobrze wy\u015brodkowanego pod obci\u0105\u017ceniem, pozwala \u0142o\u017cysku ugi\u0105\u0107 si\u0119, z czasem pogarsza wyr\u00f3wnanie wa\u0142u przegubowego i powoduje wstrz\u0105sy w uk\u0142adzie nap\u0119dowym podczas zmiany bieg\u00f3w i przyspieszania.<\/p>\n<p>Z biegiem czasu tuleja OEM staje si\u0119 krucha i mo\u017ce ostatecznie sta\u0107 si\u0119 krucha i p\u0119kn\u0105\u0107. Nawet w doskonale utrzymanych samochodach oryginalna tuleja mo\u017ce p\u0119kn\u0105\u0107 ju\u017c po 5-10 latach.<\/p>\n<p>Je\u015bli tuleja zu\u017cywa si\u0119 i ust\u0119puje, zmienia to ustawienie wa\u0142u nap\u0119dowego i zwi\u0119ksza obci\u0105\u017cenie przegub\u00f3w. Je\u015bli wa\u0142 nap\u0119dowy jest szybko obci\u0105\u017cany (ruszanie, zmiana bieg\u00f3w i gwa\u0142towne przyspieszanie), \u0142o\u017cysko mo\u017ce pracowa\u0107 niecentrycznie, powoduj\u0105c ugi\u0119cie uk\u0142adu nap\u0119dowego, co skutkuje op\u00f3\u017anion\u0105 i nieprzewidywaln\u0105 reakcj\u0105 uk\u0142adu nap\u0119dowego.<\/p>\n<p>Ulepszony wspornik wa\u0142u nap\u0119dowego od JXB utrzymuje wa\u0142 nap\u0119dowy na miejscu przez ca\u0142y czas. Bardziej solidne tuleje zapewniaj\u0105, \u017ce \u0142o\u017cysko nie mo\u017ce zej\u015b\u0107 ze \u015brodka, zapewniaj\u0105c dostarczanie momentu obrotowego i wyr\u00f3wnanie wa\u0142u nap\u0119dowego przez ca\u0142y czas, co skutkuje bardziej bezpo\u015bredni\u0105 reakcj\u0105 uk\u0142adu nap\u0119dowego w ka\u017cdych warunkach.<\/p>\n<p>&nbsp;<\/p>\n<ul>\n<li>Zmniejsza ugi\u0119cie uk\u0142adu nap\u0119dowego<\/li>\n<li>Przywraca i utrzymuje wyr\u00f3wnanie wa\u0142u nap\u0119dowego<\/li>\n<li>Monta\u017c bez demonta\u017cu wa\u0142u nap\u0119dowego<\/li>\n<li>Pasuje do wszystkich modeli Dodge Durango od 2011 do 2024 i Jeep Grand Cherokee od 2011 do 2021 (WK)<\/li>\n<li>Odpowiedni dla RWD i AWD<\/li>\n<li>Odpowiedni dla V6 i V8<\/li>\n<li>Nadaje si\u0119 do automatycznych i r\u0119cznych skrzy\u0144 bieg\u00f3w<\/li>\n<\/ul>\n<p>&nbsp;<\/p>\n<p><strong>Zalety zestawu naprawczego JXB opisane przez naszych klient\u00f3w obejmuj\u0105<\/strong><\/p>\n<ul>\n<li>Bardziej bezpo\u015brednia reakcja peda\u0142u przyspieszenia<\/li>\n<li>Cia\u015bniejsze, bardziej bezpo\u015brednie zmiany bieg\u00f3w<\/li>\n<li>Bardziej bezpo\u015brednie przyspieszenie<\/li>\n<li>Redukcja wibracji spowodowanych niewsp\u00f3\u0142osiowo\u015bci\u0105 wa\u0142u nap\u0119dowego i\/lub zu\u017cyciem gumy<\/li>\n<li>P\u0142ynniejsze zachowanie podczas zmiany obci\u0105\u017cenia przy niskich pr\u0119dko\u015bciach (1. bieg na parkingach)<\/li>\n<\/ul>\n<p>&nbsp;<\/p>\n<p><strong>R\u00f3\u017cnica mi\u0119dzy ulic\u0105 a torem<\/strong><\/p>\n<p>Street i Track odnosz\u0105 si\u0119 do sztywno\u015bci tulei.<\/p>\n<ul>\n<li><strong>Gniazda \u015bledzenia<\/strong> maj\u0105 oko\u0142o dwukrotnie wi\u0119ksz\u0105 twardo\u015b\u0107 ni\u017c tuleje uliczne. Zar\u00f3wno tuleje torowe, jak i uliczne s\u0105 wielokrotnie sztywniejsze od oryginalnych tulei i mog\u0105 wytrzyma\u0107 ka\u017cde obci\u0105\u017cenie.<\/li>\n<li><strong>Gniazda uliczne<\/strong> s\u0105 jednak w stanie lepiej poch\u0142ania\u0107 ha\u0142as i wibracje uk\u0142adu nap\u0119dowego. Zwykle zar\u00f3wno tuleje drogowe, jak i g\u0105sienicowe s\u0105 ca\u0142kowicie ciche i wolne od wibracji, ale w przypadkach, w kt\u00f3rych wyst\u0119puje problem z uk\u0142adem nap\u0119dowym, kt\u00f3ry powoduje powa\u017cne wibracje wa\u0142u nap\u0119dowego, tuleje g\u0105sienicowe mog\u0105 nie by\u0107 w stanie go poch\u0142on\u0105\u0107, podczas gdy tuleje drogowe mog\u0105.<\/li>\n<\/ul>\n<p>Og\u00f3lnie rzecz bior\u0105c, zalecamy stosowanie tulei ulicznych we wszystkich pojazdach, kt\u00f3re nie s\u0105 specjalnie przeznaczone do u\u017cytku na torze wy\u015bcigowym lub w terenie, poniewa\u017c tuleje znacznie rzadziej przenosz\u0105 ha\u0142as i wibracje do wn\u0119trza przy du\u017cych pr\u0119dko\u015bciach lub przy du\u017cym przyspieszeniu.<\/p>\n<p>Je\u015bli nie masz pewno\u015bci, kt\u00f3re tuleje wybra\u0107, opcja \"Daj mi obie\" zapewnia kompletny zestaw tulei zar\u00f3wno do u\u017cytku drogowego, jak i torowego. Mo\u017cesz u\u017cywa\u0107 wszystkich tulei do u\u017cytku drogowego lub torowego, a nawet miesza\u0107 je, aby znale\u017a\u0107 idealn\u0105 r\u00f3wnowag\u0119 mi\u0119dzy wydajno\u015bci\u0105 a charakterystyk\u0105 t\u0142umienia.<\/p>\n<p>&nbsp;<\/p>\n<p><strong>Odpowiedni dla:<\/strong><\/p>\n<table width=\"576\">\n<tbody>\n<tr>\n<td width=\"83\"><strong>Marka<\/strong><\/td>\n<td width=\"205\"><strong>Model<\/strong><\/td>\n<td width=\"179\"><strong>Silnik<\/strong><\/td>\n<td width=\"109\"><strong>Rok<\/strong><\/td>\n<\/tr>\n<tr>\n<td width=\"83\">Dodge<\/td>\n<td width=\"205\">Durango<\/td>\n<td width=\"179\">3.6<\/td>\n<td width=\"109\">2011\u20132025<\/td>\n<\/tr>\n<tr>\n<td width=\"83\">Dodge<\/td>\n<td width=\"205\">Durango<\/td>\n<td width=\"179\">5.7 Hemi<\/td>\n<td width=\"109\">2011\u20132025<\/td>\n<\/tr>\n<tr>\n<td width=\"83\">Dodge<\/td>\n<td width=\"205\">Durango<\/td>\n<td width=\"179\">6.2 Hellcat<\/td>\n<td width=\"109\">2021\u20132025<\/td>\n<\/tr>\n<tr>\n<td width=\"83\">Dodge<\/td>\n<td width=\"205\">Durango<\/td>\n<td width=\"179\">6.4 SRT<\/td>\n<td width=\"109\">2018\u20132024<\/td>\n<\/tr>\n<tr>\n<td width=\"83\">Jeep<\/td>\n<td width=\"205\">Grand Cherokee<\/td>\n<td width=\"179\">3.6<\/td>\n<td width=\"109\">2011\u20132022<\/td>\n<\/tr>\n<tr>\n<td width=\"83\">Jeep<\/td>\n<td width=\"205\">Grand Cherokee<\/td>\n<td width=\"179\">5.7 Hemi<\/td>\n<td width=\"109\">2011\u20132021<\/td>\n<\/tr>\n<tr>\n<td width=\"83\">Jeep<\/td>\n<td width=\"205\">Grand Cherokee<\/td>\n<td width=\"179\">6.2 Trackhawk<\/td>\n<td width=\"109\">2019\u20132021<\/td>\n<\/tr>\n<tr>\n<td width=\"83\">Jeep<\/td>\n<td width=\"205\">Grand Cherokee<\/td>\n<td width=\"179\">6.4 SRT<\/td>\n<td width=\"109\">2012\u20132021<\/td>\n<\/tr>\n<\/tbody>\n<\/table>\n<p>&nbsp;<\/p>\n<p><iframe loading=\"lazy\" title=\"JXB Performance Driveshaft Carrier Upgrade Dodge WD Durango, Jeep WK2 Grand Cherokee\" width=\"500\" height=\"281\" src=\"https:\/\/www.youtube.com\/embed\/ecJPVX0hxq4?feature=oembed\" frameborder=\"0\" allow=\"accelerometer; autoplay; clipboard-write; encrypted-media; gyroscope; picture-in-picture; web-share\" referrerpolicy=\"strict-origin-when-cross-origin\" allowfullscreen><\/iframe><\/p>\n<p>&nbsp;<\/p>\n<p>&nbsp;<\/p>","protected":false},"excerpt":{"rendered":"<p>JXB Reparatursatz f\u00fcr das Lager der Kardanwelle von Dodge Durango und Jeep Grand Cherokee von 2011 bis 2025 &nbsp; Der<\/p>","protected":false},"featured_media":68308526,"comment_status":"open","ping_status":"closed","template":"","meta":{"_acf_changed":false},"product_brand":[19060],"product_cat":[1646,1654,3857,1662,1742,1750,1766,1774],"product_tag":[169,91,101,93,7898,49,95,56,100,50,6997,8021,3757,6896,222,6897,64,6899,96,102],"class_list":{"0":"post-68308499","1":"product","2":"type-product","3":"status-publish","4":"has-post-thumbnail","6":"product_brand-jxb","7":"product_cat-durango-36-getriebe","8":"product_cat-durango-57-getriebe","9":"product_cat-durango-hellcat-getriebe","10":"product_cat-durango-64-getriebe","11":"product_cat-grand-cherokee-36-getriebe","12":"product_cat-grand-cherokee-57-2011-2021-getriebe","13":"product_cat-trackhawk-getriebe","14":"product_cat-grand-cherokee-64-getriebe","15":"product_tag-3-6","16":"product_tag-5-7","17":"product_tag-6-2","18":"product_tag-6-4","19":"product_tag-chr03a0","20":"product_tag-dodge","21":"product_tag-durango","22":"product_tag-grand-cherokee","23":"product_tag-hellcat","24":"product_tag-jeep","25":"product_tag-jxb","26":"product_tag-jxb5","27":"product_tag-kardanwelle","28":"product_tag-kardanwellenmittellager","29":"product_tag-kit","30":"product_tag-mittellager","31":"product_tag-reparatur","32":"product_tag-reparaturkit","33":"product_tag-srt","34":"product_tag-trackhawk","35":"product_shipping_class-deutschlandohne","37":"first","38":"instock","39":"taxable","40":"shipping-taxable","41":"purchasable","42":"product-type-variable"},"bundled_by":[],"bundle_stock_status":"instock","bundle_stock_quantity":2,"bundle_virtual":false,"bundle_layout":"","bundle_add_to_cart_form_location":"","bundle_editable_in_cart":false,"bundle_sold_individually_context":"","bundle_item_grouping":"","bundle_min_size":"","bundle_max_size":"","bundle_price":[],"bundled_items":[],"bundle_sell_ids":[],"exclude_global_add_ons":[],"addons":[],"acf":[],"_links":{"self":[{"href":"https:\/\/kraftwerk-shop.cc\/pl\/wp-json\/wp\/v2\/product\/68308499","targetHints":{"allow":["GET"]}}],"collection":[{"href":"https:\/\/kraftwerk-shop.cc\/pl\/wp-json\/wp\/v2\/product"}],"about":[{"href":"https:\/\/kraftwerk-shop.cc\/pl\/wp-json\/wp\/v2\/types\/product"}],"replies":[{"embeddable":true,"href":"https:\/\/kraftwerk-shop.cc\/pl\/wp-json\/wp\/v2\/comments?post=68308499"}],"version-history":[{"count":0,"href":"https:\/\/kraftwerk-shop.cc\/pl\/wp-json\/wp\/v2\/product\/68308499\/revisions"}],"wp:featuredmedia":[{"embeddable":true,"href":"https:\/\/kraftwerk-shop.cc\/pl\/wp-json\/wp\/v2\/media\/68308526"}],"wp:attachment":[{"href":"https:\/\/kraftwerk-shop.cc\/pl\/wp-json\/wp\/v2\/media?parent=68308499"}],"wp:term":[{"taxonomy":"product_brand","embeddable":true,"href":"https:\/\/kraftwerk-shop.cc\/pl\/wp-json\/wp\/v2\/product_brand?post=68308499"},{"taxonomy":"product_cat","embeddable":true,"href":"https:\/\/kraftwerk-shop.cc\/pl\/wp-json\/wp\/v2\/product_cat?post=68308499"},{"taxonomy":"product_tag","embeddable":true,"href":"https:\/\/kraftwerk-shop.cc\/pl\/wp-json\/wp\/v2\/product_tag?post=68308499"}],"curies":[{"name":"wp","href":"https:\/\/api.w.org\/{rel}","templated":true}]}}