{"id":68308793,"date":"2024-10-13T15:33:09","date_gmt":"2024-10-13T13:33:09","guid":{"rendered":"https:\/\/kraftwerk-shop.cc\/?post_type=product&#038;p=68308793"},"modified":"2026-03-24T14:33:55","modified_gmt":"2026-03-24T13:33:55","slug":"sonda-lambda-mopar-68224424aa","status":"publish","type":"product","link":"https:\/\/kraftwerk-shop.cc\/pl\/produkt\/mopar-lambdasonde-68224424aa\/","title":{"rendered":"Sonda lambda Mopar (68224424AA)"},"content":{"rendered":"<h1>Oryginalna sonda lambda Mopar (68224424AA) do samochod\u00f3w Chrysler, Dodge, Jeep i RAM od 2018 do 2025 r.<\/h1>\n<p>&nbsp;<\/p>\n<p><span lang=\"DE\"><strong>Numer cz\u0119\u015bci Mopar:<\/strong> 68224424AA<br \/>\n<strong>Zast\u0105piony: <\/strong>\u2014<br \/>\n<\/span><\/p>\n<p><strong>Pozycja monta\u017cowa: <\/strong>Prz\u00f3d lewy, prz\u00f3d prawy, ty\u0142 lewy<strong><br \/>\n<\/strong><\/p>\n<p>&nbsp;<\/p>\n<p><strong>Odpowiedni dla:<\/strong><\/p>\n<table width=\"921\">\n<tbody>\n<tr>\n<td width=\"83\"><strong>Rok<\/strong><\/td>\n<td width=\"83\"><strong>Marka<\/strong><\/td>\n<td width=\"186\"><strong>Model<\/strong><\/td>\n<td width=\"275\"><strong>Wersja<\/strong><\/td>\n<td width=\"294\"><strong>Silnik<\/strong><\/td>\n<\/tr>\n<tr>\n<td width=\"83\">2025<\/td>\n<td width=\"83\">Ram<\/td>\n<td width=\"186\">1500<\/td>\n<td width=\"275\">Big Horn, Lone Star, Tradesman, Tradesman HFE<\/td>\n<td width=\"294\">3.6L V6 - Elektryczny\/Gazowy<\/td>\n<\/tr>\n<tr>\n<td width=\"83\">2024<\/td>\n<td width=\"83\">Jeep<\/td>\n<td width=\"186\">Gladiator<\/td>\n<td width=\"275\">Mojave, Mojave X, Rubicon, Rubicon X, Sport, Sport S, Willys<\/td>\n<td width=\"294\">3.6L<\/td>\n<\/tr>\n<tr>\n<td width=\"83\">2024<\/td>\n<td width=\"83\">Jeep<\/td>\n<td width=\"186\">Grand Cherokee<\/td>\n<td width=\"275\">Altitude, Altitude X, Laredo, Laredo A, Laredo X, Limited, Overland, Summit, Summit Reserve<\/td>\n<td width=\"294\">3.6L V6 - Flex<\/td>\n<\/tr>\n<tr>\n<td width=\"83\">2024<\/td>\n<td width=\"83\">Jeep<\/td>\n<td width=\"186\">Grand Cherokee L<\/td>\n<td width=\"275\">Altitude, Altitude X, Laredo, Laredo X, Limited, Overland, Summit, Summit Reserve<\/td>\n<td width=\"294\">3.6L V6 - Flex, 5.7L<\/td>\n<\/tr>\n<tr>\n<td width=\"83\">2024<\/td>\n<td width=\"83\">Jeep<\/td>\n<td width=\"186\">Wrangler<\/td>\n<td width=\"275\">Rubicon, Rubicon X, Sport, Sport S, Unlimited Sahara, Willys<\/td>\n<td width=\"294\">3.6L<\/td>\n<\/tr>\n<tr>\n<td width=\"83\">2024<\/td>\n<td width=\"83\">Ram<\/td>\n<td width=\"186\">1500<\/td>\n<td width=\"275\">Big Horn, Laramie, Limited, Limited Longhorn, Lone Star, Rebel, TRX, Tradesman<\/td>\n<td width=\"294\">3.6L V6 - elektryczny\/gazowy, 5.7L V8 - elektryczny\/gazowy, 5.7L, 6.2L<\/td>\n<\/tr>\n<tr>\n<td width=\"83\">2024<\/td>\n<td width=\"83\">Ram<\/td>\n<td width=\"186\">ProMaster 1500<\/td>\n<td width=\"275\">SLT+, Tradesman<\/td>\n<td width=\"294\">3.6L V6 - Flex<\/td>\n<\/tr>\n<tr>\n<td width=\"83\">2024<\/td>\n<td width=\"83\">Ram<\/td>\n<td width=\"186\">ProMaster 2500<\/td>\n<td width=\"275\">SLT+, Tradesman<\/td>\n<td width=\"294\">3.6L V6 - Flex<\/td>\n<\/tr>\n<tr>\n<td width=\"83\">2024<\/td>\n<td width=\"83\">Ram<\/td>\n<td width=\"186\">ProMaster 3500<\/td>\n<td width=\"275\">SLT+, Tradesman<\/td>\n<td width=\"294\">3.6L V6 - Flex<\/td>\n<\/tr>\n<tr>\n<td width=\"83\">2023<\/td>\n<td width=\"83\">Chrysler<\/td>\n<td width=\"186\">300<\/td>\n<td width=\"275\">S, Touring, Touring L<\/td>\n<td width=\"294\">3.6L V6 - Flex, 3.6L<\/td>\n<\/tr>\n<tr>\n<td width=\"83\">2023<\/td>\n<td width=\"83\">Dodge<\/td>\n<td width=\"186\">Challenger<\/td>\n<td width=\"275\">GT, SXT<\/td>\n<td width=\"294\">3.6L<\/td>\n<\/tr>\n<tr>\n<td width=\"83\">2023<\/td>\n<td width=\"83\">Dodge<\/td>\n<td width=\"186\">Charger<\/td>\n<td width=\"275\">GT, Pursuit, SXT<\/td>\n<td width=\"294\">3.6L V6 - Flex, 3.6L<\/td>\n<\/tr>\n<tr>\n<td width=\"83\">2023<\/td>\n<td width=\"83\">Jeep<\/td>\n<td width=\"186\">Cherokee<\/td>\n<td width=\"275\">Trailhawk<\/td>\n<td width=\"294\">2.0L<\/td>\n<\/tr>\n<tr>\n<td width=\"83\">2023<\/td>\n<td width=\"83\">Jeep<\/td>\n<td width=\"186\">Gladiator<\/td>\n<td width=\"275\">Freedom, High Altitude, Mojave, Overland, Rubicon, Sport, Sport S, Texas Trail, Willys, Willys Sport<\/td>\n<td width=\"294\">3.6L<\/td>\n<\/tr>\n<tr>\n<td width=\"83\">2023<\/td>\n<td width=\"83\">Jeep<\/td>\n<td width=\"186\">Grand Cherokee<\/td>\n<td width=\"275\">Altitude, Laredo, Limited, Overland, Summit, Summit Reserve<\/td>\n<td width=\"294\">3.6L V6 - Flex, 5.7L<\/td>\n<\/tr>\n<tr>\n<td width=\"83\">2023<\/td>\n<td width=\"83\">Jeep<\/td>\n<td width=\"186\">Grand Cherokee L<\/td>\n<td width=\"275\">Altitude, Laredo, Limited, Overland, Summit, Summit Reserve<\/td>\n<td width=\"294\">3.6L V6 - Flex, 5.7L<\/td>\n<\/tr>\n<tr>\n<td width=\"83\">2023<\/td>\n<td width=\"83\">Jeep<\/td>\n<td width=\"186\">Wagoneer<\/td>\n<td width=\"275\">Base<\/td>\n<td width=\"294\">5.7L V8 - Elektryczny\/Gazowy<\/td>\n<\/tr>\n<tr>\n<td width=\"83\">2023<\/td>\n<td width=\"83\">Jeep<\/td>\n<td width=\"186\">Wrangler<\/td>\n<td width=\"275\">Freedom, Rubicon, Sport, Sport S, Unlimited High Altitude, Unlimited Sahara, Unlimited Sahara Altitude, Willys, Willys Sport<\/td>\n<td width=\"294\">3.6L V6 - Elektryczny\/Gazowy, 3.6L<\/td>\n<\/tr>\n<tr>\n<td width=\"83\">2023<\/td>\n<td width=\"83\">Ram<\/td>\n<td width=\"186\">1500<\/td>\n<td width=\"275\">Big Horn, Laramie, Limited, Limited Longhorn, Lone Star, Rebel, TRX, Tradesman<\/td>\n<td width=\"294\">3.6L V6 - elektryczny\/gazowy, 5.7L V8 - elektryczny\/gazowy, 5.7L, 6.2L<\/td>\n<\/tr>\n<tr>\n<td width=\"83\">2023<\/td>\n<td width=\"83\">Ram<\/td>\n<td width=\"186\">ProMaster 1500<\/td>\n<td width=\"275\">Base<\/td>\n<td width=\"294\">3.6L V6 - Flex<\/td>\n<\/tr>\n<tr>\n<td width=\"83\">2023<\/td>\n<td width=\"83\">Ram<\/td>\n<td width=\"186\">ProMaster 2500<\/td>\n<td width=\"275\">Base<\/td>\n<td width=\"294\">3.6L V6 - Flex<\/td>\n<\/tr>\n<tr>\n<td width=\"83\">2023<\/td>\n<td width=\"83\">Ram<\/td>\n<td width=\"186\">ProMaster 3500<\/td>\n<td width=\"275\">Base<\/td>\n<td width=\"294\">3.6L V6 - Flex<\/td>\n<\/tr>\n<tr>\n<td width=\"83\">2022<\/td>\n<td width=\"83\">Chrysler<\/td>\n<td width=\"186\">300<\/td>\n<td width=\"275\">S, Touring, Touring L<\/td>\n<td width=\"294\">3.6L V6 - Flex, 3.6L<\/td>\n<\/tr>\n<tr>\n<td width=\"83\">2022<\/td>\n<td width=\"83\">Dodge<\/td>\n<td width=\"186\">Challenger<\/td>\n<td width=\"275\">GT, SXT<\/td>\n<td width=\"294\">3.6L<\/td>\n<\/tr>\n<tr>\n<td width=\"83\">2022<\/td>\n<td width=\"83\">Dodge<\/td>\n<td width=\"186\">Charger<\/td>\n<td width=\"275\">GT, SXT<\/td>\n<td width=\"294\">3.6L V6 - Flex, 3.6L<\/td>\n<\/tr>\n<tr>\n<td width=\"83\">2022<\/td>\n<td width=\"83\">Jeep<\/td>\n<td width=\"186\">Cherokee<\/td>\n<td width=\"275\">Latitude Lux, Limited<\/td>\n<td width=\"294\">2.0L<\/td>\n<\/tr>\n<tr>\n<td width=\"83\">2022<\/td>\n<td width=\"83\">Jeep<\/td>\n<td width=\"186\">Gladiator<\/td>\n<td width=\"275\">Altitude, High Altitude, Mojave, Overland, Rubicon, Sport, Sport S, Texas Trail, Willys, Willys Sport<\/td>\n<td width=\"294\">3.6L<\/td>\n<\/tr>\n<tr>\n<td width=\"83\">2022<\/td>\n<td width=\"83\">Jeep<\/td>\n<td width=\"186\">Grand Cherokee<\/td>\n<td width=\"275\">Altitude, Laredo, Limited, Overland, Summit, Summit Reserve, Trailhawk<\/td>\n<td width=\"294\">3.6L V6 - Flex, 5.7L<\/td>\n<\/tr>\n<tr>\n<td width=\"83\">2022<\/td>\n<td width=\"83\">Jeep<\/td>\n<td width=\"186\">Grand Cherokee L<\/td>\n<td width=\"275\">Altitude, Laredo, Limited, Overland, Summit, Summit Reserve<\/td>\n<td width=\"294\">3.6L V6 - Flex, 5.7L<\/td>\n<\/tr>\n<tr>\n<td width=\"83\">2022<\/td>\n<td width=\"83\">Jeep<\/td>\n<td width=\"186\">Wagoneer<\/td>\n<td width=\"275\">Series II, Series III<\/td>\n<td width=\"294\">5.7L V8 - Elektryczny\/Gazowy<\/td>\n<\/tr>\n<tr>\n<td width=\"83\">2022<\/td>\n<td width=\"83\">Jeep<\/td>\n<td width=\"186\">Wrangler<\/td>\n<td width=\"275\">Rubicon, Sport, Sport S, Unlimited High Altitude, Unlimited Rubicon, Unlimited Sahara, Unlimited Sahara Altitude, Unlimited Sport, Unlimited Sport Altitude, Unlimited Sport S, Unlimited Willys, Unlimited Willys Sport, Willys, Willys Sport<\/td>\n<td width=\"294\">3.6L V6 - Elektryczny\/Gazowy, 3.6L<\/td>\n<\/tr>\n<tr>\n<td width=\"83\">2022<\/td>\n<td width=\"83\">Ram<\/td>\n<td width=\"186\">1500<\/td>\n<td width=\"275\">Big Horn, Laramie, Limited, Limited Longhorn, Lone Star, Rebel, TRX, Tradesman<\/td>\n<td width=\"294\">3.6L V6 - elektryczny\/gazowy, 5.7L V8 - elektryczny\/gazowy, 5.7L, 6.2L<\/td>\n<\/tr>\n<tr>\n<td width=\"83\">2022<\/td>\n<td width=\"83\">Ram<\/td>\n<td width=\"186\">ProMaster 1500<\/td>\n<td width=\"275\">Base<\/td>\n<td width=\"294\">3.6L V6 - Flex<\/td>\n<\/tr>\n<tr>\n<td width=\"83\">2022<\/td>\n<td width=\"83\">Ram<\/td>\n<td width=\"186\">ProMaster 2500<\/td>\n<td width=\"275\">Base<\/td>\n<td width=\"294\">3.6L V6 - Flex<\/td>\n<\/tr>\n<tr>\n<td width=\"83\">2022<\/td>\n<td width=\"83\">Ram<\/td>\n<td width=\"186\">ProMaster 3500<\/td>\n<td width=\"275\">Base<\/td>\n<td width=\"294\">3.6L V6 - Flex<\/td>\n<\/tr>\n<tr>\n<td width=\"83\">2021<\/td>\n<td width=\"83\">Jeep<\/td>\n<td width=\"186\">Cherokee<\/td>\n<td width=\"275\">80th Anniversary, High Altitude, Latitude Lux, Limited<\/td>\n<td width=\"294\">2.0L<\/td>\n<\/tr>\n<tr>\n<td width=\"83\">2021<\/td>\n<td width=\"83\">Jeep<\/td>\n<td width=\"186\">Gladiator<\/td>\n<td width=\"275\">80th Anniversary, High Altitude, Mojave, Overland, Rubicon, Sport, Sport S, Texas Trail, Willys, Willys Sport<\/td>\n<td width=\"294\">3.6L<\/td>\n<\/tr>\n<tr>\n<td width=\"83\">2021<\/td>\n<td width=\"83\">Jeep<\/td>\n<td width=\"186\">Grand Cherokee L<\/td>\n<td width=\"275\">Altitude, Laredo, Limited, Overland, Summit, Summit Reserve<\/td>\n<td width=\"294\">3.6L V6 - Flex, 5.7L<\/td>\n<\/tr>\n<tr>\n<td width=\"83\">2021<\/td>\n<td width=\"83\">Jeep<\/td>\n<td width=\"186\">Wrangler<\/td>\n<td width=\"275\">80th Anniversary, Freedom, Islander, Rubicon, Sport, Sport S, Unlimited 80th Anniversary, Unlimited Freedom, Unlimited High Altitude, Unlimited Islander, Unlimited Rubicon, Unlimited Sahara, Unlimited Sahara Altitude, Unlimited Sport, Unlimited Sport Altitude, Unlimited Sport S, Unlimited Willys, Unlimited Willys Sport, Willys, Willys Sport<\/td>\n<td width=\"294\">3.6L V6 - Elektryczny\/Gazowy, 3.6L<\/td>\n<\/tr>\n<tr>\n<td width=\"83\">2021<\/td>\n<td width=\"83\">Ram<\/td>\n<td width=\"186\">1500<\/td>\n<td width=\"275\">Big Horn, HFE, Laramie, Limited, Limited Longhorn, Lone Star, Rebel, TRX, Tradesman<\/td>\n<td width=\"294\">3.6L V6 - elektryczny\/gazowy, 5.7L V8 - elektryczny\/gazowy, 5.7L, 6.2L<\/td>\n<\/tr>\n<tr>\n<td width=\"83\">2020<\/td>\n<td width=\"83\">Jeep<\/td>\n<td width=\"186\">Cherokee<\/td>\n<td width=\"275\">Altitude, High Altitude, Latitude Plus, Limited, Overland, Trailhawk, Trailhawk Elite<\/td>\n<td width=\"294\">2.0L<\/td>\n<\/tr>\n<tr>\n<td width=\"83\">2020<\/td>\n<td width=\"83\">Jeep<\/td>\n<td width=\"186\">Gladiator<\/td>\n<td width=\"275\">Altitude, Launch Edition, Mojave, Overland, Rubicon, Sport, Sport S<\/td>\n<td width=\"294\">3.6L<\/td>\n<\/tr>\n<tr>\n<td width=\"83\">2020<\/td>\n<td width=\"83\">Jeep<\/td>\n<td width=\"186\">Wrangler<\/td>\n<td width=\"275\">Rubicon, Sport, Sport S, Unlimited Rubicon, Unlimited Sahara, Unlimited Sport, Unlimited Sport S<\/td>\n<td width=\"294\">3.6L V6 - Elektryczny\/Gazowy, 3.6L<\/td>\n<\/tr>\n<tr>\n<td width=\"83\">2020<\/td>\n<td width=\"83\">Ram<\/td>\n<td width=\"186\">1500<\/td>\n<td width=\"275\">Big Horn, Laramie, Laramie Longhorn, Limited, Lone Star, Rebel, Tradesman<\/td>\n<td width=\"294\">3.6L V6 - elektryczny\/gazowy, 5.7L V8 - elektryczny\/gazowy, 5.7L<\/td>\n<\/tr>\n<tr>\n<td width=\"83\">2019<\/td>\n<td width=\"83\">Jeep<\/td>\n<td width=\"186\">Cherokee<\/td>\n<td width=\"275\">Altitude, High Altitude, Latitude Plus, Limited, Overland, Trailhawk, Trailhawk Elite<\/td>\n<td width=\"294\">2.0L<\/td>\n<\/tr>\n<tr>\n<td width=\"83\">2019<\/td>\n<td width=\"83\">Jeep<\/td>\n<td width=\"186\">Wrangler<\/td>\n<td width=\"275\">Rubicon, Sport, Sport S, Unlimited Moab, Unlimited Rubicon, Unlimited Sahara, Unlimited Sport, Unlimited Sport S<\/td>\n<td width=\"294\">3.6L<\/td>\n<\/tr>\n<tr>\n<td width=\"83\">2019<\/td>\n<td width=\"83\">Ram<\/td>\n<td width=\"186\">1500<\/td>\n<td width=\"275\">Big Horn, Laramie, Laramie Longhorn, Limited, Lone Star, Rebel, Tradesman<\/td>\n<td width=\"294\">3.6L V6 - elektryczny\/gazowy, 5.7L V8 - elektryczny\/gazowy, 5.7L<\/td>\n<\/tr>\n<tr>\n<td width=\"83\">2018<\/td>\n<td width=\"83\">Jeep<\/td>\n<td width=\"186\">Wrangler<\/td>\n<td width=\"275\">Rubicon, Sport, Sport S, Unlimited Moab, Unlimited Rubicon, Unlimited Sahara, Unlimited Sport, Unlimited Sport S<\/td>\n<td width=\"294\">3.6L<\/td>\n<\/tr>\n<\/tbody>\n<\/table>\n<p>&nbsp;<\/p>\n<p>Sonda lambda jest wa\u017cnym elementem nowoczesnych uk\u0142ad\u00f3w wydechowych, kt\u00f3ry s\u0142u\u017cy do kontroli i regulacji mieszanki paliwowo-powietrznej w silnikach spalinowych w celu zapewnienia mo\u017cliwie najbardziej wydajnego i przyjaznego dla \u015brodowiska spalania.<\/p>\n<p>Sonda lambda mierzy zawarto\u015b\u0107 tlenu w spalinach silnika. Mo\u017cna to wykorzysta\u0107 do okre\u015blenia, czy mieszanka paliwowo-powietrzna jest \"bogata\" (za du\u017co paliwa, za ma\u0142o powietrza) lub \"uboga\" (za du\u017co powietrza, za ma\u0142o paliwa). Celem jest osi\u0105gni\u0119cie idealnego stosunku mieszania, w kt\u00f3rym proporcja tlenu w uk\u0142adzie wydechowym i ilo\u015b\u0107 wtryskiwanego paliwa s\u0105 optymalnie dopasowane.<\/p>\n<p>Czujnik generuje napi\u0119cie elektryczne, kt\u00f3re zmienia si\u0119 w zale\u017cno\u015bci od zawarto\u015bci tlenu w spalinach. Napi\u0119cie to jest przekazywane do jednostki steruj\u0105cej silnika, kt\u00f3ra nast\u0119pnie dostosowuje dawk\u0119 wtrysku i dop\u0142yw powietrza w celu optymalizacji proporcji.<\/p>\n<p>Je\u015bli sonda lambda jest uszkodzona lub dzia\u0142a nieprawid\u0142owo, mo\u017ce to prowadzi\u0107 do kilku problem\u00f3w:<\/p>\n<ul>\n<li>Zwi\u0119kszone zu\u017cycie paliwa<\/li>\n<li>Utrata mocy silnika<\/li>\n<li>Zwi\u0119kszona emisja zanieczyszcze\u0144<\/li>\n<li>Wy\u015bwietlanie b\u0142\u0119d\u00f3w w komputerze pok\u0142adowym<\/li>\n<\/ul>\n<p>Cz\u0119stym objawem usterki jest stale nieprawid\u0142owa mieszanka, kt\u00f3ra jest albo zbyt bogata, albo zbyt uboga. Nowoczesne pojazdy zazwyczaj automatycznie rozpoznaj\u0105 problemy z sond\u0105 lambda i sygnalizuj\u0105 je za pomoc\u0105 kontrolki ostrzegawczej silnika.<\/p>\n<p>Typowe kody usterek dla uszkodzonej sondy lambda to: P0036, P0054, P0056, P0060, P0137, P0138, P013A, P013B, P014A, P014B, P0157, P0158, P0160, P0161, P0420, P0430, P2270, P2271, P2272, P2273, P2096, P2097, P2098, P2099<\/p>\n<p>&nbsp;<\/p>\n<h4>Dlaczego warto wybra\u0107 oryginalne cz\u0119\u015bci zamienne Mopar?<\/h4>\n<p><strong>Idealne dopasowanie i najwy\u017csza jako\u015b\u0107:<\/strong> Oryginalne cz\u0119\u015bci zamienne Mopar s\u0105 produkowane zgodnie ze \u015bcis\u0142ymi specyfikacjami producenta, co oznacza, \u017ce idealnie pasuj\u0105 do Twojego pojazdu. Zapewnia to nie tylko \u0142atw\u0105 instalacj\u0119, ale tak\u017ce optymaln\u0105 funkcjonalno\u015b\u0107 i bezpiecze\u0144stwo.<\/p>\n<p><strong>Niezawodno\u015b\u0107 i trwa\u0142o\u015b\u0107:<\/strong> Dzi\u0119ki zastosowaniu wysokiej jako\u015bci materia\u0142\u00f3w i rygorystycznej kontroli jako\u015bci, cz\u0119\u015bci zamienne Mopar zapewniaj\u0105 niezawodne dzia\u0142anie pojazdu nawet w ekstremalnych warunkach. Zosta\u0142y zaprojektowane z my\u015bl\u0105 o trwa\u0142o\u015bci i maksymalizacji osi\u0105g\u00f3w pojazdu.<\/p>","protected":false},"excerpt":{"rendered":"<p>Oryginalna cz\u0119\u015b\u0107 Mopar<\/p>\n<p>2018\u20132025<\/p>","protected":false},"featured_media":68308795,"comment_status":"open","ping_status":"closed","template":"","meta":{"_acf_changed":false},"product_brand":[16270],"product_cat":[7254,7284,7309,7376,7386,7421,19681,7446,7451],"product_tag":[475,169,52,7937,1035,546,54,53,48,49,3853,521,7924,2217,56,7125,50,7901,520,7900,31,8813,9424,16271,16273,16275,16272,16274,7221,7899,34,2425,7902,7903,7904,7905,7906,7907,7908,7909,7910,7911,7912,7913,7914,7915,522,523,7920,7921,7922,7923,7916,7917,7918,7919,86,3507,713,3550,7132,7133,7938,175],"class_list":{"0":"post-68308793","1":"product","2":"type-product","3":"status-publish","4":"has-post-thumbnail","6":"product_brand-mopar","7":"product_cat-300c-36-sensoren","8":"product_cat-challenger-36-sensoren","9":"product_cat-charger-36-sensoren","10":"product_cat-gladiator-36-sensoren","11":"product_cat-grand-cherokee-36-sensoren","12":"product_cat-wrangler-36-sensoren","13":"product_cat-1500-36-dt-sensoren","14":"product_cat-1500-57-dt-sensoren","15":"product_cat-trx-sensoren","16":"product_tag-475","17":"product_tag-3-6","18":"product_tag-300c","19":"product_tag-68224424aa","20":"product_tag-abgasanlage","21":"product_tag-auspuff","22":"product_tag-challenger","23":"product_tag-charger","24":"product_tag-chrysler","25":"product_tag-dodge","26":"product_tag-dodge-challenger","27":"product_tag-fehlercode","28":"product_tag-fehlerspeicher","29":"product_tag-gladiator","30":"product_tag-grand-cherokee","31":"product_tag-hinten-links","32":"product_tag-jeep","33":"product_tag-kraftstoffverbrauch","34":"product_tag-lambdasonde","35":"product_tag-lambdasonden","36":"product_tag-mopar","37":"product_tag-mopar-autoteile","38":"product_tag-mopar-ersatzteile","39":"product_tag-mopar-ersatzteile-kaufen","40":"product_tag-mopar-performance-teile","41":"product_tag-mopar-teile-katalog","42":"product_tag-mopar-teile-online","43":"product_tag-mopar-tuningteile","44":"product_tag-mopar10","45":"product_tag-o2-sensor","46":"product_tag-original","47":"product_tag-originalteil","48":"product_tag-p0036","49":"product_tag-p0054","50":"product_tag-p0056","51":"product_tag-p0060","52":"product_tag-p0137","53":"product_tag-p0138","54":"product_tag-p013a","55":"product_tag-p013b","56":"product_tag-p014a","57":"product_tag-p014b","58":"product_tag-p0157","59":"product_tag-p0158","60":"product_tag-p0160","61":"product_tag-p0161","62":"product_tag-p0420","63":"product_tag-p0430","64":"product_tag-p2096","65":"product_tag-p2097","66":"product_tag-p2098","67":"product_tag-p2099","68":"product_tag-p2270","69":"product_tag-p2271","70":"product_tag-p2272","71":"product_tag-p2273","72":"product_tag-ram","73":"product_tag-ram1500","74":"product_tag-sensor","75":"product_tag-sonde","76":"product_tag-vorne-links","77":"product_tag-vorne-rechts","78":"product_tag-wagonner","79":"product_tag-wrangler","81":"first","82":"instock","83":"taxable","84":"shipping-taxable","85":"purchasable","86":"product-type-simple"},"bundled_by":[],"bundle_stock_status":"instock","bundle_stock_quantity":1,"bundle_virtual":false,"bundle_layout":"","bundle_add_to_cart_form_location":"","bundle_editable_in_cart":false,"bundle_sold_individually_context":"","bundle_item_grouping":"","bundle_min_size":"","bundle_max_size":"","bundle_price":[],"bundled_items":[],"bundle_sell_ids":[],"exclude_global_add_ons":[],"addons":[],"acf":[],"_links":{"self":[{"href":"https:\/\/kraftwerk-shop.cc\/pl\/wp-json\/wp\/v2\/product\/68308793","targetHints":{"allow":["GET"]}}],"collection":[{"href":"https:\/\/kraftwerk-shop.cc\/pl\/wp-json\/wp\/v2\/product"}],"about":[{"href":"https:\/\/kraftwerk-shop.cc\/pl\/wp-json\/wp\/v2\/types\/product"}],"replies":[{"embeddable":true,"href":"https:\/\/kraftwerk-shop.cc\/pl\/wp-json\/wp\/v2\/comments?post=68308793"}],"version-history":[{"count":0,"href":"https:\/\/kraftwerk-shop.cc\/pl\/wp-json\/wp\/v2\/product\/68308793\/revisions"}],"wp:featuredmedia":[{"embeddable":true,"href":"https:\/\/kraftwerk-shop.cc\/pl\/wp-json\/wp\/v2\/media\/68308795"}],"wp:attachment":[{"href":"https:\/\/kraftwerk-shop.cc\/pl\/wp-json\/wp\/v2\/media?parent=68308793"}],"wp:term":[{"taxonomy":"product_brand","embeddable":true,"href":"https:\/\/kraftwerk-shop.cc\/pl\/wp-json\/wp\/v2\/product_brand?post=68308793"},{"taxonomy":"product_cat","embeddable":true,"href":"https:\/\/kraftwerk-shop.cc\/pl\/wp-json\/wp\/v2\/product_cat?post=68308793"},{"taxonomy":"product_tag","embeddable":true,"href":"https:\/\/kraftwerk-shop.cc\/pl\/wp-json\/wp\/v2\/product_tag?post=68308793"}],"curies":[{"name":"wp","href":"https:\/\/api.w.org\/{rel}","templated":true}]}}