{"id":68308798,"date":"2024-10-13T15:33:07","date_gmt":"2024-10-13T13:33:07","guid":{"rendered":"https:\/\/kraftwerk-shop.cc\/?post_type=product&#038;p=68308798"},"modified":"2026-04-02T15:11:45","modified_gmt":"2026-04-02T13:11:45","slug":"sonda-lambda-mopar-68250166aa","status":"publish","type":"product","link":"https:\/\/kraftwerk-shop.cc\/pl\/produkt\/mopar-lambdasonde-68250166aa\/","title":{"rendered":"Sonda lambda Mopar (68250166AA)"},"content":{"rendered":"<h1>Oryginalna sonda lambda Mopar (<span class=\"list-value sku-display\">68250166AA<\/span>) dla Dodge Challenger, Charger, Durango Hellcat i Jeep Trackhawk w latach 2015-2025.<\/h1>\n<p>&nbsp;<\/p>\n<p><span lang=\"DE\"><strong>Numer cz\u0119\u015bci Mopar:<\/strong> <span class=\"list-value sku-display\">68250166AA<\/span><br \/>\n<strong>Zast\u0105piony: <\/strong>\u2014<br \/>\n<\/span><\/p>\n<p><strong>Pozycja monta\u017cowa: <\/strong>Prz\u00f3d po prawej stronie<strong><br \/>\n<\/strong><\/p>\n<p>&nbsp;<\/p>\n<p><strong>Odpowiedni dla:<\/strong><\/p>\n<table width=\"921\">\n<tbody>\n<tr>\n<td width=\"83\"><strong>Rok<\/strong><\/td>\n<td width=\"83\"><strong>Marka<\/strong><\/td>\n<td width=\"186\"><strong>Model<\/strong><\/td>\n<td width=\"275\"><strong>Wersja<\/strong><\/td>\n<td width=\"294\"><strong>Silnik<\/strong><\/td>\n<\/tr>\n<tr>\n<td width=\"83\">2025<\/td>\n<td width=\"83\">Dodge<\/td>\n<td width=\"186\">Durango<\/td>\n<td width=\"275\">SRT Hellcat Hammerhead, SRT Hellcat Plus, SRT Hellcat Premium, SRT Hellcat Silver Bullet<\/td>\n<td width=\"294\">6.2L<\/td>\n<\/tr>\n<tr>\n<td width=\"83\">2024<\/td>\n<td width=\"83\">Dodge<\/td>\n<td width=\"186\">Durango<\/td>\n<td width=\"275\">SRT Hellcat, SRT Hellcat Plus, SRT Hellcat Premium<\/td>\n<td width=\"294\">6.2L<\/td>\n<\/tr>\n<tr>\n<td width=\"83\">2023<\/td>\n<td width=\"83\">Dodge<\/td>\n<td width=\"186\">Durango<\/td>\n<td width=\"275\">SRT Hellcat, SRT Hellcat Plus, SRT Hellcat Premium<\/td>\n<td width=\"294\">6.2L<\/td>\n<\/tr>\n<tr>\n<td width=\"83\">2021<\/td>\n<td width=\"83\">Dodge<\/td>\n<td width=\"186\">Durango<\/td>\n<td width=\"275\">SRT Hellcat<\/td>\n<td width=\"294\">6.2L<\/td>\n<\/tr>\n<tr>\n<td width=\"83\">2021<\/td>\n<td width=\"83\">Jeep<\/td>\n<td width=\"186\">Grand Cherokee<\/td>\n<td width=\"275\">Trackhawk<\/td>\n<td width=\"294\">6.2L<\/td>\n<\/tr>\n<tr>\n<td width=\"83\">2020<\/td>\n<td width=\"83\">Dodge<\/td>\n<td width=\"186\">Challenger<\/td>\n<td width=\"275\">SRT Hellcat, SRT Hellcat Redeye, SRT Hellcat Redeye Widebody, SRT Hellcat Widebody<\/td>\n<td width=\"294\">6.2L<\/td>\n<\/tr>\n<tr>\n<td width=\"83\">2020<\/td>\n<td width=\"83\">Dodge<\/td>\n<td width=\"186\">Charger<\/td>\n<td width=\"275\">SRT Hellcat Widebody<\/td>\n<td width=\"294\">6.2L<\/td>\n<\/tr>\n<tr>\n<td width=\"83\">2020<\/td>\n<td width=\"83\">Jeep<\/td>\n<td width=\"186\">Grand Cherokee<\/td>\n<td width=\"275\">Trackhawk<\/td>\n<td width=\"294\">6.2L<\/td>\n<\/tr>\n<tr>\n<td width=\"83\">2019<\/td>\n<td width=\"83\">Dodge<\/td>\n<td width=\"186\">Challenger<\/td>\n<td width=\"275\">SRT Hellcat, SRT Hellcat Redeye, SRT Hellcat Redeye Widebody, SRT Hellcat Widebody<\/td>\n<td width=\"294\">6.2L<\/td>\n<\/tr>\n<tr>\n<td width=\"83\">2019<\/td>\n<td width=\"83\">Dodge<\/td>\n<td width=\"186\">Charger<\/td>\n<td width=\"275\">SRT Hellcat<\/td>\n<td width=\"294\">6.2L<\/td>\n<\/tr>\n<tr>\n<td width=\"83\">2019<\/td>\n<td width=\"83\">Jeep<\/td>\n<td width=\"186\">Grand Cherokee<\/td>\n<td width=\"275\">Trackhawk<\/td>\n<td width=\"294\">6.2L<\/td>\n<\/tr>\n<tr>\n<td width=\"83\">2018<\/td>\n<td width=\"83\">Dodge<\/td>\n<td width=\"186\">Challenger<\/td>\n<td width=\"275\">SRT Demon, SRT Hellcat, SRT Hellcat Widebody<\/td>\n<td width=\"294\">6.2L<\/td>\n<\/tr>\n<tr>\n<td width=\"83\">2018<\/td>\n<td width=\"83\">Dodge<\/td>\n<td width=\"186\">Charger<\/td>\n<td width=\"275\">SRT Hellcat<\/td>\n<td width=\"294\">6.2L<\/td>\n<\/tr>\n<tr>\n<td width=\"83\">2018<\/td>\n<td width=\"83\">Jeep<\/td>\n<td width=\"186\">Grand Cherokee<\/td>\n<td width=\"275\">Trackhawk<\/td>\n<td width=\"294\">6.2L<\/td>\n<\/tr>\n<tr>\n<td width=\"83\">2017<\/td>\n<td width=\"83\">Dodge<\/td>\n<td width=\"186\">Challenger<\/td>\n<td width=\"275\">SRT Hellcat<\/td>\n<td width=\"294\">6.2L<\/td>\n<\/tr>\n<tr>\n<td width=\"83\">2017<\/td>\n<td width=\"83\">Dodge<\/td>\n<td width=\"186\">Charger<\/td>\n<td width=\"275\">SRT Hellcat<\/td>\n<td width=\"294\">6.2L<\/td>\n<\/tr>\n<tr>\n<td width=\"83\">2016<\/td>\n<td width=\"83\">Dodge<\/td>\n<td width=\"186\">Challenger<\/td>\n<td width=\"275\">SRT Hellcat<\/td>\n<td width=\"294\">6.2L<\/td>\n<\/tr>\n<tr>\n<td width=\"83\">2016<\/td>\n<td width=\"83\">Dodge<\/td>\n<td width=\"186\">Charger<\/td>\n<td width=\"275\">SRT Hellcat<\/td>\n<td width=\"294\">6.2L<\/td>\n<\/tr>\n<tr>\n<td width=\"83\">2015<\/td>\n<td width=\"83\">Dodge<\/td>\n<td width=\"186\">Challenger<\/td>\n<td width=\"275\">SRT Hellcat<\/td>\n<td width=\"294\">6.2L<\/td>\n<\/tr>\n<tr>\n<td width=\"83\">2015<\/td>\n<td width=\"83\">Dodge<\/td>\n<td width=\"186\">Charger<\/td>\n<td width=\"275\">SRT Hellcat<\/td>\n<td width=\"294\">6.2L<\/td>\n<\/tr>\n<\/tbody>\n<\/table>\n<p>&nbsp;<\/p>\n<p>Sonda lambda jest wa\u017cnym elementem nowoczesnych uk\u0142ad\u00f3w wydechowych, kt\u00f3ry s\u0142u\u017cy do kontroli i regulacji mieszanki paliwowo-powietrznej w silnikach spalinowych w celu zapewnienia mo\u017cliwie najbardziej wydajnego i przyjaznego dla \u015brodowiska spalania.<\/p>\n<p>Sonda lambda mierzy zawarto\u015b\u0107 tlenu w spalinach silnika. Mo\u017cna to wykorzysta\u0107 do okre\u015blenia, czy mieszanka paliwowo-powietrzna jest \"bogata\" (za du\u017co paliwa, za ma\u0142o powietrza) lub \"uboga\" (za du\u017co powietrza, za ma\u0142o paliwa). Celem jest osi\u0105gni\u0119cie idealnego stosunku mieszania, w kt\u00f3rym proporcja tlenu w uk\u0142adzie wydechowym i ilo\u015b\u0107 wtryskiwanego paliwa s\u0105 optymalnie dopasowane.<\/p>\n<p>Czujnik generuje napi\u0119cie elektryczne, kt\u00f3re zmienia si\u0119 w zale\u017cno\u015bci od zawarto\u015bci tlenu w spalinach. Napi\u0119cie to jest przekazywane do jednostki steruj\u0105cej silnika, kt\u00f3ra nast\u0119pnie dostosowuje dawk\u0119 wtrysku i dop\u0142yw powietrza w celu optymalizacji proporcji.<\/p>\n<p>Je\u015bli sonda lambda jest uszkodzona lub dzia\u0142a nieprawid\u0142owo, mo\u017ce to prowadzi\u0107 do kilku problem\u00f3w:<\/p>\n<ul>\n<li>Zwi\u0119kszone zu\u017cycie paliwa<\/li>\n<li>Utrata mocy silnika<\/li>\n<li>Zwi\u0119kszona emisja zanieczyszcze\u0144<\/li>\n<li>Wy\u015bwietlanie b\u0142\u0119d\u00f3w w komputerze pok\u0142adowym<\/li>\n<\/ul>\n<p>Cz\u0119stym objawem usterki jest stale nieprawid\u0142owa mieszanka, kt\u00f3ra jest albo zbyt bogata, albo zbyt uboga. Nowoczesne pojazdy zazwyczaj automatycznie rozpoznaj\u0105 problemy z sond\u0105 lambda i sygnalizuj\u0105 je za pomoc\u0105 kontrolki ostrzegawczej silnika.<\/p>\n<p>Typowe kody usterek dla uszkodzonej sondy lambda to: P0036, P0054, P0056, P0060, P0137, P0138, P013A, P013B, P014A, P014B, P0157, P0158, P0160, P0161, P0420, P0430, P2270, P2271, P2272, P2273, P2096, P2097, P2098, P2099<\/p>\n<p>&nbsp;<\/p>\n<h4>Dlaczego warto wybra\u0107 oryginalne cz\u0119\u015bci zamienne Mopar?<\/h4>\n<p><strong>Idealne dopasowanie i najwy\u017csza jako\u015b\u0107:<\/strong> Oryginalne cz\u0119\u015bci zamienne Mopar s\u0105 produkowane zgodnie ze \u015bcis\u0142ymi specyfikacjami producenta, co oznacza, \u017ce idealnie pasuj\u0105 do Twojego pojazdu. Zapewnia to nie tylko \u0142atw\u0105 instalacj\u0119, ale tak\u017ce optymaln\u0105 funkcjonalno\u015b\u0107 i bezpiecze\u0144stwo.<\/p>\n<p><strong>Niezawodno\u015b\u0107 i trwa\u0142o\u015b\u0107:<\/strong> Dzi\u0119ki zastosowaniu wysokiej jako\u015bci materia\u0142\u00f3w i rygorystycznej kontroli jako\u015bci, cz\u0119\u015bci zamienne Mopar zapewniaj\u0105 niezawodne dzia\u0142anie pojazdu nawet w ekstremalnych warunkach. Zosta\u0142y zaprojektowane z my\u015bl\u0105 o trwa\u0142o\u015bci i maksymalizacji osi\u0105g\u00f3w pojazdu.<\/p>","protected":false},"excerpt":{"rendered":"<p>Oryginalna cz\u0119\u015b\u0107 Mopar<\/p>\n<p>2015 - 2025<\/p>","protected":false},"featured_media":68308800,"comment_status":"open","ping_status":"closed","template":"","meta":{"_acf_changed":false},"product_brand":[16270],"product_cat":[7300,7327,7346,7406],"product_tag":[101,7939,1035,546,54,53,49,3853,95,521,7924,56,100,50,7901,520,7900,31,8813,9424,16271,16273,16275,16272,16274,7221,7899,34,2425,7902,7903,7904,7905,7906,7907,7908,7909,7910,7911,7912,7913,7914,7915,522,523,7920,7921,7922,7923,7916,7917,7918,7919,713,3550,102,7132,7133],"class_list":{"0":"post-68308798","1":"product","2":"type-product","3":"status-publish","4":"has-post-thumbnail","6":"product_brand-mopar","7":"product_cat-challenger-hellcat-sensoren","8":"product_cat-charger-hellcat-sensoren","9":"product_cat-durango-hellcat-sensoren","10":"product_cat-trackhawk-sensoren","11":"product_tag-6-2","12":"product_tag-68250166aa","13":"product_tag-abgasanlage","14":"product_tag-auspuff","15":"product_tag-challenger","16":"product_tag-charger","17":"product_tag-dodge","18":"product_tag-dodge-challenger","19":"product_tag-durango","20":"product_tag-fehlercode","21":"product_tag-fehlerspeicher","22":"product_tag-grand-cherokee","23":"product_tag-hellcat","24":"product_tag-jeep","25":"product_tag-kraftstoffverbrauch","26":"product_tag-lambdasonde","27":"product_tag-lambdasonden","28":"product_tag-mopar","29":"product_tag-mopar-autoteile","30":"product_tag-mopar-ersatzteile","31":"product_tag-mopar-ersatzteile-kaufen","32":"product_tag-mopar-performance-teile","33":"product_tag-mopar-teile-katalog","34":"product_tag-mopar-teile-online","35":"product_tag-mopar-tuningteile","36":"product_tag-mopar10","37":"product_tag-o2-sensor","38":"product_tag-original","39":"product_tag-originalteil","40":"product_tag-p0036","41":"product_tag-p0054","42":"product_tag-p0056","43":"product_tag-p0060","44":"product_tag-p0137","45":"product_tag-p0138","46":"product_tag-p013a","47":"product_tag-p013b","48":"product_tag-p014a","49":"product_tag-p014b","50":"product_tag-p0157","51":"product_tag-p0158","52":"product_tag-p0160","53":"product_tag-p0161","54":"product_tag-p0420","55":"product_tag-p0430","56":"product_tag-p2096","57":"product_tag-p2097","58":"product_tag-p2098","59":"product_tag-p2099","60":"product_tag-p2270","61":"product_tag-p2271","62":"product_tag-p2272","63":"product_tag-p2273","64":"product_tag-sensor","65":"product_tag-sonde","66":"product_tag-trackhawk","67":"product_tag-vorne-links","68":"product_tag-vorne-rechts","70":"first","71":"instock","72":"taxable","73":"shipping-taxable","74":"purchasable","75":"product-type-simple"},"bundled_by":[],"bundle_stock_status":"instock","bundle_stock_quantity":4,"bundle_virtual":false,"bundle_layout":"","bundle_add_to_cart_form_location":"","bundle_editable_in_cart":false,"bundle_sold_individually_context":"","bundle_item_grouping":"","bundle_min_size":"","bundle_max_size":"","bundle_price":[],"bundled_items":[],"bundle_sell_ids":[],"exclude_global_add_ons":[],"addons":[],"acf":[],"_links":{"self":[{"href":"https:\/\/kraftwerk-shop.cc\/pl\/wp-json\/wp\/v2\/product\/68308798","targetHints":{"allow":["GET"]}}],"collection":[{"href":"https:\/\/kraftwerk-shop.cc\/pl\/wp-json\/wp\/v2\/product"}],"about":[{"href":"https:\/\/kraftwerk-shop.cc\/pl\/wp-json\/wp\/v2\/types\/product"}],"replies":[{"embeddable":true,"href":"https:\/\/kraftwerk-shop.cc\/pl\/wp-json\/wp\/v2\/comments?post=68308798"}],"version-history":[{"count":0,"href":"https:\/\/kraftwerk-shop.cc\/pl\/wp-json\/wp\/v2\/product\/68308798\/revisions"}],"wp:featuredmedia":[{"embeddable":true,"href":"https:\/\/kraftwerk-shop.cc\/pl\/wp-json\/wp\/v2\/media\/68308800"}],"wp:attachment":[{"href":"https:\/\/kraftwerk-shop.cc\/pl\/wp-json\/wp\/v2\/media?parent=68308798"}],"wp:term":[{"taxonomy":"product_brand","embeddable":true,"href":"https:\/\/kraftwerk-shop.cc\/pl\/wp-json\/wp\/v2\/product_brand?post=68308798"},{"taxonomy":"product_cat","embeddable":true,"href":"https:\/\/kraftwerk-shop.cc\/pl\/wp-json\/wp\/v2\/product_cat?post=68308798"},{"taxonomy":"product_tag","embeddable":true,"href":"https:\/\/kraftwerk-shop.cc\/pl\/wp-json\/wp\/v2\/product_tag?post=68308798"}],"curies":[{"name":"wp","href":"https:\/\/api.w.org\/{rel}","templated":true}]}}