{"id":68309184,"date":"2024-10-19T18:07:24","date_gmt":"2024-10-19T16:07:24","guid":{"rendered":"https:\/\/kraftwerk-shop.cc\/?post_type=product&#038;p=68309184"},"modified":"2026-03-27T12:46:41","modified_gmt":"2026-03-27T11:46:41","slug":"modernizacja-pompy-wody-durango-ram-57","status":"publish","type":"product","link":"https:\/\/kraftwerk-shop.cc\/pl\/produkt\/upgrade-wasserpumpe-durango-ram-57\/","title":{"rendered":"Modernizacja pompy wody ch\u0142odz\u0105cej Durango &amp; RAM 5.7"},"content":{"rendered":"<h1>Ulepszona pompa wody ch\u0142odz\u0105cej dla Dodge Durango, RAM 1500, 2500 i 3500 5.7 od 2003 do 2008 r.<\/h1>\n<p>&nbsp;<\/p>\n<p><strong>Liczby por\u00f3wnawcze Mopar:<\/strong> <span class=\"list-value\">53021380AK, 53021380AL, 53021380AM, 53021380BB<\/span>, <span class=\"list-value sku-display\">68382494AA<\/span><\/p>\n<p>&nbsp;<\/p>\n<p><strong>W\u0142a\u015bciwo\u015bci<\/strong><\/p>\n<ul>\n<li>Hartowane \u0142o\u017cyska<\/li>\n<li>Precyzyjnie obrabiane CNC powierzchnie<\/li>\n<li>Metalowe ko\u0142o (oryginalna cz\u0119\u015b\u0107 Mopar wykorzystuje kruche plastikowe ko\u0142o)<\/li>\n<li>W tym uszczelka pompy wodnej<\/li>\n<\/ul>\n<p>&nbsp;<\/p>\n<p><strong>Zalety \u0142o\u017cysk utwardzanych powierzchniowo<\/strong><\/p>\n<p>Ta pompa wody ch\u0142odz\u0105cej wykorzystuje hartowane \u0142o\u017cyska opracowane zgodnie ze specyfikacjami oryginalnego producenta, aby spe\u0142ni\u0107 okre\u015blone wymagania dotycz\u0105ce momentu promieniowego i obci\u0105\u017cenia osiowego dla ka\u017cdego zastosowania.<br \/>\nTe wysokiej jako\u015bci hartowane \u0142o\u017cyska maj\u0105 wy\u017csz\u0105 no\u015bno\u015b\u0107 i s\u0105 wytrzyma\u0142e na zewn\u0105trz, ale elastyczne wewn\u0105trz. Dzi\u0119ki temu idealnie nadaj\u0105 si\u0119 do przeciwdzia\u0142ania niewywa\u017ceniu lub wibracjom w uk\u0142adzie ch\u0142odzenia.<\/p>\n<p>&nbsp;<\/p>\n<ul>\n<li>D\u0142uga \u017cywotno\u015b\u0107<\/li>\n<li>Wysoka no\u015bno\u015b\u0107<\/li>\n<li>Twarda na zewn\u0105trz i elastyczna wewn\u0105trz<\/li>\n<li>Odporno\u015b\u0107 na niewywa\u017cenie lub wibracje w uk\u0142adzie ch\u0142odzenia<\/li>\n<\/ul>\n<p>&nbsp;<\/p>\n<p><strong>Zalety precyzyjnych powierzchni frezowanych CNC<\/strong><\/p>\n<p>Pompa wody jest produkowana zgodnie ze specyfikacj\u0105 oryginalnego odlewu, a wszystkie powierzchnie monta\u017cowe s\u0105 nast\u0119pnie frezowane CNC.<br \/>\nUmo\u017cliwia to \u0142atw\u0105 instalacj\u0119 i zapewnia precyzyjne uszczelnienie wszystkich \u0142\u0105czonych powierzchni. Szczelne po\u0142\u0105czenie zapewnia d\u0142ug\u0105 \u017cywotno\u015b\u0107 komponent\u00f3w i maksymaln\u0105 wydajno\u015b\u0107.<\/p>\n<p>&nbsp;<\/p>\n<ul>\n<li>Gwarantowana dok\u0142adno\u015b\u0107 dopasowania z dopasowanymi komponentami<\/li>\n<li>Zapobiega wyciekom<\/li>\n<li>Sprawdzone i przetestowane zgodnie z normami ISO9001:2015<\/li>\n<\/ul>\n<p>&nbsp;<\/p>\n<p><strong>Zalety wirnik\u00f3w metalowych<\/strong><\/p>\n<p>Wirniki metalowe s\u0105 znacznie lepsze od wirnik\u00f3w plastikowych. Dzi\u0119ki zastosowaniu metalowych wirnik\u00f3w, pompa wodna mo\u017ce sprosta\u0107 wy\u017cszym momentom obrotowym i wy\u017cszym temperaturom.<br \/>\nPomaga to nie tylko poprawi\u0107 wydajno\u015b\u0107, ale tak\u017ce zapobiega awariom podzespo\u0142\u00f3w spowodowanym przez p\u0119kni\u0119te lub zdeformowane ko\u0142a.<\/p>\n<p>&nbsp;<\/p>\n<ul>\n<li>Wytrzymuje wysokie temperatury<\/li>\n<li>Odporno\u015b\u0107 na chemikalia<\/li>\n<li>Du\u017ca moc przy wysokich pr\u0119dko\u015bciach<\/li>\n<li>Nie odkszta\u0142ca si\u0119<\/li>\n<li>Wytrzymuje wysokie momenty obrotowe<\/li>\n<li>Nie ulega fragmentacji<\/li>\n<li>Brak p\u0119kni\u0119\u0107 podczas pasowania<\/li>\n<li>Wyj\u0105tkowa wytrzyma\u0142o\u015b\u0107<\/li>\n<li>Wytrzymuje tolerancje w silnikach o du\u017cym przebiegu<\/li>\n<\/ul>\n<p>&nbsp;<\/p>\n<p>&nbsp;<\/p>\n<p><strong>Odpowiedni dla:<\/strong><\/p>\n<table width=\"921\">\n<tbody>\n<tr>\n<td width=\"83\"><strong>Rok<\/strong><\/td>\n<td width=\"83\"><strong>Marka<\/strong><\/td>\n<td width=\"186\"><strong>Model<\/strong><\/td>\n<td width=\"275\"><strong>Wersja<\/strong><\/td>\n<td width=\"294\"><strong>Silnik<\/strong><\/td>\n<\/tr>\n<tr>\n<td width=\"83\">2008<\/td>\n<td width=\"83\">Chrysler<\/td>\n<td width=\"186\">Aspen<\/td>\n<td width=\"275\">Limited<\/td>\n<td width=\"294\">5.7L<\/td>\n<\/tr>\n<tr>\n<td width=\"83\">2008<\/td>\n<td width=\"83\">Dodge<\/td>\n<td width=\"186\">Durango<\/td>\n<td width=\"275\">Adventurer, Limited, SLT<\/td>\n<td width=\"294\">5.7L<\/td>\n<\/tr>\n<tr>\n<td width=\"83\">2008<\/td>\n<td width=\"83\">Dodge<\/td>\n<td width=\"186\">Ram 1500<\/td>\n<td width=\"275\">Laramie, SLT, ST<\/td>\n<td width=\"294\">4.7L V8 - Flex, 4.7L, 5.7L<\/td>\n<\/tr>\n<tr>\n<td width=\"83\">2008<\/td>\n<td width=\"83\">Dodge<\/td>\n<td width=\"186\">Ram 2500<\/td>\n<td width=\"275\">Laramie, Power Wagon, SLT, ST, SXT<\/td>\n<td width=\"294\">5.7L<\/td>\n<\/tr>\n<tr>\n<td width=\"83\">2008<\/td>\n<td width=\"83\">Dodge<\/td>\n<td width=\"186\">Ram 3500<\/td>\n<td width=\"275\">Laramie, SLT, ST<\/td>\n<td width=\"294\">5.7L<\/td>\n<\/tr>\n<tr>\n<td width=\"83\">2007<\/td>\n<td width=\"83\">Chrysler<\/td>\n<td width=\"186\">Aspen<\/td>\n<td width=\"275\">Limited<\/td>\n<td width=\"294\">5.7L<\/td>\n<\/tr>\n<tr>\n<td width=\"83\">2007<\/td>\n<td width=\"83\">Dodge<\/td>\n<td width=\"186\">Durango<\/td>\n<td width=\"275\">Adventurer, Limited, SLT, SXT<\/td>\n<td width=\"294\">5.7L<\/td>\n<\/tr>\n<tr>\n<td width=\"83\">2007<\/td>\n<td width=\"83\">Dodge<\/td>\n<td width=\"186\">Ram 1500<\/td>\n<td width=\"275\">Laramie, SLT, ST, Sport, TRX4<\/td>\n<td width=\"294\">5.7L<\/td>\n<\/tr>\n<tr>\n<td width=\"83\">2007<\/td>\n<td width=\"83\">Dodge<\/td>\n<td width=\"186\">Ram 2500<\/td>\n<td width=\"275\">Laramie, Power Wagon, SLT, ST, Sport, TRX4<\/td>\n<td width=\"294\">5.7L<\/td>\n<\/tr>\n<tr>\n<td width=\"83\">2007<\/td>\n<td width=\"83\">Dodge<\/td>\n<td width=\"186\">Ram 3500<\/td>\n<td width=\"275\">Laramie, SLT, ST, Sport<\/td>\n<td width=\"294\">5.7L<\/td>\n<\/tr>\n<tr>\n<td width=\"83\">2006<\/td>\n<td width=\"83\">Dodge<\/td>\n<td width=\"186\">Durango<\/td>\n<td width=\"275\">Limited, SLT<\/td>\n<td width=\"294\">5.7L<\/td>\n<\/tr>\n<tr>\n<td width=\"83\">2006<\/td>\n<td width=\"83\">Dodge<\/td>\n<td width=\"186\">Ram 1500<\/td>\n<td width=\"275\">Laramie, SLT, ST<\/td>\n<td width=\"294\">5.7L<\/td>\n<\/tr>\n<tr>\n<td width=\"83\">2006<\/td>\n<td width=\"83\">Dodge<\/td>\n<td width=\"186\">Ram 2500<\/td>\n<td width=\"275\">Laramie, SLT, ST<\/td>\n<td width=\"294\">5.7L<\/td>\n<\/tr>\n<tr>\n<td width=\"83\">2006<\/td>\n<td width=\"83\">Dodge<\/td>\n<td width=\"186\">Ram 3500<\/td>\n<td width=\"275\">Laramie, SLT, ST<\/td>\n<td width=\"294\">5.7L<\/td>\n<\/tr>\n<tr>\n<td width=\"83\">2005<\/td>\n<td width=\"83\">Dodge<\/td>\n<td width=\"186\">Durango<\/td>\n<td width=\"275\">Limited, SLT<\/td>\n<td width=\"294\">5.7L<\/td>\n<\/tr>\n<tr>\n<td width=\"83\">2005<\/td>\n<td width=\"83\">Dodge<\/td>\n<td width=\"186\">Ram 1500<\/td>\n<td width=\"275\">SLT, ST<\/td>\n<td width=\"294\">5.7L<\/td>\n<\/tr>\n<tr>\n<td width=\"83\">2005<\/td>\n<td width=\"83\">Dodge<\/td>\n<td width=\"186\">Ram 2500<\/td>\n<td width=\"275\">SLT, ST<\/td>\n<td width=\"294\">5.7L<\/td>\n<\/tr>\n<tr>\n<td width=\"83\">2005<\/td>\n<td width=\"83\">Dodge<\/td>\n<td width=\"186\">Ram 3500<\/td>\n<td width=\"275\">SLT, ST<\/td>\n<td width=\"294\">5.7L<\/td>\n<\/tr>\n<tr>\n<td width=\"83\">2004<\/td>\n<td width=\"83\">Dodge<\/td>\n<td width=\"186\">Durango<\/td>\n<td width=\"275\">Limited, SLT<\/td>\n<td width=\"294\">5.7L<\/td>\n<\/tr>\n<tr>\n<td width=\"83\">2004<\/td>\n<td width=\"83\">Dodge<\/td>\n<td width=\"186\">Ram 1500<\/td>\n<td width=\"275\">SLT, ST<\/td>\n<td width=\"294\">5.7L<\/td>\n<\/tr>\n<tr>\n<td width=\"83\">2004<\/td>\n<td width=\"83\">Dodge<\/td>\n<td width=\"186\">Ram 2500<\/td>\n<td width=\"275\">SLT, ST<\/td>\n<td width=\"294\">5.7L<\/td>\n<\/tr>\n<tr>\n<td width=\"83\">2004<\/td>\n<td width=\"83\">Dodge<\/td>\n<td width=\"186\">Ram 3500<\/td>\n<td width=\"275\">SLT, ST<\/td>\n<td width=\"294\">5.7L<\/td>\n<\/tr>\n<tr>\n<td width=\"83\">2003<\/td>\n<td width=\"83\">Dodge<\/td>\n<td width=\"186\">Ram 1500<\/td>\n<td width=\"275\">SLT, ST<\/td>\n<td width=\"294\">5.7L<\/td>\n<\/tr>\n<tr>\n<td width=\"83\">2003<\/td>\n<td width=\"83\">Dodge<\/td>\n<td width=\"186\">Ram 2500<\/td>\n<td width=\"275\">SLT, ST<\/td>\n<td width=\"294\">5.7L<\/td>\n<\/tr>\n<tr>\n<td width=\"83\">2003<\/td>\n<td width=\"83\">Dodge<\/td>\n<td width=\"186\">Ram 3500<\/td>\n<td width=\"275\">SLT, ST<\/td>\n<td width=\"294\">5.7L<\/td>\n<\/tr>\n<\/tbody>\n<\/table>\n<p>&nbsp;<\/p>\n<p>&nbsp;<\/p>","protected":false},"excerpt":{"rendered":"<p>2003\u20132008<\/p>","protected":false},"featured_media":68309186,"comment_status":"open","ping_status":"closed","template":"","meta":{"_acf_changed":false},"product_brand":[],"product_cat":[2533,7762],"product_tag":[18663,18664,18665,18666,91,7993,7994,7995,7996,7992,49,95,5255,86,216,6430,5254,673],"class_list":{"0":"post-68309184","1":"product","2":"type-product","3":"status-publish","4":"has-post-thumbnail","6":"product_cat-durango-57-kuehlung","7":"product_cat-1500-57-2003-2008-kuehlung","8":"product_tag-053021380ak","9":"product_tag-053021380al","10":"product_tag-053021380am","11":"product_tag-053021380bb","12":"product_tag-5-7","13":"product_tag-53021380ak","14":"product_tag-53021380al","15":"product_tag-53021380am","16":"product_tag-53021380bb","17":"product_tag-68382494aa","18":"product_tag-dodge","19":"product_tag-durango","20":"product_tag-kuehlwasserpumpe","21":"product_tag-ram","22":"product_tag-upgrade","23":"product_tag-usmotor","24":"product_tag-wasserpumpe","25":"product_tag-zubehoer","27":"first","28":"instock","29":"taxable","30":"shipping-taxable","31":"purchasable","32":"product-type-simple"},"bundled_by":[],"bundle_stock_status":"instock","bundle_stock_quantity":2,"bundle_virtual":false,"bundle_layout":"","bundle_add_to_cart_form_location":"","bundle_editable_in_cart":false,"bundle_sold_individually_context":"","bundle_item_grouping":"","bundle_min_size":"","bundle_max_size":"","bundle_price":[],"bundled_items":[],"bundle_sell_ids":[],"exclude_global_add_ons":[],"addons":[],"acf":[],"_links":{"self":[{"href":"https:\/\/kraftwerk-shop.cc\/pl\/wp-json\/wp\/v2\/product\/68309184","targetHints":{"allow":["GET"]}}],"collection":[{"href":"https:\/\/kraftwerk-shop.cc\/pl\/wp-json\/wp\/v2\/product"}],"about":[{"href":"https:\/\/kraftwerk-shop.cc\/pl\/wp-json\/wp\/v2\/types\/product"}],"replies":[{"embeddable":true,"href":"https:\/\/kraftwerk-shop.cc\/pl\/wp-json\/wp\/v2\/comments?post=68309184"}],"version-history":[{"count":0,"href":"https:\/\/kraftwerk-shop.cc\/pl\/wp-json\/wp\/v2\/product\/68309184\/revisions"}],"wp:featuredmedia":[{"embeddable":true,"href":"https:\/\/kraftwerk-shop.cc\/pl\/wp-json\/wp\/v2\/media\/68309186"}],"wp:attachment":[{"href":"https:\/\/kraftwerk-shop.cc\/pl\/wp-json\/wp\/v2\/media?parent=68309184"}],"wp:term":[{"taxonomy":"product_brand","embeddable":true,"href":"https:\/\/kraftwerk-shop.cc\/pl\/wp-json\/wp\/v2\/product_brand?post=68309184"},{"taxonomy":"product_cat","embeddable":true,"href":"https:\/\/kraftwerk-shop.cc\/pl\/wp-json\/wp\/v2\/product_cat?post=68309184"},{"taxonomy":"product_tag","embeddable":true,"href":"https:\/\/kraftwerk-shop.cc\/pl\/wp-json\/wp\/v2\/product_tag?post=68309184"}],"curies":[{"name":"wp","href":"https:\/\/api.w.org\/{rel}","templated":true}]}}