{"id":68309260,"date":"2024-10-21T22:47:55","date_gmt":"2024-10-21T20:47:55","guid":{"rendered":"https:\/\/kraftwerk-shop.cc\/?post_type=product&#038;p=68309260"},"modified":"2026-03-02T11:11:36","modified_gmt":"2026-03-02T10:11:36","slug":"czujnik-abs-mopar-68569551aa","status":"publish","type":"product","link":"https:\/\/kraftwerk-shop.cc\/pl\/produkt\/mopar-abs-sensor-68569551aa\/","title":{"rendered":"Czujnik ABS Mopar (68569551AA)"},"content":{"rendered":"<h1>Oryginalny czujnik ABS Mopar (<span class=\"list-value sku-display\">68569551AA<\/span>) dla Jeep Grand Cherokee i Dodge Durango od 2016 - 2025, prz\u00f3d lewy + prawy<\/h1>\n<p>&nbsp;<\/p>\n<p><span lang=\"DE\"><strong>Numer cz\u0119\u015bci Mopar:<\/strong> <span class=\"list-value sku-display\">68569551AA<\/span><br \/>\n<strong>Zast\u0105piony:\u00a0 <\/strong><span class=\"list-value\">68250893AA<\/span><br \/>\n<\/span><\/p>\n<p><strong>Pozycja monta\u017cowa:<\/strong> przedni lewy, przedni prawy<\/p>\n<p>&nbsp;<\/p>\n<p><strong>Odpowiedni dla:<\/strong><\/p>\n<table width=\"921\">\n<tbody>\n<tr>\n<td width=\"83\"><strong>Rok<\/strong><\/td>\n<td width=\"83\"><strong>Marka<\/strong><\/td>\n<td width=\"186\"><strong>Model<\/strong><\/td>\n<td width=\"275\"><strong>Wersja<\/strong><\/td>\n<td width=\"294\"><strong>Silnik<\/strong><\/td>\n<\/tr>\n<tr>\n<td width=\"83\">2025<\/td>\n<td width=\"83\">Dodge<\/td>\n<td width=\"186\">Durango<\/td>\n<td width=\"275\">GT, GT Plus, R\/T, R\/T Plus, R\/T Premium, Serwis Specjalny<\/td>\n<td width=\"294\">3.6L, 5.7L<\/td>\n<\/tr>\n<tr>\n<td width=\"83\">2024<\/td>\n<td width=\"83\">Dodge<\/td>\n<td width=\"186\">Durango<\/td>\n<td width=\"275\">Citadel, GT, GT Plus, GT Premium, Pursuit, R\/T, R\/T Plus, R\/T Premium, SXT, SXT Plus, Special Service<\/td>\n<td width=\"294\">3.6L, 5.7L<\/td>\n<\/tr>\n<tr>\n<td width=\"83\">2023<\/td>\n<td width=\"83\">Dodge<\/td>\n<td width=\"186\">Durango<\/td>\n<td width=\"275\">Citadel, GT, GT Plus, GT Premium, R\/T, R\/T Hemi Orange, R\/T Plus, R\/T Premium, SXT, SXT Plus<\/td>\n<td width=\"294\">3.6L, 5.7L<\/td>\n<\/tr>\n<tr>\n<td width=\"83\">2022<\/td>\n<td width=\"83\">Dodge<\/td>\n<td width=\"186\">Durango<\/td>\n<td width=\"275\">Citadel, GT, GT Plus, R\/T, R\/T Plus, SXT<\/td>\n<td width=\"294\">3.6L, 5.7L<\/td>\n<\/tr>\n<tr>\n<td width=\"83\">2022<\/td>\n<td width=\"83\">Jeep<\/td>\n<td width=\"186\">Grand Cherokee WK<\/td>\n<td width=\"275\">Laredo E, Laredo X, Limited<\/td>\n<td width=\"294\">3.6L V6 - Flex<\/td>\n<\/tr>\n<tr>\n<td width=\"83\">2021<\/td>\n<td width=\"83\">Dodge<\/td>\n<td width=\"186\">Durango<\/td>\n<td width=\"275\">Citadel, GT, GT Plus, Pursuit, R\/T, SXT, SXT Plus, Special Service<\/td>\n<td width=\"294\">3.6L, 5.7L<\/td>\n<\/tr>\n<tr>\n<td width=\"83\">2021<\/td>\n<td width=\"83\">Jeep<\/td>\n<td width=\"186\">Grand Cherokee<\/td>\n<td width=\"275\">80th Anniversary, High Altitude, Laredo E, Laredo X, Limited, Limited X, Overland, SRT, Summit, Trackhawk, Trailhawk<\/td>\n<td width=\"294\">3.6L V6 - Flex, 5.7L, 6.2L, 6.4L<\/td>\n<\/tr>\n<tr>\n<td width=\"83\">2020<\/td>\n<td width=\"83\">Dodge<\/td>\n<td width=\"186\">Durango<\/td>\n<td width=\"275\">Citadel, GT, GT Plus, Pursuit, R\/T, SXT, SXT Plus, Special Service<\/td>\n<td width=\"294\">3.6L, 5.7L<\/td>\n<\/tr>\n<tr>\n<td width=\"83\">2020<\/td>\n<td width=\"83\">Jeep<\/td>\n<td width=\"186\">Grand Cherokee<\/td>\n<td width=\"275\">Altitude, High Altitude, Laredo, Limited, Limited X, Overland, SRT, Summit, Trackhawk, Trailhawk, Upland<\/td>\n<td width=\"294\">3.6L V6 - Flex, 5.7L, 6.2L, 6.4L<\/td>\n<\/tr>\n<tr>\n<td width=\"83\">2019<\/td>\n<td width=\"83\">Dodge<\/td>\n<td width=\"186\">Durango<\/td>\n<td width=\"275\">Citadel, GT, Pursuit, R\/T, SXT, SXT Plus, Special Service<\/td>\n<td width=\"294\">3.6L, 5.7L<\/td>\n<\/tr>\n<tr>\n<td width=\"83\">2019<\/td>\n<td width=\"83\">Jeep<\/td>\n<td width=\"186\">Grand Cherokee<\/td>\n<td width=\"275\">Altitude, High Altitude, Laredo, Limited, Limited X, Overland, SRT, Summit, Trackhawk, Trailhawk, Upland<\/td>\n<td width=\"294\">3.0L V6 - Diesel, 3.6L V6 - Flex, 5.7L, 6.2L, 6.4L<\/td>\n<\/tr>\n<tr>\n<td width=\"83\">2018<\/td>\n<td width=\"83\">Dodge<\/td>\n<td width=\"186\">Durango<\/td>\n<td width=\"275\">Citadel, GT, R\/T, SXT, SXT Plus, Special Service<\/td>\n<td width=\"294\">3.6L, 5.7L<\/td>\n<\/tr>\n<tr>\n<td width=\"83\">2018<\/td>\n<td width=\"83\">Jeep<\/td>\n<td width=\"186\">Grand Cherokee<\/td>\n<td width=\"275\">Altitude, High Altitude, Laredo, Limited, Overland, SRT, Summit, Trackhawk, Trailhawk<\/td>\n<td width=\"294\">3.0L V6 - Diesel, 3.6L V6 - Flex, 5.7L, 6.2L, 6.4L<\/td>\n<\/tr>\n<tr>\n<td width=\"83\">2017<\/td>\n<td width=\"83\">Dodge<\/td>\n<td width=\"186\">Durango<\/td>\n<td width=\"275\">Citadel, GT, R\/T, SXT, Special Service<\/td>\n<td width=\"294\">3.6L V6 - Flex, 5.7L<\/td>\n<\/tr>\n<tr>\n<td width=\"83\">2017<\/td>\n<td width=\"83\">Jeep<\/td>\n<td width=\"186\">Grand Cherokee<\/td>\n<td width=\"275\">Laredo, Limited, Overland, Summit, Trailhawk<\/td>\n<td width=\"294\">3.0L V6 - Diesel, 3.6L V6 - Flex, 5.7L<\/td>\n<\/tr>\n<tr>\n<td width=\"83\">2016<\/td>\n<td width=\"83\">Dodge<\/td>\n<td width=\"186\">Durango<\/td>\n<td width=\"275\">Citadel, Limited, R\/T, SXT, Special Service<\/td>\n<td width=\"294\">3.6L V6 - Flex, 5.7L<\/td>\n<\/tr>\n<tr>\n<td width=\"83\">2016<\/td>\n<td width=\"83\">Jeep<\/td>\n<td width=\"186\">Grand Cherokee<\/td>\n<td width=\"275\">75th Anniversary, Laredo, Limited, Overland, Summit<\/td>\n<td width=\"294\">3.0L V6 - Diesel, 3.6L V6 - Flex, 5.7L<\/td>\n<\/tr>\n<\/tbody>\n<\/table>\n<p>&nbsp;<\/p>\n<h4>Dlaczego warto wybra\u0107 oryginalne cz\u0119\u015bci zamienne Mopar?<\/h4>\n<p><strong>Idealne dopasowanie i najwy\u017csza jako\u015b\u0107:<\/strong> Oryginalne cz\u0119\u015bci zamienne Mopar s\u0105 produkowane zgodnie ze \u015bcis\u0142ymi specyfikacjami producenta, co oznacza, \u017ce idealnie pasuj\u0105 do Twojego pojazdu. Zapewnia to nie tylko \u0142atw\u0105 instalacj\u0119, ale tak\u017ce optymaln\u0105 funkcjonalno\u015b\u0107 i bezpiecze\u0144stwo.<\/p>\n<p><strong>Niezawodno\u015b\u0107 i trwa\u0142o\u015b\u0107:<\/strong> Dzi\u0119ki zastosowaniu wysokiej jako\u015bci materia\u0142\u00f3w i rygorystycznej kontroli jako\u015bci, cz\u0119\u015bci zamienne Mopar zapewniaj\u0105 niezawodne dzia\u0142anie pojazdu nawet w ekstremalnych warunkach. Zosta\u0142y zaprojektowane z my\u015bl\u0105 o trwa\u0142o\u015bci i maksymalizacji osi\u0105g\u00f3w pojazdu.<\/p>\n<p>&nbsp;<\/p>","protected":false},"excerpt":{"rendered":"<p>Oryginalna cz\u0119\u015b\u0107 Mopar<\/p>\n<p>przedni lewy, przedni prawy<br \/>\n2016\u20132025<\/p>\n<p>&nbsp;<\/p>","protected":false},"featured_media":68309325,"comment_status":"open","ping_status":"closed","template":"","meta":{"_acf_changed":false},"product_brand":[16270],"product_cat":[10262],"product_tag":[572,2136,91,101,93,8020,8019,3213,7115,49,95,56,100,50,1149,31,8813,9424,16271,16273,16275,16272,16274,7221,2793,713,96,102,841,7132,7133],"class_list":{"0":"post-68309260","1":"product","2":"type-product","3":"status-publish","4":"has-post-thumbnail","6":"product_brand-mopar","7":"product_cat-alle-produkte","8":"product_tag-3-0-crd","9":"product_tag-3-0-multijet","10":"product_tag-5-7","11":"product_tag-6-2","12":"product_tag-6-4","13":"product_tag-68250893aa","14":"product_tag-68569551aa","15":"product_tag-abs","16":"product_tag-abs-sensor","17":"product_tag-dodge","18":"product_tag-durango","19":"product_tag-grand-cherokee","20":"product_tag-hellcat","21":"product_tag-jeep","22":"product_tag-links","23":"product_tag-mopar","24":"product_tag-mopar-autoteile","25":"product_tag-mopar-ersatzteile","26":"product_tag-mopar-ersatzteile-kaufen","27":"product_tag-mopar-performance-teile","28":"product_tag-mopar-teile-katalog","29":"product_tag-mopar-teile-online","30":"product_tag-mopar-tuningteile","31":"product_tag-mopar10","32":"product_tag-rechts","33":"product_tag-sensor","34":"product_tag-srt","35":"product_tag-trackhawk","36":"product_tag-vorne","37":"product_tag-vorne-links","38":"product_tag-vorne-rechts","40":"first","41":"instock","42":"taxable","43":"shipping-taxable","44":"purchasable","45":"product-type-simple"},"bundled_by":[],"bundle_stock_status":"instock","bundle_stock_quantity":3,"bundle_virtual":false,"bundle_layout":"","bundle_add_to_cart_form_location":"","bundle_editable_in_cart":false,"bundle_sold_individually_context":"","bundle_item_grouping":"","bundle_min_size":"","bundle_max_size":"","bundle_price":[],"bundled_items":[],"bundle_sell_ids":[],"exclude_global_add_ons":[],"addons":[],"acf":[],"_links":{"self":[{"href":"https:\/\/kraftwerk-shop.cc\/pl\/wp-json\/wp\/v2\/product\/68309260","targetHints":{"allow":["GET"]}}],"collection":[{"href":"https:\/\/kraftwerk-shop.cc\/pl\/wp-json\/wp\/v2\/product"}],"about":[{"href":"https:\/\/kraftwerk-shop.cc\/pl\/wp-json\/wp\/v2\/types\/product"}],"replies":[{"embeddable":true,"href":"https:\/\/kraftwerk-shop.cc\/pl\/wp-json\/wp\/v2\/comments?post=68309260"}],"version-history":[{"count":0,"href":"https:\/\/kraftwerk-shop.cc\/pl\/wp-json\/wp\/v2\/product\/68309260\/revisions"}],"wp:featuredmedia":[{"embeddable":true,"href":"https:\/\/kraftwerk-shop.cc\/pl\/wp-json\/wp\/v2\/media\/68309325"}],"wp:attachment":[{"href":"https:\/\/kraftwerk-shop.cc\/pl\/wp-json\/wp\/v2\/media?parent=68309260"}],"wp:term":[{"taxonomy":"product_brand","embeddable":true,"href":"https:\/\/kraftwerk-shop.cc\/pl\/wp-json\/wp\/v2\/product_brand?post=68309260"},{"taxonomy":"product_cat","embeddable":true,"href":"https:\/\/kraftwerk-shop.cc\/pl\/wp-json\/wp\/v2\/product_cat?post=68309260"},{"taxonomy":"product_tag","embeddable":true,"href":"https:\/\/kraftwerk-shop.cc\/pl\/wp-json\/wp\/v2\/product_tag?post=68309260"}],"curies":[{"name":"wp","href":"https:\/\/api.w.org\/{rel}","templated":true}]}}