{"id":68309569,"date":"2024-11-02T00:44:51","date_gmt":"2024-11-01T23:44:51","guid":{"rendered":"https:\/\/kraftwerk-shop.cc\/?post_type=product&#038;p=68309569"},"modified":"2026-03-30T11:23:16","modified_gmt":"2026-03-30T09:23:16","slug":"tlumik-drgan-walu-korbowego-mopar-5038473aa","status":"publish","type":"product","link":"https:\/\/kraftwerk-shop.cc\/pl\/produkt\/mopar-kurbelwellendaempfer-5038473aa\/","title":{"rendered":"T\u0142umik drga\u0144 wa\u0142u korbowego Mopar 6.4 (5038473AA)"},"content":{"rendered":"<h1>Oryginalny t\u0142umik drga\u0144 wa\u0142u korbowego Mopar (<span class=\"list-value sku-display\">5038473AA<\/span>) dla Chrysler 300C, Dodge Challenger, Charger, Durango, Jeep Grand Cherokee i Wrangler 6.4<\/h1>\n<p>&nbsp;<\/p>\n<p><span lang=\"DE\"><strong>Numer cz\u0119\u015bci Mopar:<\/strong> <span class=\"list-value sku-display\">5038473AA<\/span><br \/>\n<strong>Zast\u0105piony: <\/strong><span class=\"list-value\">\u2014<\/span><\/span><\/p>\n<p>&nbsp;<\/p>\n<p><strong>Odpowiedni dla:<\/strong><\/p>\n<table width=\"921\">\n<tbody>\n<tr>\n<td width=\"83\"><strong>Rok<\/strong><\/td>\n<td width=\"83\"><strong>Marka<\/strong><\/td>\n<td width=\"186\"><strong>Model<\/strong><\/td>\n<td width=\"275\"><strong>Wersja<\/strong><\/td>\n<td width=\"294\"><strong>Silnik<\/strong><\/td>\n<\/tr>\n<tr>\n<td width=\"83\">2024<\/td>\n<td width=\"83\">Dodge<\/td>\n<td width=\"186\">Durango<\/td>\n<td width=\"275\">SRT 392, SRT 392 Plus, SRT 392 Premium<\/td>\n<td width=\"294\">6.4L<\/td>\n<\/tr>\n<tr>\n<td width=\"83\">2023<\/td>\n<td width=\"83\">Chrysler<\/td>\n<td width=\"186\">300<\/td>\n<td width=\"275\">C<\/td>\n<td width=\"294\">6.4L<\/td>\n<\/tr>\n<tr>\n<td width=\"83\">2023<\/td>\n<td width=\"83\">Dodge<\/td>\n<td width=\"186\">Challenger<\/td>\n<td width=\"275\">R\/T Scat Pack, R\/T Scat Pack Widebody<\/td>\n<td width=\"294\">6.4L<\/td>\n<\/tr>\n<tr>\n<td width=\"83\">2023<\/td>\n<td width=\"83\">Dodge<\/td>\n<td width=\"186\">Charger<\/td>\n<td width=\"275\">Scat Pack, Scat Pack Widebody<\/td>\n<td width=\"294\">6.4L<\/td>\n<\/tr>\n<tr>\n<td width=\"83\">2023<\/td>\n<td width=\"83\">Dodge<\/td>\n<td width=\"186\">Durango<\/td>\n<td width=\"275\">SRT 392, SRT 392 Plus, SRT 392 Premium<\/td>\n<td width=\"294\">6.4L<\/td>\n<\/tr>\n<tr>\n<td width=\"83\">2022<\/td>\n<td width=\"83\">Dodge<\/td>\n<td width=\"186\">Challenger<\/td>\n<td width=\"275\">R\/T Scat Pack, R\/T Scat Pack Widebody<\/td>\n<td width=\"294\">6.4L<\/td>\n<\/tr>\n<tr>\n<td width=\"83\">2022<\/td>\n<td width=\"83\">Dodge<\/td>\n<td width=\"186\">Charger<\/td>\n<td width=\"275\">Scat Pack, Scat Pack Widebody<\/td>\n<td width=\"294\">6.4L<\/td>\n<\/tr>\n<tr>\n<td width=\"83\">2022<\/td>\n<td width=\"83\">Dodge<\/td>\n<td width=\"186\">Durango<\/td>\n<td width=\"275\">SRT 392<\/td>\n<td width=\"294\">6.4L<\/td>\n<\/tr>\n<tr>\n<td width=\"83\">2022<\/td>\n<td width=\"83\">Jeep<\/td>\n<td width=\"186\">Wrangler<\/td>\n<td width=\"275\">Unlimited Rubicon 392<\/td>\n<td width=\"294\">6.4L<\/td>\n<\/tr>\n<tr>\n<td width=\"83\">2021<\/td>\n<td width=\"83\">Dodge<\/td>\n<td width=\"186\">Challenger<\/td>\n<td width=\"275\">R\/T Scat Pack, R\/T Scat Pack Widebody<\/td>\n<td width=\"294\">6.4L<\/td>\n<\/tr>\n<tr>\n<td width=\"83\">2021<\/td>\n<td width=\"83\">Dodge<\/td>\n<td width=\"186\">Charger<\/td>\n<td width=\"275\">Scat Pack<\/td>\n<td width=\"294\">6.4L<\/td>\n<\/tr>\n<tr>\n<td width=\"83\">2021<\/td>\n<td width=\"83\">Dodge<\/td>\n<td width=\"186\">Durango<\/td>\n<td width=\"275\">SRT<\/td>\n<td width=\"294\">6.4L<\/td>\n<\/tr>\n<tr>\n<td width=\"83\">2021<\/td>\n<td width=\"83\">Jeep<\/td>\n<td width=\"186\">Grand Cherokee<\/td>\n<td width=\"275\">SRT<\/td>\n<td width=\"294\">6.4L<\/td>\n<\/tr>\n<tr>\n<td width=\"83\">2021<\/td>\n<td width=\"83\">Jeep<\/td>\n<td width=\"186\">Wrangler<\/td>\n<td width=\"275\">Unlimited Rubicon 392<\/td>\n<td width=\"294\">6.4L<\/td>\n<\/tr>\n<tr>\n<td width=\"83\">2020<\/td>\n<td width=\"83\">Dodge<\/td>\n<td width=\"186\">Challenger<\/td>\n<td width=\"275\">R\/T Scat Pack, R\/T Scat Pack Widebody<\/td>\n<td width=\"294\">6.4L<\/td>\n<\/tr>\n<tr>\n<td width=\"83\">2020<\/td>\n<td width=\"83\">Dodge<\/td>\n<td width=\"186\">Charger<\/td>\n<td width=\"275\">Scat Pack<\/td>\n<td width=\"294\">6.4L<\/td>\n<\/tr>\n<tr>\n<td width=\"83\">2020<\/td>\n<td width=\"83\">Dodge<\/td>\n<td width=\"186\">Durango<\/td>\n<td width=\"275\">SRT<\/td>\n<td width=\"294\">6.4L<\/td>\n<\/tr>\n<tr>\n<td width=\"83\">2020<\/td>\n<td width=\"83\">Jeep<\/td>\n<td width=\"186\">Grand Cherokee<\/td>\n<td width=\"275\">SRT<\/td>\n<td width=\"294\">6.4L<\/td>\n<\/tr>\n<tr>\n<td width=\"83\">2019<\/td>\n<td width=\"83\">Dodge<\/td>\n<td width=\"186\">Challenger<\/td>\n<td width=\"275\">R\/T Scat Pack, R\/T Scat Pack Widebody<\/td>\n<td width=\"294\">6.4L<\/td>\n<\/tr>\n<tr>\n<td width=\"83\">2019<\/td>\n<td width=\"83\">Dodge<\/td>\n<td width=\"186\">Charger<\/td>\n<td width=\"275\">Scat Pack<\/td>\n<td width=\"294\">6.4L<\/td>\n<\/tr>\n<tr>\n<td width=\"83\">2019<\/td>\n<td width=\"83\">Dodge<\/td>\n<td width=\"186\">Durango<\/td>\n<td width=\"275\">SRT<\/td>\n<td width=\"294\">6.4L<\/td>\n<\/tr>\n<tr>\n<td width=\"83\">2019<\/td>\n<td width=\"83\">Jeep<\/td>\n<td width=\"186\">Grand Cherokee<\/td>\n<td width=\"275\">SRT<\/td>\n<td width=\"294\">6.4L<\/td>\n<\/tr>\n<tr>\n<td width=\"83\">2018<\/td>\n<td width=\"83\">Dodge<\/td>\n<td width=\"186\">Challenger<\/td>\n<td width=\"275\">R\/T Scat Pack, SRT 392, T\/A 392<\/td>\n<td width=\"294\">6.4L<\/td>\n<\/tr>\n<tr>\n<td width=\"83\">2018<\/td>\n<td width=\"83\">Dodge<\/td>\n<td width=\"186\">Charger<\/td>\n<td width=\"275\">Daytona 392, R\/T Scat Pack, SRT 392<\/td>\n<td width=\"294\">6.4L<\/td>\n<\/tr>\n<tr>\n<td width=\"83\">2018<\/td>\n<td width=\"83\">Dodge<\/td>\n<td width=\"186\">Durango<\/td>\n<td width=\"275\">SRT<\/td>\n<td width=\"294\">6.4L<\/td>\n<\/tr>\n<tr>\n<td width=\"83\">2018<\/td>\n<td width=\"83\">Jeep<\/td>\n<td width=\"186\">Grand Cherokee<\/td>\n<td width=\"275\">SRT<\/td>\n<td width=\"294\">6.4L<\/td>\n<\/tr>\n<tr>\n<td width=\"83\">2017<\/td>\n<td width=\"83\">Dodge<\/td>\n<td width=\"186\">Challenger<\/td>\n<td width=\"275\">R\/T Scat Pack, SRT 392, T\/A 392<\/td>\n<td width=\"294\">6.4L<\/td>\n<\/tr>\n<tr>\n<td width=\"83\">2017<\/td>\n<td width=\"83\">Dodge<\/td>\n<td width=\"186\">Charger<\/td>\n<td width=\"275\">Daytona 392, R\/T Scat Pack, SRT 392<\/td>\n<td width=\"294\">6.4L<\/td>\n<\/tr>\n<tr>\n<td width=\"83\">2017<\/td>\n<td width=\"83\">Jeep<\/td>\n<td width=\"186\">Grand Cherokee<\/td>\n<td width=\"275\">SRT<\/td>\n<td width=\"294\">6.4L<\/td>\n<\/tr>\n<tr>\n<td width=\"83\">2016<\/td>\n<td width=\"83\">Dodge<\/td>\n<td width=\"186\">Challenger<\/td>\n<td width=\"275\">392 Hemi Scat Pack Shaker, R\/T Scat Pack, SRT 392<\/td>\n<td width=\"294\">6.4L<\/td>\n<\/tr>\n<tr>\n<td width=\"83\">2016<\/td>\n<td width=\"83\">Dodge<\/td>\n<td width=\"186\">Charger<\/td>\n<td width=\"275\">R\/T Scat Pack, SRT 392<\/td>\n<td width=\"294\">6.4L<\/td>\n<\/tr>\n<tr>\n<td width=\"83\">2016<\/td>\n<td width=\"83\">Jeep<\/td>\n<td width=\"186\">Grand Cherokee<\/td>\n<td width=\"275\">SRT<\/td>\n<td width=\"294\">6.4L<\/td>\n<\/tr>\n<tr>\n<td width=\"83\">2015<\/td>\n<td width=\"83\">Dodge<\/td>\n<td width=\"186\">Challenger<\/td>\n<td width=\"275\">SRT 392, Scat Pack<\/td>\n<td width=\"294\">6.4L<\/td>\n<\/tr>\n<tr>\n<td width=\"83\">2015<\/td>\n<td width=\"83\">Dodge<\/td>\n<td width=\"186\">Charger<\/td>\n<td width=\"275\">R\/T Scat Pack, SRT 392<\/td>\n<td width=\"294\">6.4L<\/td>\n<\/tr>\n<tr>\n<td width=\"83\">2015<\/td>\n<td width=\"83\">Jeep<\/td>\n<td width=\"186\">Grand Cherokee<\/td>\n<td width=\"275\">SRT<\/td>\n<td width=\"294\">6.4L<\/td>\n<\/tr>\n<tr>\n<td width=\"83\">2014<\/td>\n<td width=\"83\">Chrysler<\/td>\n<td width=\"186\">300<\/td>\n<td width=\"275\">SRT8<\/td>\n<td width=\"294\">6.4L<\/td>\n<\/tr>\n<tr>\n<td width=\"83\">2014<\/td>\n<td width=\"83\">Dodge<\/td>\n<td width=\"186\">Charger<\/td>\n<td width=\"275\">SRT8<\/td>\n<td width=\"294\">6.4L<\/td>\n<\/tr>\n<tr>\n<td width=\"83\">2014<\/td>\n<td width=\"83\">Jeep<\/td>\n<td width=\"186\">Grand Cherokee<\/td>\n<td width=\"275\">SRT<\/td>\n<td width=\"294\">6.4L<\/td>\n<\/tr>\n<tr>\n<td width=\"83\">2013<\/td>\n<td width=\"83\">Chrysler<\/td>\n<td width=\"186\">300<\/td>\n<td width=\"275\">SRT8, SRT8 Core<\/td>\n<td width=\"294\">6.4L<\/td>\n<\/tr>\n<tr>\n<td width=\"83\">2013<\/td>\n<td width=\"83\">Dodge<\/td>\n<td width=\"186\">Challenger<\/td>\n<td width=\"275\">SRT8<\/td>\n<td width=\"294\">6.4L<\/td>\n<\/tr>\n<tr>\n<td width=\"83\">2013<\/td>\n<td width=\"83\">Dodge<\/td>\n<td width=\"186\">Charger<\/td>\n<td width=\"275\">SRT8<\/td>\n<td width=\"294\">6.4L<\/td>\n<\/tr>\n<tr>\n<td width=\"83\">2013<\/td>\n<td width=\"83\">Jeep<\/td>\n<td width=\"186\">Grand Cherokee<\/td>\n<td width=\"275\">SRT8<\/td>\n<td width=\"294\">6.4L<\/td>\n<\/tr>\n<tr>\n<td width=\"83\">2012<\/td>\n<td width=\"83\">Chrysler<\/td>\n<td width=\"186\">300<\/td>\n<td width=\"275\">SRT8<\/td>\n<td width=\"294\">6.4L<\/td>\n<\/tr>\n<tr>\n<td width=\"83\">2012<\/td>\n<td width=\"83\">Dodge<\/td>\n<td width=\"186\">Challenger<\/td>\n<td width=\"275\">SRT8<\/td>\n<td width=\"294\">6.4L<\/td>\n<\/tr>\n<tr>\n<td width=\"83\">2012<\/td>\n<td width=\"83\">Dodge<\/td>\n<td width=\"186\">Charger<\/td>\n<td width=\"275\">SRT8<\/td>\n<td width=\"294\">6.4L<\/td>\n<\/tr>\n<tr>\n<td width=\"83\">2012<\/td>\n<td width=\"83\">Jeep<\/td>\n<td width=\"186\">Grand Cherokee<\/td>\n<td width=\"275\">SRT8<\/td>\n<td width=\"294\">6.4L<\/td>\n<\/tr>\n<tr>\n<td width=\"83\">2011<\/td>\n<td width=\"83\">Dodge<\/td>\n<td width=\"186\">Challenger<\/td>\n<td width=\"275\">SRT8<\/td>\n<td width=\"294\">6.4L<\/td>\n<\/tr>\n<\/tbody>\n<\/table>\n<p>&nbsp;<\/p>\n<p>The <strong>T\u0142umik drga\u0144 wa\u0142u korbowego<\/strong> to element silnika, kt\u00f3ry redukuje wibracje i drgania skr\u0119tne wa\u0142u korbowego. Drgania te s\u0105 spowodowane szybkimi ruchami t\u0142ok\u00f3w i spalaniem w silniku, co mo\u017ce prowadzi\u0107 do napr\u0119\u017ce\u0144 na wale korbowym. Amortyzator, cz\u0119sto wykonany z gumy i metalu, poch\u0142ania te drgania, wyd\u0142u\u017caj\u0105c \u017cywotno\u015b\u0107 silnika i sprawiaj\u0105c, \u017ce pracuje on p\u0142ynniej i wydajniej. Chroni on r\u00f3wnie\u017c wa\u0142 korbowy i inne podzespo\u0142y przed nadmiernymi napr\u0119\u017ceniami.<\/p>\n<h4><\/h4>\n<p>&nbsp;<\/p>\n<h4>Dlaczego warto wybra\u0107 oryginalne cz\u0119\u015bci zamienne Mopar?<\/h4>\n<p><strong>Idealne dopasowanie i najwy\u017csza jako\u015b\u0107:<\/strong> Oryginalne cz\u0119\u015bci zamienne Mopar s\u0105 produkowane zgodnie ze \u015bcis\u0142ymi specyfikacjami producenta, co oznacza, \u017ce idealnie pasuj\u0105 do Twojego pojazdu. Zapewnia to nie tylko \u0142atw\u0105 instalacj\u0119, ale tak\u017ce optymaln\u0105 funkcjonalno\u015b\u0107 i bezpiecze\u0144stwo.<\/p>\n<p><strong>Niezawodno\u015b\u0107 i trwa\u0142o\u015b\u0107:<\/strong> Dzi\u0119ki zastosowaniu wysokiej jako\u015bci materia\u0142\u00f3w i rygorystycznej kontroli jako\u015bci, cz\u0119\u015bci zamienne Mopar zapewniaj\u0105 niezawodne dzia\u0142anie pojazdu nawet w ekstremalnych warunkach. Zosta\u0142y zaprojektowane z my\u015bl\u0105 o trwa\u0142o\u015bci i maksymalizacji osi\u0105g\u00f3w pojazdu.<\/p>\n<p>&nbsp;<\/p>\n<p>&nbsp;<\/p>","protected":false},"excerpt":{"rendered":"<p>Oryginalna cz\u0119\u015b\u0107 Mopar<\/p>","protected":false},"featured_media":68309894,"comment_status":"open","ping_status":"closed","template":"","meta":{"_acf_changed":false},"product_brand":[16270],"product_cat":[6490,7502,6484,7526,6495,7510,6500,7513,6505,7520,6510,7522],"product_tag":[8088,52,217,8087,93,54,53,48,49,3853,95,56,50,323,8089,31,8813,9424,16271,16273,16275,16272,16274,7221,721,2842,175],"class_list":{"0":"post-68309569","1":"product","2":"type-product","3":"status-publish","4":"has-post-thumbnail","6":"product_brand-mopar","7":"product_cat-300c-64-kurbelwelle-kolben","8":"product_cat-300c-64-riemenantrieb","9":"product_cat-challenger-64-kurbelwelle-kolben","10":"product_cat-challenger-64-riemenantrieb","11":"product_cat-charger-64-kurbelwelle-kolben","12":"product_cat-charger-64-riemenantrieb","13":"product_cat-durango-64-kurbelwelle-kolben","14":"product_cat-durango-64-riemenantrieb","15":"product_cat-grand-cherokee-64-kurbelwelle-kolben","16":"product_cat-grand-cherokee-64-riemenantrieb","17":"product_cat-wrangler-64-kurbelwelle-kolben","18":"product_cat-wrangler-64-riemenantrieb","19":"product_tag-05038473aa","20":"product_tag-300c","21":"product_tag-217","22":"product_tag-5038473aa","23":"product_tag-6-4","24":"product_tag-challenger","25":"product_tag-charger","26":"product_tag-chrysler","27":"product_tag-dodge","28":"product_tag-dodge-challenger","29":"product_tag-durango","30":"product_tag-grand-cherokee","31":"product_tag-jeep","32":"product_tag-kurbelwelle","33":"product_tag-kurbelwellendaempfer","34":"product_tag-mopar","35":"product_tag-mopar-autoteile","36":"product_tag-mopar-ersatzteile","37":"product_tag-mopar-ersatzteile-kaufen","38":"product_tag-mopar-performance-teile","39":"product_tag-mopar-teile-katalog","40":"product_tag-mopar-teile-online","41":"product_tag-mopar-tuningteile","42":"product_tag-mopar10","43":"product_tag-riemenscheibe","44":"product_tag-schwingungsdaempfer","45":"product_tag-wrangler","47":"first","48":"instock","49":"taxable","50":"shipping-taxable","51":"purchasable","52":"product-type-simple"},"bundled_by":[],"bundle_stock_status":"instock","bundle_stock_quantity":8,"bundle_virtual":false,"bundle_layout":"","bundle_add_to_cart_form_location":"","bundle_editable_in_cart":false,"bundle_sold_individually_context":"","bundle_item_grouping":"","bundle_min_size":"","bundle_max_size":"","bundle_price":[],"bundled_items":[],"bundle_sell_ids":[],"exclude_global_add_ons":[],"addons":[],"acf":[],"_links":{"self":[{"href":"https:\/\/kraftwerk-shop.cc\/pl\/wp-json\/wp\/v2\/product\/68309569","targetHints":{"allow":["GET"]}}],"collection":[{"href":"https:\/\/kraftwerk-shop.cc\/pl\/wp-json\/wp\/v2\/product"}],"about":[{"href":"https:\/\/kraftwerk-shop.cc\/pl\/wp-json\/wp\/v2\/types\/product"}],"replies":[{"embeddable":true,"href":"https:\/\/kraftwerk-shop.cc\/pl\/wp-json\/wp\/v2\/comments?post=68309569"}],"version-history":[{"count":0,"href":"https:\/\/kraftwerk-shop.cc\/pl\/wp-json\/wp\/v2\/product\/68309569\/revisions"}],"wp:featuredmedia":[{"embeddable":true,"href":"https:\/\/kraftwerk-shop.cc\/pl\/wp-json\/wp\/v2\/media\/68309894"}],"wp:attachment":[{"href":"https:\/\/kraftwerk-shop.cc\/pl\/wp-json\/wp\/v2\/media?parent=68309569"}],"wp:term":[{"taxonomy":"product_brand","embeddable":true,"href":"https:\/\/kraftwerk-shop.cc\/pl\/wp-json\/wp\/v2\/product_brand?post=68309569"},{"taxonomy":"product_cat","embeddable":true,"href":"https:\/\/kraftwerk-shop.cc\/pl\/wp-json\/wp\/v2\/product_cat?post=68309569"},{"taxonomy":"product_tag","embeddable":true,"href":"https:\/\/kraftwerk-shop.cc\/pl\/wp-json\/wp\/v2\/product_tag?post=68309569"}],"curies":[{"name":"wp","href":"https:\/\/api.w.org\/{rel}","templated":true}]}}