{"id":68310378,"date":"2024-11-23T00:43:51","date_gmt":"2024-11-22T23:43:51","guid":{"rendered":"https:\/\/kraftwerk-shop.cc\/?post_type=product&#038;p=68310378"},"modified":"2026-02-15T01:15:20","modified_gmt":"2026-02-15T00:15:20","slug":"klocki-hamulcowe-hawk-superduty-ram-930p-786","status":"publish","type":"product","link":"https:\/\/kraftwerk-shop.cc\/pl\/produkt\/hawk-superduty-bremsbelaege-ram-930p-786\/","title":{"rendered":"Klocki hamulcowe Hawk Performance SuperDuty RAM 2500 \/ 3500 6.4 i 6.7"},"content":{"rendered":"<h1>Klocki hamulcowe Hawk Performance SuperDuty 930P.786 do RAM 2500 i 3500 6.4 i 6.7 (o\u015b przednia) od 2019 do 2024 r.<\/h1>\n<p>&nbsp;<\/p>\n<p><strong>Hawk Performance Super Duty<br \/>\n<\/strong><\/p>\n<p>Od ponad 25 lat Hawk Performance opracowuje klocki hamulcowe do najwi\u0119kszych ci\u0119\u017car\u00f3wek na \u015bwiecie. Produkty te s\u0105 u\u017cywane zar\u00f3wno przez firmy OE, jak i na rynku wt\u00f3rnym, obs\u0142uguj\u0105ce rynki g\u00f3rnicze, budowlane, wojskowe i pojazd\u00f3w u\u017cytkowych.<br \/>\nMieszanka Hawk SuperDuty wykorzystuje t\u0119 sam\u0105 wysokowydajn\u0105 technologi\u0119 ciern\u0105 do zastosowa\u0144 w ci\u0119\u017ckich warunkach. Unikalny materia\u0142 \u017celazo-w\u0119glowy w klockach hamulcowych SuperDuty zapewnia wyj\u0105tkowo wysok\u0105 odporno\u015b\u0107 na blakni\u0119cie i minimalne zu\u017cycie tarcz hamulcowych i klock\u00f3w hamulcowych w wysokich temperaturach.<\/p>\n<p>&nbsp;<\/p>\n<p><strong>Zalecenie<\/strong><\/p>\n<p>Mieszanka hamulcowa SuperDuty firmy Hawk to doskona\u0142y wyb\u00f3r dla pojazd\u00f3w ci\u0119\u017carowych, kt\u00f3re holuj\u0105 lub szukaj\u0105 najlepszej skuteczno\u015bci hamowania dla swojego pojazdu. Mieszanka SuperDuty wytwarza py\u0142 hamulcowy, ale bez problemu zatrzyma du\u017cy, ci\u0119\u017cki \u0142adunek. Pojazdy z niewymiarowymi uk\u0142adami hamulcowymi r\u00f3wnie\u017c skorzystaj\u0105 z mieszanki SuperDuty, je\u015bli klocki hamulcowe OEM stale si\u0119 przegrzewaj\u0105.<br \/>\nJe\u015bli Twoim g\u0142\u00f3wnym celem jest ci\u0105gni\u0119cie, wybierz SuperDuty.<\/p>\n<p>&nbsp;<\/p>\n<p><strong>Cechy mieszanki Hawk SuperDuty Compound:<\/strong><\/p>\n<ul>\n<li>Technologia do u\u017cytku w ci\u0119\u017ckim ruchu drogowym i w wojsku<\/li>\n<li>Wyj\u0105tkowo wysoki wsp\u00f3\u0142czynnik tarcia i wysoka odporno\u015b\u0107 na blakni\u0119cie<\/li>\n<li>Zalecany do pickup\u00f3w, kt\u00f3re s\u0105 mocno obci\u0105\u017cone lub holuj\u0105 przyczepy.<\/li>\n<li>Niski poziom generowanego py\u0142u<\/li>\n<li>Doskona\u0142a \u017cywotno\u015b\u0107 klock\u00f3w i tarcz hamulcowych<\/li>\n<li>37-400\u00b0C Zakres temperatur pracy<\/li>\n<li>37-260\u00b0C Optymalny zakres temperatur<\/li>\n<\/ul>\n<p>&nbsp;<\/p>\n<p><strong>Numer OE (tylko do cel\u00f3w por\u00f3wnawczych):<\/strong> <span class=\"list-value\">68461656AA, 68461656AB<\/span>, <span class=\"list-value\">68461656AC<br \/>\n<\/span><br \/>\nAutoryzacja: nie<\/p>\n<p>Miejsce instalacji: O\u015b przednia<\/p>\n<p>&nbsp;<\/p>\n<p><strong>Odpowiedni dla:<\/strong><\/p>\n<table style=\"height: 201px;\" width=\"690\">\n<tbody>\n<tr>\n<td width=\"131\"><strong>Marka<\/strong><\/td>\n<td width=\"141\"><strong>Model<\/strong><\/td>\n<td width=\"224\"><strong>Silnik<\/strong><\/td>\n<td width=\"83\"><strong>Rok<\/strong><\/td>\n<\/tr>\n<tr>\n<td>RAM<\/td>\n<td>2500<\/td>\n<td>6.4<\/td>\n<td>2019\u20132024<\/td>\n<\/tr>\n<tr>\n<td>RAM<\/td>\n<td>2500<\/td>\n<td>6.7 Diesel<\/td>\n<td>2019\u20132024<\/td>\n<\/tr>\n<tr>\n<td>RAM<\/td>\n<td>3500<\/td>\n<td>6.4<\/td>\n<td>2019\u20132024<\/td>\n<\/tr>\n<tr>\n<td>RAM<\/td>\n<td>3500<\/td>\n<td>6.7<\/td>\n<td>2019\u20132024<\/td>\n<\/tr>\n<\/tbody>\n<\/table>\n<p>&nbsp;<\/p>\n<p><strong>Zakres dostawy: <\/strong><\/p>\n<p>- 1 zestaw klock\u00f3w hamulcowych (930P.786) dla osi przedniej<\/p>\n<p>&nbsp;<\/p>","protected":false},"excerpt":{"rendered":"<p>2019\u20132024<\/p>","protected":false},"featured_media":68310383,"comment_status":"open","ping_status":"closed","template":"","meta":{"_acf_changed":false},"product_brand":[17621],"product_cat":[8362,8364],"product_tag":[506,507,93,7200,8354,8355,8356,8350,1046,590,9814,9815,9794,9795,9797,9817,9803,9799,9811,9809,9789,9808,9800,9816,9804,9796,9790,9791,9798,9806,9818,9813,9801,9802,9819,9805,9792,9793,9807,9812,9810,795,840,7201,1070,6834,7614,9785,9715,36,9786,9787,86,9650,9651,9788,3518,970,592,6837,9784,2139,842,841,673,2135,2137],"class_list":{"0":"post-68310378","1":"product","2":"type-product","3":"status-publish","4":"has-post-thumbnail","6":"product_brand-hawk-performance","7":"product_cat-2500-3500-64-bremsen-vorne","8":"product_cat-67-cummins-bremsen-vorne","9":"product_tag-506","10":"product_tag-507","11":"product_tag-6-4","12":"product_tag-6-7","13":"product_tag-68461656aa","14":"product_tag-68461656ab","15":"product_tag-68461656ac","16":"product_tag-930p-786","17":"product_tag-abe","18":"product_tag-bremsbelaege","19":"product_tag-bremsbelaege-angebote","20":"product_tag-bremsbelaege-bewertungen","21":"product_tag-bremsbelaege-empfehlung","22":"product_tag-bremsbelaege-erfahrungen","23":"product_tag-bremsbelaege-ersatz","24":"product_tag-bremsbelaege-garantie","25":"product_tag-bremsbelaege-geraeuschentwicklung","26":"product_tag-bremsbelaege-haltbarkeit","27":"product_tag-bremsbelaege-hersteller","28":"product_tag-bremsbelaege-installation","29":"product_tag-bremsbelaege-kaufen","30":"product_tag-bremsbelaege-kompatibilitaet","31":"product_tag-bremsbelaege-leistung","32":"product_tag-bremsbelaege-lieferzeit","33":"product_tag-bremsbelaege-material","34":"product_tag-bremsbelaege-montage","35":"product_tag-bremsbelaege-online","36":"product_tag-bremsbelaege-preis","37":"product_tag-bremsbelaege-qualitaet","38":"product_tag-bremsbelaege-reibwert","39":"product_tag-bremsbelaege-rueckgabe","40":"product_tag-bremsbelaege-shop","41":"product_tag-bremsbelaege-sicherheit","42":"product_tag-bremsbelaege-staubentwicklung","43":"product_tag-bremsbelaege-support","44":"product_tag-bremsbelaege-temperaturbestaendigkeit","45":"product_tag-bremsbelaege-test","46":"product_tag-bremsbelaege-vergleich","47":"product_tag-bremsbelaege-verschleiss","48":"product_tag-bremsbelaege-vertrieb","49":"product_tag-bremsbelaege-wartung","50":"product_tag-bremse","51":"product_tag-bremskloetze","52":"product_tag-cummins","53":"product_tag-hawk","54":"product_tag-hawk-performance","55":"product_tag-hawk10","56":"product_tag-hb930p-786","57":"product_tag-hochleistungsbremsen","58":"product_tag-kraftwerk","59":"product_tag-lkw-bremsbelaege","60":"product_tag-offroad-bremsen","61":"product_tag-ram","62":"product_tag-ram-2500-bremsbelaege","63":"product_tag-ram-3500-bremsbelaege","64":"product_tag-schwerlast-bremsbelaege","65":"product_tag-sportbremsbelag","66":"product_tag-sportbremsbelaege","67":"product_tag-sportbremse","68":"product_tag-super-duty","69":"product_tag-superduty-bremsbelaege","70":"product_tag-tuev","71":"product_tag-vorderachse","72":"product_tag-vorne","73":"product_tag-zubehoer","74":"product_tag-zubehoerbremsbelaege","75":"product_tag-zulassung","77":"first","78":"instock","79":"taxable","80":"shipping-taxable","81":"purchasable","82":"product-type-simple"},"bundled_by":[],"bundle_stock_status":"instock","bundle_stock_quantity":1,"bundle_virtual":false,"bundle_layout":"","bundle_add_to_cart_form_location":"","bundle_editable_in_cart":false,"bundle_sold_individually_context":"","bundle_item_grouping":"","bundle_min_size":"","bundle_max_size":"","bundle_price":[],"bundled_items":[],"bundle_sell_ids":[],"exclude_global_add_ons":[],"addons":[],"acf":[],"_links":{"self":[{"href":"https:\/\/kraftwerk-shop.cc\/pl\/wp-json\/wp\/v2\/product\/68310378","targetHints":{"allow":["GET"]}}],"collection":[{"href":"https:\/\/kraftwerk-shop.cc\/pl\/wp-json\/wp\/v2\/product"}],"about":[{"href":"https:\/\/kraftwerk-shop.cc\/pl\/wp-json\/wp\/v2\/types\/product"}],"replies":[{"embeddable":true,"href":"https:\/\/kraftwerk-shop.cc\/pl\/wp-json\/wp\/v2\/comments?post=68310378"}],"version-history":[{"count":0,"href":"https:\/\/kraftwerk-shop.cc\/pl\/wp-json\/wp\/v2\/product\/68310378\/revisions"}],"wp:featuredmedia":[{"embeddable":true,"href":"https:\/\/kraftwerk-shop.cc\/pl\/wp-json\/wp\/v2\/media\/68310383"}],"wp:attachment":[{"href":"https:\/\/kraftwerk-shop.cc\/pl\/wp-json\/wp\/v2\/media?parent=68310378"}],"wp:term":[{"taxonomy":"product_brand","embeddable":true,"href":"https:\/\/kraftwerk-shop.cc\/pl\/wp-json\/wp\/v2\/product_brand?post=68310378"},{"taxonomy":"product_cat","embeddable":true,"href":"https:\/\/kraftwerk-shop.cc\/pl\/wp-json\/wp\/v2\/product_cat?post=68310378"},{"taxonomy":"product_tag","embeddable":true,"href":"https:\/\/kraftwerk-shop.cc\/pl\/wp-json\/wp\/v2\/product_tag?post=68310378"}],"curies":[{"name":"wp","href":"https:\/\/api.w.org\/{rel}","templated":true}]}}